{"id":34542,"date":"2026-04-26T16:14:19","date_gmt":"2026-04-26T21:14:19","guid":{"rendered":"https:\/\/orduz-usa.com\/?page_id=34542"},"modified":"2026-04-26T16:23:23","modified_gmt":"2026-04-26T21:23:23","slug":"we","status":"publish","type":"page","link":"https:\/\/orduz-usa.com\/en\/nosotros\/","title":{"rendered":"About Us"},"content":{"rendered":"<div class=\"wpb-content-wrapper\">\t\t<div data-elementor-type=\"wp-page\" data-elementor-id=\"34542\" class=\"elementor elementor-34542\">\n\t\t\t\t\t\t<section class=\"elementor-section elementor-top-section elementor-element elementor-element-2ec97046 elementor-section-boxed elementor-section-height-default elementor-section-height-default\" data-id=\"2ec97046\" data-element_type=\"section\" data-e-type=\"section\">\n\t\t\t\t\t\t<div class=\"elementor-container elementor-column-gap-default\">\n\t\t\t\t\t<div class=\"elementor-column elementor-col-100 elementor-top-column elementor-element elementor-element-6d9d406a\" data-id=\"6d9d406a\" data-element_type=\"column\" data-e-type=\"column\">\n\t\t\t<div class=\"elementor-widget-wrap elementor-element-populated\">\n\t\t\t\t\t\t<div class=\"elementor-element elementor-element-793403c8 elementor-widget elementor-widget-text-editor\" data-id=\"793403c8\" data-element_type=\"widget\" data-e-type=\"widget\" data-widget_type=\"text-editor.default\">\n\t\t\t\t<div class=\"elementor-widget-container\">\n\t\t\t\t\t\t\t\t\t<div class=\"vc_row wpb_row vc_row-fluid inner-sm vc_custom_1767557617586\"><div class=\"text-boxes wpb_column vc_column_container vc_col-sm-7\"><div class=\"vc_column-inner\"><div class=\"wpb_wrapper\"><div class=\"vc_row wpb_row vc_inner vc_row-fluid inner-bottom-xs\"><div class=\"wpb_column vc_column_container vc_col-sm-6\"><div class=\"vc_column-inner\"><div class=\"wpb_wrapper\">\n\t<div class=\"wpb_text_column wpb_content_element\" >\n\t\t<div class=\"wpb_wrapper\">\n\t\t\t<p><strong>Our Solution<\/strong><\/p>\n<p>We offer integral solutions for the garment industry, through the sale of industrial machinery, spare parts and accessories. We work with products compatible with the standards of the sector, oriented to different types of production.<\/p>\n\n\t\t<\/div>\n\t<\/div>\n<\/div><\/div><\/div><div class=\"wpb_column vc_column_container vc_col-sm-6\"><div class=\"vc_column-inner\"><div class=\"wpb_wrapper\">\n\t<div class=\"wpb_text_column wpb_content_element\" >\n\t\t<div class=\"wpb_wrapper\">\n\t\t\t<p><strong>Our Allies<\/strong><\/p>\n<p>We seek to be a strategic ally for workshops and companies in the textile sector, providing reliable products and support to facilitate decision making and the growth of each business.<\/p>\n\n\t\t<\/div>\n\t<\/div>\n<\/div><\/div><\/div><\/div><div class=\"vc_row wpb_row vc_inner vc_row-fluid\"><div class=\"wpb_column vc_column_container vc_col-sm-6\"><div class=\"vc_column-inner\"><div class=\"wpb_wrapper\">\n\t<div class=\"wpb_text_column wpb_content_element\" >\n\t\t<div class=\"wpb_wrapper\">\n\t\t\t<p><strong>Company History<\/strong><\/p>\n<p>Orduz USA has built its trajectory accompanying the apparel sector with solutions in machinery, spare parts and accessories. Over time we have strengthened our portfolio and service, prioritizing reliable products and a clear buying experience for our customers.<\/p>\n\n\t\t<\/div>\n\t<\/div>\n<\/div><\/div><\/div><div class=\"wpb_column vc_column_container vc_col-sm-6\"><div class=\"vc_column-inner\"><div class=\"wpb_wrapper\">\n\t<div class=\"wpb_text_column wpb_content_element\" >\n\t\t<div class=\"wpb_wrapper\">\n\t\t\t<p><strong>Work with us!<\/strong><\/p>\n<p>If you are a workshop, company or entrepreneur in the textile sector, at Orduz USA we can help you find the right option for your needs. Write to us to receive advice, quotes and product availability, with timely attention and support during the process.<\/p>\n\n\t\t<\/div>\n\t<\/div>\n<\/div><\/div><\/div><\/div><\/div><\/div><\/div><div class=\"wpb-accordion wpb_column vc_column_container vc_col-sm-5\"><div class=\"vc_column-inner\"><div class=\"wpb_wrapper\"><div class=\"vc_tta-container\" data-vc-action=\"collapse\"><h2>How can we help you?<\/h2><div class=\"vc_general vc_tta vc_tta-accordion vc_tta-color-white vc_tta-style-classic vc_tta-shape-square vc_tta-o-shape-group vc_tta-controls-align-default  wpb_accordion_heading\"><div class=\"vc_tta-panels-container\"><div class=\"vc_tta-panels\"><div class=\"vc_tta-panel vc_active\" id=\"1457421867768-730a628b-1468\" data-vc-content=\".vc_tta-panel-body\"><div class=\"vc_tta-panel-heading\"><h4 class=\"vc_tta-panel-title vc_tta-controls-icon-position-left\"><a href=\"#1457421867768-730a628b-1468\" data-vc-accordion data-vc-container=\".vc_tta-container\"><span class=\"vc_tta-title-text\">Online Support<\/span><i class=\"vc_tta-controls-icon vc_tta-controls-icon-plus\"><\/i><\/a><\/h4><\/div><div class=\"vc_tta-panel-body\">\n\t<div class=\"wpb_text_column wpb_content_element\" >\n\t\t<div class=\"wpb_wrapper\">\n\t\t\t<p>Our team is available to provide information, advice and support in the selection of machinery and spare parts, offering clear and timely attention.<\/p>\n\n\t\t<\/div>\n\t<\/div>\n<\/div><\/div><div class=\"vc_tta-panel\" id=\"1457421867891-00618bbe-81b3\" data-vc-content=\".vc_tta-panel-body\"><div class=\"vc_tta-panel-heading\"><h4 class=\"vc_tta-panel-title vc_tta-controls-icon-position-left\"><a href=\"#1457421867891-00618bbe-81b3\" data-vc-accordion data-vc-container=\".vc_tta-container\"><span class=\"vc_tta-title-text\">Best Quality<\/span><i class=\"vc_tta-controls-icon vc_tta-controls-icon-plus\"><\/i><\/a><\/h4><\/div><div class=\"vc_tta-panel-body\">\n\t<div class=\"wpb_text_column wpb_content_element\" >\n\t\t<div class=\"wpb_wrapper\">\n\t\t\t<p>Products selected under quality and durability criteria.<\/p>\n\n\t\t<\/div>\n\t<\/div>\n<\/div><\/div><div class=\"vc_tta-panel\" id=\"1457422007417-d8a52c69-9fbe\" data-vc-content=\".vc_tta-panel-body\"><div class=\"vc_tta-panel-heading\"><h4 class=\"vc_tta-panel-title vc_tta-controls-icon-position-left\"><a href=\"#1457422007417-d8a52c69-9fbe\" data-vc-accordion data-vc-container=\".vc_tta-container\"><span class=\"vc_tta-title-text\">Fast Delivery<\/span><i class=\"vc_tta-controls-icon vc_tta-controls-icon-plus\"><\/i><\/a><\/h4><\/div><div class=\"vc_tta-panel-body\">\n\t<div class=\"wpb_text_column wpb_content_element\" >\n\t\t<div class=\"wpb_wrapper\">\n\t\t\t<p>Logistics processes focused on efficient delivery.<\/p>\n\n\t\t<\/div>\n\t<\/div>\n<\/div><\/div><div class=\"vc_tta-panel\" id=\"1457422038772-dd7f7be8-c730\" data-vc-content=\".vc_tta-panel-body\"><div class=\"vc_tta-panel-heading\"><h4 class=\"vc_tta-panel-title vc_tta-controls-icon-position-left\"><a href=\"#1457422038772-dd7f7be8-c730\" data-vc-accordion data-vc-container=\".vc_tta-container\"><span class=\"vc_tta-title-text\">Customer Service<\/span><i class=\"vc_tta-controls-icon vc_tta-controls-icon-plus\"><\/i><\/a><\/h4><\/div><div class=\"vc_tta-panel-body\">\n\t<div class=\"wpb_text_column wpb_content_element\" >\n\t\t<div class=\"wpb_wrapper\">\n\t\t\t<p>Personalized attention for each client.<\/p>\n\n\t\t<\/div>\n\t<\/div>\n<\/div><\/div><div class=\"vc_tta-panel\" id=\"1457422064469-3863fd46-37f1\" data-vc-content=\".vc_tta-panel-body\"><div class=\"vc_tta-panel-heading\"><h4 class=\"vc_tta-panel-title vc_tta-controls-icon-position-left\"><a href=\"#1457422064469-3863fd46-37f1\" data-vc-accordion data-vc-container=\".vc_tta-container\"><span class=\"vc_tta-title-text\">Testimonials<\/span><i class=\"vc_tta-controls-icon vc_tta-controls-icon-plus\"><\/i><\/a><\/h4><\/div><div class=\"vc_tta-panel-body\">\n\t<div class=\"wpb_text_column wpb_content_element\" >\n\t\t<div class=\"wpb_wrapper\">\n\t\t\t<p>Experience backed by clients in the textile sector.<\/p>\n\n\t\t<\/div>\n\t<\/div>\n<\/div><\/div><\/div><\/div><\/div><\/div><\/div><\/div><\/div><\/div><div class=\"vc_row wpb_row vc_row-fluid\"><div class=\"wpb_column vc_column_container vc_col-sm-12\"><div class=\"vc_column-inner\"><div class=\"wpb_wrapper\">\n\t<div class=\"wpb_raw_code wpb_raw_html wpb_content_element\" >\n\t\t<div class=\"wpb_wrapper\">\n\t\t\t<style type=\"text\/css\">.page .entry-header.header-with-cover-image { background-position: center -157px; }<\/style>\n\t\t<\/div>\n\t<\/div>\n<\/div><\/div><\/div><\/div>\t\t\t\t\t\t\t\t<\/div>\n\t\t\t\t<\/div>\n\t\t\t\t\t<\/div>\n\t\t<\/div>\n\t\t\t\t\t<\/div>\n\t\t<\/section>\n\t\t\t\t<\/div>\n\t\t<\/div>","protected":false},"excerpt":{"rendered":"Nuestra Soluci\u00f3n Ofrecemos soluciones integrales para la industria de la confecci\u00f3n, a trav\u00e9s de la venta de maquinaria industrial, repuestos y accesorios. Trabajamos con productos compatibles con los est\u00e1ndares del","protected":false},"author":1,"featured_media":0,"parent":0,"menu_order":0,"comment_status":"closed","ping_status":"closed","template":"","meta":{"_acf_changed":false,"footnotes":""},"class_list":["post-34542","page","type-page","status-publish","hentry"],"acf":[],"yoast_head":"<!-- This site is optimized with the Yoast SEO Premium plugin v25.7.1 (Yoast SEO v27.4) - https:\/\/yoast.com\/product\/yoast-seo-premium-wordpress\/ -->\n<title>Nosotros - Orduz USA<\/title>\n<meta name=\"robots\" content=\"index, follow, max-snippet:-1, max-image-preview:large, max-video-preview:-1\" \/>\n<link rel=\"canonical\" href=\"https:\/\/orduz-usa.com\/en\/we\/\" \/>\n<meta property=\"og:locale\" content=\"en_US\" \/>\n<meta property=\"og:type\" content=\"article\" \/>\n<meta property=\"og:title\" content=\"Nosotros\" \/>\n<meta property=\"og:url\" content=\"https:\/\/orduz-usa.com\/en\/we\/\" \/>\n<meta property=\"og:site_name\" content=\"Orduz USA\" \/>\n<meta property=\"article:modified_time\" content=\"2026-04-26T21:23:23+00:00\" \/>\n<meta name=\"twitter:card\" content=\"summary_large_image\" \/>\n<meta name=\"twitter:label1\" content=\"Est. reading time\" \/>\n\t<meta name=\"twitter:data1\" content=\"2 minutes\" \/>\n<script type=\"application\/ld+json\" class=\"yoast-schema-graph\">{\"@context\":\"https:\\\/\\\/schema.org\",\"@graph\":[{\"@type\":\"WebPage\",\"@id\":\"https:\\\/\\\/orduz-usa.com\\\/nosotros\\\/\",\"url\":\"https:\\\/\\\/orduz-usa.com\\\/nosotros\\\/\",\"name\":\"Nosotros - Orduz USA\",\"isPartOf\":{\"@id\":\"https:\\\/\\\/orduz-usa.com\\\/#website\"},\"datePublished\":\"2026-04-26T21:14:19+00:00\",\"dateModified\":\"2026-04-26T21:23:23+00:00\",\"breadcrumb\":{\"@id\":\"https:\\\/\\\/orduz-usa.com\\\/nosotros\\\/#breadcrumb\"},\"inLanguage\":\"en-US\",\"potentialAction\":[{\"@type\":\"ReadAction\",\"target\":[\"https:\\\/\\\/orduz-usa.com\\\/nosotros\\\/\"]}]},{\"@type\":\"BreadcrumbList\",\"@id\":\"https:\\\/\\\/orduz-usa.com\\\/nosotros\\\/#breadcrumb\",\"itemListElement\":[{\"@type\":\"ListItem\",\"position\":1,\"name\":\"Portada\",\"item\":\"https:\\\/\\\/orduz-usa.com\\\/\"},{\"@type\":\"ListItem\",\"position\":2,\"name\":\"Nosotros\"}]},{\"@type\":\"WebSite\",\"@id\":\"https:\\\/\\\/orduz-usa.com\\\/#website\",\"url\":\"https:\\\/\\\/orduz-usa.com\\\/\",\"name\":\"orduzcolombia\",\"description\":\"Maquinas de Coser INDUSTRIALES Y FAMILIARES\",\"publisher\":{\"@id\":\"https:\\\/\\\/orduz-usa.com\\\/#organization\"},\"alternateName\":\"Maquinas de Coser Orduz\",\"potentialAction\":[{\"@type\":\"SearchAction\",\"target\":{\"@type\":\"EntryPoint\",\"urlTemplate\":\"https:\\\/\\\/orduz-usa.com\\\/?s={search_term_string}\"},\"query-input\":{\"@type\":\"PropertyValueSpecification\",\"valueRequired\":true,\"valueName\":\"search_term_string\"}}],\"inLanguage\":\"en-US\"},{\"@type\":\"Organization\",\"@id\":\"https:\\\/\\\/orduz-usa.com\\\/#organization\",\"name\":\"Orduz Colombia\",\"alternateName\":\"Maquinas de Coser Orduz\",\"url\":\"https:\\\/\\\/orduz-usa.com\\\/\",\"logo\":{\"@type\":\"ImageObject\",\"inLanguage\":\"en-US\",\"@id\":\"https:\\\/\\\/orduz-usa.com\\\/#\\\/schema\\\/logo\\\/image\\\/\",\"url\":\"https:\\\/\\\/i0.wp.com\\\/orduzcolombia.com\\\/wp-content\\\/uploads\\\/2024\\\/10\\\/logo-orduz-isotipo.jpg?fit=269%2C259&ssl=1\",\"contentUrl\":\"https:\\\/\\\/i0.wp.com\\\/orduzcolombia.com\\\/wp-content\\\/uploads\\\/2024\\\/10\\\/logo-orduz-isotipo.jpg?fit=269%2C259&ssl=1\",\"width\":269,\"height\":259,\"caption\":\"Orduz Colombia\"},\"image\":{\"@id\":\"https:\\\/\\\/orduz-usa.com\\\/#\\\/schema\\\/logo\\\/image\\\/\"}}]}<\/script>\n<!-- \/ Yoast SEO Premium plugin. -->","yoast_head_json":{"title":"About us - Orduz USA","robots":{"index":"index","follow":"follow","max-snippet":"max-snippet:-1","max-image-preview":"max-image-preview:large","max-video-preview":"max-video-preview:-1"},"canonical":"https:\/\/orduz-usa.com\/en\/we\/","og_locale":"en_US","og_type":"article","og_title":"Nosotros","og_url":"https:\/\/orduz-usa.com\/en\/we\/","og_site_name":"Orduz USA","article_modified_time":"2026-04-26T21:23:23+00:00","twitter_card":"summary_large_image","twitter_misc":{"Est. reading time":"2 minutes"},"schema":{"@context":"https:\/\/schema.org","@graph":[{"@type":"WebPage","@id":"https:\/\/orduz-usa.com\/nosotros\/","url":"https:\/\/orduz-usa.com\/nosotros\/","name":"About us - Orduz USA","isPartOf":{"@id":"https:\/\/orduz-usa.com\/#website"},"datePublished":"2026-04-26T21:14:19+00:00","dateModified":"2026-04-26T21:23:23+00:00","breadcrumb":{"@id":"https:\/\/orduz-usa.com\/nosotros\/#breadcrumb"},"inLanguage":"en-US","potentialAction":[{"@type":"ReadAction","target":["https:\/\/orduz-usa.com\/nosotros\/"]}]},{"@type":"BreadcrumbList","@id":"https:\/\/orduz-usa.com\/nosotros\/#breadcrumb","itemListElement":[{"@type":"ListItem","position":1,"name":"Portada","item":"https:\/\/orduz-usa.com\/"},{"@type":"ListItem","position":2,"name":"Nosotros"}]},{"@type":"WebSite","@id":"https:\/\/orduz-usa.com\/#website","url":"https:\/\/orduz-usa.com\/","name":"orduzcolombia","description":"INDUSTRIAL AND FAMILY SEWING MACHINES","publisher":{"@id":"https:\/\/orduz-usa.com\/#organization"},"alternateName":"Maquinas de Coser Orduz","potentialAction":[{"@type":"SearchAction","target":{"@type":"EntryPoint","urlTemplate":"https:\/\/orduz-usa.com\/?s={search_term_string}"},"query-input":{"@type":"PropertyValueSpecification","valueRequired":true,"valueName":"search_term_string"}}],"inLanguage":"en-US"},{"@type":"Organization","@id":"https:\/\/orduz-usa.com\/#organization","name":"Orduz Colombia","alternateName":"Maquinas de Coser Orduz","url":"https:\/\/orduz-usa.com\/","logo":{"@type":"ImageObject","inLanguage":"en-US","@id":"https:\/\/orduz-usa.com\/#\/schema\/logo\/image\/","url":"https:\/\/i0.wp.com\/orduzcolombia.com\/wp-content\/uploads\/2024\/10\/logo-orduz-isotipo.jpg?fit=269%2C259&ssl=1","contentUrl":"https:\/\/i0.wp.com\/orduzcolombia.com\/wp-content\/uploads\/2024\/10\/logo-orduz-isotipo.jpg?fit=269%2C259&ssl=1","width":269,"height":259,"caption":"Orduz Colombia"},"image":{"@id":"https:\/\/orduz-usa.com\/#\/schema\/logo\/image\/"}}]}},"_hostinger_reach_plugin_has_subscription_block":false,"_hostinger_reach_plugin_is_elementor":false,"_links":{"self":[{"href":"https:\/\/orduz-usa.com\/en\/wp-json\/wp\/v2\/pages\/34542","targetHints":{"allow":["GET"]}}],"collection":[{"href":"https:\/\/orduz-usa.com\/en\/wp-json\/wp\/v2\/pages"}],"about":[{"href":"https:\/\/orduz-usa.com\/en\/wp-json\/wp\/v2\/types\/page"}],"author":[{"embeddable":true,"href":"https:\/\/orduz-usa.com\/en\/wp-json\/wp\/v2\/users\/1"}],"replies":[{"embeddable":true,"href":"https:\/\/orduz-usa.com\/en\/wp-json\/wp\/v2\/comments?post=34542"}],"version-history":[{"count":11,"href":"https:\/\/orduz-usa.com\/en\/wp-json\/wp\/v2\/pages\/34542\/revisions"}],"predecessor-version":[{"id":34555,"href":"https:\/\/orduz-usa.com\/en\/wp-json\/wp\/v2\/pages\/34542\/revisions\/34555"}],"wp:attachment":[{"href":"https:\/\/orduz-usa.com\/en\/wp-json\/wp\/v2\/media?parent=34542"}],"curies":[{"name":"wp","href":"https:\/\/api.w.org\/{rel}","templated":true}]}}