{"id":36,"date":"2023-03-29T15:16:08","date_gmt":"2023-03-29T20:16:08","guid":{"rendered":"https:\/\/orduz-usa.com\/finalizar-compra\/"},"modified":"2025-02-17T10:33:44","modified_gmt":"2025-02-17T15:33:44","slug":"finalizar-compra-en-orduz-colombia","status":"publish","type":"page","link":"https:\/\/orduz-usa.com\/en\/finalizar-compra-en-orduz-colombia\/","title":{"rendered":"Finalizar compra en orduz colombia"},"content":{"rendered":"<p><\/p>\n\n\n<div class=\"woocommerce\"><\/div>\n\n\n\n<h1 class=\"wp-block-heading\"><strong>Finalizar compra en orduz colombia<\/strong><\/h1>\n\n\n\n<p><a href=\"https:\/\/api.whatsapp.com\/send?phone=573043751980&amp;text=%C2%A1Hola!%20Mi%20nombre%20es%20Julieta,%20asesora%20de%20ventas%20de%20Importaciones%20Orduz.%20%C2%BFEn%20qu%C3%A9%20puedo%20ayudarte?\">https:\/\/api.whatsapp.com\/send?phone=573043751980&amp;text=%C2%A1Hola!%20Mi%20nombre%20es%20Julieta,%20asesora%20de%20ventas%20de%20Importaciones%20Orduz.%20%C2%BFEn%20qu%C3%A9%20puedo%20ayudarte?<\/a>Finaliza tu compra en OrduZ Colombia*<\/p>\n\n\n\n<p>Finalizar compra en orduz colombia \u00a1Gracias por elegir OrduZ Colombia para adquirir tu m\u00e1quina de coser! Estamos emocionados de que te unas a nuestra comunidad de apasionados por la costura. Para asegurarte de que tu experiencia de compra sea lo m\u00e1s sencilla y placentera posible, hemos preparado una gu\u00eda r\u00e1pida para finalizar tu compra.<\/p>\n\n\n\n<p>Una vez que hayas seleccionado el producto que deseas, dir\u00edgete a tu carrito de compras. Aqu\u00ed podr\u00e1s revisar todos los art\u00edculos que has seleccionado, asegur\u00e1ndote de que todo est\u00e9 correcto. Si deseas realizar cambios, como ajustar la cantidad o eliminar alg\u00fan producto, puedes hacerlo f\u00e1cilmente desde esta secci\u00f3n.<\/p>\n\n\n\n<p>Cuando est\u00e9s listo para proceder, haz clic en el bot\u00f3n &#8220;Finalizar compra&#8221;. Ser\u00e1s dirigido a una p\u00e1gina donde podr\u00e1s ingresar tu informaci\u00f3n de env\u00edo. Aseg\u00farate de proporcionar datos precisos para que tu pedido llegue sin inconvenientes. Tambi\u00e9n tendr\u00e1s la opci\u00f3n de seleccionar el m\u00e9todo de env\u00edo que mejor se adapte a tus necesidades.<\/p>\n\n\n\n<p>El siguiente paso es elegir tu m\u00e9todo de pago. En OrduZ Colombia, ofrecemos diversas opciones de pago seguras, incluyendo tarjetas de cr\u00e9dito, d\u00e9bito y otros m\u00e9todos electr\u00f3nicos. Elige el que m\u00e1s te convenga y sigue las instrucciones para completar la transacci\u00f3n.<\/p>\n\n\n\n<p>Una vez que hayas realizado el pago, recibir\u00e1s un correo de confirmaci\u00f3n con los detalles de tu pedido. Te mantendremos informado sobre el estado de tu env\u00edo hasta que tu m\u00e1quina de coser llegue a tus manos.<\/p>\n\n\n\n<p>Si en cualquier momento del proceso necesitas asistencia, no dudes en contactarnos. Nuestro equipo de servicio al cliente est\u00e1 disponible para resolver tus dudas y asegurarte de que tu experiencia de compra sea excepcional.<\/p>\n\n\n\n<p>Gracias por confiar en OrduZ Colombia. Estamos comprometidos a ofrecerte productos de alta calidad que inspiren tu creatividad y pasi\u00f3n por la costura. \u00a1Esperamos que disfrutes de tu nueva m\u00e1quina de coser!<\/p>\n\n\n\n<figure class=\"wp-block-image size-large\"><img decoding=\"async\" src=\"https:\/\/orduz-usa.com\/wp-content\/uploads\/2024\/07\/ORDUZ-7-4-1024x1024.jpg\" alt=\"Finalizar compra en orduz colombia\" class=\"wp-image-13100\"\/><figcaption class=\"wp-element-caption\">Finalizar compra en orduz colombia<\/figcaption><\/figure>","protected":false},"excerpt":{"rendered":"<p>Finalizar compra en orduz colombia https:\/\/api.whatsapp.com\/send?phone=573043751980&amp;text=%C2%A1Hola!%20Mi%20nombre%20es%20Julieta,%20asesora%20de%20ventas%20de%20Importaciones%20Orduz.%20%C2%BFEn%20qu%C3%A9%20puedo%20ayudarte?Finaliza tu compra en OrduZ Colombia* Finalizar compra en orduz colombia \u00a1Gracias por elegir OrduZ Colombia para adquirir tu m\u00e1quina de coser! Estamos emocionados de<\/p>","protected":false},"author":1,"featured_media":0,"parent":0,"menu_order":0,"comment_status":"closed","ping_status":"closed","template":"","meta":{"_acf_changed":false,"footnotes":""},"class_list":["post-36","page","type-page","status-publish","hentry"],"acf":[],"yoast_head":"<!-- This site is optimized with the Yoast SEO Premium plugin v25.7.1 (Yoast SEO v27.4) - https:\/\/yoast.com\/product\/yoast-seo-premium-wordpress\/ -->\n<title>Finalizar compra en orduz colombia - Orduz USA<\/title>\n<meta name=\"description\" content=\"Finalizar compra en orduz colombia\" \/>\n<meta name=\"robots\" content=\"index, follow, max-snippet:-1, max-image-preview:large, max-video-preview:-1\" \/>\n<link rel=\"canonical\" href=\"https:\/\/orduz-usa.com\/en\/finalizar-compra-en-orduz-colombia\/\" \/>\n<meta property=\"og:locale\" content=\"en_US\" \/>\n<meta property=\"og:type\" content=\"article\" \/>\n<meta property=\"og:title\" content=\"Finalizar compra en orduz colombia\" \/>\n<meta property=\"og:description\" content=\"Finalizar compra en orduz colombia\" \/>\n<meta property=\"og:url\" content=\"https:\/\/orduz-usa.com\/en\/finalizar-compra-en-orduz-colombia\/\" \/>\n<meta property=\"og:site_name\" content=\"Orduz USA\" \/>\n<meta property=\"article:modified_time\" content=\"2025-02-17T15:33:44+00:00\" \/>\n<meta property=\"og:image\" content=\"https:\/\/orduz-usa.com\/wp-content\/uploads\/2024\/07\/ORDUZ-7-4-1024x1024.jpg\" \/>\n<meta name=\"twitter:card\" content=\"summary_large_image\" \/>\n<meta name=\"twitter:label1\" content=\"Est. reading time\" \/>\n\t<meta name=\"twitter:data1\" content=\"2 minutes\" \/>\n<script type=\"application\/ld+json\" class=\"yoast-schema-graph\">{\"@context\":\"https:\\\/\\\/schema.org\",\"@graph\":[{\"@type\":\"WebPage\",\"@id\":\"https:\\\/\\\/orduz-usa.com\\\/finalizar-compra-en-orduz-colombia\\\/\",\"url\":\"https:\\\/\\\/orduz-usa.com\\\/finalizar-compra-en-orduz-colombia\\\/\",\"name\":\"Finalizar compra en orduz colombia - Orduz USA\",\"isPartOf\":{\"@id\":\"https:\\\/\\\/orduz-usa.com\\\/#website\"},\"primaryImageOfPage\":{\"@id\":\"https:\\\/\\\/orduz-usa.com\\\/finalizar-compra-en-orduz-colombia\\\/#primaryimage\"},\"image\":{\"@id\":\"https:\\\/\\\/orduz-usa.com\\\/finalizar-compra-en-orduz-colombia\\\/#primaryimage\"},\"thumbnailUrl\":\"https:\\\/\\\/orduz-usa.com\\\/wp-content\\\/uploads\\\/2024\\\/07\\\/ORDUZ-7-4-1024x1024.jpg\",\"datePublished\":\"2023-03-29T20:16:08+00:00\",\"dateModified\":\"2025-02-17T15:33:44+00:00\",\"description\":\"Finalizar compra en orduz colombia\",\"breadcrumb\":{\"@id\":\"https:\\\/\\\/orduz-usa.com\\\/finalizar-compra-en-orduz-colombia\\\/#breadcrumb\"},\"inLanguage\":\"en-US\",\"potentialAction\":[{\"@type\":\"ReadAction\",\"target\":[\"https:\\\/\\\/orduz-usa.com\\\/finalizar-compra-en-orduz-colombia\\\/\"]}]},{\"@type\":\"ImageObject\",\"inLanguage\":\"en-US\",\"@id\":\"https:\\\/\\\/orduz-usa.com\\\/finalizar-compra-en-orduz-colombia\\\/#primaryimage\",\"url\":\"https:\\\/\\\/orduz-usa.com\\\/wp-content\\\/uploads\\\/2024\\\/07\\\/ORDUZ-7-4-1024x1024.jpg\",\"contentUrl\":\"https:\\\/\\\/orduz-usa.com\\\/wp-content\\\/uploads\\\/2024\\\/07\\\/ORDUZ-7-4-1024x1024.jpg\"},{\"@type\":\"BreadcrumbList\",\"@id\":\"https:\\\/\\\/orduz-usa.com\\\/finalizar-compra-en-orduz-colombia\\\/#breadcrumb\",\"itemListElement\":[{\"@type\":\"ListItem\",\"position\":1,\"name\":\"Portada\",\"item\":\"https:\\\/\\\/orduz-usa.com\\\/\"},{\"@type\":\"ListItem\",\"position\":2,\"name\":\"Finalizar compra en orduz colombia\"}]},{\"@type\":\"WebSite\",\"@id\":\"https:\\\/\\\/orduz-usa.com\\\/#website\",\"url\":\"https:\\\/\\\/orduz-usa.com\\\/\",\"name\":\"orduzcolombia\",\"description\":\"Maquinas de Coser INDUSTRIALES Y FAMILIARES\",\"publisher\":{\"@id\":\"https:\\\/\\\/orduz-usa.com\\\/#organization\"},\"alternateName\":\"Maquinas de Coser Orduz\",\"potentialAction\":[{\"@type\":\"SearchAction\",\"target\":{\"@type\":\"EntryPoint\",\"urlTemplate\":\"https:\\\/\\\/orduz-usa.com\\\/?s={search_term_string}\"},\"query-input\":{\"@type\":\"PropertyValueSpecification\",\"valueRequired\":true,\"valueName\":\"search_term_string\"}}],\"inLanguage\":\"en-US\"},{\"@type\":\"Organization\",\"@id\":\"https:\\\/\\\/orduz-usa.com\\\/#organization\",\"name\":\"Orduz Colombia\",\"alternateName\":\"Maquinas de Coser Orduz\",\"url\":\"https:\\\/\\\/orduz-usa.com\\\/\",\"logo\":{\"@type\":\"ImageObject\",\"inLanguage\":\"en-US\",\"@id\":\"https:\\\/\\\/orduz-usa.com\\\/#\\\/schema\\\/logo\\\/image\\\/\",\"url\":\"https:\\\/\\\/i0.wp.com\\\/orduzcolombia.com\\\/wp-content\\\/uploads\\\/2024\\\/10\\\/logo-orduz-isotipo.jpg?fit=269%2C259&ssl=1\",\"contentUrl\":\"https:\\\/\\\/i0.wp.com\\\/orduzcolombia.com\\\/wp-content\\\/uploads\\\/2024\\\/10\\\/logo-orduz-isotipo.jpg?fit=269%2C259&ssl=1\",\"width\":269,\"height\":259,\"caption\":\"Orduz Colombia\"},\"image\":{\"@id\":\"https:\\\/\\\/orduz-usa.com\\\/#\\\/schema\\\/logo\\\/image\\\/\"}}]}<\/script>\n<!-- \/ Yoast SEO Premium plugin. -->","yoast_head_json":{"title":"Finalizar compra en orduz colombia - Orduz USA","description":"Finalizar compra en orduz colombia","robots":{"index":"index","follow":"follow","max-snippet":"max-snippet:-1","max-image-preview":"max-image-preview:large","max-video-preview":"max-video-preview:-1"},"canonical":"https:\/\/orduz-usa.com\/en\/finalizar-compra-en-orduz-colombia\/","og_locale":"en_US","og_type":"article","og_title":"Finalizar compra en orduz colombia","og_description":"Finalizar compra en orduz colombia","og_url":"https:\/\/orduz-usa.com\/en\/finalizar-compra-en-orduz-colombia\/","og_site_name":"Orduz USA","article_modified_time":"2025-02-17T15:33:44+00:00","og_image":[{"url":"https:\/\/orduz-usa.com\/wp-content\/uploads\/2024\/07\/ORDUZ-7-4-1024x1024.jpg","type":"","width":"","height":""}],"twitter_card":"summary_large_image","twitter_misc":{"Est. reading time":"2 minutes"},"schema":{"@context":"https:\/\/schema.org","@graph":[{"@type":"WebPage","@id":"https:\/\/orduz-usa.com\/finalizar-compra-en-orduz-colombia\/","url":"https:\/\/orduz-usa.com\/finalizar-compra-en-orduz-colombia\/","name":"Finalizar compra en orduz colombia - Orduz USA","isPartOf":{"@id":"https:\/\/orduz-usa.com\/#website"},"primaryImageOfPage":{"@id":"https:\/\/orduz-usa.com\/finalizar-compra-en-orduz-colombia\/#primaryimage"},"image":{"@id":"https:\/\/orduz-usa.com\/finalizar-compra-en-orduz-colombia\/#primaryimage"},"thumbnailUrl":"https:\/\/orduz-usa.com\/wp-content\/uploads\/2024\/07\/ORDUZ-7-4-1024x1024.jpg","datePublished":"2023-03-29T20:16:08+00:00","dateModified":"2025-02-17T15:33:44+00:00","description":"Finalizar compra en orduz colombia","breadcrumb":{"@id":"https:\/\/orduz-usa.com\/finalizar-compra-en-orduz-colombia\/#breadcrumb"},"inLanguage":"en-US","potentialAction":[{"@type":"ReadAction","target":["https:\/\/orduz-usa.com\/finalizar-compra-en-orduz-colombia\/"]}]},{"@type":"ImageObject","inLanguage":"en-US","@id":"https:\/\/orduz-usa.com\/finalizar-compra-en-orduz-colombia\/#primaryimage","url":"https:\/\/orduz-usa.com\/wp-content\/uploads\/2024\/07\/ORDUZ-7-4-1024x1024.jpg","contentUrl":"https:\/\/orduz-usa.com\/wp-content\/uploads\/2024\/07\/ORDUZ-7-4-1024x1024.jpg"},{"@type":"BreadcrumbList","@id":"https:\/\/orduz-usa.com\/finalizar-compra-en-orduz-colombia\/#breadcrumb","itemListElement":[{"@type":"ListItem","position":1,"name":"Portada","item":"https:\/\/orduz-usa.com\/"},{"@type":"ListItem","position":2,"name":"Finalizar compra en orduz colombia"}]},{"@type":"WebSite","@id":"https:\/\/orduz-usa.com\/#website","url":"https:\/\/orduz-usa.com\/","name":"orduzcolombia","description":"INDUSTRIAL AND FAMILY SEWING MACHINES","publisher":{"@id":"https:\/\/orduz-usa.com\/#organization"},"alternateName":"Maquinas de Coser Orduz","potentialAction":[{"@type":"SearchAction","target":{"@type":"EntryPoint","urlTemplate":"https:\/\/orduz-usa.com\/?s={search_term_string}"},"query-input":{"@type":"PropertyValueSpecification","valueRequired":true,"valueName":"search_term_string"}}],"inLanguage":"en-US"},{"@type":"Organization","@id":"https:\/\/orduz-usa.com\/#organization","name":"Orduz Colombia","alternateName":"Maquinas de Coser Orduz","url":"https:\/\/orduz-usa.com\/","logo":{"@type":"ImageObject","inLanguage":"en-US","@id":"https:\/\/orduz-usa.com\/#\/schema\/logo\/image\/","url":"https:\/\/i0.wp.com\/orduzcolombia.com\/wp-content\/uploads\/2024\/10\/logo-orduz-isotipo.jpg?fit=269%2C259&ssl=1","contentUrl":"https:\/\/i0.wp.com\/orduzcolombia.com\/wp-content\/uploads\/2024\/10\/logo-orduz-isotipo.jpg?fit=269%2C259&ssl=1","width":269,"height":259,"caption":"Orduz Colombia"},"image":{"@id":"https:\/\/orduz-usa.com\/#\/schema\/logo\/image\/"}}]}},"_hostinger_reach_plugin_has_subscription_block":false,"_hostinger_reach_plugin_is_elementor":false,"_links":{"self":[{"href":"https:\/\/orduz-usa.com\/en\/wp-json\/wp\/v2\/pages\/36","targetHints":{"allow":["GET"]}}],"collection":[{"href":"https:\/\/orduz-usa.com\/en\/wp-json\/wp\/v2\/pages"}],"about":[{"href":"https:\/\/orduz-usa.com\/en\/wp-json\/wp\/v2\/types\/page"}],"author":[{"embeddable":true,"href":"https:\/\/orduz-usa.com\/en\/wp-json\/wp\/v2\/users\/1"}],"replies":[{"embeddable":true,"href":"https:\/\/orduz-usa.com\/en\/wp-json\/wp\/v2\/comments?post=36"}],"version-history":[{"count":0,"href":"https:\/\/orduz-usa.com\/en\/wp-json\/wp\/v2\/pages\/36\/revisions"}],"wp:attachment":[{"href":"https:\/\/orduz-usa.com\/en\/wp-json\/wp\/v2\/media?parent=36"}],"curies":[{"name":"wp","href":"https:\/\/api.w.org\/{rel}","templated":true}]}}