{"id":40,"date":"2025-02-14T23:38:48","date_gmt":"2025-02-15T04:38:48","guid":{"rendered":"https:\/\/orduz-usa.com\/?page_id=40"},"modified":"2025-02-15T01:03:00","modified_gmt":"2025-02-15T06:03:00","slug":"return-and-refund-policy-orduz-sewing-machines","status":"publish","type":"page","link":"https:\/\/orduz-usa.com\/en\/politica-de-devoluciones-y-reembolsos-maquinas-de-coser-orduz\/","title":{"rendered":"Return and refund policy for orduz sewing machines"},"content":{"rendered":"<p>Welcome to the <strong>Return and Refund Policy Orduz sewing machines<\/strong>. At Orduz, we prioritize customer satisfaction. Therefore, we have defined a clear, fair and transparent policy for returns and refunds that offers you a safe and reliable shopping experience.<\/p>\n\n\n\n<h3 class=\"wp-block-heading has-text-align-center\"><strong>Return Policy Return Process<\/strong><\/h3>\n\n\n\n<p>If you are not satisfied with your purchase or you received a defective product, you can request the return of your Orduz sewing machine within 30 calendar days of receipt. To start the process, please contact our customer service team using the online form or call us at <strong>+573043751980<\/strong>. Keep the purchase invoice, as we will need it to validate your order.<\/p>\n\n\n\n<h2 class=\"wp-block-heading has-text-align-center\"><strong> Return Policy Return and Refund Policy<\/strong><\/h2>\n\n\n\n<p>In order for us to accept the return, the product must be in the same condition in which you received it, undamaged, with the original packaging and all accessories included. We will inspect the product upon receipt to confirm its condition. If we approve the request, we will process the refund using the same payment method you used to make the purchase, within 7 to 10 business days.<\/p>\n\n\n\n<h3 class=\"wp-block-heading\">Exchange and Refund Options<\/h3>\n\n\n\n<p>In cases of defective products or shipping errors, you can opt for an exchange or a full refund. If we detect an error on the part of Orduz or a defect in the product, we will assume the initial shipping costs. In addition, if the product was damaged in transit, we undertake to cover the costs associated with its replacement.<\/p>\n\n\n\n<h3 class=\"wp-block-heading\">Contact Us<\/h3>\n\n\n\n<p>If you have any questions or need assistance during the process, our customer service team is ready to help you.<br><strong>Contact us:<\/strong> Call us at <strong>+573043751980<\/strong> or use our online contact form.<\/p>\n\n\n\n<h3 class=\"wp-block-heading\">Updates and Acknowledgements<\/h3>\n\n\n\n<p>Please review this policy periodically, as it may be updated over time. We appreciate the trust you place in Orduz sewing machines and we are continually working to improve your shopping experience and service. Thank you for choosing Orduz and we look forward to continuing to accompany you in every stitch of your creative projects!<\/p>\n\n\n<div class=\"wp-block-image\">\n<figure class=\"aligncenter size-full\"><img decoding=\"async\" src=\"https:\/\/orduz-usa.com\/wp-content\/uploads\/2025\/02\/Politica-de-devoluciones-y-reembolsos-maquinas-de-coser-orduz.webp\" alt=\"Return and Refund Policy sewing machines orduz confidence\" class=\"wp-image-23160\"\/><figcaption class=\"wp-element-caption\"><a href=\"http:\/\/\ud83d\udc95 Hotel Orduz and live a unique experience in Cali! \u2714\ufe0f WhatsApp 573246311586 \u2714\ufe0f \ud83d\ude0d\ud83d\ude0d\ud83d\ude0d\ud83d\ude0d\">http:\/\/\ud83d\udc95 Hotel Orduz and live a unique experience in Cali! \u2714\ufe0f WhatsApp 573246311586 \u2714\ufe0f \ud83d\ude0d\ud83d\ude0d\ud83d\ude0d\ud83d\ude0d<\/a>Return and Refund Policy <br>orduz sewing machines safety <\/figcaption><\/figure>\n<\/div>\n\n\n<h4 class=\"wp-block-heading\"><strong><a href=\"https:\/\/orduz-usa.com\/en\/product-tag\/spare-contactor-for-thermofixing-machine\/\">contact us at<\/a><\/strong><\/h4>\n\n\n\n<p><\/p>\n\n\n<p><a href=\"https:\/\/api.whatsapp.com\/send?phone=573043751980&amp;text=%C2%A1Hola!%20Mi%20nombre%20es%20Julieta,%20asesora%20de%20ventas%20de%20Importaciones%20Orduz.%20%C2%BFEn%20qu%C3%A9%20puedo%20ayudarte?\"><br \/>whatsapp contact us<br \/><\/a><\/p>\n\n\n<p><\/p>","protected":false},"excerpt":{"rendered":"<p>Bienvenido a la p\u00e1gina de Pol\u00edtica de devoluciones y reembolsos m\u00e1quinas de coser Orduz. En Orduz, priorizamos la satisfacci\u00f3n del cliente. Por ello, hemos definido una pol\u00edtica clara, justa y<\/p>","protected":false},"author":1,"featured_media":0,"parent":0,"menu_order":0,"comment_status":"closed","ping_status":"closed","template":"","meta":{"_acf_changed":false,"footnotes":""},"class_list":["post-40","page","type-page","status-publish","hentry"],"acf":[],"yoast_head":"<!-- This site is optimized with the Yoast SEO Premium plugin v25.7.1 (Yoast SEO v27.4) - https:\/\/yoast.com\/product\/yoast-seo-premium-wordpress\/ -->\n<title>Pol\u00edtica de devoluciones y reembolsos maquinas de coser orduz - Orduz USA<\/title>\n<meta name=\"description\" content=\"Pol\u00edtica de devoluciones y reembolsos Orduz: Devuelve en 30 d\u00edas y recibe reembolso en 7-10 d\u00edas. Llama al +573043751980!\" \/>\n<meta name=\"robots\" content=\"index, follow, max-snippet:-1, max-image-preview:large, max-video-preview:-1\" \/>\n<link rel=\"canonical\" href=\"https:\/\/orduz-usa.com\/en\/return-and-refund-policy-orduz-sewing-machines\/\" \/>\n<meta property=\"og:locale\" content=\"en_US\" \/>\n<meta property=\"og:type\" content=\"article\" \/>\n<meta property=\"og:title\" content=\"Pol\u00edtica de devoluciones y reembolsos maquinas de coser orduz\" \/>\n<meta property=\"og:description\" content=\"Pol\u00edtica de devoluciones y reembolsos Orduz: Devuelve en 30 d\u00edas y recibe reembolso en 7-10 d\u00edas. Llama al +573043751980!\" \/>\n<meta property=\"og:url\" content=\"https:\/\/orduz-usa.com\/en\/return-and-refund-policy-orduz-sewing-machines\/\" \/>\n<meta property=\"og:site_name\" content=\"Orduz USA\" \/>\n<meta property=\"article:modified_time\" content=\"2025-02-15T06:03:00+00:00\" \/>\n<meta property=\"og:image\" content=\"https:\/\/orduz-usa.com\/wp-content\/uploads\/2025\/02\/Politica-de-devoluciones-y-reembolsos-maquinas-de-coser-orduz.webp\" \/>\n<meta name=\"twitter:card\" content=\"summary_large_image\" \/>\n<meta name=\"twitter:label1\" content=\"Est. reading time\" \/>\n\t<meta name=\"twitter:data1\" content=\"2 minutes\" \/>\n<script type=\"application\/ld+json\" class=\"yoast-schema-graph\">{\"@context\":\"https:\\\/\\\/schema.org\",\"@graph\":[{\"@type\":\"WebPage\",\"@id\":\"https:\\\/\\\/orduz-usa.com\\\/politica-de-devoluciones-y-reembolsos-maquinas-de-coser-orduz\\\/\",\"url\":\"https:\\\/\\\/orduz-usa.com\\\/politica-de-devoluciones-y-reembolsos-maquinas-de-coser-orduz\\\/\",\"name\":\"Pol\u00edtica de devoluciones y reembolsos maquinas de coser orduz - Orduz USA\",\"isPartOf\":{\"@id\":\"https:\\\/\\\/orduz-usa.com\\\/#website\"},\"primaryImageOfPage\":{\"@id\":\"https:\\\/\\\/orduz-usa.com\\\/politica-de-devoluciones-y-reembolsos-maquinas-de-coser-orduz\\\/#primaryimage\"},\"image\":{\"@id\":\"https:\\\/\\\/orduz-usa.com\\\/politica-de-devoluciones-y-reembolsos-maquinas-de-coser-orduz\\\/#primaryimage\"},\"thumbnailUrl\":\"https:\\\/\\\/orduz-usa.com\\\/wp-content\\\/uploads\\\/2025\\\/02\\\/Politica-de-devoluciones-y-reembolsos-maquinas-de-coser-orduz.webp\",\"datePublished\":\"2025-02-15T04:38:48+00:00\",\"dateModified\":\"2025-02-15T06:03:00+00:00\",\"description\":\"Pol\u00edtica de devoluciones y reembolsos Orduz: Devuelve en 30 d\u00edas y recibe reembolso en 7-10 d\u00edas. Llama al +573043751980!\",\"breadcrumb\":{\"@id\":\"https:\\\/\\\/orduz-usa.com\\\/politica-de-devoluciones-y-reembolsos-maquinas-de-coser-orduz\\\/#breadcrumb\"},\"inLanguage\":\"en-US\",\"potentialAction\":[{\"@type\":\"ReadAction\",\"target\":[\"https:\\\/\\\/orduz-usa.com\\\/politica-de-devoluciones-y-reembolsos-maquinas-de-coser-orduz\\\/\"]}]},{\"@type\":\"ImageObject\",\"inLanguage\":\"en-US\",\"@id\":\"https:\\\/\\\/orduz-usa.com\\\/politica-de-devoluciones-y-reembolsos-maquinas-de-coser-orduz\\\/#primaryimage\",\"url\":\"https:\\\/\\\/orduz-usa.com\\\/wp-content\\\/uploads\\\/2025\\\/02\\\/Politica-de-devoluciones-y-reembolsos-maquinas-de-coser-orduz.webp\",\"contentUrl\":\"https:\\\/\\\/orduz-usa.com\\\/wp-content\\\/uploads\\\/2025\\\/02\\\/Politica-de-devoluciones-y-reembolsos-maquinas-de-coser-orduz.webp\"},{\"@type\":\"BreadcrumbList\",\"@id\":\"https:\\\/\\\/orduz-usa.com\\\/politica-de-devoluciones-y-reembolsos-maquinas-de-coser-orduz\\\/#breadcrumb\",\"itemListElement\":[{\"@type\":\"ListItem\",\"position\":1,\"name\":\"Portada\",\"item\":\"https:\\\/\\\/orduz-usa.com\\\/\"},{\"@type\":\"ListItem\",\"position\":2,\"name\":\"Pol\u00edtica de devoluciones y reembolsos maquinas de coser orduz\"}]},{\"@type\":\"WebSite\",\"@id\":\"https:\\\/\\\/orduz-usa.com\\\/#website\",\"url\":\"https:\\\/\\\/orduz-usa.com\\\/\",\"name\":\"orduzcolombia\",\"description\":\"Maquinas de Coser INDUSTRIALES Y FAMILIARES\",\"publisher\":{\"@id\":\"https:\\\/\\\/orduz-usa.com\\\/#organization\"},\"alternateName\":\"Maquinas de Coser Orduz\",\"potentialAction\":[{\"@type\":\"SearchAction\",\"target\":{\"@type\":\"EntryPoint\",\"urlTemplate\":\"https:\\\/\\\/orduz-usa.com\\\/?s={search_term_string}\"},\"query-input\":{\"@type\":\"PropertyValueSpecification\",\"valueRequired\":true,\"valueName\":\"search_term_string\"}}],\"inLanguage\":\"en-US\"},{\"@type\":\"Organization\",\"@id\":\"https:\\\/\\\/orduz-usa.com\\\/#organization\",\"name\":\"Orduz Colombia\",\"alternateName\":\"Maquinas de Coser Orduz\",\"url\":\"https:\\\/\\\/orduz-usa.com\\\/\",\"logo\":{\"@type\":\"ImageObject\",\"inLanguage\":\"en-US\",\"@id\":\"https:\\\/\\\/orduz-usa.com\\\/#\\\/schema\\\/logo\\\/image\\\/\",\"url\":\"https:\\\/\\\/i0.wp.com\\\/orduzcolombia.com\\\/wp-content\\\/uploads\\\/2024\\\/10\\\/logo-orduz-isotipo.jpg?fit=269%2C259&ssl=1\",\"contentUrl\":\"https:\\\/\\\/i0.wp.com\\\/orduzcolombia.com\\\/wp-content\\\/uploads\\\/2024\\\/10\\\/logo-orduz-isotipo.jpg?fit=269%2C259&ssl=1\",\"width\":269,\"height\":259,\"caption\":\"Orduz Colombia\"},\"image\":{\"@id\":\"https:\\\/\\\/orduz-usa.com\\\/#\\\/schema\\\/logo\\\/image\\\/\"}}]}<\/script>\n<!-- \/ Yoast SEO Premium plugin. -->","yoast_head_json":{"title":"Orduz sewing machines return and refund policy - Orduz USA","description":"Orduz Return and Refund Policy: Return within 30 days and receive a refund in 7-10 days. Call +573043751980!","robots":{"index":"index","follow":"follow","max-snippet":"max-snippet:-1","max-image-preview":"max-image-preview:large","max-video-preview":"max-video-preview:-1"},"canonical":"https:\/\/orduz-usa.com\/en\/return-and-refund-policy-orduz-sewing-machines\/","og_locale":"en_US","og_type":"article","og_title":"Pol\u00edtica de devoluciones y reembolsos maquinas de coser orduz","og_description":"Pol\u00edtica de devoluciones y reembolsos Orduz: Devuelve en 30 d\u00edas y recibe reembolso en 7-10 d\u00edas. Llama al +573043751980!","og_url":"https:\/\/orduz-usa.com\/en\/return-and-refund-policy-orduz-sewing-machines\/","og_site_name":"Orduz USA","article_modified_time":"2025-02-15T06:03:00+00:00","og_image":[{"url":"https:\/\/orduz-usa.com\/wp-content\/uploads\/2025\/02\/Politica-de-devoluciones-y-reembolsos-maquinas-de-coser-orduz.webp","type":"","width":"","height":""}],"twitter_card":"summary_large_image","twitter_misc":{"Est. reading time":"2 minutes"},"schema":{"@context":"https:\/\/schema.org","@graph":[{"@type":"WebPage","@id":"https:\/\/orduz-usa.com\/politica-de-devoluciones-y-reembolsos-maquinas-de-coser-orduz\/","url":"https:\/\/orduz-usa.com\/politica-de-devoluciones-y-reembolsos-maquinas-de-coser-orduz\/","name":"Orduz sewing machines return and refund policy - Orduz USA","isPartOf":{"@id":"https:\/\/orduz-usa.com\/#website"},"primaryImageOfPage":{"@id":"https:\/\/orduz-usa.com\/politica-de-devoluciones-y-reembolsos-maquinas-de-coser-orduz\/#primaryimage"},"image":{"@id":"https:\/\/orduz-usa.com\/politica-de-devoluciones-y-reembolsos-maquinas-de-coser-orduz\/#primaryimage"},"thumbnailUrl":"https:\/\/orduz-usa.com\/wp-content\/uploads\/2025\/02\/Politica-de-devoluciones-y-reembolsos-maquinas-de-coser-orduz.webp","datePublished":"2025-02-15T04:38:48+00:00","dateModified":"2025-02-15T06:03:00+00:00","description":"Orduz Return and Refund Policy: Return within 30 days and receive a refund in 7-10 days. Call +573043751980!","breadcrumb":{"@id":"https:\/\/orduz-usa.com\/politica-de-devoluciones-y-reembolsos-maquinas-de-coser-orduz\/#breadcrumb"},"inLanguage":"en-US","potentialAction":[{"@type":"ReadAction","target":["https:\/\/orduz-usa.com\/politica-de-devoluciones-y-reembolsos-maquinas-de-coser-orduz\/"]}]},{"@type":"ImageObject","inLanguage":"en-US","@id":"https:\/\/orduz-usa.com\/politica-de-devoluciones-y-reembolsos-maquinas-de-coser-orduz\/#primaryimage","url":"https:\/\/orduz-usa.com\/wp-content\/uploads\/2025\/02\/Politica-de-devoluciones-y-reembolsos-maquinas-de-coser-orduz.webp","contentUrl":"https:\/\/orduz-usa.com\/wp-content\/uploads\/2025\/02\/Politica-de-devoluciones-y-reembolsos-maquinas-de-coser-orduz.webp"},{"@type":"BreadcrumbList","@id":"https:\/\/orduz-usa.com\/politica-de-devoluciones-y-reembolsos-maquinas-de-coser-orduz\/#breadcrumb","itemListElement":[{"@type":"ListItem","position":1,"name":"Portada","item":"https:\/\/orduz-usa.com\/"},{"@type":"ListItem","position":2,"name":"Pol\u00edtica de devoluciones y reembolsos maquinas de coser orduz"}]},{"@type":"WebSite","@id":"https:\/\/orduz-usa.com\/#website","url":"https:\/\/orduz-usa.com\/","name":"orduzcolombia","description":"INDUSTRIAL AND FAMILY SEWING MACHINES","publisher":{"@id":"https:\/\/orduz-usa.com\/#organization"},"alternateName":"Maquinas de Coser Orduz","potentialAction":[{"@type":"SearchAction","target":{"@type":"EntryPoint","urlTemplate":"https:\/\/orduz-usa.com\/?s={search_term_string}"},"query-input":{"@type":"PropertyValueSpecification","valueRequired":true,"valueName":"search_term_string"}}],"inLanguage":"en-US"},{"@type":"Organization","@id":"https:\/\/orduz-usa.com\/#organization","name":"Orduz Colombia","alternateName":"Maquinas de Coser Orduz","url":"https:\/\/orduz-usa.com\/","logo":{"@type":"ImageObject","inLanguage":"en-US","@id":"https:\/\/orduz-usa.com\/#\/schema\/logo\/image\/","url":"https:\/\/i0.wp.com\/orduzcolombia.com\/wp-content\/uploads\/2024\/10\/logo-orduz-isotipo.jpg?fit=269%2C259&ssl=1","contentUrl":"https:\/\/i0.wp.com\/orduzcolombia.com\/wp-content\/uploads\/2024\/10\/logo-orduz-isotipo.jpg?fit=269%2C259&ssl=1","width":269,"height":259,"caption":"Orduz Colombia"},"image":{"@id":"https:\/\/orduz-usa.com\/#\/schema\/logo\/image\/"}}]}},"_hostinger_reach_plugin_has_subscription_block":false,"_hostinger_reach_plugin_is_elementor":false,"_links":{"self":[{"href":"https:\/\/orduz-usa.com\/en\/wp-json\/wp\/v2\/pages\/40","targetHints":{"allow":["GET"]}}],"collection":[{"href":"https:\/\/orduz-usa.com\/en\/wp-json\/wp\/v2\/pages"}],"about":[{"href":"https:\/\/orduz-usa.com\/en\/wp-json\/wp\/v2\/types\/page"}],"author":[{"embeddable":true,"href":"https:\/\/orduz-usa.com\/en\/wp-json\/wp\/v2\/users\/1"}],"replies":[{"embeddable":true,"href":"https:\/\/orduz-usa.com\/en\/wp-json\/wp\/v2\/comments?post=40"}],"version-history":[{"count":0,"href":"https:\/\/orduz-usa.com\/en\/wp-json\/wp\/v2\/pages\/40\/revisions"}],"wp:attachment":[{"href":"https:\/\/orduz-usa.com\/en\/wp-json\/wp\/v2\/media?parent=40"}],"curies":[{"name":"wp","href":"https:\/\/api.w.org\/{rel}","templated":true}]}}