{"id":33942,"date":"2026-03-14T19:10:40","date_gmt":"2026-03-15T00:10:40","guid":{"rendered":"https:\/\/orduz-usa.com\/?post_type=product&#038;p=33942"},"modified":"2026-03-14T11:34:56","modified_gmt":"2026-03-14T16:34:56","slug":"singer-heavy-duty-sewing-machine-4423","status":"publish","type":"product","link":"https:\/\/orduz-usa.com\/en\/producto\/singer-heavy-duty-sewing-machine-4423\/","title":{"rendered":"Singer Heavy Duty Sewing Machine 4423"},"content":{"rendered":"<h1 id=\"tw-target-text\" dir=\"ltr\" data-placeholder=\"Traducci\u00f3n\" data-ved=\"2ahUKEwiDnLm1ke2KAxU_SjABHYt_EMYQ3ewLegQIChAU\" aria-label=\"Texto traducido: M\u00e1quina de coser Singer Heavy Duty 4423 Los modelos Heavy Duty de Singer son un 50 % m\u00e1s r\u00e1pidos que una m\u00e1quina est\u00e1ndar y pueden completar 1100 puntadas por minuto. Est\u00e1 dise\u00f1ada con una placa de acero inoxidable de larga duraci\u00f3n. El modelo 4423 tiene 23 puntadas de costura diferentes. Haga ojales autom\u00e1ticos en 1 paso. Es ideal para trabajos m\u00e1s exigentes. Con esta m\u00e1quina no tendr\u00e1 problemas para coser telas gruesas.\"><span dir=\"auto\" style=\"vertical-align: inherit;\"><span dir=\"auto\" style=\"vertical-align: inherit;\">Singer Heavy Duty Sewing Machine 4423<\/span><\/span><\/h1>\n<h5 id=\"tw-target-text\" dir=\"ltr\" data-placeholder=\"Traducci\u00f3n\" data-ved=\"2ahUKEwiDnLm1ke2KAxU_SjABHYt_EMYQ3ewLegQIChAU\" aria-label=\"Texto traducido: M\u00e1quina de coser Singer Heavy Duty 4423 Los modelos Heavy Duty de Singer son un 50 % m\u00e1s r\u00e1pidos que una m\u00e1quina est\u00e1ndar y pueden completar 1100 puntadas por minuto. Est\u00e1 dise\u00f1ada con una placa de acero inoxidable de larga duraci\u00f3n. El modelo 4423 tiene 23 puntadas de costura diferentes. Haga ojales autom\u00e1ticos en 1 paso. Es ideal para trabajos m\u00e1s exigentes. Con esta m\u00e1quina no tendr\u00e1 problemas para coser telas gruesas.\"><strong><span dir=\"auto\" style=\"vertical-align: inherit;\"><span dir=\"auto\" style=\"vertical-align: inherit;\">Singer Heavy Duty 4423 Sewing Machine Los modelos Heavy Duty de Singer son un 50 % m\u00e1s r\u00e1pidos que una m\u00e1quina est\u00e1ndar y pueden realizar 1100 puntadas por minuto. Est\u00e1n dise\u00f1ados con una placa de acero inoxidable de larga duraci\u00f3n. El modelo 4423 cuenta con 23 puntadas diferentes. Realiza ojales autom\u00e1ticos en un solo paso. Es ideal para trabajos m\u00e1s exigentes. Con esta m\u00e1quina, coser telas gruesas no ser\u00e1 ning\u00fan problema<\/span><\/span><\/strong><span dir=\"auto\" style=\"vertical-align: inherit;\"><span dir=\"auto\" style=\"vertical-align: inherit;\"> .<\/span><\/span><\/h5>\n<p><a href=\"https:\/\/api.whatsapp.com\/send?phone=17869286271\"><span dir=\"auto\" style=\"vertical-align: inherit;\"><span dir=\"auto\" style=\"vertical-align: inherit;\">WhatsApp<\/span><\/span><\/a><\/p>\n<p><span dir=\"auto\" style=\"vertical-align: inherit;\"><span dir=\"auto\" style=\"vertical-align: inherit;\">En Orduz USA, somos expertos en ofrecer soluciones integrales para tus proyectos de costura. Contamos con una amplia gama de m\u00e1quinas de coser y repuestos de alta calidad, dise\u00f1ados para satisfacer tus necesidades, tanto si te inicias en el mundo de la confecci\u00f3n como si eres un profesional experimentado del sector textil.<\/span><\/span><\/p>\n<p><span dir=\"auto\" style=\"vertical-align: inherit;\"><span dir=\"auto\" style=\"vertical-align: inherit;\">M\u00e1quinas de coser de \u00faltima generaci\u00f3n<\/span><\/span><\/p>\n<p><span dir=\"auto\" style=\"vertical-align: inherit;\"><span dir=\"auto\" style=\"vertical-align: inherit;\">Nuestras m\u00e1quinas de coser est\u00e1n dise\u00f1adas para ofrecer eficiencia, precisi\u00f3n y durabilidad. Ofrecemos modelos dom\u00e9sticos e industriales con funciones avanzadas como costura autom\u00e1tica, puntadas decorativas y ajustes personalizados. Marcas l\u00edderes como [mencionar marcas] garantizan un rendimiento fiable para cualquier tipo de tejido, desde materiales delicados como la seda hasta tejidos resistentes como el cuero.<\/span><\/span><\/p>\n<p><span dir=\"auto\" style=\"vertical-align: inherit;\"><span dir=\"auto\" style=\"vertical-align: inherit;\">Repuestos y accesorios originales<\/span><\/span><\/p>\n<p><span dir=\"auto\" style=\"vertical-align: inherit;\"><span dir=\"auto\" style=\"vertical-align: inherit;\">Comprendemos la importancia de mantener su equipo en \u00f3ptimas condiciones. Por ello, ponemos a su disposici\u00f3n una amplia gama de repuestos originales: agujas, bobinas, pedales, motores, correas y mucho m\u00e1s. Todos nuestros repuestos son compatibles con las principales marcas del mercado y garantizan un funcionamiento prolongado y seguro.<\/span><\/span><\/p>\n<p>Tornillo de bastidor M\u00e1quina de coser Brother PE 700 . Repuesto . Accesorios de costura . Tornillo de fijaci\u00f3n Herramienta de costura Componentes de m\u00e1quina de coser . Instalaci\u00f3n de bastidor . Mantenimiento de m\u00e1quina de coser.<\/p>\n<p><span dir=\"auto\" style=\"vertical-align: inherit;\"><span dir=\"auto\" style=\"vertical-align: inherit;\">\u00bfPor qu\u00e9 elegirnos?<\/span><\/span><\/p>\n<p><span dir=\"auto\" style=\"vertical-align: inherit;\"><span dir=\"auto\" style=\"vertical-align: inherit;\">1. Calidad garantizada: Trabajamos con proveedores reconocidos para asegurar que cada producto cumpla con los m\u00e1s altos est\u00e1ndares.<\/span><\/span><\/p>\n<p><span dir=\"auto\" style=\"vertical-align: inherit;\"><span dir=\"auto\" style=\"vertical-align: inherit;\">2. Asesoramiento personalizado: Nuestro equipo de expertos est\u00e1 a su disposici\u00f3n para ayudarle a elegir la m\u00e1quina o el repuesto ideal seg\u00fan sus necesidades.<\/span><\/span><\/p>\n<p><span dir=\"auto\" style=\"vertical-align: inherit;\"><span dir=\"auto\" style=\"vertical-align: inherit;\">3. Soporte t\u00e9cnico: Ofrecemos servicios de mantenimiento y reparaci\u00f3n para garantizar que su equipo funcione como nuevo.<\/span><\/span><\/p>\n<p><span dir=\"auto\" style=\"vertical-align: inherit;\"><span dir=\"auto\" style=\"vertical-align: inherit;\">4. Precios competitivos: Acceda a productos de alta calidad al mejor precio del mercado.<\/span><\/span><\/p>\n<p><span dir=\"auto\" style=\"vertical-align: inherit;\"><span dir=\"auto\" style=\"vertical-align: inherit;\">Encuentra todo en un solo lugar.<\/span><\/span><\/p>\n<p><img fetchpriority=\"high\" decoding=\"async\" src=\"https:\/\/orduz-usa.com\/wp-content\/uploads\/2024\/12\/singer-4423-maquinas-de-coser-orduz-5.jpg\" sizes=\"(max-width: 640px) 100vw, 640px\" srcset=\"https:\/\/orduz-usa.com\/wp-content\/uploads\/2024\/12\/singer-4423-maquinas-de-coser-orduz-5.jpg 640w, https:\/\/orduz-usa.com\/wp-content\/uploads\/2024\/12\/singer-4423-maquinas-de-coser-orduz-5-300x300.jpg 300w, https:\/\/orduz-usa.com\/wp-content\/uploads\/2024\/12\/singer-4423-maquinas-de-coser-orduz-5-150x150.jpg 150w, https:\/\/orduz-usa.com\/wp-content\/uploads\/2024\/12\/singer-4423-maquinas-de-coser-orduz-5-430x430.jpg 430w\" alt=\"singer 4423 maquinas de coser orduz (5)\" width=\"640\" height=\"640\" \/><\/p>\n<p>&nbsp;<\/p>\n<p><img decoding=\"async\" src=\"https:\/\/orduz-usa.com\/wp-content\/uploads\/2024\/12\/singer-4423-maquinas-de-coser-orduz-2.jpg\" sizes=\"(max-width: 500px) 100vw, 500px\" srcset=\"https:\/\/orduz-usa.com\/wp-content\/uploads\/2024\/12\/singer-4423-maquinas-de-coser-orduz-2.jpg 500w, https:\/\/orduz-usa.com\/wp-content\/uploads\/2024\/12\/singer-4423-maquinas-de-coser-orduz-2-305x300.jpg 305w, https:\/\/orduz-usa.com\/wp-content\/uploads\/2024\/12\/singer-4423-maquinas-de-coser-orduz-2-430x423.jpg 430w, https:\/\/orduz-usa.com\/wp-content\/uploads\/2024\/12\/singer-4423-maquinas-de-coser-orduz-2-150x148.jpg 150w\" alt=\"singer 4423 maquinas de coser orduz\" width=\"500\" height=\"492\" \/><\/p>","protected":false},"excerpt":{"rendered":"<figure id=\"attachment_27928\" aria-describedby=\"caption-attachment-27928\" style=\"width: 300px\" class=\"wp-caption alignnone\"><img decoding=\"async\" class=\"size-medium wp-image-27928\" src=\"https:\/\/orduz-usa.com\/wp-content\/uploads\/2024\/12\/singer-4423-maquinas-de-coser-orduz-3-2-300x300.jpg\" alt=\"Singer Heavy Duty Sewing Machine 4423\" width=\"300\" height=\"300\" \/><figcaption id=\"caption-attachment-27928\" class=\"wp-caption-text\"><span dir=\"auto\" style=\"vertical-align: inherit;\"><span dir=\"auto\" style=\"vertical-align: inherit;\">Singer Heavy Duty Sewing Machine 4423<\/span><\/span><\/figcaption><\/figure>\n<p><span dir=\"auto\" style=\"vertical-align: inherit;\"><span dir=\"auto\" style=\"vertical-align: inherit;\">Singer Heavy Duty models are 50 % faster than a standard machine and can perform 1100 stitches per minute. It is designed with a stainless steel plate.<\/span><\/span><\/p>","protected":false},"featured_media":33972,"comment_status":"open","ping_status":"closed","template":"","meta":{"_acf_changed":false},"product_brand":[417],"product_cat":[5621,5622],"product_tag":[5127,5128,5129,4869,5130,5131,1816,5132,5133,5134,5135,1844,5136,5137],"class_list":{"0":"post-33942","1":"product","2":"type-product","3":"status-publish","4":"has-post-thumbnail","6":"product_brand-singer","7":"product_cat-maquinas-de-coser-familiares","8":"product_cat-venta-de-maquinas-de-coser-en-estados-unidos-brother","9":"product_tag-heavy-duty-sewing-machine-singer","10":"product_tag-heavy-fabric-sewing-machine","11":"product_tag-high-speed-sewing-machine","12":"product_tag-maquina-de-coser-alta-velocidad","13":"product_tag-maquina-de-coser-industrial-domestica","14":"product_tag-maquina-de-coser-singer-4423","15":"product_tag-maquina-de-coser-telas-gruesas","16":"product_tag-maquina-singer-trabajo-pesado","17":"product_tag-singer-4423-parts","18":"product_tag-singer-4423-repuestos","19":"product_tag-singer-4423-sewing-machine","20":"product_tag-singer-heavy-duty-4423","21":"product_tag-singer-household-sewing-machine","22":"product_tag-singers-heavy-duty-models-are-50-faster-than-a-standard-machine-and-can-complete-1100-stitches-per-minute-it-is-designed-with-a-stainless-steel-plate","24":"first","25":"instock","26":"sale","27":"featured","28":"shipping-taxable","29":"purchasable","30":"product-type-simple"},"acf":[],"yoast_head":"<!-- This site is optimized with the Yoast SEO Premium plugin v25.7.1 (Yoast SEO v27.4) - https:\/\/yoast.com\/product\/yoast-seo-premium-wordpress\/ -->\n<title>Singer Heavy Duty 4423 Sewing Machine \u2013 23 Stitches<\/title>\n<meta name=\"description\" content=\"Buy the Singer Heavy Duty 4423 Sewing Machine with 23 built-in stitches and powerful motor. Perfect for denim, leather, and heavy fabrics. Fast and\" \/>\n<meta name=\"robots\" content=\"index, follow, max-snippet:-1, max-image-preview:large, max-video-preview:-1\" \/>\n<link rel=\"canonical\" href=\"https:\/\/orduz-usa.com\/en\/product\/singer-heavy-duty-sewing-machine-4423\/\" \/>\n<meta property=\"og:locale\" content=\"en_US\" \/>\n<meta property=\"og:type\" content=\"article\" \/>\n<meta property=\"og:title\" content=\"Singer Heavy Duty Sewing Machine 4423\" \/>\n<meta property=\"og:description\" content=\"Buy the Singer Heavy Duty 4423 Sewing Machine with 23 built-in stitches and powerful motor. Perfect for denim, leather, and heavy fabrics. Fast and\" \/>\n<meta property=\"og:url\" content=\"https:\/\/orduz-usa.com\/en\/product\/singer-heavy-duty-sewing-machine-4423\/\" \/>\n<meta property=\"og:site_name\" content=\"Orduz USA\" \/>\n<meta property=\"og:image\" content=\"https:\/\/orduz-usa.com\/wp-content\/uploads\/2026\/02\/singer-4423-maquinas-de-coser-orduz-2.jpg\" \/>\n\t<meta property=\"og:image:width\" content=\"500\" \/>\n\t<meta property=\"og:image:height\" content=\"492\" \/>\n\t<meta property=\"og:image:type\" content=\"image\/jpeg\" \/>\n<meta name=\"twitter:card\" content=\"summary_large_image\" \/>\n<meta name=\"twitter:label1\" content=\"Est. reading time\" \/>\n\t<meta name=\"twitter:data1\" content=\"3 minutes\" \/>\n<script type=\"application\/ld+json\" class=\"yoast-schema-graph\">{\"@context\":\"https:\\\/\\\/schema.org\",\"@graph\":[{\"@type\":\"WebPage\",\"@id\":\"https:\\\/\\\/orduz-usa.com\\\/producto\\\/singer-heavy-duty-sewing-machine-4423\\\/\",\"url\":\"https:\\\/\\\/orduz-usa.com\\\/producto\\\/singer-heavy-duty-sewing-machine-4423\\\/\",\"name\":\"Singer Heavy Duty 4423 Sewing Machine \u2013 23 Stitches\",\"isPartOf\":{\"@id\":\"https:\\\/\\\/orduz-usa.com\\\/#website\"},\"primaryImageOfPage\":{\"@id\":\"https:\\\/\\\/orduz-usa.com\\\/producto\\\/singer-heavy-duty-sewing-machine-4423\\\/#primaryimage\"},\"image\":{\"@id\":\"https:\\\/\\\/orduz-usa.com\\\/producto\\\/singer-heavy-duty-sewing-machine-4423\\\/#primaryimage\"},\"thumbnailUrl\":\"https:\\\/\\\/orduz-usa.com\\\/wp-content\\\/uploads\\\/2026\\\/02\\\/singer-4423-maquinas-de-coser-orduz-2.jpg\",\"datePublished\":\"2026-03-15T00:10:40+00:00\",\"description\":\"Buy the Singer Heavy Duty 4423 Sewing Machine with 23 built-in stitches and powerful motor. Perfect for denim, leather, and heavy fabrics. Fast and\",\"breadcrumb\":{\"@id\":\"https:\\\/\\\/orduz-usa.com\\\/producto\\\/singer-heavy-duty-sewing-machine-4423\\\/#breadcrumb\"},\"inLanguage\":\"en-US\",\"potentialAction\":[{\"@type\":\"ReadAction\",\"target\":[\"https:\\\/\\\/orduz-usa.com\\\/producto\\\/singer-heavy-duty-sewing-machine-4423\\\/\"]}]},{\"@type\":\"ImageObject\",\"inLanguage\":\"en-US\",\"@id\":\"https:\\\/\\\/orduz-usa.com\\\/producto\\\/singer-heavy-duty-sewing-machine-4423\\\/#primaryimage\",\"url\":\"https:\\\/\\\/orduz-usa.com\\\/wp-content\\\/uploads\\\/2026\\\/02\\\/singer-4423-maquinas-de-coser-orduz-2.jpg\",\"contentUrl\":\"https:\\\/\\\/orduz-usa.com\\\/wp-content\\\/uploads\\\/2026\\\/02\\\/singer-4423-maquinas-de-coser-orduz-2.jpg\",\"width\":500,\"height\":492,\"caption\":\"sewing machines for sale in Miami, sewing machines Miami Florida, Singer sewing machines Miami, industrial sewing machines Miami, domestic sewing machines Miami, sewing machine parts Miami, sewing machine repair in Miami, sewing machine accessories, sewing shop Miami, sewing machines USA\"},{\"@type\":\"BreadcrumbList\",\"@id\":\"https:\\\/\\\/orduz-usa.com\\\/producto\\\/singer-heavy-duty-sewing-machine-4423\\\/#breadcrumb\",\"itemListElement\":[{\"@type\":\"ListItem\",\"position\":1,\"name\":\"Portada\",\"item\":\"https:\\\/\\\/orduz-usa.com\\\/\"},{\"@type\":\"ListItem\",\"position\":2,\"name\":\"Tienda\",\"item\":\"https:\\\/\\\/orduz-usa.com\\\/shop-venta-maquinas-de-coser-singer-orduz-u-s-a-miami-florida\\\/\"},{\"@type\":\"ListItem\",\"position\":3,\"name\":\"Singer Heavy Duty Sewing Machine 4423\"}]},{\"@type\":\"WebSite\",\"@id\":\"https:\\\/\\\/orduz-usa.com\\\/#website\",\"url\":\"https:\\\/\\\/orduz-usa.com\\\/\",\"name\":\"orduzcolombia\",\"description\":\"Maquinas de Coser INDUSTRIALES Y FAMILIARES\",\"publisher\":{\"@id\":\"https:\\\/\\\/orduz-usa.com\\\/#organization\"},\"alternateName\":\"Maquinas de Coser Orduz\",\"potentialAction\":[{\"@type\":\"SearchAction\",\"target\":{\"@type\":\"EntryPoint\",\"urlTemplate\":\"https:\\\/\\\/orduz-usa.com\\\/?s={search_term_string}\"},\"query-input\":{\"@type\":\"PropertyValueSpecification\",\"valueRequired\":true,\"valueName\":\"search_term_string\"}}],\"inLanguage\":\"en-US\"},{\"@type\":\"Organization\",\"@id\":\"https:\\\/\\\/orduz-usa.com\\\/#organization\",\"name\":\"Orduz Colombia\",\"alternateName\":\"Maquinas de Coser Orduz\",\"url\":\"https:\\\/\\\/orduz-usa.com\\\/\",\"logo\":{\"@type\":\"ImageObject\",\"inLanguage\":\"en-US\",\"@id\":\"https:\\\/\\\/orduz-usa.com\\\/#\\\/schema\\\/logo\\\/image\\\/\",\"url\":\"https:\\\/\\\/i0.wp.com\\\/orduzcolombia.com\\\/wp-content\\\/uploads\\\/2024\\\/10\\\/logo-orduz-isotipo.jpg?fit=269%2C259&ssl=1\",\"contentUrl\":\"https:\\\/\\\/i0.wp.com\\\/orduzcolombia.com\\\/wp-content\\\/uploads\\\/2024\\\/10\\\/logo-orduz-isotipo.jpg?fit=269%2C259&ssl=1\",\"width\":269,\"height\":259,\"caption\":\"Orduz Colombia\"},\"image\":{\"@id\":\"https:\\\/\\\/orduz-usa.com\\\/#\\\/schema\\\/logo\\\/image\\\/\"}}]}<\/script>\n<!-- \/ Yoast SEO Premium plugin. -->","yoast_head_json":{"title":"Singer Heavy Duty 4423 Sewing Machine \u2013 23 Stitches","description":"Buy the Singer Heavy Duty 4423 Sewing Machine with 23 built-in stitches and powerful motor. Perfect for denim, leather, and heavy fabrics. Fast and","robots":{"index":"index","follow":"follow","max-snippet":"max-snippet:-1","max-image-preview":"max-image-preview:large","max-video-preview":"max-video-preview:-1"},"canonical":"https:\/\/orduz-usa.com\/en\/product\/singer-heavy-duty-sewing-machine-4423\/","og_locale":"en_US","og_type":"article","og_title":"Singer Heavy Duty Sewing Machine 4423","og_description":"Buy the Singer Heavy Duty 4423 Sewing Machine with 23 built-in stitches and powerful motor. Perfect for denim, leather, and heavy fabrics. Fast and","og_url":"https:\/\/orduz-usa.com\/en\/product\/singer-heavy-duty-sewing-machine-4423\/","og_site_name":"Orduz USA","og_image":[{"width":500,"height":492,"url":"https:\/\/orduz-usa.com\/wp-content\/uploads\/2026\/02\/singer-4423-maquinas-de-coser-orduz-2.jpg","type":"image\/jpeg"}],"twitter_card":"summary_large_image","twitter_misc":{"Est. reading time":"3 minutes"},"schema":{"@context":"https:\/\/schema.org","@graph":[{"@type":"WebPage","@id":"https:\/\/orduz-usa.com\/producto\/singer-heavy-duty-sewing-machine-4423\/","url":"https:\/\/orduz-usa.com\/producto\/singer-heavy-duty-sewing-machine-4423\/","name":"Singer Heavy Duty 4423 Sewing Machine \u2013 23 Stitches","isPartOf":{"@id":"https:\/\/orduz-usa.com\/#website"},"primaryImageOfPage":{"@id":"https:\/\/orduz-usa.com\/producto\/singer-heavy-duty-sewing-machine-4423\/#primaryimage"},"image":{"@id":"https:\/\/orduz-usa.com\/producto\/singer-heavy-duty-sewing-machine-4423\/#primaryimage"},"thumbnailUrl":"https:\/\/orduz-usa.com\/wp-content\/uploads\/2026\/02\/singer-4423-maquinas-de-coser-orduz-2.jpg","datePublished":"2026-03-15T00:10:40+00:00","description":"Buy the Singer Heavy Duty 4423 Sewing Machine with 23 built-in stitches and powerful motor. Perfect for denim, leather, and heavy fabrics. Fast and","breadcrumb":{"@id":"https:\/\/orduz-usa.com\/producto\/singer-heavy-duty-sewing-machine-4423\/#breadcrumb"},"inLanguage":"en-US","potentialAction":[{"@type":"ReadAction","target":["https:\/\/orduz-usa.com\/producto\/singer-heavy-duty-sewing-machine-4423\/"]}]},{"@type":"ImageObject","inLanguage":"en-US","@id":"https:\/\/orduz-usa.com\/producto\/singer-heavy-duty-sewing-machine-4423\/#primaryimage","url":"https:\/\/orduz-usa.com\/wp-content\/uploads\/2026\/02\/singer-4423-maquinas-de-coser-orduz-2.jpg","contentUrl":"https:\/\/orduz-usa.com\/wp-content\/uploads\/2026\/02\/singer-4423-maquinas-de-coser-orduz-2.jpg","width":500,"height":492,"caption":"sewing machines for sale in Miami, sewing machines Miami Florida, Singer sewing machines Miami, industrial sewing machines Miami, domestic sewing machines Miami, sewing machine parts Miami, sewing machine repair in Miami, sewing machine accessories, sewing shop Miami, sewing machines USA"},{"@type":"BreadcrumbList","@id":"https:\/\/orduz-usa.com\/producto\/singer-heavy-duty-sewing-machine-4423\/#breadcrumb","itemListElement":[{"@type":"ListItem","position":1,"name":"Portada","item":"https:\/\/orduz-usa.com\/"},{"@type":"ListItem","position":2,"name":"Tienda","item":"https:\/\/orduz-usa.com\/shop-venta-maquinas-de-coser-singer-orduz-u-s-a-miami-florida\/"},{"@type":"ListItem","position":3,"name":"Singer Heavy Duty Sewing Machine 4423"}]},{"@type":"WebSite","@id":"https:\/\/orduz-usa.com\/#website","url":"https:\/\/orduz-usa.com\/","name":"orduzcolombia","description":"INDUSTRIAL AND FAMILY SEWING MACHINES","publisher":{"@id":"https:\/\/orduz-usa.com\/#organization"},"alternateName":"Maquinas de Coser Orduz","potentialAction":[{"@type":"SearchAction","target":{"@type":"EntryPoint","urlTemplate":"https:\/\/orduz-usa.com\/?s={search_term_string}"},"query-input":{"@type":"PropertyValueSpecification","valueRequired":true,"valueName":"search_term_string"}}],"inLanguage":"en-US"},{"@type":"Organization","@id":"https:\/\/orduz-usa.com\/#organization","name":"Orduz Colombia","alternateName":"Maquinas de Coser Orduz","url":"https:\/\/orduz-usa.com\/","logo":{"@type":"ImageObject","inLanguage":"en-US","@id":"https:\/\/orduz-usa.com\/#\/schema\/logo\/image\/","url":"https:\/\/i0.wp.com\/orduzcolombia.com\/wp-content\/uploads\/2024\/10\/logo-orduz-isotipo.jpg?fit=269%2C259&ssl=1","contentUrl":"https:\/\/i0.wp.com\/orduzcolombia.com\/wp-content\/uploads\/2024\/10\/logo-orduz-isotipo.jpg?fit=269%2C259&ssl=1","width":269,"height":259,"caption":"Orduz Colombia"},"image":{"@id":"https:\/\/orduz-usa.com\/#\/schema\/logo\/image\/"}}]}},"_links":{"self":[{"href":"https:\/\/orduz-usa.com\/en\/wp-json\/wp\/v2\/product\/33942","targetHints":{"allow":["GET"]}}],"collection":[{"href":"https:\/\/orduz-usa.com\/en\/wp-json\/wp\/v2\/product"}],"about":[{"href":"https:\/\/orduz-usa.com\/en\/wp-json\/wp\/v2\/types\/product"}],"replies":[{"embeddable":true,"href":"https:\/\/orduz-usa.com\/en\/wp-json\/wp\/v2\/comments?post=33942"}],"version-history":[{"count":3,"href":"https:\/\/orduz-usa.com\/en\/wp-json\/wp\/v2\/product\/33942\/revisions"}],"predecessor-version":[{"id":34349,"href":"https:\/\/orduz-usa.com\/en\/wp-json\/wp\/v2\/product\/33942\/revisions\/34349"}],"wp:featuredmedia":[{"embeddable":true,"href":"https:\/\/orduz-usa.com\/en\/wp-json\/wp\/v2\/media\/33972"}],"wp:attachment":[{"href":"https:\/\/orduz-usa.com\/en\/wp-json\/wp\/v2\/media?parent=33942"}],"wp:term":[{"taxonomy":"product_brand","embeddable":true,"href":"https:\/\/orduz-usa.com\/en\/wp-json\/wp\/v2\/product_brand?post=33942"},{"taxonomy":"product_cat","embeddable":true,"href":"https:\/\/orduz-usa.com\/en\/wp-json\/wp\/v2\/product_cat?post=33942"},{"taxonomy":"product_tag","embeddable":true,"href":"https:\/\/orduz-usa.com\/en\/wp-json\/wp\/v2\/product_tag?post=33942"}],"curies":[{"name":"wp","href":"https:\/\/api.w.org\/{rel}","templated":true}]}}