{"id":33948,"date":"2026-02-05T19:10:40","date_gmt":"2026-02-06T00:10:40","guid":{"rendered":"https:\/\/orduz-usa.com\/?post_type=product&#038;p=33948"},"modified":"2026-02-20T12:15:36","modified_gmt":"2026-02-20T17:15:36","slug":"tgcf-tapa-edge-cover-pegasus-w500-en-entados-unidos-miami","status":"publish","type":"product","link":"https:\/\/orduz-usa.com\/en\/producto\/tgcf-tapa-edge-cover-pegasus-w500-en-entados-unidos-miami\/","title":{"rendered":"TGCF tapa edge cover pegasus w500 in united states miami"},"content":{"rendered":"<h1>TGCF tapa edge cover pegasus w500<\/h1>\n<p><a href=\"https:\/\/api.whatsapp.com\/send?phone=17869286271\">whatsapp<\/a><\/p>\n<p>TGCF tapa edge cover pegasus w500 [Orduz usa], we are experts in offering complete solutions for your sewing projects. We have a wide range of high-quality sewing machines and spare parts designed to suit your needs, whether you are just starting out in clothing or are an experienced professional in the textile industry.<\/p>\n<p>Latest generation sewing machines<\/p>\n<p>Our sewing machines are designed for efficiency, precision and durability. We offer home and industrial models that include advanced features such as automatic sewing, decorative stitches and custom settings. Leading brands like [mention brands] guarantee reliable performance for any type of fabric, from delicate materials like silk to durable fabrics like leather.<\/p>\n<p>Original spare parts and accessories<\/p>\n<p>We understand how important it is to keep your equipment in optimal condition. For this reason, we put at your disposal a variety of original spare parts: needles, bobbins, pedals, motors, belts and more. All our spare parts are compatible with the main brands on the market and guarantee long and safe operation.<\/p>\n<p>Tornillo de bastidor M\u00e1quina de coser Brother PE 700 . Repuesto . Accesorios de costura . Tornillo de fijaci\u00f3n Herramienta de costura Componentes de m\u00e1quina de coser . Instalaci\u00f3n de bastidor . Mantenimiento de m\u00e1quina de coser.<\/p>\n<p>&nbsp;<\/p>","protected":false},"excerpt":{"rendered":"<figure id=\"attachment_27821\" aria-describedby=\"caption-attachment-27821\" style=\"width: 300px\" class=\"wp-caption alignnone\"><img fetchpriority=\"high\" decoding=\"async\" class=\"size-medium wp-image-27821\" src=\"https:\/\/orduz-usa.com\/wp-content\/uploads\/2021\/08\/TGCF-TAPA-DE-DOBLADILLO-W500-2-300x300.jpg\" alt=\"TGCF HEM CAP W500 (3)\" width=\"300\" height=\"300\" \/><figcaption id=\"caption-attachment-27821\" class=\"wp-caption-text\">TGCF HEM CAP W500<\/figcaption><\/figure>","protected":false},"featured_media":34009,"comment_status":"open","ping_status":"closed","template":"","meta":{"_acf_changed":false},"product_brand":[],"product_cat":[5357,5491],"product_tag":[5431,5453,5438,5426,5480,5451,5443,5440,5434,5447,5452,5429,5422,5439,5423,5433,5415,5424,5493,5436,5448,5268,5450,5441,5419,5421,5418,5416,5420,5417,5427,5445,5497,5495,5428,5432,5437,3135,5425,5430,890,5498,5446,5449,5442,5479,5496,5494,5492,5154,5435,5444],"class_list":{"0":"post-33948","1":"product","2":"type-product","3":"status-publish","4":"has-post-thumbnail","6":"product_cat-repuestos-de-maquinas-de-coser","7":"product_cat-tapa-de-maquina-de-coser","8":"product_tag-accesorios-esenciales-para-maquinas-de-coser-profesionales","9":"product_tag-affordable-sewing-machine-motors-for-sale-usa","10":"product_tag-affordable-sewing-machines-under-300-usa","11":"product_tag-agujas-para-maquina-de-coser-tamanos-y-usos","12":"product_tag-although-your-text-is-rather-long-acomodar-este-texto-mejores-maquinas-de-coser-para-principiantes-en-estados-unidos","13":"product_tag-best-online-store-for-sewing-machine-accessories","14":"product_tag-best-portable-sewing-machines-usa","15":"product_tag-best-sewing-machine-for-home-business-usa","16":"product_tag-best-sewing-machines-for-beginners-in-usa","17":"product_tag-bobbins-presser-feet-and-sewing-machine-accessories","18":"product_tag-common-sewing-machine-problems-and-replacement-parts","19":"product_tag-como-saber-que-repuesto-necesita-tu-maquina-de-coser","20":"product_tag-comparativa-maquina-de-coser-mecanica-vs-computarizada","21":"product_tag-computerized-vs-mechanical-sewing-machines","22":"product_tag-cuanto-cuesta-una-maquina-de-coser-industrial-en-usa","23":"product_tag-donde-comprar-bobinas-y-prensatelas-para-maquina-de-coser","24":"product_tag-donde-comprar-maquinas-de-coser-industriales-en-usa","25":"product_tag-donde-comprar-repuestos-para-maquinas-de-coser-en-estados-unidos","26":"product_tag-edge-cover-tgcf-pegasus-w500","27":"product_tag-heavy-duty-sewing-machines-for-sale-usa","28":"product_tag-how-to-find-the-right-motor-for-your-sewing-machine","29":"product_tag-industrial-sewing-machine-parts","30":"product_tag-industrial-sewing-machine-spare-parts-united-states","31":"product_tag-industrial-sewing-machines-for-leather","32":"product_tag-maquina-de-coser-industrial-para-cuero-y-materiales-pesados","33":"product_tag-maquina-de-coser-para-emprender-desde-casa-en-estados-unidos","34":"product_tag-maquinas-de-coser-baratas-en-usa","35":"product_tag-maquinas-de-coser-industriales-en-venta-al-mejor-precio-en-estados-unidos","36":"product_tag-maquinas-de-coser-profesionales-para-talleres-de-costura","37":"product_tag-mejores-maquinas-de-coser-para-negocio-de-costura","38":"product_tag-motores-para-maquinas-de-coser-industriales-en-venta-en-usa","39":"product_tag-original-sewing-machine-replacement-parts-fast-shipping","40":"product_tag-pegasus-w500-spare-parts","41":"product_tag-piezas-para-maquina-pegasus-w500","42":"product_tag-piezas-y-accesorios-para-maquinas-de-coser-con-envio-rapido","43":"product_tag-problemas-comunes-en-maquinas-de-coser-y-como-solucionarlos","44":"product_tag-professional-sewing-machines-for-tailors-and-businesses","45":"product_tag-repuesto-pegasus-w500","46":"product_tag-repuestos-originales-para-maquinas-de-coser-industriales","47":"product_tag-repuestos-para-maquina-de-coser-industrial-al-mejor-precio","48":"product_tag-repuestos-para-maquinas-de-coser-industriales","49":"product_tag-sewing-machine-edge-cover","50":"product_tag-sewing-machine-needles-guide-sizes-and-uses","51":"product_tag-sewing-machine-repair-parts-usa","52":"product_tag-sewing-machines-with-warranty-in-usa","53":"product_tag-subheading-distribution-you-are-not-using-any-subheadings","54":"product_tag-tapa-edge-cover-maquina-industrial","55":"product_tag-tapa-protectora-pegasus-w500","56":"product_tag-tgcf-tapa-edge-cover","57":"product_tag-tgcf-tapa-edge-cover-pegasus-w500","58":"product_tag-where-to-buy-industrial-sewing-machines-in-the-united-states","59":"product_tag-where-to-buy-sewing-machine-parts-online-in-usa","61":"first","62":"instock","63":"sale","64":"shipping-taxable","65":"purchasable","66":"product-type-simple"},"acf":[],"yoast_head":"<!-- This site is optimized with the Yoast SEO Premium plugin v25.7.1 (Yoast SEO v27.4) - https:\/\/yoast.com\/product\/yoast-seo-premium-wordpress\/ -->\n<title>pegasus w500 TGCF tapa edge cover<\/title>\n<meta name=\"description\" content=\"TGCF tapa edge cover para Pegasus W500. Repuesto industrial resistente que protege el mecanismo y garantiza un funcionamiento seguro y eficiente.\" \/>\n<meta name=\"robots\" content=\"index, follow, max-snippet:-1, max-image-preview:large, max-video-preview:-1\" \/>\n<link rel=\"canonical\" href=\"https:\/\/orduz-usa.com\/en\/product\/tgcf-tapa-edge-cover-pegasus-w500-en-entados-unidos-miami\/\" \/>\n<meta property=\"og:locale\" content=\"en_US\" \/>\n<meta property=\"og:type\" content=\"article\" \/>\n<meta property=\"og:title\" content=\"TGCF tapa edge cover pegasus w500 en entados unidos miami\" \/>\n<meta property=\"og:description\" content=\"TGCF tapa edge cover para Pegasus W500. Repuesto industrial resistente que protege el mecanismo y garantiza un funcionamiento seguro y eficiente.\" \/>\n<meta property=\"og:url\" content=\"https:\/\/orduz-usa.com\/en\/product\/tgcf-tapa-edge-cover-pegasus-w500-en-entados-unidos-miami\/\" \/>\n<meta property=\"og:site_name\" content=\"Orduz USA\" \/>\n<meta property=\"article:modified_time\" content=\"2026-02-20T17:15:36+00:00\" \/>\n<meta property=\"og:image\" content=\"https:\/\/orduz-usa.com\/wp-content\/uploads\/2026\/02\/TGCF-tapa-edge-cover-pegasus-w500.jpg\" \/>\n\t<meta property=\"og:image:width\" content=\"1600\" \/>\n\t<meta property=\"og:image:height\" content=\"1600\" \/>\n\t<meta property=\"og:image:type\" content=\"image\/jpeg\" \/>\n<meta name=\"twitter:card\" content=\"summary_large_image\" \/>\n<meta name=\"twitter:label1\" content=\"Est. reading time\" \/>\n\t<meta name=\"twitter:data1\" content=\"2 minutes\" \/>\n<script type=\"application\/ld+json\" class=\"yoast-schema-graph\">{\"@context\":\"https:\\\/\\\/schema.org\",\"@graph\":[{\"@type\":\"WebPage\",\"@id\":\"https:\\\/\\\/orduz-usa.com\\\/producto\\\/tgcf-tapa-edge-cover-pegasus-w500-en-entados-unidos-miami\\\/\",\"url\":\"https:\\\/\\\/orduz-usa.com\\\/producto\\\/tgcf-tapa-edge-cover-pegasus-w500-en-entados-unidos-miami\\\/\",\"name\":\"pegasus w500 TGCF tapa edge cover\",\"isPartOf\":{\"@id\":\"https:\\\/\\\/orduz-usa.com\\\/#website\"},\"primaryImageOfPage\":{\"@id\":\"https:\\\/\\\/orduz-usa.com\\\/producto\\\/tgcf-tapa-edge-cover-pegasus-w500-en-entados-unidos-miami\\\/#primaryimage\"},\"image\":{\"@id\":\"https:\\\/\\\/orduz-usa.com\\\/producto\\\/tgcf-tapa-edge-cover-pegasus-w500-en-entados-unidos-miami\\\/#primaryimage\"},\"thumbnailUrl\":\"https:\\\/\\\/orduz-usa.com\\\/wp-content\\\/uploads\\\/2026\\\/02\\\/TGCF-tapa-edge-cover-pegasus-w500.jpg\",\"datePublished\":\"2026-02-06T00:10:40+00:00\",\"dateModified\":\"2026-02-20T17:15:36+00:00\",\"description\":\"TGCF tapa edge cover para Pegasus W500. Repuesto industrial resistente que protege el mecanismo y garantiza un funcionamiento seguro y eficiente.\",\"breadcrumb\":{\"@id\":\"https:\\\/\\\/orduz-usa.com\\\/producto\\\/tgcf-tapa-edge-cover-pegasus-w500-en-entados-unidos-miami\\\/#breadcrumb\"},\"inLanguage\":\"en-US\",\"potentialAction\":[{\"@type\":\"ReadAction\",\"target\":[\"https:\\\/\\\/orduz-usa.com\\\/producto\\\/tgcf-tapa-edge-cover-pegasus-w500-en-entados-unidos-miami\\\/\"]}]},{\"@type\":\"ImageObject\",\"inLanguage\":\"en-US\",\"@id\":\"https:\\\/\\\/orduz-usa.com\\\/producto\\\/tgcf-tapa-edge-cover-pegasus-w500-en-entados-unidos-miami\\\/#primaryimage\",\"url\":\"https:\\\/\\\/orduz-usa.com\\\/wp-content\\\/uploads\\\/2026\\\/02\\\/TGCF-tapa-edge-cover-pegasus-w500.jpg\",\"contentUrl\":\"https:\\\/\\\/orduz-usa.com\\\/wp-content\\\/uploads\\\/2026\\\/02\\\/TGCF-tapa-edge-cover-pegasus-w500.jpg\",\"width\":1600,\"height\":1600,\"caption\":\"TGCF tapa edge cover para Pegasus W500, tapa enfatiza protecci\u00f3n y ajuste preciso. Repuesto ideal para m\u00e1quinas de coser industriales.\"},{\"@type\":\"BreadcrumbList\",\"@id\":\"https:\\\/\\\/orduz-usa.com\\\/producto\\\/tgcf-tapa-edge-cover-pegasus-w500-en-entados-unidos-miami\\\/#breadcrumb\",\"itemListElement\":[{\"@type\":\"ListItem\",\"position\":1,\"name\":\"Portada\",\"item\":\"https:\\\/\\\/orduz-usa.com\\\/\"},{\"@type\":\"ListItem\",\"position\":2,\"name\":\"Tienda\",\"item\":\"https:\\\/\\\/orduz-usa.com\\\/shop-venta-maquinas-de-coser-singer-orduz-u-s-a-miami-florida\\\/\"},{\"@type\":\"ListItem\",\"position\":3,\"name\":\"TGCF tapa edge cover pegasus w500 en entados unidos miami\"}]},{\"@type\":\"WebSite\",\"@id\":\"https:\\\/\\\/orduz-usa.com\\\/#website\",\"url\":\"https:\\\/\\\/orduz-usa.com\\\/\",\"name\":\"orduzcolombia\",\"description\":\"Maquinas de Coser INDUSTRIALES Y FAMILIARES\",\"publisher\":{\"@id\":\"https:\\\/\\\/orduz-usa.com\\\/#organization\"},\"alternateName\":\"Maquinas de Coser Orduz\",\"potentialAction\":[{\"@type\":\"SearchAction\",\"target\":{\"@type\":\"EntryPoint\",\"urlTemplate\":\"https:\\\/\\\/orduz-usa.com\\\/?s={search_term_string}\"},\"query-input\":{\"@type\":\"PropertyValueSpecification\",\"valueRequired\":true,\"valueName\":\"search_term_string\"}}],\"inLanguage\":\"en-US\"},{\"@type\":\"Organization\",\"@id\":\"https:\\\/\\\/orduz-usa.com\\\/#organization\",\"name\":\"Orduz Colombia\",\"alternateName\":\"Maquinas de Coser Orduz\",\"url\":\"https:\\\/\\\/orduz-usa.com\\\/\",\"logo\":{\"@type\":\"ImageObject\",\"inLanguage\":\"en-US\",\"@id\":\"https:\\\/\\\/orduz-usa.com\\\/#\\\/schema\\\/logo\\\/image\\\/\",\"url\":\"https:\\\/\\\/i0.wp.com\\\/orduzcolombia.com\\\/wp-content\\\/uploads\\\/2024\\\/10\\\/logo-orduz-isotipo.jpg?fit=269%2C259&ssl=1\",\"contentUrl\":\"https:\\\/\\\/i0.wp.com\\\/orduzcolombia.com\\\/wp-content\\\/uploads\\\/2024\\\/10\\\/logo-orduz-isotipo.jpg?fit=269%2C259&ssl=1\",\"width\":269,\"height\":259,\"caption\":\"Orduz Colombia\"},\"image\":{\"@id\":\"https:\\\/\\\/orduz-usa.com\\\/#\\\/schema\\\/logo\\\/image\\\/\"}}]}<\/script>\n<!-- \/ Yoast SEO Premium plugin. -->","yoast_head_json":{"title":"pegasus w500 TGCF tapa edge cover","description":"TGCF tapa edge cover para Pegasus W500. Repuesto industrial resistente que protege el mecanismo y garantiza un funcionamiento seguro y eficiente.","robots":{"index":"index","follow":"follow","max-snippet":"max-snippet:-1","max-image-preview":"max-image-preview:large","max-video-preview":"max-video-preview:-1"},"canonical":"https:\/\/orduz-usa.com\/en\/product\/tgcf-tapa-edge-cover-pegasus-w500-en-entados-unidos-miami\/","og_locale":"en_US","og_type":"article","og_title":"TGCF tapa edge cover pegasus w500 en entados unidos miami","og_description":"TGCF tapa edge cover para Pegasus W500. Repuesto industrial resistente que protege el mecanismo y garantiza un funcionamiento seguro y eficiente.","og_url":"https:\/\/orduz-usa.com\/en\/product\/tgcf-tapa-edge-cover-pegasus-w500-en-entados-unidos-miami\/","og_site_name":"Orduz USA","article_modified_time":"2026-02-20T17:15:36+00:00","og_image":[{"width":1600,"height":1600,"url":"https:\/\/orduz-usa.com\/wp-content\/uploads\/2026\/02\/TGCF-tapa-edge-cover-pegasus-w500.jpg","type":"image\/jpeg"}],"twitter_card":"summary_large_image","twitter_misc":{"Est. reading time":"2 minutes"},"schema":{"@context":"https:\/\/schema.org","@graph":[{"@type":"WebPage","@id":"https:\/\/orduz-usa.com\/producto\/tgcf-tapa-edge-cover-pegasus-w500-en-entados-unidos-miami\/","url":"https:\/\/orduz-usa.com\/producto\/tgcf-tapa-edge-cover-pegasus-w500-en-entados-unidos-miami\/","name":"pegasus w500 TGCF tapa edge cover","isPartOf":{"@id":"https:\/\/orduz-usa.com\/#website"},"primaryImageOfPage":{"@id":"https:\/\/orduz-usa.com\/producto\/tgcf-tapa-edge-cover-pegasus-w500-en-entados-unidos-miami\/#primaryimage"},"image":{"@id":"https:\/\/orduz-usa.com\/producto\/tgcf-tapa-edge-cover-pegasus-w500-en-entados-unidos-miami\/#primaryimage"},"thumbnailUrl":"https:\/\/orduz-usa.com\/wp-content\/uploads\/2026\/02\/TGCF-tapa-edge-cover-pegasus-w500.jpg","datePublished":"2026-02-06T00:10:40+00:00","dateModified":"2026-02-20T17:15:36+00:00","description":"TGCF tapa edge cover para Pegasus W500. Repuesto industrial resistente que protege el mecanismo y garantiza un funcionamiento seguro y eficiente.","breadcrumb":{"@id":"https:\/\/orduz-usa.com\/producto\/tgcf-tapa-edge-cover-pegasus-w500-en-entados-unidos-miami\/#breadcrumb"},"inLanguage":"en-US","potentialAction":[{"@type":"ReadAction","target":["https:\/\/orduz-usa.com\/producto\/tgcf-tapa-edge-cover-pegasus-w500-en-entados-unidos-miami\/"]}]},{"@type":"ImageObject","inLanguage":"en-US","@id":"https:\/\/orduz-usa.com\/producto\/tgcf-tapa-edge-cover-pegasus-w500-en-entados-unidos-miami\/#primaryimage","url":"https:\/\/orduz-usa.com\/wp-content\/uploads\/2026\/02\/TGCF-tapa-edge-cover-pegasus-w500.jpg","contentUrl":"https:\/\/orduz-usa.com\/wp-content\/uploads\/2026\/02\/TGCF-tapa-edge-cover-pegasus-w500.jpg","width":1600,"height":1600,"caption":"TGCF tapa edge cover para Pegasus W500, tapa enfatiza protecci\u00f3n y ajuste preciso. Repuesto ideal para m\u00e1quinas de coser industriales."},{"@type":"BreadcrumbList","@id":"https:\/\/orduz-usa.com\/producto\/tgcf-tapa-edge-cover-pegasus-w500-en-entados-unidos-miami\/#breadcrumb","itemListElement":[{"@type":"ListItem","position":1,"name":"Portada","item":"https:\/\/orduz-usa.com\/"},{"@type":"ListItem","position":2,"name":"Tienda","item":"https:\/\/orduz-usa.com\/shop-venta-maquinas-de-coser-singer-orduz-u-s-a-miami-florida\/"},{"@type":"ListItem","position":3,"name":"TGCF tapa edge cover pegasus w500 en entados unidos miami"}]},{"@type":"WebSite","@id":"https:\/\/orduz-usa.com\/#website","url":"https:\/\/orduz-usa.com\/","name":"orduzcolombia","description":"INDUSTRIAL AND FAMILY SEWING MACHINES","publisher":{"@id":"https:\/\/orduz-usa.com\/#organization"},"alternateName":"Maquinas de Coser Orduz","potentialAction":[{"@type":"SearchAction","target":{"@type":"EntryPoint","urlTemplate":"https:\/\/orduz-usa.com\/?s={search_term_string}"},"query-input":{"@type":"PropertyValueSpecification","valueRequired":true,"valueName":"search_term_string"}}],"inLanguage":"en-US"},{"@type":"Organization","@id":"https:\/\/orduz-usa.com\/#organization","name":"Orduz Colombia","alternateName":"Maquinas de Coser Orduz","url":"https:\/\/orduz-usa.com\/","logo":{"@type":"ImageObject","inLanguage":"en-US","@id":"https:\/\/orduz-usa.com\/#\/schema\/logo\/image\/","url":"https:\/\/i0.wp.com\/orduzcolombia.com\/wp-content\/uploads\/2024\/10\/logo-orduz-isotipo.jpg?fit=269%2C259&ssl=1","contentUrl":"https:\/\/i0.wp.com\/orduzcolombia.com\/wp-content\/uploads\/2024\/10\/logo-orduz-isotipo.jpg?fit=269%2C259&ssl=1","width":269,"height":259,"caption":"Orduz Colombia"},"image":{"@id":"https:\/\/orduz-usa.com\/#\/schema\/logo\/image\/"}}]}},"_links":{"self":[{"href":"https:\/\/orduz-usa.com\/en\/wp-json\/wp\/v2\/product\/33948","targetHints":{"allow":["GET"]}}],"collection":[{"href":"https:\/\/orduz-usa.com\/en\/wp-json\/wp\/v2\/product"}],"about":[{"href":"https:\/\/orduz-usa.com\/en\/wp-json\/wp\/v2\/types\/product"}],"replies":[{"embeddable":true,"href":"https:\/\/orduz-usa.com\/en\/wp-json\/wp\/v2\/comments?post=33948"}],"version-history":[{"count":4,"href":"https:\/\/orduz-usa.com\/en\/wp-json\/wp\/v2\/product\/33948\/revisions"}],"predecessor-version":[{"id":34261,"href":"https:\/\/orduz-usa.com\/en\/wp-json\/wp\/v2\/product\/33948\/revisions\/34261"}],"wp:featuredmedia":[{"embeddable":true,"href":"https:\/\/orduz-usa.com\/en\/wp-json\/wp\/v2\/media\/34009"}],"wp:attachment":[{"href":"https:\/\/orduz-usa.com\/en\/wp-json\/wp\/v2\/media?parent=33948"}],"wp:term":[{"taxonomy":"product_brand","embeddable":true,"href":"https:\/\/orduz-usa.com\/en\/wp-json\/wp\/v2\/product_brand?post=33948"},{"taxonomy":"product_cat","embeddable":true,"href":"https:\/\/orduz-usa.com\/en\/wp-json\/wp\/v2\/product_cat?post=33948"},{"taxonomy":"product_tag","embeddable":true,"href":"https:\/\/orduz-usa.com\/en\/wp-json\/wp\/v2\/product_tag?post=33948"}],"curies":[{"name":"wp","href":"https:\/\/api.w.org\/{rel}","templated":true}]}}