{"id":33958,"date":"2026-02-05T19:10:41","date_gmt":"2026-02-06T00:10:41","guid":{"rendered":"https:\/\/orduz-usa.com\/?post_type=product&#038;p=33958"},"modified":"2026-02-19T21:07:41","modified_gmt":"2026-02-20T02:07:41","slug":"xd1855251-bobbin-box-brother-pe700-electronic-embroidery","status":"publish","type":"product","link":"https:\/\/orduz-usa.com\/en\/producto\/xd1855251-bobbin-box-brother-pe700-electronic-embroidery\/","title":{"rendered":"Bobbin Case XD1855251 Brother"},"content":{"rendered":"<h1><span dir=\"auto\" style=\"vertical-align: inherit;\"><span dir=\"auto\" style=\"vertical-align: inherit;\">XD1855251 Caja de bobina para m\u00e1quina de bordar electr\u00f3nica Brother PE700<\/span><\/span><\/h1>\n<p>&nbsp;<\/p>\n<figure id=\"attachment_28310\" aria-describedby=\"caption-attachment-28310\" style=\"width: 300px\" class=\"wp-caption alignnone\"><img fetchpriority=\"high\" decoding=\"async\" class=\"size-medium wp-image-28310\" src=\"https:\/\/orduz-usa.com\/wp-content\/uploads\/2025\/01\/LOGO-DE-BROTHER-MAQUINAS-DE-COSER-300x300.jpg\" alt=\"BROTHER SEWING MACHINES LOGO\" width=\"300\" height=\"300\" \/><figcaption id=\"caption-attachment-28310\" class=\"wp-caption-text\">BROTHER SEWING MACHINES LOGO<\/figcaption><\/figure>\n<p><span dir=\"auto\" style=\"vertical-align: inherit;\"><span dir=\"auto\" style=\"vertical-align: inherit;\">XD1855251 Caja de bobinas para m\u00e1quina de bordar electr\u00f3nica Brother PE700 [Orduz, EE. UU.]. Somos expertos en ofrecer soluciones completas para sus proyectos de costura. Disponemos de una amplia gama de m\u00e1quinas de coser y repuestos de alta calidad dise\u00f1ados para satisfacer sus necesidades, tanto si se inicia en la confecci\u00f3n como si es un profesional con experiencia en la industria textil.<\/span><\/span><\/p>\n<p><span dir=\"auto\" style=\"vertical-align: inherit;\"><span dir=\"auto\" style=\"vertical-align: inherit;\">M\u00e1quinas de coser de \u00faltima generaci\u00f3n<\/span><\/span><\/p>\n<p><span dir=\"auto\" style=\"vertical-align: inherit;\"><span dir=\"auto\" style=\"vertical-align: inherit;\">Nuestras m\u00e1quinas de coser est\u00e1n dise\u00f1adas para brindar eficiencia, precisi\u00f3n y durabilidad. Ofrecemos modelos dom\u00e9sticos e industriales que incluyen funciones avanzadas como costura autom\u00e1tica, puntadas decorativas y ajustes personalizados. Marcas l\u00edderes como [mencionar marcas] garantizan un rendimiento confiable para cualquier tipo de tela, desde materiales delicados como la seda hasta telas resistentes como el cuero.<\/span><\/span><\/p>\n<p><span dir=\"auto\" style=\"vertical-align: inherit;\"><span dir=\"auto\" style=\"vertical-align: inherit;\">Repuestos y accesorios originales<\/span><\/span><\/p>\n<p><span dir=\"auto\" style=\"vertical-align: inherit;\"><span dir=\"auto\" style=\"vertical-align: inherit;\">Entendemos la importancia de mantener su equipo en \u00f3ptimas condiciones. Por eso, ponemos a su disposici\u00f3n una variedad de repuestos originales: agujas, bobinas, pedales, motores, correas y m\u00e1s. Todos nuestros repuestos son compatibles con las principales marcas del mercado y garantizan un funcionamiento duradero y seguro.<\/span><\/span><\/p>\n<p>Tornillo de bastidor M\u00e1quina de coser Brother PE 700 . Repuesto . Accesorios de costura . Tornillo de fijaci\u00f3n Herramienta de costura Componentes de m\u00e1quina de coser . Instalaci\u00f3n de bastidor . Mantenimiento de m\u00e1quina de coser.<\/p>\n<p><span dir=\"auto\" style=\"vertical-align: inherit;\"><span dir=\"auto\" style=\"vertical-align: inherit;\">\u00bfPor qu\u00e9 elegirnos?<\/span><\/span><\/p>\n<p><span dir=\"auto\" style=\"vertical-align: inherit;\"><span dir=\"auto\" style=\"vertical-align: inherit;\">1. Calidad garantizada: Trabajamos con proveedores reconocidos para garantizar que cada producto cumpla con los m\u00e1s altos est\u00e1ndares.<\/span><\/span><\/p>\n<p><span dir=\"auto\" style=\"vertical-align: inherit;\"><span dir=\"auto\" style=\"vertical-align: inherit;\">2. Asesoramiento personalizado: Nuestro equipo de expertos est\u00e1 disponible para ayudarle a elegir la m\u00e1quina o repuesto ideal seg\u00fan sus necesidades.<\/span><\/span><\/p>\n<p><span dir=\"auto\" style=\"vertical-align: inherit;\"><span dir=\"auto\" style=\"vertical-align: inherit;\">3. Soporte t\u00e9cnico: Ofrecemos servicios de mantenimiento y reparaci\u00f3n para garantizar que sus equipos funcionen como nuevos.<\/span><\/span><\/p>\n<p><span dir=\"auto\" style=\"vertical-align: inherit;\"><span dir=\"auto\" style=\"vertical-align: inherit;\">4. Precios competitivos: Accede a productos de alta calidad al mejor precio del mercado.<\/span><\/span><\/p>\n<p><span dir=\"auto\" style=\"vertical-align: inherit;\"><span dir=\"auto\" style=\"vertical-align: inherit;\">Encuentra todo en un solo lugar<a href=\"https:\/\/api.whatsapp.com\/send?phone=17869286271\"><span dir=\"auto\" style=\"vertical-align: inherit;\">WhatsApp<\/span><\/a>\u00a0<\/span><\/span><\/p>\n<h5 class=\"product_title entry-title\"><span dir=\"auto\" style=\"vertical-align: inherit;\"><span dir=\"auto\" style=\"vertical-align: inherit;\">El\u00a0 <\/span><\/span><span data-processed=\"true\"><a class=\"H23r4e\" href=\"https:\/\/www.amazon.com\/SERMALOER-XD1855251-Compatible-Brother-SB7050E\/dp\/B0D7CB8R1X\" target=\"_blank\" rel=\"noopener\" data-processed=\"true\"><span dir=\"auto\" style=\"vertical-align: inherit;\"><span dir=\"auto\" style=\"vertical-align: inherit;\">XD1855251<\/span><\/span><\/a><\/span><span dir=\"auto\" style=\"vertical-align: inherit;\"><span dir=\"auto\" style=\"vertical-align: inherit;\"> \u00a0es un\u00a0<\/span><\/span><mark class=\"HxTRcb\" data-processed=\"true\"><span dir=\"auto\" style=\"vertical-align: inherit;\"><span dir=\"auto\" style=\"vertical-align: inherit;\">Estuche de bobina de repuesto de alta calidad dise\u00f1ado para varias m\u00e1quinas de bordar Brother y modelos Babylock seleccionados<\/span><\/span><\/mark><span dir=\"auto\" style=\"vertical-align: inherit;\"><span dir=\"auto\" style=\"vertical-align: inherit;\">Resuelve problemas comunes de tensi\u00f3n del hilo y costura, actuando como una pieza de repuesto crucial, duradera y resistente al calor para modelos como PE770, PE750D, NV700E y NV750E.<\/span><\/span><span class=\"uJ19be notranslate\" data-wiz-uids=\"uya1Ne_d,uya1Ne_e\" data-processed=\"true\"><span class=\"vKEkVd\" data-animation-atomic=\"\" data-wiz-attrbind=\"class=uya1Ne_c\/TKHnVd\" data-processed=\"true\"><span aria-hidden=\"true\" data-processed=\"true\">\u00a0<\/span><\/span><\/span><\/h5>\n<p><a href=\"https:\/\/api.whatsapp.com\/send?phone=16452480366\"><span dir=\"auto\" style=\"vertical-align: inherit;\"><span dir=\"auto\" style=\"vertical-align: inherit;\">WhatsApp.<\/span><\/span><\/a><\/p>\n<p><a href=\"https:\/\/orduz-usa.com\/en\/product\/janome-blue-needle-box-of-5-units-4-990311000\/\"><span dir=\"auto\" style=\"vertical-align: inherit;\"><span dir=\"auto\" style=\"vertical-align: inherit;\">Aguja azul JANOME CAJA DE 5 UNIDADES 4-990311000<\/span><\/span><\/a><\/p>","protected":false},"excerpt":{"rendered":"<figure id=\"attachment_28532\" aria-describedby=\"caption-attachment-28532\" style=\"width: 400px\" class=\"wp-caption alignnone\"><img decoding=\"async\" class=\"size-medium wp-image-28532\" src=\"https:\/\/orduz-usa.com\/wp-content\/uploads\/2025\/01\/Brother-PE700-BORDADORA-400x300.jpg\" alt=\"Brother PE700 embroidery machine\" width=\"400\" height=\"300\" \/><figcaption id=\"caption-attachment-28532\" class=\"wp-caption-text\"><span dir=\"auto\" style=\"vertical-align: inherit;\"><span dir=\"auto\" style=\"vertical-align: inherit;\">Brother PE700 embroidery machine<\/span><\/span><\/figcaption><\/figure>","protected":false},"featured_media":34059,"comment_status":"open","ping_status":"closed","template":"","meta":{"_acf_changed":false},"product_brand":[5150],"product_cat":[5478,5357],"product_tag":[5431,5453,5438,5426,5480,5483,5486,5451,5443,5440,5434,5487,5447,5482,5485,5452,5429,5422,5439,5423,5433,5415,5424,5484,5489,5436,5448,5450,5441,5419,5421,5418,5416,5420,5417,5427,5445,5428,5432,5437,5425,5430,5488,5446,5449,5442,5479,5490,5435,5444,5198,5481],"class_list":{"0":"post-33958","1":"product","2":"type-product","3":"status-publish","4":"has-post-thumbnail","6":"product_brand-borther","7":"product_cat-caja-bobina-de-maquina-se-coser","8":"product_cat-repuestos-de-maquinas-de-coser","9":"product_tag-accesorios-esenciales-para-maquinas-de-coser-profesionales","10":"product_tag-affordable-sewing-machine-motors-for-sale-usa","11":"product_tag-affordable-sewing-machines-under-300-usa","12":"product_tag-agujas-para-maquina-de-coser-tamanos-y-usos","13":"product_tag-although-your-text-is-rather-long-acomodar-este-texto-mejores-maquinas-de-coser-para-principiantes-en-estados-unidos","14":"product_tag-babylock-bobbin-case-replacement","15":"product_tag-babylock-embroidery-parts","16":"product_tag-best-online-store-for-sewing-machine-accessories","17":"product_tag-best-portable-sewing-machines-usa","18":"product_tag-best-sewing-machine-for-home-business-usa","19":"product_tag-best-sewing-machines-for-beginners-in-usa","20":"product_tag-bobbin-case-replacement-part","21":"product_tag-bobbins-presser-feet-and-sewing-machine-accessories","22":"product_tag-brother-bobbin-case-xd1855251","23":"product_tag-brother-embroidery-parts","24":"product_tag-common-sewing-machine-problems-and-replacement-parts","25":"product_tag-como-saber-que-repuesto-necesita-tu-maquina-de-coser","26":"product_tag-comparativa-maquina-de-coser-mecanica-vs-computarizada","27":"product_tag-computerized-vs-mechanical-sewing-machines","28":"product_tag-cuanto-cuesta-una-maquina-de-coser-industrial-en-usa","29":"product_tag-donde-comprar-bobinas-y-prensatelas-para-maquina-de-coser","30":"product_tag-donde-comprar-maquinas-de-coser-industriales-en-usa","31":"product_tag-donde-comprar-repuestos-para-maquinas-de-coser-en-estados-unidos","32":"product_tag-embroidery-machine-bobbin-case","33":"product_tag-embroidery-machine-spare-parts","34":"product_tag-heavy-duty-sewing-machines-for-sale-usa","35":"product_tag-how-to-find-the-right-motor-for-your-sewing-machine","36":"product_tag-industrial-sewing-machine-spare-parts-united-states","37":"product_tag-industrial-sewing-machines-for-leather","38":"product_tag-maquina-de-coser-industrial-para-cuero-y-materiales-pesados","39":"product_tag-maquina-de-coser-para-emprender-desde-casa-en-estados-unidos","40":"product_tag-maquinas-de-coser-baratas-en-usa","41":"product_tag-maquinas-de-coser-industriales-en-venta-al-mejor-precio-en-estados-unidos","42":"product_tag-maquinas-de-coser-profesionales-para-talleres-de-costura","43":"product_tag-mejores-maquinas-de-coser-para-negocio-de-costura","44":"product_tag-motores-para-maquinas-de-coser-industriales-en-venta-en-usa","45":"product_tag-original-sewing-machine-replacement-parts-fast-shipping","46":"product_tag-piezas-y-accesorios-para-maquinas-de-coser-con-envio-rapido","47":"product_tag-problemas-comunes-en-maquinas-de-coser-y-como-solucionarlos","48":"product_tag-professional-sewing-machines-for-tailors-and-businesses","49":"product_tag-repuestos-originales-para-maquinas-de-coser-industriales","50":"product_tag-repuestos-para-maquina-de-coser-industrial-al-mejor-precio","51":"product_tag-sewing-machine-bobbin-case","52":"product_tag-sewing-machine-needles-guide-sizes-and-uses","53":"product_tag-sewing-machine-repair-parts-usa","54":"product_tag-sewing-machines-with-warranty-in-usa","55":"product_tag-subheading-distribution-you-are-not-using-any-subheadings","56":"product_tag-thread-tension-bobbin-case","57":"product_tag-where-to-buy-industrial-sewing-machines-in-the-united-states","58":"product_tag-where-to-buy-sewing-machine-parts-online-in-usa","59":"product_tag-xd1855251-bobbin-box-brother-pe700-electronic-embroidery","60":"product_tag-xd1855251-bobbin-case","62":"first","63":"instock","64":"sale","65":"featured","66":"shipping-taxable","67":"purchasable","68":"product-type-simple"},"acf":[],"yoast_head":"<!-- This site is optimized with the Yoast SEO Premium plugin v25.7.1 (Yoast SEO v27.4) - https:\/\/yoast.com\/product\/yoast-seo-premium-wordpress\/ -->\n<title>Portabobina XD1855251 para Brother Embroidery Machines<\/title>\n<meta name=\"description\" content=\"XD1855251 bobbin case replacement for Brother and Babylock embroidery machines. Durable, heat-resistant part that fixes thread tension and stitching issues.\" \/>\n<meta name=\"robots\" content=\"index, follow, max-snippet:-1, max-image-preview:large, max-video-preview:-1\" \/>\n<link rel=\"canonical\" href=\"https:\/\/orduz-usa.com\/en\/product\/xd1855251-bobbin-box-brother-pe700-electronic-embroidery\/\" \/>\n<meta property=\"og:locale\" content=\"en_US\" \/>\n<meta property=\"og:type\" content=\"article\" \/>\n<meta property=\"og:title\" content=\"Bobbin Case XD1855251 Brother\" \/>\n<meta property=\"og:description\" content=\"XD1855251 bobbin case replacement for Brother and Babylock embroidery machines. Durable, heat-resistant part that fixes thread tension and stitching issues.\" \/>\n<meta property=\"og:url\" content=\"https:\/\/orduz-usa.com\/en\/product\/xd1855251-bobbin-box-brother-pe700-electronic-embroidery\/\" \/>\n<meta property=\"og:site_name\" content=\"Orduz USA\" \/>\n<meta property=\"article:modified_time\" content=\"2026-02-20T02:07:41+00:00\" \/>\n<meta property=\"og:image\" content=\"https:\/\/orduz-usa.com\/wp-content\/uploads\/2026\/02\/XD1855251-Bobbin-box-brother-pe700-electronic-embroidery-2.jpg\" \/>\n\t<meta property=\"og:image:width\" content=\"1600\" \/>\n\t<meta property=\"og:image:height\" content=\"1600\" \/>\n\t<meta property=\"og:image:type\" content=\"image\/jpeg\" \/>\n<meta name=\"twitter:card\" content=\"summary_large_image\" \/>\n<meta name=\"twitter:label1\" content=\"Est. reading time\" \/>\n\t<meta name=\"twitter:data1\" content=\"3 minutes\" \/>\n<script type=\"application\/ld+json\" class=\"yoast-schema-graph\">{\"@context\":\"https:\\\/\\\/schema.org\",\"@graph\":[{\"@type\":\"WebPage\",\"@id\":\"https:\\\/\\\/orduz-usa.com\\\/producto\\\/xd1855251-bobbin-box-brother-pe700-electronic-embroidery\\\/\",\"url\":\"https:\\\/\\\/orduz-usa.com\\\/producto\\\/xd1855251-bobbin-box-brother-pe700-electronic-embroidery\\\/\",\"name\":\"Portabobina XD1855251 para Brother Embroidery Machines\",\"isPartOf\":{\"@id\":\"https:\\\/\\\/orduz-usa.com\\\/#website\"},\"primaryImageOfPage\":{\"@id\":\"https:\\\/\\\/orduz-usa.com\\\/producto\\\/xd1855251-bobbin-box-brother-pe700-electronic-embroidery\\\/#primaryimage\"},\"image\":{\"@id\":\"https:\\\/\\\/orduz-usa.com\\\/producto\\\/xd1855251-bobbin-box-brother-pe700-electronic-embroidery\\\/#primaryimage\"},\"thumbnailUrl\":\"https:\\\/\\\/orduz-usa.com\\\/wp-content\\\/uploads\\\/2026\\\/02\\\/XD1855251-Bobbin-box-brother-pe700-electronic-embroidery-2.jpg\",\"datePublished\":\"2026-02-06T00:10:41+00:00\",\"dateModified\":\"2026-02-20T02:07:41+00:00\",\"description\":\"XD1855251 bobbin case replacement for Brother and Babylock embroidery machines. Durable, heat-resistant part that fixes thread tension and stitching issues.\",\"breadcrumb\":{\"@id\":\"https:\\\/\\\/orduz-usa.com\\\/producto\\\/xd1855251-bobbin-box-brother-pe700-electronic-embroidery\\\/#breadcrumb\"},\"inLanguage\":\"en-US\",\"potentialAction\":[{\"@type\":\"ReadAction\",\"target\":[\"https:\\\/\\\/orduz-usa.com\\\/producto\\\/xd1855251-bobbin-box-brother-pe700-electronic-embroidery\\\/\"]}]},{\"@type\":\"ImageObject\",\"inLanguage\":\"en-US\",\"@id\":\"https:\\\/\\\/orduz-usa.com\\\/producto\\\/xd1855251-bobbin-box-brother-pe700-electronic-embroidery\\\/#primaryimage\",\"url\":\"https:\\\/\\\/orduz-usa.com\\\/wp-content\\\/uploads\\\/2026\\\/02\\\/XD1855251-Bobbin-box-brother-pe700-electronic-embroidery-2.jpg\",\"contentUrl\":\"https:\\\/\\\/orduz-usa.com\\\/wp-content\\\/uploads\\\/2026\\\/02\\\/XD1855251-Bobbin-box-brother-pe700-electronic-embroidery-2.jpg\",\"width\":1600,\"height\":1600,\"caption\":\"XD1855251 bobbin case replacement for Brother and Babylock embroidery machines. Durable, heat-resistant part that improves thread tension and stitching quality.\"},{\"@type\":\"BreadcrumbList\",\"@id\":\"https:\\\/\\\/orduz-usa.com\\\/producto\\\/xd1855251-bobbin-box-brother-pe700-electronic-embroidery\\\/#breadcrumb\",\"itemListElement\":[{\"@type\":\"ListItem\",\"position\":1,\"name\":\"Portada\",\"item\":\"https:\\\/\\\/orduz-usa.com\\\/\"},{\"@type\":\"ListItem\",\"position\":2,\"name\":\"Tienda\",\"item\":\"https:\\\/\\\/orduz-usa.com\\\/shop-venta-maquinas-de-coser-singer-orduz-u-s-a-miami-florida\\\/\"},{\"@type\":\"ListItem\",\"position\":3,\"name\":\"Bobbin Case XD1855251 Brother\"}]},{\"@type\":\"WebSite\",\"@id\":\"https:\\\/\\\/orduz-usa.com\\\/#website\",\"url\":\"https:\\\/\\\/orduz-usa.com\\\/\",\"name\":\"orduzcolombia\",\"description\":\"Maquinas de Coser INDUSTRIALES Y FAMILIARES\",\"publisher\":{\"@id\":\"https:\\\/\\\/orduz-usa.com\\\/#organization\"},\"alternateName\":\"Maquinas de Coser Orduz\",\"potentialAction\":[{\"@type\":\"SearchAction\",\"target\":{\"@type\":\"EntryPoint\",\"urlTemplate\":\"https:\\\/\\\/orduz-usa.com\\\/?s={search_term_string}\"},\"query-input\":{\"@type\":\"PropertyValueSpecification\",\"valueRequired\":true,\"valueName\":\"search_term_string\"}}],\"inLanguage\":\"en-US\"},{\"@type\":\"Organization\",\"@id\":\"https:\\\/\\\/orduz-usa.com\\\/#organization\",\"name\":\"Orduz Colombia\",\"alternateName\":\"Maquinas de Coser Orduz\",\"url\":\"https:\\\/\\\/orduz-usa.com\\\/\",\"logo\":{\"@type\":\"ImageObject\",\"inLanguage\":\"en-US\",\"@id\":\"https:\\\/\\\/orduz-usa.com\\\/#\\\/schema\\\/logo\\\/image\\\/\",\"url\":\"https:\\\/\\\/i0.wp.com\\\/orduzcolombia.com\\\/wp-content\\\/uploads\\\/2024\\\/10\\\/logo-orduz-isotipo.jpg?fit=269%2C259&ssl=1\",\"contentUrl\":\"https:\\\/\\\/i0.wp.com\\\/orduzcolombia.com\\\/wp-content\\\/uploads\\\/2024\\\/10\\\/logo-orduz-isotipo.jpg?fit=269%2C259&ssl=1\",\"width\":269,\"height\":259,\"caption\":\"Orduz Colombia\"},\"image\":{\"@id\":\"https:\\\/\\\/orduz-usa.com\\\/#\\\/schema\\\/logo\\\/image\\\/\"}}]}<\/script>\n<!-- \/ Yoast SEO Premium plugin. -->","yoast_head_json":{"title":"Portabobina XD1855251 para Brother Embroidery Machines","description":"XD1855251 bobbin case replacement for Brother and Babylock embroidery machines. Durable, heat-resistant part that fixes thread tension and stitching issues.","robots":{"index":"index","follow":"follow","max-snippet":"max-snippet:-1","max-image-preview":"max-image-preview:large","max-video-preview":"max-video-preview:-1"},"canonical":"https:\/\/orduz-usa.com\/en\/product\/xd1855251-bobbin-box-brother-pe700-electronic-embroidery\/","og_locale":"en_US","og_type":"article","og_title":"Bobbin Case XD1855251 Brother","og_description":"XD1855251 bobbin case replacement for Brother and Babylock embroidery machines. Durable, heat-resistant part that fixes thread tension and stitching issues.","og_url":"https:\/\/orduz-usa.com\/en\/product\/xd1855251-bobbin-box-brother-pe700-electronic-embroidery\/","og_site_name":"Orduz USA","article_modified_time":"2026-02-20T02:07:41+00:00","og_image":[{"width":1600,"height":1600,"url":"https:\/\/orduz-usa.com\/wp-content\/uploads\/2026\/02\/XD1855251-Bobbin-box-brother-pe700-electronic-embroidery-2.jpg","type":"image\/jpeg"}],"twitter_card":"summary_large_image","twitter_misc":{"Est. reading time":"3 minutes"},"schema":{"@context":"https:\/\/schema.org","@graph":[{"@type":"WebPage","@id":"https:\/\/orduz-usa.com\/producto\/xd1855251-bobbin-box-brother-pe700-electronic-embroidery\/","url":"https:\/\/orduz-usa.com\/producto\/xd1855251-bobbin-box-brother-pe700-electronic-embroidery\/","name":"Portabobina XD1855251 para Brother Embroidery Machines","isPartOf":{"@id":"https:\/\/orduz-usa.com\/#website"},"primaryImageOfPage":{"@id":"https:\/\/orduz-usa.com\/producto\/xd1855251-bobbin-box-brother-pe700-electronic-embroidery\/#primaryimage"},"image":{"@id":"https:\/\/orduz-usa.com\/producto\/xd1855251-bobbin-box-brother-pe700-electronic-embroidery\/#primaryimage"},"thumbnailUrl":"https:\/\/orduz-usa.com\/wp-content\/uploads\/2026\/02\/XD1855251-Bobbin-box-brother-pe700-electronic-embroidery-2.jpg","datePublished":"2026-02-06T00:10:41+00:00","dateModified":"2026-02-20T02:07:41+00:00","description":"XD1855251 bobbin case replacement for Brother and Babylock embroidery machines. Durable, heat-resistant part that fixes thread tension and stitching issues.","breadcrumb":{"@id":"https:\/\/orduz-usa.com\/producto\/xd1855251-bobbin-box-brother-pe700-electronic-embroidery\/#breadcrumb"},"inLanguage":"en-US","potentialAction":[{"@type":"ReadAction","target":["https:\/\/orduz-usa.com\/producto\/xd1855251-bobbin-box-brother-pe700-electronic-embroidery\/"]}]},{"@type":"ImageObject","inLanguage":"en-US","@id":"https:\/\/orduz-usa.com\/producto\/xd1855251-bobbin-box-brother-pe700-electronic-embroidery\/#primaryimage","url":"https:\/\/orduz-usa.com\/wp-content\/uploads\/2026\/02\/XD1855251-Bobbin-box-brother-pe700-electronic-embroidery-2.jpg","contentUrl":"https:\/\/orduz-usa.com\/wp-content\/uploads\/2026\/02\/XD1855251-Bobbin-box-brother-pe700-electronic-embroidery-2.jpg","width":1600,"height":1600,"caption":"XD1855251 bobbin case replacement for Brother and Babylock embroidery machines. Durable, heat-resistant part that improves thread tension and stitching quality."},{"@type":"BreadcrumbList","@id":"https:\/\/orduz-usa.com\/producto\/xd1855251-bobbin-box-brother-pe700-electronic-embroidery\/#breadcrumb","itemListElement":[{"@type":"ListItem","position":1,"name":"Portada","item":"https:\/\/orduz-usa.com\/"},{"@type":"ListItem","position":2,"name":"Tienda","item":"https:\/\/orduz-usa.com\/shop-venta-maquinas-de-coser-singer-orduz-u-s-a-miami-florida\/"},{"@type":"ListItem","position":3,"name":"Bobbin Case XD1855251 Brother"}]},{"@type":"WebSite","@id":"https:\/\/orduz-usa.com\/#website","url":"https:\/\/orduz-usa.com\/","name":"orduzcolombia","description":"INDUSTRIAL AND FAMILY SEWING MACHINES","publisher":{"@id":"https:\/\/orduz-usa.com\/#organization"},"alternateName":"Maquinas de Coser Orduz","potentialAction":[{"@type":"SearchAction","target":{"@type":"EntryPoint","urlTemplate":"https:\/\/orduz-usa.com\/?s={search_term_string}"},"query-input":{"@type":"PropertyValueSpecification","valueRequired":true,"valueName":"search_term_string"}}],"inLanguage":"en-US"},{"@type":"Organization","@id":"https:\/\/orduz-usa.com\/#organization","name":"Orduz Colombia","alternateName":"Maquinas de Coser Orduz","url":"https:\/\/orduz-usa.com\/","logo":{"@type":"ImageObject","inLanguage":"en-US","@id":"https:\/\/orduz-usa.com\/#\/schema\/logo\/image\/","url":"https:\/\/i0.wp.com\/orduzcolombia.com\/wp-content\/uploads\/2024\/10\/logo-orduz-isotipo.jpg?fit=269%2C259&ssl=1","contentUrl":"https:\/\/i0.wp.com\/orduzcolombia.com\/wp-content\/uploads\/2024\/10\/logo-orduz-isotipo.jpg?fit=269%2C259&ssl=1","width":269,"height":259,"caption":"Orduz Colombia"},"image":{"@id":"https:\/\/orduz-usa.com\/#\/schema\/logo\/image\/"}}]}},"_links":{"self":[{"href":"https:\/\/orduz-usa.com\/en\/wp-json\/wp\/v2\/product\/33958","targetHints":{"allow":["GET"]}}],"collection":[{"href":"https:\/\/orduz-usa.com\/en\/wp-json\/wp\/v2\/product"}],"about":[{"href":"https:\/\/orduz-usa.com\/en\/wp-json\/wp\/v2\/types\/product"}],"replies":[{"embeddable":true,"href":"https:\/\/orduz-usa.com\/en\/wp-json\/wp\/v2\/comments?post=33958"}],"version-history":[{"count":3,"href":"https:\/\/orduz-usa.com\/en\/wp-json\/wp\/v2\/product\/33958\/revisions"}],"predecessor-version":[{"id":34254,"href":"https:\/\/orduz-usa.com\/en\/wp-json\/wp\/v2\/product\/33958\/revisions\/34254"}],"wp:featuredmedia":[{"embeddable":true,"href":"https:\/\/orduz-usa.com\/en\/wp-json\/wp\/v2\/media\/34059"}],"wp:attachment":[{"href":"https:\/\/orduz-usa.com\/en\/wp-json\/wp\/v2\/media?parent=33958"}],"wp:term":[{"taxonomy":"product_brand","embeddable":true,"href":"https:\/\/orduz-usa.com\/en\/wp-json\/wp\/v2\/product_brand?post=33958"},{"taxonomy":"product_cat","embeddable":true,"href":"https:\/\/orduz-usa.com\/en\/wp-json\/wp\/v2\/product_cat?post=33958"},{"taxonomy":"product_tag","embeddable":true,"href":"https:\/\/orduz-usa.com\/en\/wp-json\/wp\/v2\/product_tag?post=33958"}],"curies":[{"name":"wp","href":"https:\/\/api.w.org\/{rel}","templated":true}]}}