{"id":33971,"date":"2026-02-05T19:10:42","date_gmt":"2026-02-06T00:10:42","guid":{"rendered":"https:\/\/orduz-usa.com\/?post_type=product&#038;p=33971"},"modified":"2026-02-05T19:13:14","modified_gmt":"2026-02-06T00:13:14","slug":"placa-de-aguja-para-maquina-de-coser-singer-needle-plate-original-416462201-j83280","status":"publish","type":"product","link":"https:\/\/orduz-usa.com\/en\/producto\/placa-de-aguja-para-maquina-de-coser-singer-needle-plate-original-416462201-j83280\/","title":{"rendered":"Needle Plate for Singer Sewing Machine - Needle Plate Original #416462201 \/ J83280"},"content":{"rendered":"<p data-start=\"178\" data-end=\"571\">La <strong data-start=\"181\" data-end=\"263\">Placa de Aguja para M\u00e1quina de Coser Singer \u2013 Needle Plate Original #416462201<\/strong> es un repuesto esencial para mantener el correcto funcionamiento y la precisi\u00f3n de tu m\u00e1quina de coser Singer. Esta pieza cumple una funci\u00f3n clave al guiar la aguja y permitir un desplazamiento uniforme de la tela, ayudando a obtener puntadas m\u00e1s limpias, rectas y profesionales en cada proyecto de costura.<\/p>\n<p data-start=\"573\" data-end=\"952\">Fabricada con materiales resistentes y de alta calidad, esta placa de aguja ofrece una excelente durabilidad frente al uso continuo. Su dise\u00f1o original garantiza un <strong data-start=\"738\" data-end=\"757\">ajuste perfecto<\/strong>, evitando vibraciones, desalineaciones o da\u00f1os en la aguja y la tela. Es la soluci\u00f3n ideal para reemplazar placas desgastadas, dobladas o da\u00f1adas que puedan afectar el rendimiento de la m\u00e1quina.<\/p>\n<p data-start=\"954\" data-end=\"1302\">Este repuesto <strong data-start=\"968\" data-end=\"1015\">est\u00e1 garantizado para encajar correctamente<\/strong> en una amplia gama de modelos Singer, lo que brinda tranquilidad al momento de la compra. Al instalar una placa de aguja original Singer, prolongas la vida \u00fatil de tu m\u00e1quina y aseguras un desempe\u00f1o constante, tanto para trabajos dom\u00e9sticos como para proyectos de costura m\u00e1s exigentes.<\/p>\n<p data-start=\"1304\" data-end=\"1535\">La instalaci\u00f3n es sencilla y no requiere modificaciones adicionales. Una vez colocada, la m\u00e1quina recupera su estabilidad y precisi\u00f3n, mejorando la alimentaci\u00f3n de la tela y reduciendo la posibilidad de saltos de puntada o atascos.<\/p>\n<h3 data-start=\"1537\" data-end=\"1588\">Compatibilidad garantizada con m\u00e1quinas Singer:<\/h3>\n<ul data-start=\"1589\" data-end=\"1735\">\n<li data-start=\"1589\" data-end=\"1597\">\n<p data-start=\"1591\" data-end=\"1597\">5400<\/p>\n<\/li>\n<li data-start=\"1598\" data-end=\"1629\">\n<p data-start=\"1600\" data-end=\"1629\">5500 (versi\u00f3n m\u00e1s reciente)<\/p>\n<\/li>\n<li data-start=\"1630\" data-end=\"1651\">\n<p data-start=\"1632\" data-end=\"1651\">5560 Fashion Mate<\/p>\n<\/li>\n<li data-start=\"1652\" data-end=\"1660\">\n<p data-start=\"1654\" data-end=\"1660\">6160<\/p>\n<\/li>\n<li data-start=\"1661\" data-end=\"1669\">\n<p data-start=\"1663\" data-end=\"1669\">6180<\/p>\n<\/li>\n<li data-start=\"1670\" data-end=\"1689\">\n<p data-start=\"1672\" data-end=\"1689\">6199 Brilliance<\/p>\n<\/li>\n<li data-start=\"1690\" data-end=\"1698\">\n<p data-start=\"1692\" data-end=\"1698\">6660<\/p>\n<\/li>\n<li data-start=\"1699\" data-end=\"1708\">\n<p data-start=\"1701\" data-end=\"1708\">6600C<\/p>\n<\/li>\n<li data-start=\"1709\" data-end=\"1717\">\n<p data-start=\"1711\" data-end=\"1717\">6669<\/p>\n<\/li>\n<li data-start=\"1718\" data-end=\"1726\">\n<p data-start=\"1720\" data-end=\"1726\">6680<\/p>\n<\/li>\n<li data-start=\"1727\" data-end=\"1735\">\n<p data-start=\"1729\" data-end=\"1735\">6699<\/p>\n<\/li>\n<\/ul>\n<h3 data-start=\"1737\" data-end=\"1769\">Caracter\u00edsticas principales:<\/h3>\n<ul data-start=\"1770\" data-end=\"1958\">\n<li data-start=\"1770\" data-end=\"1798\">\n<p data-start=\"1772\" data-end=\"1798\">Producto original Singer<\/p>\n<\/li>\n<li data-start=\"1799\" data-end=\"1834\">\n<p data-start=\"1801\" data-end=\"1834\">N\u00famero de parte: <strong data-start=\"1818\" data-end=\"1832\">#416462201<\/strong><\/p>\n<\/li>\n<li data-start=\"1835\" data-end=\"1862\">\n<p data-start=\"1837\" data-end=\"1862\">Ajuste preciso y seguro<\/p>\n<\/li>\n<li data-start=\"1863\" data-end=\"1898\">\n<p data-start=\"1865\" data-end=\"1898\">Mejora la calidad de la puntada<\/p>\n<\/li>\n<li data-start=\"1899\" data-end=\"1936\">\n<p data-start=\"1901\" data-end=\"1936\">Fabricaci\u00f3n resistente y duradera<\/p>\n<\/li>\n<li data-start=\"1937\" data-end=\"1958\">\n<p data-start=\"1939\" data-end=\"1958\">F\u00e1cil instalaci\u00f3n<\/p>\n<\/li>\n<\/ul>\n<p data-start=\"1960\" data-end=\"2166\">La <strong data-start=\"1963\" data-end=\"1999\">Placa de Aguja Singer #416462201<\/strong> es la opci\u00f3n ideal para quienes buscan un repuesto confiable, compatible y de alto rendimiento que mantenga su m\u00e1quina de coser en \u00f3ptimas condiciones por m\u00e1s tiempo.<\/p>\n<p data-start=\"1114\" data-end=\"1244\"><a href=\"http:\/\/WHASAP\">Asesoria WhatsApp<\/a><\/p>\n<p data-start=\"1114\" data-end=\"1244\"><a href=\"https:\/\/orduz-usa.com\/en\/?cms_block=planchuela-de-agujas-de-maquina-de-coser\">PLANCHUELA DE AGUJAS DE MAQUINA DE COSER<\/a><\/p>","protected":false},"excerpt":{"rendered":"<p>La Placa de Aguja para M\u00e1quina de Coser Singer \u2013 Needle Plate Original #416462201 es un repuesto esencial para mantener el correcto funcionamiento y la precisi\u00f3n de tu m\u00e1quina de<\/p>","protected":false},"featured_media":34118,"comment_status":"open","ping_status":"closed","template":"","meta":{"_acf_changed":false},"product_brand":[417],"product_cat":[],"product_tag":[1411,5218,5219,5220,5221,5222,5223,5224,2428,2346,3925,5225,5226,5227],"class_list":{"0":"post-33971","1":"product","2":"type-product","3":"status-publish","4":"has-post-thumbnail","6":"product_brand-singer","7":"product_tag-accesorios-singer","8":"product_tag-needle-plate-original","9":"product_tag-needle-plate-singer","10":"product_tag-partes-maquina-de-coser","11":"product_tag-placa-de-aguja-maquina-de-coser","12":"product_tag-placa-de-aguja-original-singer","13":"product_tag-placa-de-aguja-repuesto","14":"product_tag-placa-de-aguja-singer","15":"product_tag-repuesto-singer","16":"product_tag-repuestos-costura","17":"product_tag-repuestos-maquina-de-coser-singer","18":"product_tag-singer-416462201","19":"product_tag-singer-brilliance","20":"product_tag-singer-fashion-mate","22":"first","23":"instock","24":"sale","25":"shipping-taxable","26":"purchasable","27":"product-type-simple"},"acf":[],"yoast_head":"<!-- This site is optimized with the Yoast SEO Premium plugin v25.7.1 (Yoast SEO v27.4) - https:\/\/yoast.com\/product\/yoast-seo-premium-wordpress\/ -->\n<title>Placa de Aguja para M\u00e1quina de Coser Singer \u2013 Needle Plate Original #416462201 \/ J83280 - Orduz USA<\/title>\n<meta name=\"description\" content=\"La Placa de Aguja para M\u00e1quina de Coser Singer \u2013 Needle Plate Original #416462201 es un repuesto esencial para mantener el correcto funcionamiento y la\" \/>\n<meta name=\"robots\" content=\"index, follow, max-snippet:-1, max-image-preview:large, max-video-preview:-1\" \/>\n<link rel=\"canonical\" href=\"https:\/\/orduz-usa.com\/en\/product\/placa-de-aguja-para-maquina-de-coser-singer-needle-plate-original-416462201-j83280\/\" \/>\n<meta property=\"og:locale\" content=\"en_US\" \/>\n<meta property=\"og:type\" content=\"article\" \/>\n<meta property=\"og:title\" content=\"Placa de Aguja para M\u00e1quina de Coser Singer \u2013 Needle Plate Original #416462201 \/ J83280\" \/>\n<meta property=\"og:description\" content=\"La Placa de Aguja para M\u00e1quina de Coser Singer \u2013 Needle Plate Original #416462201 es un repuesto esencial para mantener el correcto funcionamiento y la\" \/>\n<meta property=\"og:url\" content=\"https:\/\/orduz-usa.com\/en\/product\/placa-de-aguja-para-maquina-de-coser-singer-needle-plate-original-416462201-j83280\/\" \/>\n<meta property=\"og:site_name\" content=\"Orduz USA\" \/>\n<meta property=\"article:modified_time\" content=\"2026-02-06T00:13:14+00:00\" \/>\n<meta property=\"og:image\" content=\"https:\/\/orduz-usa.com\/wp-content\/uploads\/2026\/02\/Placa-de-Aguja-para-Maquina-de-Coser-Singer-\u2013-Needle-Plate-Original-416462201.jpg\" \/>\n\t<meta property=\"og:image:width\" content=\"500\" \/>\n\t<meta property=\"og:image:height\" content=\"500\" \/>\n\t<meta property=\"og:image:type\" content=\"image\/jpeg\" \/>\n<meta name=\"twitter:card\" content=\"summary_large_image\" \/>\n<meta name=\"twitter:label1\" content=\"Est. reading time\" \/>\n\t<meta name=\"twitter:data1\" content=\"2 minutes\" \/>\n<script type=\"application\/ld+json\" class=\"yoast-schema-graph\">{\"@context\":\"https:\\\/\\\/schema.org\",\"@graph\":[{\"@type\":\"WebPage\",\"@id\":\"https:\\\/\\\/orduz-usa.com\\\/producto\\\/placa-de-aguja-para-maquina-de-coser-singer-needle-plate-original-416462201-j83280\\\/\",\"url\":\"https:\\\/\\\/orduz-usa.com\\\/producto\\\/placa-de-aguja-para-maquina-de-coser-singer-needle-plate-original-416462201-j83280\\\/\",\"name\":\"Placa de Aguja para M\u00e1quina de Coser Singer \u2013 Needle Plate Original #416462201 \\\/ J83280 - Orduz USA\",\"isPartOf\":{\"@id\":\"https:\\\/\\\/orduz-usa.com\\\/#website\"},\"primaryImageOfPage\":{\"@id\":\"https:\\\/\\\/orduz-usa.com\\\/producto\\\/placa-de-aguja-para-maquina-de-coser-singer-needle-plate-original-416462201-j83280\\\/#primaryimage\"},\"image\":{\"@id\":\"https:\\\/\\\/orduz-usa.com\\\/producto\\\/placa-de-aguja-para-maquina-de-coser-singer-needle-plate-original-416462201-j83280\\\/#primaryimage\"},\"thumbnailUrl\":\"https:\\\/\\\/orduz-usa.com\\\/wp-content\\\/uploads\\\/2026\\\/02\\\/Placa-de-Aguja-para-Maquina-de-Coser-Singer-\u2013-Needle-Plate-Original-416462201.jpg\",\"datePublished\":\"2026-02-06T00:10:42+00:00\",\"dateModified\":\"2026-02-06T00:13:14+00:00\",\"description\":\"La Placa de Aguja para M\u00e1quina de Coser Singer \u2013 Needle Plate Original #416462201 es un repuesto esencial para mantener el correcto funcionamiento y la\",\"breadcrumb\":{\"@id\":\"https:\\\/\\\/orduz-usa.com\\\/producto\\\/placa-de-aguja-para-maquina-de-coser-singer-needle-plate-original-416462201-j83280\\\/#breadcrumb\"},\"inLanguage\":\"en-US\",\"potentialAction\":[{\"@type\":\"ReadAction\",\"target\":[\"https:\\\/\\\/orduz-usa.com\\\/producto\\\/placa-de-aguja-para-maquina-de-coser-singer-needle-plate-original-416462201-j83280\\\/\"]}]},{\"@type\":\"ImageObject\",\"inLanguage\":\"en-US\",\"@id\":\"https:\\\/\\\/orduz-usa.com\\\/producto\\\/placa-de-aguja-para-maquina-de-coser-singer-needle-plate-original-416462201-j83280\\\/#primaryimage\",\"url\":\"https:\\\/\\\/orduz-usa.com\\\/wp-content\\\/uploads\\\/2026\\\/02\\\/Placa-de-Aguja-para-Maquina-de-Coser-Singer-\u2013-Needle-Plate-Original-416462201.jpg\",\"contentUrl\":\"https:\\\/\\\/orduz-usa.com\\\/wp-content\\\/uploads\\\/2026\\\/02\\\/Placa-de-Aguja-para-Maquina-de-Coser-Singer-\u2013-Needle-Plate-Original-416462201.jpg\",\"width\":500,\"height\":500},{\"@type\":\"BreadcrumbList\",\"@id\":\"https:\\\/\\\/orduz-usa.com\\\/producto\\\/placa-de-aguja-para-maquina-de-coser-singer-needle-plate-original-416462201-j83280\\\/#breadcrumb\",\"itemListElement\":[{\"@type\":\"ListItem\",\"position\":1,\"name\":\"Portada\",\"item\":\"https:\\\/\\\/orduz-usa.com\\\/\"},{\"@type\":\"ListItem\",\"position\":2,\"name\":\"Tienda\",\"item\":\"https:\\\/\\\/orduz-usa.com\\\/shop-venta-maquinas-de-coser-singer-orduz-u-s-a-miami-florida\\\/\"},{\"@type\":\"ListItem\",\"position\":3,\"name\":\"Placa de Aguja para M\u00e1quina de Coser Singer \u2013 Needle Plate Original #416462201 \\\/ J83280\"}]},{\"@type\":\"WebSite\",\"@id\":\"https:\\\/\\\/orduz-usa.com\\\/#website\",\"url\":\"https:\\\/\\\/orduz-usa.com\\\/\",\"name\":\"orduzcolombia\",\"description\":\"Maquinas de Coser INDUSTRIALES Y FAMILIARES\",\"publisher\":{\"@id\":\"https:\\\/\\\/orduz-usa.com\\\/#organization\"},\"alternateName\":\"Maquinas de Coser Orduz\",\"potentialAction\":[{\"@type\":\"SearchAction\",\"target\":{\"@type\":\"EntryPoint\",\"urlTemplate\":\"https:\\\/\\\/orduz-usa.com\\\/?s={search_term_string}\"},\"query-input\":{\"@type\":\"PropertyValueSpecification\",\"valueRequired\":true,\"valueName\":\"search_term_string\"}}],\"inLanguage\":\"en-US\"},{\"@type\":\"Organization\",\"@id\":\"https:\\\/\\\/orduz-usa.com\\\/#organization\",\"name\":\"Orduz Colombia\",\"alternateName\":\"Maquinas de Coser Orduz\",\"url\":\"https:\\\/\\\/orduz-usa.com\\\/\",\"logo\":{\"@type\":\"ImageObject\",\"inLanguage\":\"en-US\",\"@id\":\"https:\\\/\\\/orduz-usa.com\\\/#\\\/schema\\\/logo\\\/image\\\/\",\"url\":\"https:\\\/\\\/i0.wp.com\\\/orduzcolombia.com\\\/wp-content\\\/uploads\\\/2024\\\/10\\\/logo-orduz-isotipo.jpg?fit=269%2C259&ssl=1\",\"contentUrl\":\"https:\\\/\\\/i0.wp.com\\\/orduzcolombia.com\\\/wp-content\\\/uploads\\\/2024\\\/10\\\/logo-orduz-isotipo.jpg?fit=269%2C259&ssl=1\",\"width\":269,\"height\":259,\"caption\":\"Orduz Colombia\"},\"image\":{\"@id\":\"https:\\\/\\\/orduz-usa.com\\\/#\\\/schema\\\/logo\\\/image\\\/\"}}]}<\/script>\n<!-- \/ Yoast SEO Premium plugin. -->","yoast_head_json":{"title":"Placa de Aguja para M\u00e1quina de Coser Singer \u2013 Needle Plate Original #416462201 \/ J83280 - Orduz USA","description":"La Placa de Aguja para M\u00e1quina de Coser Singer \u2013 Needle Plate Original #416462201 es un repuesto esencial para mantener el correcto funcionamiento y la","robots":{"index":"index","follow":"follow","max-snippet":"max-snippet:-1","max-image-preview":"max-image-preview:large","max-video-preview":"max-video-preview:-1"},"canonical":"https:\/\/orduz-usa.com\/en\/product\/placa-de-aguja-para-maquina-de-coser-singer-needle-plate-original-416462201-j83280\/","og_locale":"en_US","og_type":"article","og_title":"Placa de Aguja para M\u00e1quina de Coser Singer \u2013 Needle Plate Original #416462201 \/ J83280","og_description":"La Placa de Aguja para M\u00e1quina de Coser Singer \u2013 Needle Plate Original #416462201 es un repuesto esencial para mantener el correcto funcionamiento y la","og_url":"https:\/\/orduz-usa.com\/en\/product\/placa-de-aguja-para-maquina-de-coser-singer-needle-plate-original-416462201-j83280\/","og_site_name":"Orduz USA","article_modified_time":"2026-02-06T00:13:14+00:00","og_image":[{"width":500,"height":500,"url":"https:\/\/orduz-usa.com\/wp-content\/uploads\/2026\/02\/Placa-de-Aguja-para-Maquina-de-Coser-Singer-\u2013-Needle-Plate-Original-416462201.jpg","type":"image\/jpeg"}],"twitter_card":"summary_large_image","twitter_misc":{"Est. reading time":"2 minutes"},"schema":{"@context":"https:\/\/schema.org","@graph":[{"@type":"WebPage","@id":"https:\/\/orduz-usa.com\/producto\/placa-de-aguja-para-maquina-de-coser-singer-needle-plate-original-416462201-j83280\/","url":"https:\/\/orduz-usa.com\/producto\/placa-de-aguja-para-maquina-de-coser-singer-needle-plate-original-416462201-j83280\/","name":"Placa de Aguja para M\u00e1quina de Coser Singer \u2013 Needle Plate Original #416462201 \/ J83280 - Orduz USA","isPartOf":{"@id":"https:\/\/orduz-usa.com\/#website"},"primaryImageOfPage":{"@id":"https:\/\/orduz-usa.com\/producto\/placa-de-aguja-para-maquina-de-coser-singer-needle-plate-original-416462201-j83280\/#primaryimage"},"image":{"@id":"https:\/\/orduz-usa.com\/producto\/placa-de-aguja-para-maquina-de-coser-singer-needle-plate-original-416462201-j83280\/#primaryimage"},"thumbnailUrl":"https:\/\/orduz-usa.com\/wp-content\/uploads\/2026\/02\/Placa-de-Aguja-para-Maquina-de-Coser-Singer-\u2013-Needle-Plate-Original-416462201.jpg","datePublished":"2026-02-06T00:10:42+00:00","dateModified":"2026-02-06T00:13:14+00:00","description":"La Placa de Aguja para M\u00e1quina de Coser Singer \u2013 Needle Plate Original #416462201 es un repuesto esencial para mantener el correcto funcionamiento y la","breadcrumb":{"@id":"https:\/\/orduz-usa.com\/producto\/placa-de-aguja-para-maquina-de-coser-singer-needle-plate-original-416462201-j83280\/#breadcrumb"},"inLanguage":"en-US","potentialAction":[{"@type":"ReadAction","target":["https:\/\/orduz-usa.com\/producto\/placa-de-aguja-para-maquina-de-coser-singer-needle-plate-original-416462201-j83280\/"]}]},{"@type":"ImageObject","inLanguage":"en-US","@id":"https:\/\/orduz-usa.com\/producto\/placa-de-aguja-para-maquina-de-coser-singer-needle-plate-original-416462201-j83280\/#primaryimage","url":"https:\/\/orduz-usa.com\/wp-content\/uploads\/2026\/02\/Placa-de-Aguja-para-Maquina-de-Coser-Singer-\u2013-Needle-Plate-Original-416462201.jpg","contentUrl":"https:\/\/orduz-usa.com\/wp-content\/uploads\/2026\/02\/Placa-de-Aguja-para-Maquina-de-Coser-Singer-\u2013-Needle-Plate-Original-416462201.jpg","width":500,"height":500},{"@type":"BreadcrumbList","@id":"https:\/\/orduz-usa.com\/producto\/placa-de-aguja-para-maquina-de-coser-singer-needle-plate-original-416462201-j83280\/#breadcrumb","itemListElement":[{"@type":"ListItem","position":1,"name":"Portada","item":"https:\/\/orduz-usa.com\/"},{"@type":"ListItem","position":2,"name":"Tienda","item":"https:\/\/orduz-usa.com\/shop-venta-maquinas-de-coser-singer-orduz-u-s-a-miami-florida\/"},{"@type":"ListItem","position":3,"name":"Placa de Aguja para M\u00e1quina de Coser Singer \u2013 Needle Plate Original #416462201 \/ J83280"}]},{"@type":"WebSite","@id":"https:\/\/orduz-usa.com\/#website","url":"https:\/\/orduz-usa.com\/","name":"orduzcolombia","description":"INDUSTRIAL AND FAMILY SEWING MACHINES","publisher":{"@id":"https:\/\/orduz-usa.com\/#organization"},"alternateName":"Maquinas de Coser Orduz","potentialAction":[{"@type":"SearchAction","target":{"@type":"EntryPoint","urlTemplate":"https:\/\/orduz-usa.com\/?s={search_term_string}"},"query-input":{"@type":"PropertyValueSpecification","valueRequired":true,"valueName":"search_term_string"}}],"inLanguage":"en-US"},{"@type":"Organization","@id":"https:\/\/orduz-usa.com\/#organization","name":"Orduz Colombia","alternateName":"Maquinas de Coser Orduz","url":"https:\/\/orduz-usa.com\/","logo":{"@type":"ImageObject","inLanguage":"en-US","@id":"https:\/\/orduz-usa.com\/#\/schema\/logo\/image\/","url":"https:\/\/i0.wp.com\/orduzcolombia.com\/wp-content\/uploads\/2024\/10\/logo-orduz-isotipo.jpg?fit=269%2C259&ssl=1","contentUrl":"https:\/\/i0.wp.com\/orduzcolombia.com\/wp-content\/uploads\/2024\/10\/logo-orduz-isotipo.jpg?fit=269%2C259&ssl=1","width":269,"height":259,"caption":"Orduz Colombia"},"image":{"@id":"https:\/\/orduz-usa.com\/#\/schema\/logo\/image\/"}}]}},"_links":{"self":[{"href":"https:\/\/orduz-usa.com\/en\/wp-json\/wp\/v2\/product\/33971","targetHints":{"allow":["GET"]}}],"collection":[{"href":"https:\/\/orduz-usa.com\/en\/wp-json\/wp\/v2\/product"}],"about":[{"href":"https:\/\/orduz-usa.com\/en\/wp-json\/wp\/v2\/types\/product"}],"replies":[{"embeddable":true,"href":"https:\/\/orduz-usa.com\/en\/wp-json\/wp\/v2\/comments?post=33971"}],"version-history":[{"count":1,"href":"https:\/\/orduz-usa.com\/en\/wp-json\/wp\/v2\/product\/33971\/revisions"}],"predecessor-version":[{"id":34119,"href":"https:\/\/orduz-usa.com\/en\/wp-json\/wp\/v2\/product\/33971\/revisions\/34119"}],"wp:featuredmedia":[{"embeddable":true,"href":"https:\/\/orduz-usa.com\/en\/wp-json\/wp\/v2\/media\/34118"}],"wp:attachment":[{"href":"https:\/\/orduz-usa.com\/en\/wp-json\/wp\/v2\/media?parent=33971"}],"wp:term":[{"taxonomy":"product_brand","embeddable":true,"href":"https:\/\/orduz-usa.com\/en\/wp-json\/wp\/v2\/product_brand?post=33971"},{"taxonomy":"product_cat","embeddable":true,"href":"https:\/\/orduz-usa.com\/en\/wp-json\/wp\/v2\/product_cat?post=33971"},{"taxonomy":"product_tag","embeddable":true,"href":"https:\/\/orduz-usa.com\/en\/wp-json\/wp\/v2\/product_tag?post=33971"}],"curies":[{"name":"wp","href":"https:\/\/api.w.org\/{rel}","templated":true}]}}