{"id":34043,"date":"2026-02-05T19:11:54","date_gmt":"2026-02-06T00:11:54","guid":{"rendered":"https:\/\/orduz-usa.com\/?post_type=product&#038;p=34043"},"modified":"2026-02-13T12:11:33","modified_gmt":"2026-02-13T17:11:33","slug":"pinza-para-hilo-orduz-twe6-de-precision-y-alta-durabilidad","status":"publish","type":"product","link":"https:\/\/orduz-usa.com\/en\/producto\/pinza-para-hilo-orduz-twe6-de-precision-y-alta-durabilidad\/","title":{"rendered":"ORDUZ TWE6 Precision and High Durability Yarn Clamp"},"content":{"rendered":"<div class=\"flex flex-col text-sm pb-25\">\n<article class=\"text-token-text-primary w-full focus:outline-none [--shadow-height:45px] has-data-writing-block:pointer-events-none has-data-writing-block:-mt-(--shadow-height) has-data-writing-block:pt-(--shadow-height) [&amp;:has([data-writing-block])&gt;*]:pointer-events-auto scroll-mt-[calc(var(--header-height)+min(200px,max(70px,20svh)))]\" dir=\"auto\" tabindex=\"-1\" data-turn-id=\"request-WEB:7f17dd69-e2ec-4799-808b-2a639760cd01-40\" data-testid=\"conversation-turn-82\" data-scroll-anchor=\"true\" data-turn=\"assistant\">\n<div class=\"text-base my-auto mx-auto pb-10 [--thread-content-margin:--spacing(4)] @w-sm\/main:[--thread-content-margin:--spacing(6)] @w-lg\/main:[--thread-content-margin:--spacing(16)] px-(--thread-content-margin)\">\n<div class=\"[--thread-content-max-width:40rem] @w-lg\/main:[--thread-content-max-width:48rem] mx-auto max-w-(--thread-content-max-width) flex-1 group\/turn-messages focus-visible:outline-hidden relative flex w-full min-w-0 flex-col agent-turn\" tabindex=\"-1\">\n<div class=\"flex max-w-full flex-col grow\">\n<div class=\"min-h-8 text-message relative flex w-full flex-col items-end gap-2 text-start break-words whitespace-normal [.text-message+&amp;]:mt-1\" dir=\"auto\" data-message-author-role=\"assistant\" data-message-id=\"b0a769d7-3771-483b-b84f-2dd8a97ac4b4\" data-message-model-slug=\"gpt-5-2\">\n<div class=\"flex w-full flex-col gap-1 empty:hidden first:pt-[1px]\">\n<div class=\"markdown prose dark:prose-invert w-full wrap-break-word light markdown-new-styling\">\n<p data-start=\"30\" data-end=\"344\">La <strong data-start=\"33\" data-end=\"63\">pinza para hilo ORDUZ TWE6<\/strong> es una herramienta dise\u00f1ada para ofrecer <strong data-start=\"105\" data-end=\"141\">precisi\u00f3n, control y durabilidad<\/strong> en trabajos de costura, bordado y confecci\u00f3n textil. Su funci\u00f3n principal es sujetar, guiar o manipular hilos con exactitud, lo que facilita tareas delicadas donde el control manual resulta fundamental.<\/p>\n<p data-start=\"346\" data-end=\"729\">Fabricada con <strong data-start=\"360\" data-end=\"400\">materiales met\u00e1licos de alta calidad<\/strong>, la pinza ORDUZ TWE6 resiste el uso continuo sin perder firmeza ni alineaci\u00f3n. Su estructura robusta garantiza una larga vida \u00fatil, incluso en entornos de trabajo exigentes como talleres de costura, f\u00e1bricas textiles o estudios de bordado profesional. El acabado cuidadoso mejora el agarre y evita deslizamientos durante su uso.<\/p>\n<p data-start=\"731\" data-end=\"1035\">El dise\u00f1o de <strong data-start=\"744\" data-end=\"761\">punta precisa<\/strong> permite trabajar con hilos finos y gruesos, as\u00ed como realizar ajustes detallados en zonas peque\u00f1as o de dif\u00edcil acceso. Esta caracter\u00edstica la convierte en una herramienta ideal para costureros, bordadores, t\u00e9cnicos y usuarios que buscan resultados limpios y profesionales.<\/p>\n<p data-start=\"1037\" data-end=\"1323\">La pinza ORDUZ TWE6 ofrece un manejo c\u00f3modo y seguro. Su tama\u00f1o y forma facilitan un control estable, reduciendo la fatiga durante trabajos prolongados. Adem\u00e1s, su versatilidad permite utilizarla en distintas aplicaciones relacionadas con la manipulaci\u00f3n de hilos y materiales textiles.<\/p>\n<p data-start=\"1325\" data-end=\"1691\">Esta herramienta es una excelente opci\u00f3n tanto para uso profesional como dom\u00e9stico. Ayuda a mejorar la precisi\u00f3n del trabajo, optimiza el tiempo de ejecuci\u00f3n y contribuye a obtener acabados de mayor calidad. La <strong data-start=\"1536\" data-end=\"1566\">pinza para hilo ORDUZ TWE6<\/strong> es un accesorio confiable para quienes valoran la exactitud, la resistencia y el buen desempe\u00f1o en cada proyecto de costura.<\/p>\n<p data-start=\"1693\" data-end=\"1853\" data-is-last-node=\"\" data-is-only-node=\"\">Si deseas, puedo adaptarla para <strong data-start=\"1725\" data-end=\"1744\">Google Shopping<\/strong>, crear una <strong data-start=\"1756\" data-end=\"1776\">meta descripci\u00f3n<\/strong>, <strong data-start=\"1778\" data-end=\"1795\">etiquetas SEO<\/strong>, <strong data-start=\"1797\" data-end=\"1818\">texto alternativo<\/strong> o una <strong data-start=\"1825\" data-end=\"1852\">versi\u00f3n corta comercial<\/strong><\/p>\n<p data-start=\"1693\" data-end=\"1853\" data-is-last-node=\"\" data-is-only-node=\"\">.<a href=\"https:\/\/api.whatsapp.com\/send?phone=16452480366\">Asesoria WhatsApp<\/a><\/p>\n<p data-start=\"1693\" data-end=\"1853\" data-is-last-node=\"\" data-is-only-node=\"\"><a href=\"https:\/\/orduz-usa.com\/en\/product\/placa-de-aguja-para-maquina-de-coser-singer-needle-plate-original-416462201-j83280\/\">XA4590001 10\u00d710 Brother PE700 embroidery frame screw tornillomaquina de coser brother<\/a><\/p>\n<\/div>\n<\/div>\n<\/div>\n<\/div>\n<div class=\"mt-3 w-full empty:hidden\">\n<div class=\"text-center\"><\/div>\n<\/div>\n<\/div>\n<\/div>\n<\/article>\n<\/div>\n<div class=\"pointer-events-none h-px w-px absolute bottom-0\" aria-hidden=\"true\" data-edge=\"true\"><\/div>","protected":false},"excerpt":{"rendered":"<p>La pinza para hilo ORDUZ TWE6 es una herramienta dise\u00f1ada para ofrecer precisi\u00f3n, control y durabilidad en trabajos de costura, bordado y confecci\u00f3n textil. Su funci\u00f3n principal es sujetar, guiar<\/p>","protected":false},"featured_media":34144,"comment_status":"open","ping_status":"closed","template":"","meta":{"_acf_changed":false},"product_brand":[],"product_cat":[],"product_tag":[2235,1237,5301,5302,4071,5303,5304,5305,5306,5307,5308,5309,5310,5311,5312,5313,5314,5315],"class_list":{"0":"post-34043","1":"product","2":"type-product","3":"status-publish","4":"has-post-thumbnail","6":"product_tag-accesorios-costura","7":"product_tag-costura-profesional","8":"product_tag-durable-sewing-tool","9":"product_tag-embroidery-tool","10":"product_tag-herramienta-costura","11":"product_tag-herramientas-bordado","12":"product_tag-metal-thread-clamp","13":"product_tag-orduz-twe6","14":"product_tag-pinza-de-precision","15":"product_tag-pinza-metalica","16":"product_tag-pinza-para-hilo","17":"product_tag-precision-thread-clamp","18":"product_tag-professional-sewing-accessories","19":"product_tag-sewing-tool","20":"product_tag-sewing-tools","21":"product_tag-textile-tools","22":"product_tag-thread-clamp","23":"product_tag-thread-handling-tool","25":"first","26":"instock","27":"sale","28":"shipping-taxable","29":"purchasable","30":"product-type-simple"},"acf":[],"yoast_head":"<!-- This site is optimized with the Yoast SEO Premium plugin v25.7.1 (Yoast SEO v27.4) - https:\/\/yoast.com\/product\/yoast-seo-premium-wordpress\/ -->\n<title>Pinza para Hilo ORDUZ TWE6 de Precisi\u00f3n y Alta Durabilidad - Orduz USA<\/title>\n<meta name=\"description\" content=\"La pinza para hilo ORDUZ TWE6 es una herramienta dise\u00f1ada para ofrecer precisi\u00f3n, control y durabilidad en trabajos de costura, bordado y confecci\u00f3n\" \/>\n<meta name=\"robots\" content=\"index, follow, max-snippet:-1, max-image-preview:large, max-video-preview:-1\" \/>\n<link rel=\"canonical\" href=\"https:\/\/orduz-usa.com\/en\/product\/pinza-para-hilo-orduz-twe6-de-precision-y-alta-durabilidad\/\" \/>\n<meta property=\"og:locale\" content=\"en_US\" \/>\n<meta property=\"og:type\" content=\"article\" \/>\n<meta property=\"og:title\" content=\"Pinza para Hilo ORDUZ TWE6 de Precisi\u00f3n y Alta Durabilidad\" \/>\n<meta property=\"og:description\" content=\"La pinza para hilo ORDUZ TWE6 es una herramienta dise\u00f1ada para ofrecer precisi\u00f3n, control y durabilidad en trabajos de costura, bordado y confecci\u00f3n\" \/>\n<meta property=\"og:url\" content=\"https:\/\/orduz-usa.com\/en\/product\/pinza-para-hilo-orduz-twe6-de-precision-y-alta-durabilidad\/\" \/>\n<meta property=\"og:site_name\" content=\"Orduz USA\" \/>\n<meta property=\"article:modified_time\" content=\"2026-02-13T17:11:33+00:00\" \/>\n<meta property=\"og:image\" content=\"https:\/\/orduz-usa.com\/wp-content\/uploads\/2026\/02\/Pinza-para-Hilo-ORDUZ-TWE6-Precision-y-Durabilidad1.webp\" \/>\n\t<meta property=\"og:image:width\" content=\"500\" \/>\n\t<meta property=\"og:image:height\" content=\"500\" \/>\n\t<meta property=\"og:image:type\" content=\"image\/webp\" \/>\n<meta name=\"twitter:card\" content=\"summary_large_image\" \/>\n<meta name=\"twitter:label1\" content=\"Est. reading time\" \/>\n\t<meta name=\"twitter:data1\" content=\"2 minutes\" \/>\n<script type=\"application\/ld+json\" class=\"yoast-schema-graph\">{\"@context\":\"https:\\\/\\\/schema.org\",\"@graph\":[{\"@type\":\"WebPage\",\"@id\":\"https:\\\/\\\/orduz-usa.com\\\/producto\\\/pinza-para-hilo-orduz-twe6-de-precision-y-alta-durabilidad\\\/\",\"url\":\"https:\\\/\\\/orduz-usa.com\\\/producto\\\/pinza-para-hilo-orduz-twe6-de-precision-y-alta-durabilidad\\\/\",\"name\":\"Pinza para Hilo ORDUZ TWE6 de Precisi\u00f3n y Alta Durabilidad - Orduz USA\",\"isPartOf\":{\"@id\":\"https:\\\/\\\/orduz-usa.com\\\/#website\"},\"primaryImageOfPage\":{\"@id\":\"https:\\\/\\\/orduz-usa.com\\\/producto\\\/pinza-para-hilo-orduz-twe6-de-precision-y-alta-durabilidad\\\/#primaryimage\"},\"image\":{\"@id\":\"https:\\\/\\\/orduz-usa.com\\\/producto\\\/pinza-para-hilo-orduz-twe6-de-precision-y-alta-durabilidad\\\/#primaryimage\"},\"thumbnailUrl\":\"https:\\\/\\\/orduz-usa.com\\\/wp-content\\\/uploads\\\/2026\\\/02\\\/Pinza-para-Hilo-ORDUZ-TWE6-Precision-y-Durabilidad1.webp\",\"datePublished\":\"2026-02-06T00:11:54+00:00\",\"dateModified\":\"2026-02-13T17:11:33+00:00\",\"description\":\"La pinza para hilo ORDUZ TWE6 es una herramienta dise\u00f1ada para ofrecer precisi\u00f3n, control y durabilidad en trabajos de costura, bordado y confecci\u00f3n\",\"breadcrumb\":{\"@id\":\"https:\\\/\\\/orduz-usa.com\\\/producto\\\/pinza-para-hilo-orduz-twe6-de-precision-y-alta-durabilidad\\\/#breadcrumb\"},\"inLanguage\":\"en-US\",\"potentialAction\":[{\"@type\":\"ReadAction\",\"target\":[\"https:\\\/\\\/orduz-usa.com\\\/producto\\\/pinza-para-hilo-orduz-twe6-de-precision-y-alta-durabilidad\\\/\"]}]},{\"@type\":\"ImageObject\",\"inLanguage\":\"en-US\",\"@id\":\"https:\\\/\\\/orduz-usa.com\\\/producto\\\/pinza-para-hilo-orduz-twe6-de-precision-y-alta-durabilidad\\\/#primaryimage\",\"url\":\"https:\\\/\\\/orduz-usa.com\\\/wp-content\\\/uploads\\\/2026\\\/02\\\/Pinza-para-Hilo-ORDUZ-TWE6-Precision-y-Durabilidad1.webp\",\"contentUrl\":\"https:\\\/\\\/orduz-usa.com\\\/wp-content\\\/uploads\\\/2026\\\/02\\\/Pinza-para-Hilo-ORDUZ-TWE6-Precision-y-Durabilidad1.webp\",\"width\":500,\"height\":500},{\"@type\":\"BreadcrumbList\",\"@id\":\"https:\\\/\\\/orduz-usa.com\\\/producto\\\/pinza-para-hilo-orduz-twe6-de-precision-y-alta-durabilidad\\\/#breadcrumb\",\"itemListElement\":[{\"@type\":\"ListItem\",\"position\":1,\"name\":\"Portada\",\"item\":\"https:\\\/\\\/orduz-usa.com\\\/\"},{\"@type\":\"ListItem\",\"position\":2,\"name\":\"Tienda\",\"item\":\"https:\\\/\\\/orduz-usa.com\\\/shop-venta-maquinas-de-coser-singer-orduz-u-s-a-miami-florida\\\/\"},{\"@type\":\"ListItem\",\"position\":3,\"name\":\"Pinza para Hilo ORDUZ TWE6 de Precisi\u00f3n y Alta Durabilidad\"}]},{\"@type\":\"WebSite\",\"@id\":\"https:\\\/\\\/orduz-usa.com\\\/#website\",\"url\":\"https:\\\/\\\/orduz-usa.com\\\/\",\"name\":\"orduzcolombia\",\"description\":\"Maquinas de Coser INDUSTRIALES Y FAMILIARES\",\"publisher\":{\"@id\":\"https:\\\/\\\/orduz-usa.com\\\/#organization\"},\"alternateName\":\"Maquinas de Coser Orduz\",\"potentialAction\":[{\"@type\":\"SearchAction\",\"target\":{\"@type\":\"EntryPoint\",\"urlTemplate\":\"https:\\\/\\\/orduz-usa.com\\\/?s={search_term_string}\"},\"query-input\":{\"@type\":\"PropertyValueSpecification\",\"valueRequired\":true,\"valueName\":\"search_term_string\"}}],\"inLanguage\":\"en-US\"},{\"@type\":\"Organization\",\"@id\":\"https:\\\/\\\/orduz-usa.com\\\/#organization\",\"name\":\"Orduz Colombia\",\"alternateName\":\"Maquinas de Coser Orduz\",\"url\":\"https:\\\/\\\/orduz-usa.com\\\/\",\"logo\":{\"@type\":\"ImageObject\",\"inLanguage\":\"en-US\",\"@id\":\"https:\\\/\\\/orduz-usa.com\\\/#\\\/schema\\\/logo\\\/image\\\/\",\"url\":\"https:\\\/\\\/i0.wp.com\\\/orduzcolombia.com\\\/wp-content\\\/uploads\\\/2024\\\/10\\\/logo-orduz-isotipo.jpg?fit=269%2C259&ssl=1\",\"contentUrl\":\"https:\\\/\\\/i0.wp.com\\\/orduzcolombia.com\\\/wp-content\\\/uploads\\\/2024\\\/10\\\/logo-orduz-isotipo.jpg?fit=269%2C259&ssl=1\",\"width\":269,\"height\":259,\"caption\":\"Orduz Colombia\"},\"image\":{\"@id\":\"https:\\\/\\\/orduz-usa.com\\\/#\\\/schema\\\/logo\\\/image\\\/\"}}]}<\/script>\n<!-- \/ Yoast SEO Premium plugin. -->","yoast_head_json":{"title":"Pinza para Hilo ORDUZ TWE6 de Precisi\u00f3n y Alta Durabilidad - Orduz USA","description":"La pinza para hilo ORDUZ TWE6 es una herramienta dise\u00f1ada para ofrecer precisi\u00f3n, control y durabilidad en trabajos de costura, bordado y confecci\u00f3n","robots":{"index":"index","follow":"follow","max-snippet":"max-snippet:-1","max-image-preview":"max-image-preview:large","max-video-preview":"max-video-preview:-1"},"canonical":"https:\/\/orduz-usa.com\/en\/product\/pinza-para-hilo-orduz-twe6-de-precision-y-alta-durabilidad\/","og_locale":"en_US","og_type":"article","og_title":"Pinza para Hilo ORDUZ TWE6 de Precisi\u00f3n y Alta Durabilidad","og_description":"La pinza para hilo ORDUZ TWE6 es una herramienta dise\u00f1ada para ofrecer precisi\u00f3n, control y durabilidad en trabajos de costura, bordado y confecci\u00f3n","og_url":"https:\/\/orduz-usa.com\/en\/product\/pinza-para-hilo-orduz-twe6-de-precision-y-alta-durabilidad\/","og_site_name":"Orduz USA","article_modified_time":"2026-02-13T17:11:33+00:00","og_image":[{"width":500,"height":500,"url":"https:\/\/orduz-usa.com\/wp-content\/uploads\/2026\/02\/Pinza-para-Hilo-ORDUZ-TWE6-Precision-y-Durabilidad1.webp","type":"image\/webp"}],"twitter_card":"summary_large_image","twitter_misc":{"Est. reading time":"2 minutes"},"schema":{"@context":"https:\/\/schema.org","@graph":[{"@type":"WebPage","@id":"https:\/\/orduz-usa.com\/producto\/pinza-para-hilo-orduz-twe6-de-precision-y-alta-durabilidad\/","url":"https:\/\/orduz-usa.com\/producto\/pinza-para-hilo-orduz-twe6-de-precision-y-alta-durabilidad\/","name":"Pinza para Hilo ORDUZ TWE6 de Precisi\u00f3n y Alta Durabilidad - Orduz USA","isPartOf":{"@id":"https:\/\/orduz-usa.com\/#website"},"primaryImageOfPage":{"@id":"https:\/\/orduz-usa.com\/producto\/pinza-para-hilo-orduz-twe6-de-precision-y-alta-durabilidad\/#primaryimage"},"image":{"@id":"https:\/\/orduz-usa.com\/producto\/pinza-para-hilo-orduz-twe6-de-precision-y-alta-durabilidad\/#primaryimage"},"thumbnailUrl":"https:\/\/orduz-usa.com\/wp-content\/uploads\/2026\/02\/Pinza-para-Hilo-ORDUZ-TWE6-Precision-y-Durabilidad1.webp","datePublished":"2026-02-06T00:11:54+00:00","dateModified":"2026-02-13T17:11:33+00:00","description":"La pinza para hilo ORDUZ TWE6 es una herramienta dise\u00f1ada para ofrecer precisi\u00f3n, control y durabilidad en trabajos de costura, bordado y confecci\u00f3n","breadcrumb":{"@id":"https:\/\/orduz-usa.com\/producto\/pinza-para-hilo-orduz-twe6-de-precision-y-alta-durabilidad\/#breadcrumb"},"inLanguage":"en-US","potentialAction":[{"@type":"ReadAction","target":["https:\/\/orduz-usa.com\/producto\/pinza-para-hilo-orduz-twe6-de-precision-y-alta-durabilidad\/"]}]},{"@type":"ImageObject","inLanguage":"en-US","@id":"https:\/\/orduz-usa.com\/producto\/pinza-para-hilo-orduz-twe6-de-precision-y-alta-durabilidad\/#primaryimage","url":"https:\/\/orduz-usa.com\/wp-content\/uploads\/2026\/02\/Pinza-para-Hilo-ORDUZ-TWE6-Precision-y-Durabilidad1.webp","contentUrl":"https:\/\/orduz-usa.com\/wp-content\/uploads\/2026\/02\/Pinza-para-Hilo-ORDUZ-TWE6-Precision-y-Durabilidad1.webp","width":500,"height":500},{"@type":"BreadcrumbList","@id":"https:\/\/orduz-usa.com\/producto\/pinza-para-hilo-orduz-twe6-de-precision-y-alta-durabilidad\/#breadcrumb","itemListElement":[{"@type":"ListItem","position":1,"name":"Portada","item":"https:\/\/orduz-usa.com\/"},{"@type":"ListItem","position":2,"name":"Tienda","item":"https:\/\/orduz-usa.com\/shop-venta-maquinas-de-coser-singer-orduz-u-s-a-miami-florida\/"},{"@type":"ListItem","position":3,"name":"Pinza para Hilo ORDUZ TWE6 de Precisi\u00f3n y Alta Durabilidad"}]},{"@type":"WebSite","@id":"https:\/\/orduz-usa.com\/#website","url":"https:\/\/orduz-usa.com\/","name":"orduzcolombia","description":"INDUSTRIAL AND FAMILY SEWING MACHINES","publisher":{"@id":"https:\/\/orduz-usa.com\/#organization"},"alternateName":"Maquinas de Coser Orduz","potentialAction":[{"@type":"SearchAction","target":{"@type":"EntryPoint","urlTemplate":"https:\/\/orduz-usa.com\/?s={search_term_string}"},"query-input":{"@type":"PropertyValueSpecification","valueRequired":true,"valueName":"search_term_string"}}],"inLanguage":"en-US"},{"@type":"Organization","@id":"https:\/\/orduz-usa.com\/#organization","name":"Orduz Colombia","alternateName":"Maquinas de Coser Orduz","url":"https:\/\/orduz-usa.com\/","logo":{"@type":"ImageObject","inLanguage":"en-US","@id":"https:\/\/orduz-usa.com\/#\/schema\/logo\/image\/","url":"https:\/\/i0.wp.com\/orduzcolombia.com\/wp-content\/uploads\/2024\/10\/logo-orduz-isotipo.jpg?fit=269%2C259&ssl=1","contentUrl":"https:\/\/i0.wp.com\/orduzcolombia.com\/wp-content\/uploads\/2024\/10\/logo-orduz-isotipo.jpg?fit=269%2C259&ssl=1","width":269,"height":259,"caption":"Orduz Colombia"},"image":{"@id":"https:\/\/orduz-usa.com\/#\/schema\/logo\/image\/"}}]}},"_links":{"self":[{"href":"https:\/\/orduz-usa.com\/en\/wp-json\/wp\/v2\/product\/34043","targetHints":{"allow":["GET"]}}],"collection":[{"href":"https:\/\/orduz-usa.com\/en\/wp-json\/wp\/v2\/product"}],"about":[{"href":"https:\/\/orduz-usa.com\/en\/wp-json\/wp\/v2\/types\/product"}],"replies":[{"embeddable":true,"href":"https:\/\/orduz-usa.com\/en\/wp-json\/wp\/v2\/comments?post=34043"}],"version-history":[{"count":2,"href":"https:\/\/orduz-usa.com\/en\/wp-json\/wp\/v2\/product\/34043\/revisions"}],"predecessor-version":[{"id":34172,"href":"https:\/\/orduz-usa.com\/en\/wp-json\/wp\/v2\/product\/34043\/revisions\/34172"}],"wp:featuredmedia":[{"embeddable":true,"href":"https:\/\/orduz-usa.com\/en\/wp-json\/wp\/v2\/media\/34144"}],"wp:attachment":[{"href":"https:\/\/orduz-usa.com\/en\/wp-json\/wp\/v2\/media?parent=34043"}],"wp:term":[{"taxonomy":"product_brand","embeddable":true,"href":"https:\/\/orduz-usa.com\/en\/wp-json\/wp\/v2\/product_brand?post=34043"},{"taxonomy":"product_cat","embeddable":true,"href":"https:\/\/orduz-usa.com\/en\/wp-json\/wp\/v2\/product_cat?post=34043"},{"taxonomy":"product_tag","embeddable":true,"href":"https:\/\/orduz-usa.com\/en\/wp-json\/wp\/v2\/product_tag?post=34043"}],"curies":[{"name":"wp","href":"https:\/\/api.w.org\/{rel}","templated":true}]}}