{"id":34181,"date":"2026-02-14T19:29:07","date_gmt":"2026-02-15T00:29:07","guid":{"rendered":"https:\/\/orduz-usa.com\/?post_type=product&#038;p=34181"},"modified":"2026-02-14T19:43:03","modified_gmt":"2026-02-15T00:43:03","slug":"sewing-machine-repair-75-maintenance-subject-to-overhaul-same-day-delivery-miami-florida-usa","status":"publish","type":"product","link":"https:\/\/orduz-usa.com\/en\/producto\/reparacion-de-maquinas-de-coser-75-mantenimiento-sujeto-a-revision-entrega-el-mismo-dia-miami-florida-estados-unidos\/","title":{"rendered":"Sewing Machine Repair - $75 | Maintenance subject to overhaul | Same day delivery miami florida united states"},"content":{"rendered":"<h1>sewing machine repair in Miami<\/h1>\n<p data-start=\"1241\" data-end=\"1520\"><span dir=\"auto\" style=\"vertical-align: inherit;\"><span dir=\"auto\" style=\"vertical-align: inherit;\">sewing machine repair in Miami We offer <\/span><\/span><strong data-start=\"1251\" data-end=\"1303\"><span dir=\"auto\" style=\"vertical-align: inherit;\"><span dir=\"auto\" style=\"vertical-align: inherit;\">sewing machine repair in Miami by $75<\/span><\/span><\/strong><span dir=\"auto\" style=\"vertical-align: inherit;\"><span dir=\"auto\" style=\"vertical-align: inherit;\">, with a basic maintenance service <\/span><\/span><strong data-start=\"1345\" data-end=\"1373\"><span dir=\"auto\" style=\"vertical-align: inherit;\"><span dir=\"auto\" style=\"vertical-align: inherit;\">subject to prior review<\/span><\/span><\/strong><span dir=\"auto\" style=\"vertical-align: inherit;\"><span dir=\"auto\" style=\"vertical-align: inherit;\">. Our goal is to provide an efficient solution that allows our customers to continue working without long delays or unexpected costs.<\/span><\/span><\/p>\n<p data-start=\"1522\" data-end=\"1919\"><span dir=\"auto\" style=\"vertical-align: inherit;\"><span dir=\"auto\" style=\"vertical-align: inherit;\">This service is available for <\/span><\/span><strong data-start=\"1557\" data-end=\"1604\"><span dir=\"auto\" style=\"vertical-align: inherit;\"><span dir=\"auto\" style=\"vertical-align: inherit;\">domestic and industrial sewing machines<\/span><\/span><\/strong><span dir=\"auto\" style=\"vertical-align: inherit;\"><span dir=\"auto\" style=\"vertical-align: inherit;\">, regardless of make or model. During the overhaul, we assess the overall condition of the machine, identify possible faults and determine whether standard maintenance is sufficient or whether additional adjustment is required. In this way, we guarantee transparency and reliability right from the start.<\/span><\/span><\/p>\n<p data-start=\"1921\" data-end=\"2282\"><span dir=\"auto\" style=\"vertical-align: inherit;\"><span dir=\"auto\" style=\"vertical-align: inherit;\">In addition, we work with specialized technicians who have extensive experience in the sewing and dressmaking sector. Thanks to this, we are able to offer a <\/span><\/span><strong data-start=\"2083\" data-end=\"2107\"><span dir=\"auto\" style=\"vertical-align: inherit;\"><span dir=\"auto\" style=\"vertical-align: inherit;\">same day delivery<\/span><\/span><\/strong><span dir=\"auto\" style=\"vertical-align: inherit;\"><span dir=\"auto\" style=\"vertical-align: inherit;\">, The repair is done on the machine, as long as the type of repair allows for it. This is ideal for workshops, dressmakers and entrepreneurs who depend on their machines to meet production schedules.<\/span><\/span><\/p>\n<p data-start=\"2284\" data-end=\"2529\"><span dir=\"auto\" style=\"vertical-align: inherit;\"><span dir=\"auto\" style=\"vertical-align: inherit;\">Maintenance may include internal cleaning, basic adjustments, lubrication and verification of general operation. However, any additional repairs or replacement of spare parts will be reported to the customer before they are carried out.<\/span><\/span><\/p>\n<p data-start=\"2531\" data-end=\"2782\"><span dir=\"auto\" style=\"vertical-align: inherit;\"><span dir=\"auto\" style=\"vertical-align: inherit;\">Our service of <\/span><\/span><strong data-start=\"2551\" data-end=\"2595\"><span dir=\"auto\" style=\"vertical-align: inherit;\"><span dir=\"auto\" style=\"vertical-align: inherit;\">sewing machine repair in Miami<\/span><\/span><\/strong><span dir=\"auto\" style=\"vertical-align: inherit;\"><span dir=\"auto\" style=\"vertical-align: inherit;\"> is characterized by speed, professionalism and attention to detail. We serve individual customers as well as small and medium sized garment shops in Miami, Florida.<\/span><\/span><\/p>\n<p data-start=\"2784\" data-end=\"3078\"><span dir=\"auto\" style=\"vertical-align: inherit;\"><span dir=\"auto\" style=\"vertical-align: inherit;\">In conclusion, if you are looking for a reliable, economical and efficient service, our <\/span><\/span><strong data-start=\"2863\" data-end=\"2915\"><span dir=\"auto\" style=\"vertical-align: inherit;\"><span dir=\"auto\" style=\"vertical-align: inherit;\">sewing machine repair in Miami by $75<\/span><\/span><\/strong><span dir=\"auto\" style=\"vertical-align: inherit;\"><span dir=\"auto\" style=\"vertical-align: inherit;\"> is an excellent choice. We focus on keeping your machine running smoothly, prolonging its life and helping you to keep producing smoothly.<\/span><\/span><\/p>\n<p data-start=\"2784\" data-end=\"3078\"><a href=\"https:\/\/api.whatsapp.com\/send?phone=16452480366\"><span dir=\"auto\" style=\"vertical-align: inherit;\"><span dir=\"auto\" style=\"vertical-align: inherit;\">WhatsApp<\/span><\/span><\/a><\/p>\n<p data-start=\"2784\" data-end=\"3078\"><a href=\"https:\/\/orduz-usa.com\/en\/tornillo-para-placa-de-aguja-de-maquina-de-coser-ref-ks539\/\"><span dir=\"auto\" style=\"vertical-align: inherit;\"><span dir=\"auto\" style=\"vertical-align: inherit;\">Screw for sewing machine needle plate - Ref. KS539<\/span><\/span><\/a><\/p>\n<p data-start=\"2784\" data-end=\"3078\">","protected":false},"excerpt":{"rendered":"<figure id=\"attachment_34124\" aria-describedby=\"caption-attachment-34124\" style=\"width: 150px\" class=\"wp-caption alignnone\"><img decoding=\"async\" class=\"wp-image-34124 size-thumbnail\" src=\"https:\/\/orduz-usa.com\/wp-content\/uploads\/2026\/02\/tornillo-aguja-singer-14u-1-150x150.webp\" alt=\"Sewing machine repairs in Miami Florida by specialized technicians with same day delivery\" width=\"150\" height=\"150\" srcset=\"https:\/\/orduz-usa.com\/wp-content\/uploads\/2026\/02\/tornillo-aguja-singer-14u-1-150x150.webp 150w, https:\/\/orduz-usa.com\/wp-content\/uploads\/2026\/02\/tornillo-aguja-singer-14u-1-500x500.webp 500w, https:\/\/orduz-usa.com\/wp-content\/uploads\/2026\/02\/tornillo-aguja-singer-14u-1-100x100.webp 100w\" sizes=\"(max-width: 150px) 100vw, 150px\" \/><figcaption id=\"caption-attachment-34124\" class=\"wp-caption-text\">Sewing machine repair in Miami, Florida, with specialized technicians and same day delivery.<\/figcaption><\/figure>","protected":false},"featured_media":33976,"comment_status":"open","ping_status":"closed","template":"","meta":{"_acf_changed":false},"product_brand":[],"product_cat":[],"product_tag":[5372,5361,376,5369,5374,5370,5371,5373],"class_list":{"0":"post-34181","1":"product","2":"type-product","3":"status-publish","4":"has-post-thumbnail","6":"product_tag-mantenimiento-maquinas-de-coser","7":"product_tag-maquinas-de-coser-domesticas","8":"product_tag-maquinas-de-coser-industriales","9":"product_tag-reparacion-de-maquinas-de-coser-en-miami","10":"product_tag-reparacion-de-maquinas-de-coser-usa","11":"product_tag-reparacion-maquinas-de-coser-florida","12":"product_tag-servicio-tecnico-maquinas-de-coser","13":"product_tag-taller-de-costura-miami","15":"first","16":"instock","17":"sale","18":"shipping-taxable","19":"purchasable","20":"product-type-simple"},"acf":[],"yoast_head":"<!-- This site is optimized with the Yoast SEO Premium plugin v25.7.1 (Yoast SEO v27.4) - https:\/\/yoast.com\/product\/yoast-seo-premium-wordpress\/ -->\n<title>Miami florida Reparaci\u00f3n de M\u00e1quinas de Coser<\/title>\n<meta name=\"description\" content=\"Reparaci\u00f3n de m\u00e1quinas de coser en Miami, Florida. Servicio t\u00e9cnico profesional para m\u00e1quinas dom\u00e9sticas e industriales, con mantenimiento sujeto a revisi\u00f3n\" \/>\n<meta name=\"robots\" content=\"index, follow, max-snippet:-1, max-image-preview:large, max-video-preview:-1\" \/>\n<link rel=\"canonical\" href=\"https:\/\/orduz-usa.com\/en\/product\/sewing-machine-repair-75-maintenance-subject-to-overhaul-same-day-delivery-miami-florida-usa\/\" \/>\n<meta property=\"og:locale\" content=\"en_US\" \/>\n<meta property=\"og:type\" content=\"article\" \/>\n<meta property=\"og:title\" content=\"Reparaci\u00f3n de M\u00e1quinas de Coser \u2013 $75 | Mantenimiento sujeto a revisi\u00f3n | Entrega el mismo d\u00eda miami florida estados unidos\" \/>\n<meta property=\"og:description\" content=\"Reparaci\u00f3n de m\u00e1quinas de coser en Miami, Florida. Servicio t\u00e9cnico profesional para m\u00e1quinas dom\u00e9sticas e industriales, con mantenimiento sujeto a revisi\u00f3n\" \/>\n<meta property=\"og:url\" content=\"https:\/\/orduz-usa.com\/en\/product\/sewing-machine-repair-75-maintenance-subject-to-overhaul-same-day-delivery-miami-florida-usa\/\" \/>\n<meta property=\"og:site_name\" content=\"Orduz USA\" \/>\n<meta property=\"article:modified_time\" content=\"2026-02-15T00:43:03+00:00\" \/>\n<meta property=\"og:image\" content=\"https:\/\/orduz-usa.com\/wp-content\/uploads\/2026\/02\/Singer-Heavy-Duty-Sewing-Machine-4423-3.jpg\" \/>\n\t<meta property=\"og:image:width\" content=\"1600\" \/>\n\t<meta property=\"og:image:height\" content=\"1600\" \/>\n\t<meta property=\"og:image:type\" content=\"image\/jpeg\" \/>\n<meta name=\"twitter:card\" content=\"summary_large_image\" \/>\n<meta name=\"twitter:label1\" content=\"Est. reading time\" \/>\n\t<meta name=\"twitter:data1\" content=\"2 minutes\" \/>\n<script type=\"application\/ld+json\" class=\"yoast-schema-graph\">{\"@context\":\"https:\\\/\\\/schema.org\",\"@graph\":[{\"@type\":\"WebPage\",\"@id\":\"https:\\\/\\\/orduz-usa.com\\\/producto\\\/reparacion-de-maquinas-de-coser-75-mantenimiento-sujeto-a-revision-entrega-el-mismo-dia-miami-florida-estados-unidos\\\/\",\"url\":\"https:\\\/\\\/orduz-usa.com\\\/producto\\\/reparacion-de-maquinas-de-coser-75-mantenimiento-sujeto-a-revision-entrega-el-mismo-dia-miami-florida-estados-unidos\\\/\",\"name\":\"Miami florida Reparaci\u00f3n de M\u00e1quinas de Coser\",\"isPartOf\":{\"@id\":\"https:\\\/\\\/orduz-usa.com\\\/#website\"},\"primaryImageOfPage\":{\"@id\":\"https:\\\/\\\/orduz-usa.com\\\/producto\\\/reparacion-de-maquinas-de-coser-75-mantenimiento-sujeto-a-revision-entrega-el-mismo-dia-miami-florida-estados-unidos\\\/#primaryimage\"},\"image\":{\"@id\":\"https:\\\/\\\/orduz-usa.com\\\/producto\\\/reparacion-de-maquinas-de-coser-75-mantenimiento-sujeto-a-revision-entrega-el-mismo-dia-miami-florida-estados-unidos\\\/#primaryimage\"},\"thumbnailUrl\":\"https:\\\/\\\/orduz-usa.com\\\/wp-content\\\/uploads\\\/2026\\\/02\\\/Singer-Heavy-Duty-Sewing-Machine-4423-3.jpg\",\"datePublished\":\"2026-02-15T00:29:07+00:00\",\"dateModified\":\"2026-02-15T00:43:03+00:00\",\"description\":\"Reparaci\u00f3n de m\u00e1quinas de coser en Miami, Florida. Servicio t\u00e9cnico profesional para m\u00e1quinas dom\u00e9sticas e industriales, con mantenimiento sujeto a revisi\u00f3n\",\"breadcrumb\":{\"@id\":\"https:\\\/\\\/orduz-usa.com\\\/producto\\\/reparacion-de-maquinas-de-coser-75-mantenimiento-sujeto-a-revision-entrega-el-mismo-dia-miami-florida-estados-unidos\\\/#breadcrumb\"},\"inLanguage\":\"en-US\",\"potentialAction\":[{\"@type\":\"ReadAction\",\"target\":[\"https:\\\/\\\/orduz-usa.com\\\/producto\\\/reparacion-de-maquinas-de-coser-75-mantenimiento-sujeto-a-revision-entrega-el-mismo-dia-miami-florida-estados-unidos\\\/\"]}]},{\"@type\":\"ImageObject\",\"inLanguage\":\"en-US\",\"@id\":\"https:\\\/\\\/orduz-usa.com\\\/producto\\\/reparacion-de-maquinas-de-coser-75-mantenimiento-sujeto-a-revision-entrega-el-mismo-dia-miami-florida-estados-unidos\\\/#primaryimage\",\"url\":\"https:\\\/\\\/orduz-usa.com\\\/wp-content\\\/uploads\\\/2026\\\/02\\\/Singer-Heavy-Duty-Sewing-Machine-4423-3.jpg\",\"contentUrl\":\"https:\\\/\\\/orduz-usa.com\\\/wp-content\\\/uploads\\\/2026\\\/02\\\/Singer-Heavy-Duty-Sewing-Machine-4423-3.jpg\",\"width\":1600,\"height\":1600,\"caption\":\"Reparaci\u00f3n de m\u00e1quinas de coser en Miami, Florida, con t\u00e9cnicos especializados y entrega el mismo d\u00eda.\"},{\"@type\":\"BreadcrumbList\",\"@id\":\"https:\\\/\\\/orduz-usa.com\\\/producto\\\/reparacion-de-maquinas-de-coser-75-mantenimiento-sujeto-a-revision-entrega-el-mismo-dia-miami-florida-estados-unidos\\\/#breadcrumb\",\"itemListElement\":[{\"@type\":\"ListItem\",\"position\":1,\"name\":\"Portada\",\"item\":\"https:\\\/\\\/orduz-usa.com\\\/\"},{\"@type\":\"ListItem\",\"position\":2,\"name\":\"Tienda\",\"item\":\"https:\\\/\\\/orduz-usa.com\\\/shop-venta-maquinas-de-coser-singer-orduz-u-s-a-miami-florida\\\/\"},{\"@type\":\"ListItem\",\"position\":3,\"name\":\"Reparaci\u00f3n de M\u00e1quinas de Coser \u2013 $75 | Mantenimiento sujeto a revisi\u00f3n | Entrega el mismo d\u00eda miami florida estados unidos\"}]},{\"@type\":\"WebSite\",\"@id\":\"https:\\\/\\\/orduz-usa.com\\\/#website\",\"url\":\"https:\\\/\\\/orduz-usa.com\\\/\",\"name\":\"orduzcolombia\",\"description\":\"Maquinas de Coser INDUSTRIALES Y FAMILIARES\",\"publisher\":{\"@id\":\"https:\\\/\\\/orduz-usa.com\\\/#organization\"},\"alternateName\":\"Maquinas de Coser Orduz\",\"potentialAction\":[{\"@type\":\"SearchAction\",\"target\":{\"@type\":\"EntryPoint\",\"urlTemplate\":\"https:\\\/\\\/orduz-usa.com\\\/?s={search_term_string}\"},\"query-input\":{\"@type\":\"PropertyValueSpecification\",\"valueRequired\":true,\"valueName\":\"search_term_string\"}}],\"inLanguage\":\"en-US\"},{\"@type\":\"Organization\",\"@id\":\"https:\\\/\\\/orduz-usa.com\\\/#organization\",\"name\":\"Orduz Colombia\",\"alternateName\":\"Maquinas de Coser Orduz\",\"url\":\"https:\\\/\\\/orduz-usa.com\\\/\",\"logo\":{\"@type\":\"ImageObject\",\"inLanguage\":\"en-US\",\"@id\":\"https:\\\/\\\/orduz-usa.com\\\/#\\\/schema\\\/logo\\\/image\\\/\",\"url\":\"https:\\\/\\\/i0.wp.com\\\/orduzcolombia.com\\\/wp-content\\\/uploads\\\/2024\\\/10\\\/logo-orduz-isotipo.jpg?fit=269%2C259&ssl=1\",\"contentUrl\":\"https:\\\/\\\/i0.wp.com\\\/orduzcolombia.com\\\/wp-content\\\/uploads\\\/2024\\\/10\\\/logo-orduz-isotipo.jpg?fit=269%2C259&ssl=1\",\"width\":269,\"height\":259,\"caption\":\"Orduz Colombia\"},\"image\":{\"@id\":\"https:\\\/\\\/orduz-usa.com\\\/#\\\/schema\\\/logo\\\/image\\\/\"}}]}<\/script>\n<!-- \/ Yoast SEO Premium plugin. -->","yoast_head_json":{"title":"Miami florida Sewing Machine Repair","description":"Sewing machine repair in Miami, Florida. Professional technical service for domestic and industrial machines, with maintenance subject to overhaul.","robots":{"index":"index","follow":"follow","max-snippet":"max-snippet:-1","max-image-preview":"max-image-preview:large","max-video-preview":"max-video-preview:-1"},"canonical":"https:\/\/orduz-usa.com\/en\/product\/sewing-machine-repair-75-maintenance-subject-to-overhaul-same-day-delivery-miami-florida-usa\/","og_locale":"en_US","og_type":"article","og_title":"Reparaci\u00f3n de M\u00e1quinas de Coser \u2013 $75 | Mantenimiento sujeto a revisi\u00f3n | Entrega el mismo d\u00eda miami florida estados unidos","og_description":"Reparaci\u00f3n de m\u00e1quinas de coser en Miami, Florida. Servicio t\u00e9cnico profesional para m\u00e1quinas dom\u00e9sticas e industriales, con mantenimiento sujeto a revisi\u00f3n","og_url":"https:\/\/orduz-usa.com\/en\/product\/sewing-machine-repair-75-maintenance-subject-to-overhaul-same-day-delivery-miami-florida-usa\/","og_site_name":"Orduz USA","article_modified_time":"2026-02-15T00:43:03+00:00","og_image":[{"width":1600,"height":1600,"url":"https:\/\/orduz-usa.com\/wp-content\/uploads\/2026\/02\/Singer-Heavy-Duty-Sewing-Machine-4423-3.jpg","type":"image\/jpeg"}],"twitter_card":"summary_large_image","twitter_misc":{"Est. reading time":"2 minutes"},"schema":{"@context":"https:\/\/schema.org","@graph":[{"@type":"WebPage","@id":"https:\/\/orduz-usa.com\/producto\/reparacion-de-maquinas-de-coser-75-mantenimiento-sujeto-a-revision-entrega-el-mismo-dia-miami-florida-estados-unidos\/","url":"https:\/\/orduz-usa.com\/producto\/reparacion-de-maquinas-de-coser-75-mantenimiento-sujeto-a-revision-entrega-el-mismo-dia-miami-florida-estados-unidos\/","name":"Miami florida Sewing Machine Repair","isPartOf":{"@id":"https:\/\/orduz-usa.com\/#website"},"primaryImageOfPage":{"@id":"https:\/\/orduz-usa.com\/producto\/reparacion-de-maquinas-de-coser-75-mantenimiento-sujeto-a-revision-entrega-el-mismo-dia-miami-florida-estados-unidos\/#primaryimage"},"image":{"@id":"https:\/\/orduz-usa.com\/producto\/reparacion-de-maquinas-de-coser-75-mantenimiento-sujeto-a-revision-entrega-el-mismo-dia-miami-florida-estados-unidos\/#primaryimage"},"thumbnailUrl":"https:\/\/orduz-usa.com\/wp-content\/uploads\/2026\/02\/Singer-Heavy-Duty-Sewing-Machine-4423-3.jpg","datePublished":"2026-02-15T00:29:07+00:00","dateModified":"2026-02-15T00:43:03+00:00","description":"Sewing machine repair in Miami, Florida. Professional technical service for domestic and industrial machines, with maintenance subject to overhaul.","breadcrumb":{"@id":"https:\/\/orduz-usa.com\/producto\/reparacion-de-maquinas-de-coser-75-mantenimiento-sujeto-a-revision-entrega-el-mismo-dia-miami-florida-estados-unidos\/#breadcrumb"},"inLanguage":"en-US","potentialAction":[{"@type":"ReadAction","target":["https:\/\/orduz-usa.com\/producto\/reparacion-de-maquinas-de-coser-75-mantenimiento-sujeto-a-revision-entrega-el-mismo-dia-miami-florida-estados-unidos\/"]}]},{"@type":"ImageObject","inLanguage":"en-US","@id":"https:\/\/orduz-usa.com\/producto\/reparacion-de-maquinas-de-coser-75-mantenimiento-sujeto-a-revision-entrega-el-mismo-dia-miami-florida-estados-unidos\/#primaryimage","url":"https:\/\/orduz-usa.com\/wp-content\/uploads\/2026\/02\/Singer-Heavy-Duty-Sewing-Machine-4423-3.jpg","contentUrl":"https:\/\/orduz-usa.com\/wp-content\/uploads\/2026\/02\/Singer-Heavy-Duty-Sewing-Machine-4423-3.jpg","width":1600,"height":1600,"caption":"Reparaci\u00f3n de m\u00e1quinas de coser en Miami, Florida, con t\u00e9cnicos especializados y entrega el mismo d\u00eda."},{"@type":"BreadcrumbList","@id":"https:\/\/orduz-usa.com\/producto\/reparacion-de-maquinas-de-coser-75-mantenimiento-sujeto-a-revision-entrega-el-mismo-dia-miami-florida-estados-unidos\/#breadcrumb","itemListElement":[{"@type":"ListItem","position":1,"name":"Portada","item":"https:\/\/orduz-usa.com\/"},{"@type":"ListItem","position":2,"name":"Tienda","item":"https:\/\/orduz-usa.com\/shop-venta-maquinas-de-coser-singer-orduz-u-s-a-miami-florida\/"},{"@type":"ListItem","position":3,"name":"Reparaci\u00f3n de M\u00e1quinas de Coser \u2013 $75 | Mantenimiento sujeto a revisi\u00f3n | Entrega el mismo d\u00eda miami florida estados unidos"}]},{"@type":"WebSite","@id":"https:\/\/orduz-usa.com\/#website","url":"https:\/\/orduz-usa.com\/","name":"orduzcolombia","description":"INDUSTRIAL AND FAMILY SEWING MACHINES","publisher":{"@id":"https:\/\/orduz-usa.com\/#organization"},"alternateName":"Maquinas de Coser Orduz","potentialAction":[{"@type":"SearchAction","target":{"@type":"EntryPoint","urlTemplate":"https:\/\/orduz-usa.com\/?s={search_term_string}"},"query-input":{"@type":"PropertyValueSpecification","valueRequired":true,"valueName":"search_term_string"}}],"inLanguage":"en-US"},{"@type":"Organization","@id":"https:\/\/orduz-usa.com\/#organization","name":"Orduz Colombia","alternateName":"Maquinas de Coser Orduz","url":"https:\/\/orduz-usa.com\/","logo":{"@type":"ImageObject","inLanguage":"en-US","@id":"https:\/\/orduz-usa.com\/#\/schema\/logo\/image\/","url":"https:\/\/i0.wp.com\/orduzcolombia.com\/wp-content\/uploads\/2024\/10\/logo-orduz-isotipo.jpg?fit=269%2C259&ssl=1","contentUrl":"https:\/\/i0.wp.com\/orduzcolombia.com\/wp-content\/uploads\/2024\/10\/logo-orduz-isotipo.jpg?fit=269%2C259&ssl=1","width":269,"height":259,"caption":"Orduz Colombia"},"image":{"@id":"https:\/\/orduz-usa.com\/#\/schema\/logo\/image\/"}}]}},"_links":{"self":[{"href":"https:\/\/orduz-usa.com\/en\/wp-json\/wp\/v2\/product\/34181","targetHints":{"allow":["GET"]}}],"collection":[{"href":"https:\/\/orduz-usa.com\/en\/wp-json\/wp\/v2\/product"}],"about":[{"href":"https:\/\/orduz-usa.com\/en\/wp-json\/wp\/v2\/types\/product"}],"replies":[{"embeddable":true,"href":"https:\/\/orduz-usa.com\/en\/wp-json\/wp\/v2\/comments?post=34181"}],"version-history":[{"count":3,"href":"https:\/\/orduz-usa.com\/en\/wp-json\/wp\/v2\/product\/34181\/revisions"}],"predecessor-version":[{"id":34184,"href":"https:\/\/orduz-usa.com\/en\/wp-json\/wp\/v2\/product\/34181\/revisions\/34184"}],"wp:featuredmedia":[{"embeddable":true,"href":"https:\/\/orduz-usa.com\/en\/wp-json\/wp\/v2\/media\/33976"}],"wp:attachment":[{"href":"https:\/\/orduz-usa.com\/en\/wp-json\/wp\/v2\/media?parent=34181"}],"wp:term":[{"taxonomy":"product_brand","embeddable":true,"href":"https:\/\/orduz-usa.com\/en\/wp-json\/wp\/v2\/product_brand?post=34181"},{"taxonomy":"product_cat","embeddable":true,"href":"https:\/\/orduz-usa.com\/en\/wp-json\/wp\/v2\/product_cat?post=34181"},{"taxonomy":"product_tag","embeddable":true,"href":"https:\/\/orduz-usa.com\/en\/wp-json\/wp\/v2\/product_tag?post=34181"}],"curies":[{"name":"wp","href":"https:\/\/api.w.org\/{rel}","templated":true}]}}