{"id":34339,"date":"2026-03-07T20:50:33","date_gmt":"2026-03-08T01:50:33","guid":{"rendered":"https:\/\/orduz-usa.com\/?post_type=product&#038;p=34339"},"modified":"2026-03-13T08:34:17","modified_gmt":"2026-03-13T13:34:17","slug":"agujas-para-maquina-de-coser-singer-cerca-de-mi-miami-florida-2045","status":"publish","type":"product","link":"https:\/\/orduz-usa.com\/en\/producto\/agujas-para-maquina-de-coser-singer-cerca-de-mi-miami-florida-2045\/","title":{"rendered":"Singer Sewing Machine Needles Near Me - Miami Florida 2045"},"content":{"rendered":"<p data-start=\"246\" data-end=\"642\">The <strong data-start=\"250\" data-end=\"289\">agujas para m\u00e1quina de coser Singer<\/strong> son uno de los componentes m\u00e1s importantes para lograr una costura precisa, limpia y profesional. En nuestra tienda en <strong data-start=\"409\" data-end=\"427\">Miami, Florida<\/strong>, ofrecemos <strong data-start=\"439\" data-end=\"488\">venta de agujas para m\u00e1quinas de coser Singer<\/strong> en diferentes tama\u00f1os y modelos, ideales para m\u00e1quinas dom\u00e9sticas e industriales utilizadas en talleres de confecci\u00f3n, modister\u00eda y proyectos de costura.<\/p>\n<p data-start=\"644\" data-end=\"986\">Contar con la aguja adecuada es fundamental para obtener un buen resultado al coser diferentes tipos de telas. Las agujas Singer est\u00e1n dise\u00f1adas para proporcionar <strong data-start=\"807\" data-end=\"847\">resistencia, precisi\u00f3n y durabilidad<\/strong>, permitiendo que el hilo se deslice correctamente y evitando problemas comunes como saltos de puntada, rotura del hilo o da\u00f1os en la tela.<\/p>\n<h2 data-section-id=\"18d5lfk\" data-start=\"988\" data-end=\"1037\">Agujas Singer para diferentes tipos de costura<\/h2>\n<p data-start=\"1039\" data-end=\"1222\">Las agujas para m\u00e1quinas de coser Singer est\u00e1n disponibles en varios tama\u00f1os y estilos para adaptarse a diferentes materiales y aplicaciones. Entre los usos m\u00e1s comunes se encuentran:<\/p>\n<ul data-start=\"1224\" data-end=\"1457\">\n<li data-section-id=\"5b796s\" data-start=\"1224\" data-end=\"1277\">\n<p data-start=\"1226\" data-end=\"1277\">Costura de telas ligeras como algod\u00f3n y poli\u00e9ster<\/p>\n<\/li>\n<li data-section-id=\"lsqcu\" data-start=\"1278\" data-end=\"1336\">\n<p data-start=\"1280\" data-end=\"1336\">Costura de telas medianas para confecci\u00f3n y modister\u00eda<\/p>\n<\/li>\n<li data-section-id=\"nsmsnd\" data-start=\"1337\" data-end=\"1408\">\n<p data-start=\"1339\" data-end=\"1408\">Costura de telas gruesas como denim, lona o materiales industriales<\/p>\n<\/li>\n<li data-section-id=\"1h2sr18\" data-start=\"1409\" data-end=\"1457\">\n<p data-start=\"1411\" data-end=\"1457\">Proyectos de costura dom\u00e9stica y profesional<\/p>\n<\/li>\n<\/ul>\n<p data-start=\"1459\" data-end=\"1574\">Elegir el tama\u00f1o correcto de aguja ayuda a mejorar el rendimiento de la m\u00e1quina y prolonga la vida \u00fatil del equipo.<\/p>\n<h2 data-section-id=\"z5awvx\" data-start=\"1576\" data-end=\"1631\">Repuestos y accesorios para m\u00e1quinas de coser Singer<\/h2>\n<p data-start=\"1633\" data-end=\"1807\">Adem\u00e1s de <strong data-start=\"1643\" data-end=\"1683\">agujas para m\u00e1quinas de coser Singer<\/strong>, tambi\u00e9n contamos con una amplia variedad de repuestos y accesorios para el mantenimiento de m\u00e1quinas de coser, incluyendo:<\/p>\n<ul data-start=\"1809\" data-end=\"1992\">\n<li data-section-id=\"1v4v0g4\" data-start=\"1809\" data-end=\"1843\">\n<p data-start=\"1811\" data-end=\"1843\">Bobinas para m\u00e1quinas de coser<\/p>\n<\/li>\n<li data-section-id=\"1bks5p8\" data-start=\"1844\" data-end=\"1859\">\n<p data-start=\"1846\" data-end=\"1859\">Prensatelas<\/p>\n<\/li>\n<li data-section-id=\"15g1u53\" data-start=\"1860\" data-end=\"1881\">\n<p data-start=\"1862\" data-end=\"1881\">Correas y motores<\/p>\n<\/li>\n<li data-section-id=\"1nnal0h\" data-start=\"1882\" data-end=\"1915\">\n<p data-start=\"1884\" data-end=\"1915\">Aceite para m\u00e1quinas de coser<\/p>\n<\/li>\n<li data-section-id=\"1phn7wt\" data-start=\"1916\" data-end=\"1938\">\n<p data-start=\"1918\" data-end=\"1938\">Portaconos de hilo<\/p>\n<\/li>\n<li data-section-id=\"1pn4t0j\" data-start=\"1939\" data-end=\"1992\">\n<p data-start=\"1941\" data-end=\"1992\">Repuestos para m\u00e1quinas industriales y dom\u00e9sticas<\/p>\n<\/li>\n<\/ul>\n<p data-start=\"1994\" data-end=\"2088\">Nuestro objetivo es ofrecer soluciones completas para el sector de la costura y la confecci\u00f3n.<\/p>\n<h2 data-section-id=\"1x54wrn\" data-start=\"2090\" data-end=\"2136\">Venta de agujas Singer cerca de ti en Miami<\/h2>\n<p data-start=\"2138\" data-end=\"2350\">If you are looking for <strong data-start=\"2156\" data-end=\"2224\">agujas para m\u00e1quina de coser Singer cerca de m\u00ed en Miami Florida<\/strong>, en nuestra tienda encontrar\u00e1s productos de calidad y asesor\u00eda para elegir la aguja correcta seg\u00fan tu m\u00e1quina y tipo de tela.<\/p>\n<p data-start=\"2352\" data-end=\"2524\">Atendemos a <strong data-start=\"2364\" data-end=\"2437\">costureras, talleres de confecci\u00f3n, empresas textiles y emprendedores<\/strong>, ofreciendo repuestos confiables para mantener las m\u00e1quinas funcionando correctamente.<\/p>","protected":false},"excerpt":{"rendered":"<figure id=\"attachment_34340\" aria-describedby=\"caption-attachment-34340\" style=\"width: 300px\" class=\"wp-caption alignnone\"><img fetchpriority=\"high\" decoding=\"async\" class=\"wp-image-34340 size-medium\" src=\"https:\/\/orduzcolombia.s3.amazonaws.com\/2026\/03\/agujas-de-maquinas-de-coser-singer-300x300.jpg\" alt=\"Singer sewing machine needles near me in Miami Florida. Singer needles for sale for domestic and industrial sewing with spare parts and accessories.\" width=\"300\" height=\"300\" srcset=\"https:\/\/orduzcolombia.s3.amazonaws.com\/2026\/03\/agujas-de-maquinas-de-coser-singer.jpg 300w, https:\/\/orduzcolombia.s3.amazonaws.com\/2026\/03\/agujas-de-maquinas-de-coser-singer.jpg 1024w, https:\/\/orduzcolombia.s3.amazonaws.com\/2026\/03\/agujas-de-maquinas-de-coser-singer.jpg 150w, https:\/\/orduzcolombia.s3.amazonaws.com\/2026\/03\/agujas-de-maquinas-de-coser-singer.jpg 768w, https:\/\/orduzcolombia.s3.amazonaws.com\/2026\/03\/agujas-de-maquinas-de-coser-singer.jpg 1536w, https:\/\/orduzcolombia.s3.amazonaws.com\/2026\/03\/agujas-de-maquinas-de-coser-singer.jpg 500w, https:\/\/orduzcolombia.s3.amazonaws.com\/2026\/03\/agujas-de-maquinas-de-coser-singer.jpg 2000w, https:\/\/orduzcolombia.s3.amazonaws.com\/2026\/03\/agujas-de-maquinas-de-coser-singer.jpg 100w, https:\/\/orduzcolombia.s3.amazonaws.com\/2026\/03\/agujas-de-maquinas-de-coser-singer.jpg 2048w\" sizes=\"(max-width: 300px) 100vw, 300px\" \/><figcaption id=\"caption-attachment-34340\" class=\"wp-caption-text\">Singer sewing machine needles available in Miami Florida, ideal for domestic and industrial sewing.<\/figcaption><\/figure>","protected":false},"featured_media":34340,"comment_status":"open","ping_status":"closed","template":"","meta":{"_acf_changed":false},"product_brand":[],"product_cat":[5499,5357],"product_tag":[361,5609,5611,5619,5590,5610,5582,5616,5585,5608,5615,5618,5620,5584,5583,5586,5587,5607,5617,5600,5596,2507,5606,5604,5595,3125,5593,5599,5613,5614,5605,5603,5594,358,5588,5602,5338,5192,5365,5598,5270,5601,5597,5312,5589,5612,5592,5591],"class_list":{"0":"post-34339","1":"product","2":"type-product","3":"status-publish","4":"has-post-thumbnail","6":"product_cat-agujas-de-maquinas-de-coser","7":"product_cat-repuestos-de-maquinas-de-coser","8":"product_tag-accesorios-para-maquinas-de-coser","9":"product_tag-agujas-de-repuesto-para-maquina-de-coser","10":"product_tag-agujas-para-bordadora","11":"product_tag-agujas-para-coser-tela","12":"product_tag-agujas-para-costura-profesional","13":"product_tag-agujas-para-maquina-de-coser-de-trabajo-pesado","14":"product_tag-agujas-para-maquina-de-coser-singer","15":"product_tag-agujas-para-maquinas-de-coser-caseras","16":"product_tag-agujas-para-maquinas-de-coser-cerca-de-mi","17":"product_tag-agujas-para-maquinas-de-coser-domesticas","18":"product_tag-agujas-para-maquinas-de-coser-industriales","19":"product_tag-agujas-para-quilting","20":"product_tag-agujas-profesionales-para-maquina-de-coser-","21":"product_tag-agujas-singer-miami-florida","22":"product_tag-agujas-singer-para-costura","23":"product_tag-agujas-singer-para-maquinas-domesticas","24":"product_tag-agujas-singer-para-maquinas-industriales","25":"product_tag-agujas-universales-para-maquina-de-coser","26":"product_tag-articulos-de-costura","27":"product_tag-domestic-sewing-machine-needles","28":"product_tag-embroidery-machine-needles","29":"product_tag-equipos-de-costura","30":"product_tag-espanol-agujas-para-maquina-de-coser","31":"product_tag-fabric-sewing-needles","32":"product_tag-heavy-duty-sewing-machine-needles","33":"product_tag-herramientas-de-costura","34":"product_tag-home-sewing-machine-needles","35":"product_tag-industrial-sewing-machine-needles","36":"product_tag-piezas-de-reemplazo-para-maquinas-de-coser","37":"product_tag-piezas-de-reparacion-para-maquinas-de-coser","38":"product_tag-professional-sewing-machine-needles-","39":"product_tag-quilting-needles","40":"product_tag-replacement-sewing-machine-needles","41":"product_tag-repuestos-para-maquinas-de-coser","42":"product_tag-repuestos-para-maquinas-de-coser-singer","43":"product_tag-sewing-equipment","44":"product_tag-sewing-machine-accessories","45":"product_tag-sewing-machine-needles","46":"product_tag-sewing-machine-parts","47":"product_tag-sewing-machine-repair-parts","48":"product_tag-sewing-machine-replacement-parts","49":"product_tag-sewing-notions","50":"product_tag-sewing-supplies","51":"product_tag-sewing-tools","52":"product_tag-singer-sewing-machine-needles","53":"product_tag-suministros-de-costura","54":"product_tag-universal-sewing-machine-needles","55":"product_tag-venta-de-agujas-singer-en-miami-estados-unidos","57":"first","58":"instock","59":"sale","60":"shipping-taxable","61":"purchasable","62":"product-type-simple"},"acf":[],"yoast_head":"<!-- This site is optimized with the Yoast SEO Premium plugin v25.7.1 (Yoast SEO v27.4) - https:\/\/yoast.com\/product\/yoast-seo-premium-wordpress\/ -->\n<title>Agujas para M\u00e1quina de Coser Singer<\/title>\n<meta name=\"description\" content=\"Agujas para m\u00e1quina de coser Singer cerca de m\u00ed en Miami Florida. Venta de agujas Singer para costura dom\u00e9stica e industrial con repuestos y accesorios.\" \/>\n<meta name=\"robots\" content=\"index, follow, max-snippet:-1, max-image-preview:large, max-video-preview:-1\" \/>\n<link rel=\"canonical\" href=\"https:\/\/orduz-usa.com\/en\/product\/agujas-para-maquina-de-coser-singer-cerca-de-mi-miami-florida-2045\/\" \/>\n<meta property=\"og:locale\" content=\"en_US\" \/>\n<meta property=\"og:type\" content=\"article\" \/>\n<meta property=\"og:title\" content=\"Agujas para M\u00e1quina de Coser Singer Cerca de M\u00ed \u2013 Miami Florida 2045\" \/>\n<meta property=\"og:description\" content=\"Agujas para m\u00e1quina de coser Singer cerca de m\u00ed en Miami Florida. Venta de agujas Singer para costura dom\u00e9stica e industrial con repuestos y accesorios.\" \/>\n<meta property=\"og:url\" content=\"https:\/\/orduz-usa.com\/en\/product\/agujas-para-maquina-de-coser-singer-cerca-de-mi-miami-florida-2045\/\" \/>\n<meta property=\"og:site_name\" content=\"Orduz USA\" \/>\n<meta property=\"article:modified_time\" content=\"2026-03-13T13:34:17+00:00\" \/>\n<meta property=\"og:image\" content=\"https:\/\/orduzcolombia.s3.amazonaws.com\/2026\/03\/agujas-de-maquinas-de-coser-singer.jpg\" \/>\n\t<meta property=\"og:image:width\" content=\"2048\" \/>\n\t<meta property=\"og:image:height\" content=\"2048\" \/>\n\t<meta property=\"og:image:type\" content=\"image\/jpeg\" \/>\n<meta name=\"twitter:card\" content=\"summary_large_image\" \/>\n<meta name=\"twitter:label1\" content=\"Est. reading time\" \/>\n\t<meta name=\"twitter:data1\" content=\"2 minutes\" \/>\n<script type=\"application\/ld+json\" class=\"yoast-schema-graph\">{\"@context\":\"https:\\\/\\\/schema.org\",\"@graph\":[{\"@type\":\"WebPage\",\"@id\":\"https:\\\/\\\/orduz-usa.com\\\/producto\\\/agujas-para-maquina-de-coser-singer-cerca-de-mi-miami-florida-2045\\\/\",\"url\":\"https:\\\/\\\/orduz-usa.com\\\/producto\\\/agujas-para-maquina-de-coser-singer-cerca-de-mi-miami-florida-2045\\\/\",\"name\":\"Agujas para M\u00e1quina de Coser Singer\",\"isPartOf\":{\"@id\":\"https:\\\/\\\/orduz-usa.com\\\/#website\"},\"primaryImageOfPage\":{\"@id\":\"https:\\\/\\\/orduz-usa.com\\\/producto\\\/agujas-para-maquina-de-coser-singer-cerca-de-mi-miami-florida-2045\\\/#primaryimage\"},\"image\":{\"@id\":\"https:\\\/\\\/orduz-usa.com\\\/producto\\\/agujas-para-maquina-de-coser-singer-cerca-de-mi-miami-florida-2045\\\/#primaryimage\"},\"thumbnailUrl\":\"https:\\\/\\\/orduzcolombia.s3.amazonaws.com\\\/2026\\\/03\\\/agujas-de-maquinas-de-coser-singer.jpg\",\"datePublished\":\"2026-03-08T01:50:33+00:00\",\"dateModified\":\"2026-03-13T13:34:17+00:00\",\"description\":\"Agujas para m\u00e1quina de coser Singer cerca de m\u00ed en Miami Florida. Venta de agujas Singer para costura dom\u00e9stica e industrial con repuestos y accesorios.\",\"breadcrumb\":{\"@id\":\"https:\\\/\\\/orduz-usa.com\\\/producto\\\/agujas-para-maquina-de-coser-singer-cerca-de-mi-miami-florida-2045\\\/#breadcrumb\"},\"inLanguage\":\"en-US\",\"potentialAction\":[{\"@type\":\"ReadAction\",\"target\":[\"https:\\\/\\\/orduz-usa.com\\\/producto\\\/agujas-para-maquina-de-coser-singer-cerca-de-mi-miami-florida-2045\\\/\"]}]},{\"@type\":\"ImageObject\",\"inLanguage\":\"en-US\",\"@id\":\"https:\\\/\\\/orduz-usa.com\\\/producto\\\/agujas-para-maquina-de-coser-singer-cerca-de-mi-miami-florida-2045\\\/#primaryimage\",\"url\":\"https:\\\/\\\/orduzcolombia.s3.amazonaws.com\\\/2026\\\/03\\\/agujas-de-maquinas-de-coser-singer.jpg\",\"contentUrl\":\"https:\\\/\\\/orduzcolombia.s3.amazonaws.com\\\/2026\\\/03\\\/agujas-de-maquinas-de-coser-singer.jpg\",\"width\":2048,\"height\":2048,\"caption\":\"Agujas para m\u00e1quina de coser Singer disponibles en Miami Florida, ideales para costura dom\u00e9stica e industrial.\"},{\"@type\":\"BreadcrumbList\",\"@id\":\"https:\\\/\\\/orduz-usa.com\\\/producto\\\/agujas-para-maquina-de-coser-singer-cerca-de-mi-miami-florida-2045\\\/#breadcrumb\",\"itemListElement\":[{\"@type\":\"ListItem\",\"position\":1,\"name\":\"Portada\",\"item\":\"https:\\\/\\\/orduz-usa.com\\\/\"},{\"@type\":\"ListItem\",\"position\":2,\"name\":\"Tienda\",\"item\":\"https:\\\/\\\/orduz-usa.com\\\/shop-venta-maquinas-de-coser-singer-orduz-u-s-a-miami-florida\\\/\"},{\"@type\":\"ListItem\",\"position\":3,\"name\":\"Agujas para M\u00e1quina de Coser Singer Cerca de M\u00ed \u2013 Miami Florida 2045\"}]},{\"@type\":\"WebSite\",\"@id\":\"https:\\\/\\\/orduz-usa.com\\\/#website\",\"url\":\"https:\\\/\\\/orduz-usa.com\\\/\",\"name\":\"orduzcolombia\",\"description\":\"Maquinas de Coser INDUSTRIALES Y FAMILIARES\",\"publisher\":{\"@id\":\"https:\\\/\\\/orduz-usa.com\\\/#organization\"},\"alternateName\":\"Maquinas de Coser Orduz\",\"potentialAction\":[{\"@type\":\"SearchAction\",\"target\":{\"@type\":\"EntryPoint\",\"urlTemplate\":\"https:\\\/\\\/orduz-usa.com\\\/?s={search_term_string}\"},\"query-input\":{\"@type\":\"PropertyValueSpecification\",\"valueRequired\":true,\"valueName\":\"search_term_string\"}}],\"inLanguage\":\"en-US\"},{\"@type\":\"Organization\",\"@id\":\"https:\\\/\\\/orduz-usa.com\\\/#organization\",\"name\":\"Orduz Colombia\",\"alternateName\":\"Maquinas de Coser Orduz\",\"url\":\"https:\\\/\\\/orduz-usa.com\\\/\",\"logo\":{\"@type\":\"ImageObject\",\"inLanguage\":\"en-US\",\"@id\":\"https:\\\/\\\/orduz-usa.com\\\/#\\\/schema\\\/logo\\\/image\\\/\",\"url\":\"https:\\\/\\\/i0.wp.com\\\/orduzcolombia.com\\\/wp-content\\\/uploads\\\/2024\\\/10\\\/logo-orduz-isotipo.jpg?fit=269%2C259&ssl=1\",\"contentUrl\":\"https:\\\/\\\/i0.wp.com\\\/orduzcolombia.com\\\/wp-content\\\/uploads\\\/2024\\\/10\\\/logo-orduz-isotipo.jpg?fit=269%2C259&ssl=1\",\"width\":269,\"height\":259,\"caption\":\"Orduz Colombia\"},\"image\":{\"@id\":\"https:\\\/\\\/orduz-usa.com\\\/#\\\/schema\\\/logo\\\/image\\\/\"}}]}<\/script>\n<!-- \/ Yoast SEO Premium plugin. -->","yoast_head_json":{"title":"Agujas para M\u00e1quina de Coser Singer","description":"Singer sewing machine needles near me in Miami Florida. Singer needles for sale for domestic and industrial sewing with spare parts and accessories.","robots":{"index":"index","follow":"follow","max-snippet":"max-snippet:-1","max-image-preview":"max-image-preview:large","max-video-preview":"max-video-preview:-1"},"canonical":"https:\/\/orduz-usa.com\/en\/product\/agujas-para-maquina-de-coser-singer-cerca-de-mi-miami-florida-2045\/","og_locale":"en_US","og_type":"article","og_title":"Agujas para M\u00e1quina de Coser Singer Cerca de M\u00ed \u2013 Miami Florida 2045","og_description":"Agujas para m\u00e1quina de coser Singer cerca de m\u00ed en Miami Florida. Venta de agujas Singer para costura dom\u00e9stica e industrial con repuestos y accesorios.","og_url":"https:\/\/orduz-usa.com\/en\/product\/agujas-para-maquina-de-coser-singer-cerca-de-mi-miami-florida-2045\/","og_site_name":"Orduz USA","article_modified_time":"2026-03-13T13:34:17+00:00","og_image":[{"width":2048,"height":2048,"url":"https:\/\/orduzcolombia.s3.amazonaws.com\/2026\/03\/agujas-de-maquinas-de-coser-singer.jpg","type":"image\/jpeg"}],"twitter_card":"summary_large_image","twitter_misc":{"Est. reading time":"2 minutes"},"schema":{"@context":"https:\/\/schema.org","@graph":[{"@type":"WebPage","@id":"https:\/\/orduz-usa.com\/producto\/agujas-para-maquina-de-coser-singer-cerca-de-mi-miami-florida-2045\/","url":"https:\/\/orduz-usa.com\/producto\/agujas-para-maquina-de-coser-singer-cerca-de-mi-miami-florida-2045\/","name":"Agujas para M\u00e1quina de Coser Singer","isPartOf":{"@id":"https:\/\/orduz-usa.com\/#website"},"primaryImageOfPage":{"@id":"https:\/\/orduz-usa.com\/producto\/agujas-para-maquina-de-coser-singer-cerca-de-mi-miami-florida-2045\/#primaryimage"},"image":{"@id":"https:\/\/orduz-usa.com\/producto\/agujas-para-maquina-de-coser-singer-cerca-de-mi-miami-florida-2045\/#primaryimage"},"thumbnailUrl":"https:\/\/orduzcolombia.s3.amazonaws.com\/2026\/03\/agujas-de-maquinas-de-coser-singer.jpg","datePublished":"2026-03-08T01:50:33+00:00","dateModified":"2026-03-13T13:34:17+00:00","description":"Singer sewing machine needles near me in Miami Florida. Singer needles for sale for domestic and industrial sewing with spare parts and accessories.","breadcrumb":{"@id":"https:\/\/orduz-usa.com\/producto\/agujas-para-maquina-de-coser-singer-cerca-de-mi-miami-florida-2045\/#breadcrumb"},"inLanguage":"en-US","potentialAction":[{"@type":"ReadAction","target":["https:\/\/orduz-usa.com\/producto\/agujas-para-maquina-de-coser-singer-cerca-de-mi-miami-florida-2045\/"]}]},{"@type":"ImageObject","inLanguage":"en-US","@id":"https:\/\/orduz-usa.com\/producto\/agujas-para-maquina-de-coser-singer-cerca-de-mi-miami-florida-2045\/#primaryimage","url":"https:\/\/orduzcolombia.s3.amazonaws.com\/2026\/03\/agujas-de-maquinas-de-coser-singer.jpg","contentUrl":"https:\/\/orduzcolombia.s3.amazonaws.com\/2026\/03\/agujas-de-maquinas-de-coser-singer.jpg","width":2048,"height":2048,"caption":"Agujas para m\u00e1quina de coser Singer disponibles en Miami Florida, ideales para costura dom\u00e9stica e industrial."},{"@type":"BreadcrumbList","@id":"https:\/\/orduz-usa.com\/producto\/agujas-para-maquina-de-coser-singer-cerca-de-mi-miami-florida-2045\/#breadcrumb","itemListElement":[{"@type":"ListItem","position":1,"name":"Portada","item":"https:\/\/orduz-usa.com\/"},{"@type":"ListItem","position":2,"name":"Tienda","item":"https:\/\/orduz-usa.com\/shop-venta-maquinas-de-coser-singer-orduz-u-s-a-miami-florida\/"},{"@type":"ListItem","position":3,"name":"Agujas para M\u00e1quina de Coser Singer Cerca de M\u00ed \u2013 Miami Florida 2045"}]},{"@type":"WebSite","@id":"https:\/\/orduz-usa.com\/#website","url":"https:\/\/orduz-usa.com\/","name":"orduzcolombia","description":"INDUSTRIAL AND FAMILY SEWING MACHINES","publisher":{"@id":"https:\/\/orduz-usa.com\/#organization"},"alternateName":"Maquinas de Coser Orduz","potentialAction":[{"@type":"SearchAction","target":{"@type":"EntryPoint","urlTemplate":"https:\/\/orduz-usa.com\/?s={search_term_string}"},"query-input":{"@type":"PropertyValueSpecification","valueRequired":true,"valueName":"search_term_string"}}],"inLanguage":"en-US"},{"@type":"Organization","@id":"https:\/\/orduz-usa.com\/#organization","name":"Orduz Colombia","alternateName":"Maquinas de Coser Orduz","url":"https:\/\/orduz-usa.com\/","logo":{"@type":"ImageObject","inLanguage":"en-US","@id":"https:\/\/orduz-usa.com\/#\/schema\/logo\/image\/","url":"https:\/\/i0.wp.com\/orduzcolombia.com\/wp-content\/uploads\/2024\/10\/logo-orduz-isotipo.jpg?fit=269%2C259&ssl=1","contentUrl":"https:\/\/i0.wp.com\/orduzcolombia.com\/wp-content\/uploads\/2024\/10\/logo-orduz-isotipo.jpg?fit=269%2C259&ssl=1","width":269,"height":259,"caption":"Orduz Colombia"},"image":{"@id":"https:\/\/orduz-usa.com\/#\/schema\/logo\/image\/"}}]}},"_links":{"self":[{"href":"https:\/\/orduz-usa.com\/en\/wp-json\/wp\/v2\/product\/34339","targetHints":{"allow":["GET"]}}],"collection":[{"href":"https:\/\/orduz-usa.com\/en\/wp-json\/wp\/v2\/product"}],"about":[{"href":"https:\/\/orduz-usa.com\/en\/wp-json\/wp\/v2\/types\/product"}],"replies":[{"embeddable":true,"href":"https:\/\/orduz-usa.com\/en\/wp-json\/wp\/v2\/comments?post=34339"}],"version-history":[{"count":2,"href":"https:\/\/orduz-usa.com\/en\/wp-json\/wp\/v2\/product\/34339\/revisions"}],"predecessor-version":[{"id":34342,"href":"https:\/\/orduz-usa.com\/en\/wp-json\/wp\/v2\/product\/34339\/revisions\/34342"}],"wp:featuredmedia":[{"embeddable":true,"href":"https:\/\/orduz-usa.com\/en\/wp-json\/wp\/v2\/media\/34340"}],"wp:attachment":[{"href":"https:\/\/orduz-usa.com\/en\/wp-json\/wp\/v2\/media?parent=34339"}],"wp:term":[{"taxonomy":"product_brand","embeddable":true,"href":"https:\/\/orduz-usa.com\/en\/wp-json\/wp\/v2\/product_brand?post=34339"},{"taxonomy":"product_cat","embeddable":true,"href":"https:\/\/orduz-usa.com\/en\/wp-json\/wp\/v2\/product_cat?post=34339"},{"taxonomy":"product_tag","embeddable":true,"href":"https:\/\/orduz-usa.com\/en\/wp-json\/wp\/v2\/product_tag?post=34339"}],"curies":[{"name":"wp","href":"https:\/\/api.w.org\/{rel}","templated":true}]}}