{"id":34574,"date":"2026-04-28T10:06:56","date_gmt":"2026-04-28T15:06:56","guid":{"rendered":"https:\/\/orduz-usa.com\/?post_type=product&#038;p=34574"},"modified":"2026-04-28T10:55:22","modified_gmt":"2026-04-28T15:55:22","slug":"maquina-de-coser-1409-multifuncional-domestica-electrica-pequena-venta-de-singer","status":"publish","type":"product","link":"https:\/\/orduz-usa.com\/en\/producto\/maquina-de-coser-1409-multifuncional-domestica-electrica-pequena-venta-de-singer\/","title":{"rendered":"1409 multifunctional home sewing machine small electric sewing machine for sale from singer"},"content":{"rendered":"<h2 data-section-id=\"1m1v428\" data-start=\"0\" data-end=\"99\">\ud83e\uddf5 M\u00e1quina de Coser 1409 Multifuncional Dom\u00e9stica El\u00e9ctrica \u2013 Compacta, Pr\u00e1ctica y F\u00e1cil de Usar<\/h2>\n<div class=\"no-scrollbar flex min-h-36 flex-nowrap gap-0.5 overflow-auto sm:gap-1 sm:overflow-hidden xl:min-h-44 mt-1 mb-5 not-first:mt-4\">\n<div class=\"border-token-border-default relative w-32 shrink-0 overflow-hidden rounded-xl border-[0.5px] md:shrink max-h-64 sm:w-[calc((100%-0.5rem)\/3)] rounded-s-xl\">\n<div class=\"group\/search-image @container\/search-image relative rounded-[inherit] h-full w-full\">\n<div><img decoding=\"async\" class=\"bg-token-main-surface-tertiary m-0 h-full w-full object-cover\" src=\"https:\/\/images.openai.com\/static-rsc-4\/oMuzNMTOEdSTKefOHzT-r5xULntHEGsm3KwCvCkhS8QUEPE6hrMjOslAS84Epevaf79JSGZN7qKflUvPaBXYKri6B8-xM09W0uAxUPAel0dVJZYRB5aR-ZfcTvF31Z_3SVYIublTr6tB2m75ajtLFiycSIsgfi_L9HIevP3TZ8U?purpose=inline\" alt=\"https:\/\/images.openai.com\/static-rsc-4\/VkD1tn23q7JOXFOX0hzDgM2JZO6meOVsrOIMccsfYNubGHcvbj4F32Wmu1oDpAM0mpybwLVhf-zo8k0S5nx8rmcmMHo66tIyJR7ewZ72pI8W22cdJoGZJsF7HkVm03cM_pMZKE93MxQCP4V4Hqil5HPo1XECOO0KVrCqGrvZiVyR5-wQYjBpNtluqyYeIYm0?purpose=fullsize\" \/><\/div>\n<\/div>\n<\/div>\n<div class=\"border-token-border-default relative w-32 shrink-0 overflow-hidden rounded-xl border-[0.5px] md:shrink max-h-64 sm:w-[calc((100%-0.5rem)\/3)]\">\n<div class=\"group\/search-image @container\/search-image relative rounded-[inherit] h-full w-full\">\n<div><img decoding=\"async\" class=\"bg-token-main-surface-tertiary m-0 h-full w-full object-cover\" src=\"https:\/\/images.openai.com\/static-rsc-4\/fwTR6Qc6E2ZCUSw5CUVIdxPI32PTzV_8rRUUgSlD-mJ0sD87O9qVVbXxw7YXyggqVRPvkbioLSMYxdMEuWGdhLUtaxja_0XRs2XQyVt68OtxgSI4BQnES0xURGQy9Jr1GCJo1tOpo834jGtYccwjND_k3TqkAC1mj5SyR2CxxEE?purpose=inline\" alt=\"https:\/\/images.openai.com\/static-rsc-4\/RvPU4_UJ98oUX_4Cqjml6NL8hJ7vhXtQmqTMWOOrAb2Cs1Atg-XvRYorozzygGPLcCbrerHHWj5mu6uHTelZI2s4_-z5Djb0E5e-iKkG48HHIG274E2JOkyrAOMPCO-PbhvfHBhBmrOehRUoQBO6PRp_NvcxwCvTCx7O4jgXifJZznGRPXlSa-Q859z504qk?purpose=fullsize\" \/><\/div>\n<\/div>\n<\/div>\n<div class=\"border-token-border-default relative w-32 shrink-0 overflow-hidden rounded-xl border-[0.5px] md:shrink max-h-64 sm:w-[calc((100%-0.5rem)\/3)] rounded-e-xl\">\n<div class=\"group\/search-image @container\/search-image relative rounded-[inherit] h-full w-full\">\n<div><img decoding=\"async\" class=\"bg-token-main-surface-tertiary m-0 h-full w-full object-cover\" src=\"https:\/\/images.openai.com\/static-rsc-4\/JOKyPwV_-kTxc-5QfFaGkZxPp77AQDiMDjM5R5J4-XAnxCVfFrhnB-eA_1n3t5mPaUlp8zy2vG0a41FwEWSPdiBSkYXmn44PAElAG7_-GJDcyN5jgDngVjzmjVL6T3WWNGfK8v0bauX2XW0VyDSygbnBFTL8PJvz5sZFTZdBIGs?purpose=inline\" alt=\"https:\/\/images.openai.com\/static-rsc-4\/2j7oZPEUI2tZ9L5Booe7_j7lA-8M5oc_CO2FKoJvUXKyQ2m6iBuFOKb0C083_BiYHidOjRQs9RTegVF0o5gNWNJ0FH53xCg2Cd2UoZKMArUJ--s9ws5zuKKHoNYDAIVCR0Rr0_IFnuJ5CTSTZgyGYF-EgVF8JzUa11B81cg_eCiOjco15IEcuyGMKwsN-I1-?purpose=fullsize\" \/><\/div>\n<div class=\"pointer-events-none absolute inset-x-2 bottom-2 z-0 flex max-w-[calc(100%-1rem)] flex-wrap items-end justify-end gap-1.5\">\n<div class=\"shrink-0\">\n<div class=\"flex items-center gap-1 rounded-full px-2 py-1.5 text-white backdrop-blur-md backdrop-brightness-75\"><span class=\"text-xs font-semibold\">6<\/span><\/div>\n<\/div>\n<\/div>\n<\/div>\n<\/div>\n<\/div>\n<p data-start=\"143\" data-end=\"452\">The <strong data-start=\"146\" data-end=\"184\">Singer 1409 Promise Sewing Machine<\/strong> es una excelente opci\u00f3n para quienes buscan una <strong data-start=\"233\" data-end=\"297\">m\u00e1quina de coser compacta, funcional y f\u00e1cil de usar en casa<\/strong>. Dise\u00f1ada para principiantes y usuarios intermedios, ofrece las funciones necesarias para realizar proyectos de costura con comodidad y buenos resultados.<\/p>\n<p data-start=\"454\" data-end=\"670\">Su dise\u00f1o es ligero y port\u00e1til. Puedes moverla f\u00e1cilmente o guardarla sin ocupar mucho espacio. Es perfecta para hogares, peque\u00f1os talleres o personas que desean comenzar en el mundo de la costura sin complicaciones.<\/p>\n<p data-start=\"672\" data-end=\"961\">Esta m\u00e1quina cuenta con <strong data-start=\"696\" data-end=\"733\">puntadas esenciales y decorativas<\/strong>, ideales para arreglos, confecci\u00f3n b\u00e1sica y proyectos creativos. Permite trabajar diferentes tipos de tela, desde prendas ligeras hasta materiales de grosor medio. Su sistema mec\u00e1nico es sencillo, lo que facilita el uso diario.<\/p>\n<p data-start=\"963\" data-end=\"1172\">Incluye selector de puntadas f\u00e1cil de usar. Tambi\u00e9n dispone de funci\u00f3n de retroceso para reforzar costuras. Su iluminaci\u00f3n integrada mejora la visibilidad al trabajar, logrando mayor precisi\u00f3n en cada puntada.<\/p>\n<p data-start=\"1174\" data-end=\"1359\">El enhebrado es r\u00e1pido y pr\u00e1ctico. Esto ahorra tiempo, especialmente para quienes est\u00e1n comenzando. Adem\u00e1s, su funcionamiento es estable y confiable, ideal para uso dom\u00e9stico frecuente.<\/p>\n<p data-start=\"1174\" data-end=\"1359\"><a href=\"https:\/\/api.whatsapp.com\/send?phone=16452480366\">whatsapp.<\/a><\/p>\n<p data-start=\"1174\" data-end=\"1359\"><a href=\"https:\/\/orduz-usa.com\/en\/servicio-tecnico-reparacion-maquinas-de-coser-usa-rapido\/\">Where to Buy Sewing Machines in Miami | Singer, Juki, Janome with Guarantee and Good Price<\/a><\/p>","protected":false},"excerpt":{"rendered":"<p>\ud83e\uddf5 M\u00e1quina de Coser 1409 Multifuncional Dom\u00e9stica El\u00e9ctrica \u2013 Compacta, Pr\u00e1ctica y F\u00e1cil de Usar 6 La Singer 1409 Promise Sewing Machine es una excelente opci\u00f3n para quienes buscan una<\/p>","protected":false},"featured_media":34576,"comment_status":"open","ping_status":"closed","template":"","meta":{"_acf_changed":false},"product_brand":[417],"product_cat":[5621,5766,5622],"product_tag":[5770,5802,5786,5803,5772,5815,5774,5793,5791,5794,5799,5778,5796,5782,5810,5385,5785,5792,5781,5773,5795,5392,5376,5814,5377,5779,5811,5809,5812,5800,5804,5801,5798,5369,5787,5797,5769,5808,5789,5768,5788,5776,5777,5383,5806,5805,5783,5784,5771,5775,5816,5767,5807,5790,5813,5375,5780],"class_list":{"0":"post-34574","1":"product","2":"type-product","3":"status-publish","4":"has-post-thumbnail","6":"product_brand-singer","7":"product_cat-maquinas-de-coser-familiares","8":"product_cat-singer-maquinas-de-coser","9":"product_cat-venta-de-maquinas-de-coser-en-estados-unidos-brother","10":"product_tag-accesorios-de-maquinas-de-coser-miami","11":"product_tag-agujas-para-maquinas-de-coser-miami","12":"product_tag-arreglo-de-maquinas-de-coser-cerca-de-mi","13":"product_tag-bobinas-para-maquinas-de-coser-miami","14":"product_tag-bordadoras-en-venta-miami","15":"product_tag-bordadoras-profesionales-en-miami","16":"product_tag-comprar-maquina-de-coser-en-miami","17":"product_tag-cortadora-de-tela-electrica-miami","18":"product_tag-cortadoras-de-tela-en-miami-florida","19":"product_tag-cortadoras-de-tela-para-confeccion","20":"product_tag-cuchillas-para-cortadoras-de-tela","21":"product_tag-embroidery-machines-miami","22":"product_tag-equipos-de-corte-textil-miami","23":"product_tag-equipos-para-confeccion-miami","24":"product_tag-equipos-para-reparacion-de-ropa","25":"product_tag-industrial-sewing-machines-miami","26":"product_tag-mantenimiento-de-maquinas-de-coser-miami","27":"product_tag-maquina-cortadora-de-tela-industrial-miami","28":"product_tag-maquinaria-textil-en-miami","29":"product_tag-maquinas-de-bordar-miami-florida","30":"product_tag-maquinas-de-corte-textil-miami","31":"product_tag-maquinas-de-coser-brother-miami","32":"product_tag-maquinas-de-coser-miami-florida","33":"product_tag-maquinas-de-coser-nuevas-y-usadas-miami","34":"product_tag-maquinas-de-coser-singer-miami","35":"product_tag-maquinas-industriales-de-coser-miami","36":"product_tag-maquinas-para-arreglos-de-ropa-miami","37":"product_tag-maquinas-para-componer-textiles","38":"product_tag-maquinas-para-costura-domestica-y-profesional-miami","39":"product_tag-motores-para-maquinas-de-coser-miami","40":"product_tag-negocio-de-costura-miami","41":"product_tag-piezas-para-maquinas-de-coser-miami","42":"product_tag-reparacion-de-cortadoras-de-tela-miami","43":"product_tag-reparacion-de-maquinas-de-coser-en-miami","44":"product_tag-reparacion-rapida-maquinas-de-coser-miami","45":"product_tag-repuestos-para-cortadoras-de-tela","46":"product_tag-repuestos-para-maquinas-de-coser-en-miami","47":"product_tag-servicio-de-confeccion-y-reparacion-textil-miami","48":"product_tag-servicio-tecnico-brother-miami","49":"product_tag-servicio-tecnico-maquinas-de-coser-miami","50":"product_tag-servicio-tecnico-singer-miami","51":"product_tag-sewing-machine-repair-miami","52":"product_tag-sewing-machine-store-miami","53":"product_tag-sewing-machines-miami-florida","54":"product_tag-suministros-de-costura-miami","55":"product_tag-taller-de-confeccion-miami","56":"product_tag-taller-de-reparacion-de-maquinas-de-coser-miami","57":"product_tag-tecnicos-de-maquinas-de-coser-miami","58":"product_tag-tienda-de-bordadoras-en-miami","59":"product_tag-tienda-de-costura-cerca-de-mi-miami","60":"product_tag-tienda-de-maquinas-de-coser-con-repuestos-y-servicio-tecnico-en-miami","61":"product_tag-tienda-de-maquinas-de-coser-en-miami","62":"product_tag-tienda-textil-miami","63":"product_tag-venta-de-cortadoras-de-tela-miami","64":"product_tag-venta-de-maquinaria-de-costura-todas-las-marcas","65":"product_tag-venta-de-maquinas-de-coser-en-miami","66":"product_tag-venta-de-maquinas-industriales-miami","68":"first","69":"instock","70":"sale","71":"shipping-taxable","72":"purchasable","73":"product-type-simple"},"acf":[],"yoast_head":"<!-- This site is optimized with the Yoast SEO Premium plugin v25.7.1 (Yoast SEO v27.4) - https:\/\/yoast.com\/product\/yoast-seo-premium-wordpress\/ -->\n<title>M\u00e1quina de coser 1409 multifuncional dom\u00e9stica el\u00e9ctrica peque\u00f1a<\/title>\n<meta name=\"description\" content=\"Singer 1409 en venta. M\u00e1quina de coser dom\u00e9stica, peque\u00f1a y el\u00e9ctrica. Perfecta para principiantes. Entrega r\u00e1pida disponible.\" \/>\n<meta name=\"robots\" content=\"index, follow, max-snippet:-1, max-image-preview:large, max-video-preview:-1\" \/>\n<link rel=\"canonical\" href=\"https:\/\/orduz-usa.com\/en\/product\/maquina-de-coser-1409-multifuncional-domestica-electrica-pequena-venta-de-singer\/\" \/>\n<meta property=\"og:locale\" content=\"en_US\" \/>\n<meta property=\"og:type\" content=\"article\" \/>\n<meta property=\"og:title\" content=\"M\u00e1quina de coser 1409 multifuncional dom\u00e9stica el\u00e9ctrica peque\u00f1a venta de singer\" \/>\n<meta property=\"og:description\" content=\"Singer 1409 en venta. M\u00e1quina de coser dom\u00e9stica, peque\u00f1a y el\u00e9ctrica. Perfecta para principiantes. Entrega r\u00e1pida disponible.\" \/>\n<meta property=\"og:url\" content=\"https:\/\/orduz-usa.com\/en\/product\/maquina-de-coser-1409-multifuncional-domestica-electrica-pequena-venta-de-singer\/\" \/>\n<meta property=\"og:site_name\" content=\"Orduz USA\" \/>\n<meta property=\"article:modified_time\" content=\"2026-04-28T15:55:22+00:00\" \/>\n<meta property=\"og:image\" content=\"https:\/\/orduzcolombia.s3.amazonaws.com\/2026\/04\/Maquina-de-coser-1409-multifuncional-domestica-electrica-pequena-venta-de-singer.png\" \/>\n\t<meta property=\"og:image:width\" content=\"2000\" \/>\n\t<meta property=\"og:image:height\" content=\"2000\" \/>\n\t<meta property=\"og:image:type\" content=\"image\/png\" \/>\n<meta name=\"twitter:card\" content=\"summary_large_image\" \/>\n<meta name=\"twitter:label1\" content=\"Est. reading time\" \/>\n\t<meta name=\"twitter:data1\" content=\"2 minutes\" \/>\n<script type=\"application\/ld+json\" class=\"yoast-schema-graph\">{\"@context\":\"https:\\\/\\\/schema.org\",\"@graph\":[{\"@type\":\"WebPage\",\"@id\":\"https:\\\/\\\/orduz-usa.com\\\/producto\\\/maquina-de-coser-1409-multifuncional-domestica-electrica-pequena-venta-de-singer\\\/\",\"url\":\"https:\\\/\\\/orduz-usa.com\\\/producto\\\/maquina-de-coser-1409-multifuncional-domestica-electrica-pequena-venta-de-singer\\\/\",\"name\":\"M\u00e1quina de coser 1409 multifuncional dom\u00e9stica el\u00e9ctrica peque\u00f1a\",\"isPartOf\":{\"@id\":\"https:\\\/\\\/orduz-usa.com\\\/#website\"},\"primaryImageOfPage\":{\"@id\":\"https:\\\/\\\/orduz-usa.com\\\/producto\\\/maquina-de-coser-1409-multifuncional-domestica-electrica-pequena-venta-de-singer\\\/#primaryimage\"},\"image\":{\"@id\":\"https:\\\/\\\/orduz-usa.com\\\/producto\\\/maquina-de-coser-1409-multifuncional-domestica-electrica-pequena-venta-de-singer\\\/#primaryimage\"},\"thumbnailUrl\":\"https:\\\/\\\/orduzcolombia.s3.amazonaws.com\\\/2026\\\/04\\\/Maquina-de-coser-1409-multifuncional-domestica-electrica-pequena-venta-de-singer.png\",\"datePublished\":\"2026-04-28T15:06:56+00:00\",\"dateModified\":\"2026-04-28T15:55:22+00:00\",\"description\":\"Singer 1409 en venta. M\u00e1quina de coser dom\u00e9stica, peque\u00f1a y el\u00e9ctrica. Perfecta para principiantes. Entrega r\u00e1pida disponible.\",\"breadcrumb\":{\"@id\":\"https:\\\/\\\/orduz-usa.com\\\/producto\\\/maquina-de-coser-1409-multifuncional-domestica-electrica-pequena-venta-de-singer\\\/#breadcrumb\"},\"inLanguage\":\"en-US\",\"potentialAction\":[{\"@type\":\"ReadAction\",\"target\":[\"https:\\\/\\\/orduz-usa.com\\\/producto\\\/maquina-de-coser-1409-multifuncional-domestica-electrica-pequena-venta-de-singer\\\/\"]}]},{\"@type\":\"ImageObject\",\"inLanguage\":\"en-US\",\"@id\":\"https:\\\/\\\/orduz-usa.com\\\/producto\\\/maquina-de-coser-1409-multifuncional-domestica-electrica-pequena-venta-de-singer\\\/#primaryimage\",\"url\":\"https:\\\/\\\/orduzcolombia.s3.amazonaws.com\\\/2026\\\/04\\\/Maquina-de-coser-1409-multifuncional-domestica-electrica-pequena-venta-de-singer.png\",\"contentUrl\":\"https:\\\/\\\/orduzcolombia.s3.amazonaws.com\\\/2026\\\/04\\\/Maquina-de-coser-1409-multifuncional-domestica-electrica-pequena-venta-de-singer.png\",\"width\":2000,\"height\":2000,\"caption\":\"Singer 1409 disponible con entrega inmediata en Miami. Empieza a coser hoy mismo.\"},{\"@type\":\"BreadcrumbList\",\"@id\":\"https:\\\/\\\/orduz-usa.com\\\/producto\\\/maquina-de-coser-1409-multifuncional-domestica-electrica-pequena-venta-de-singer\\\/#breadcrumb\",\"itemListElement\":[{\"@type\":\"ListItem\",\"position\":1,\"name\":\"Portada\",\"item\":\"https:\\\/\\\/orduz-usa.com\\\/\"},{\"@type\":\"ListItem\",\"position\":2,\"name\":\"Tienda\",\"item\":\"https:\\\/\\\/orduz-usa.com\\\/shop-venta-maquinas-de-coser-singer-orduz-u-s-a-miami-florida\\\/\"},{\"@type\":\"ListItem\",\"position\":3,\"name\":\"M\u00e1quina de coser 1409 multifuncional dom\u00e9stica el\u00e9ctrica peque\u00f1a venta de singer\"}]},{\"@type\":\"WebSite\",\"@id\":\"https:\\\/\\\/orduz-usa.com\\\/#website\",\"url\":\"https:\\\/\\\/orduz-usa.com\\\/\",\"name\":\"orduzcolombia\",\"description\":\"Maquinas de Coser INDUSTRIALES Y FAMILIARES\",\"publisher\":{\"@id\":\"https:\\\/\\\/orduz-usa.com\\\/#organization\"},\"alternateName\":\"Maquinas de Coser Orduz\",\"potentialAction\":[{\"@type\":\"SearchAction\",\"target\":{\"@type\":\"EntryPoint\",\"urlTemplate\":\"https:\\\/\\\/orduz-usa.com\\\/?s={search_term_string}\"},\"query-input\":{\"@type\":\"PropertyValueSpecification\",\"valueRequired\":true,\"valueName\":\"search_term_string\"}}],\"inLanguage\":\"en-US\"},{\"@type\":\"Organization\",\"@id\":\"https:\\\/\\\/orduz-usa.com\\\/#organization\",\"name\":\"Orduz Colombia\",\"alternateName\":\"Maquinas de Coser Orduz\",\"url\":\"https:\\\/\\\/orduz-usa.com\\\/\",\"logo\":{\"@type\":\"ImageObject\",\"inLanguage\":\"en-US\",\"@id\":\"https:\\\/\\\/orduz-usa.com\\\/#\\\/schema\\\/logo\\\/image\\\/\",\"url\":\"https:\\\/\\\/i0.wp.com\\\/orduzcolombia.com\\\/wp-content\\\/uploads\\\/2024\\\/10\\\/logo-orduz-isotipo.jpg?fit=269%2C259&ssl=1\",\"contentUrl\":\"https:\\\/\\\/i0.wp.com\\\/orduzcolombia.com\\\/wp-content\\\/uploads\\\/2024\\\/10\\\/logo-orduz-isotipo.jpg?fit=269%2C259&ssl=1\",\"width\":269,\"height\":259,\"caption\":\"Orduz Colombia\"},\"image\":{\"@id\":\"https:\\\/\\\/orduz-usa.com\\\/#\\\/schema\\\/logo\\\/image\\\/\"}}]}<\/script>\n<!-- \/ Yoast SEO Premium plugin. -->","yoast_head_json":{"title":"M\u00e1quina de coser 1409 multifuncional dom\u00e9stica el\u00e9ctrica peque\u00f1a","description":"Singer 1409 en venta. M\u00e1quina de coser dom\u00e9stica, peque\u00f1a y el\u00e9ctrica. Perfecta para principiantes. Entrega r\u00e1pida disponible.","robots":{"index":"index","follow":"follow","max-snippet":"max-snippet:-1","max-image-preview":"max-image-preview:large","max-video-preview":"max-video-preview:-1"},"canonical":"https:\/\/orduz-usa.com\/en\/product\/maquina-de-coser-1409-multifuncional-domestica-electrica-pequena-venta-de-singer\/","og_locale":"en_US","og_type":"article","og_title":"M\u00e1quina de coser 1409 multifuncional dom\u00e9stica el\u00e9ctrica peque\u00f1a venta de singer","og_description":"Singer 1409 en venta. M\u00e1quina de coser dom\u00e9stica, peque\u00f1a y el\u00e9ctrica. Perfecta para principiantes. Entrega r\u00e1pida disponible.","og_url":"https:\/\/orduz-usa.com\/en\/product\/maquina-de-coser-1409-multifuncional-domestica-electrica-pequena-venta-de-singer\/","og_site_name":"Orduz USA","article_modified_time":"2026-04-28T15:55:22+00:00","og_image":[{"width":2000,"height":2000,"url":"https:\/\/orduzcolombia.s3.amazonaws.com\/2026\/04\/Maquina-de-coser-1409-multifuncional-domestica-electrica-pequena-venta-de-singer.png","type":"image\/png"}],"twitter_card":"summary_large_image","twitter_misc":{"Est. reading time":"2 minutes"},"schema":{"@context":"https:\/\/schema.org","@graph":[{"@type":"WebPage","@id":"https:\/\/orduz-usa.com\/producto\/maquina-de-coser-1409-multifuncional-domestica-electrica-pequena-venta-de-singer\/","url":"https:\/\/orduz-usa.com\/producto\/maquina-de-coser-1409-multifuncional-domestica-electrica-pequena-venta-de-singer\/","name":"M\u00e1quina de coser 1409 multifuncional dom\u00e9stica el\u00e9ctrica peque\u00f1a","isPartOf":{"@id":"https:\/\/orduz-usa.com\/#website"},"primaryImageOfPage":{"@id":"https:\/\/orduz-usa.com\/producto\/maquina-de-coser-1409-multifuncional-domestica-electrica-pequena-venta-de-singer\/#primaryimage"},"image":{"@id":"https:\/\/orduz-usa.com\/producto\/maquina-de-coser-1409-multifuncional-domestica-electrica-pequena-venta-de-singer\/#primaryimage"},"thumbnailUrl":"https:\/\/orduzcolombia.s3.amazonaws.com\/2026\/04\/Maquina-de-coser-1409-multifuncional-domestica-electrica-pequena-venta-de-singer.png","datePublished":"2026-04-28T15:06:56+00:00","dateModified":"2026-04-28T15:55:22+00:00","description":"Singer 1409 en venta. M\u00e1quina de coser dom\u00e9stica, peque\u00f1a y el\u00e9ctrica. Perfecta para principiantes. Entrega r\u00e1pida disponible.","breadcrumb":{"@id":"https:\/\/orduz-usa.com\/producto\/maquina-de-coser-1409-multifuncional-domestica-electrica-pequena-venta-de-singer\/#breadcrumb"},"inLanguage":"en-US","potentialAction":[{"@type":"ReadAction","target":["https:\/\/orduz-usa.com\/producto\/maquina-de-coser-1409-multifuncional-domestica-electrica-pequena-venta-de-singer\/"]}]},{"@type":"ImageObject","inLanguage":"en-US","@id":"https:\/\/orduz-usa.com\/producto\/maquina-de-coser-1409-multifuncional-domestica-electrica-pequena-venta-de-singer\/#primaryimage","url":"https:\/\/orduzcolombia.s3.amazonaws.com\/2026\/04\/Maquina-de-coser-1409-multifuncional-domestica-electrica-pequena-venta-de-singer.png","contentUrl":"https:\/\/orduzcolombia.s3.amazonaws.com\/2026\/04\/Maquina-de-coser-1409-multifuncional-domestica-electrica-pequena-venta-de-singer.png","width":2000,"height":2000,"caption":"Singer 1409 disponible con entrega inmediata en Miami. Empieza a coser hoy mismo."},{"@type":"BreadcrumbList","@id":"https:\/\/orduz-usa.com\/producto\/maquina-de-coser-1409-multifuncional-domestica-electrica-pequena-venta-de-singer\/#breadcrumb","itemListElement":[{"@type":"ListItem","position":1,"name":"Portada","item":"https:\/\/orduz-usa.com\/"},{"@type":"ListItem","position":2,"name":"Tienda","item":"https:\/\/orduz-usa.com\/shop-venta-maquinas-de-coser-singer-orduz-u-s-a-miami-florida\/"},{"@type":"ListItem","position":3,"name":"M\u00e1quina de coser 1409 multifuncional dom\u00e9stica el\u00e9ctrica peque\u00f1a venta de singer"}]},{"@type":"WebSite","@id":"https:\/\/orduz-usa.com\/#website","url":"https:\/\/orduz-usa.com\/","name":"orduzcolombia","description":"INDUSTRIAL AND FAMILY SEWING MACHINES","publisher":{"@id":"https:\/\/orduz-usa.com\/#organization"},"alternateName":"Maquinas de Coser Orduz","potentialAction":[{"@type":"SearchAction","target":{"@type":"EntryPoint","urlTemplate":"https:\/\/orduz-usa.com\/?s={search_term_string}"},"query-input":{"@type":"PropertyValueSpecification","valueRequired":true,"valueName":"search_term_string"}}],"inLanguage":"en-US"},{"@type":"Organization","@id":"https:\/\/orduz-usa.com\/#organization","name":"Orduz Colombia","alternateName":"Maquinas de Coser Orduz","url":"https:\/\/orduz-usa.com\/","logo":{"@type":"ImageObject","inLanguage":"en-US","@id":"https:\/\/orduz-usa.com\/#\/schema\/logo\/image\/","url":"https:\/\/i0.wp.com\/orduzcolombia.com\/wp-content\/uploads\/2024\/10\/logo-orduz-isotipo.jpg?fit=269%2C259&ssl=1","contentUrl":"https:\/\/i0.wp.com\/orduzcolombia.com\/wp-content\/uploads\/2024\/10\/logo-orduz-isotipo.jpg?fit=269%2C259&ssl=1","width":269,"height":259,"caption":"Orduz Colombia"},"image":{"@id":"https:\/\/orduz-usa.com\/#\/schema\/logo\/image\/"}}]}},"_links":{"self":[{"href":"https:\/\/orduz-usa.com\/en\/wp-json\/wp\/v2\/product\/34574","targetHints":{"allow":["GET"]}}],"collection":[{"href":"https:\/\/orduz-usa.com\/en\/wp-json\/wp\/v2\/product"}],"about":[{"href":"https:\/\/orduz-usa.com\/en\/wp-json\/wp\/v2\/types\/product"}],"replies":[{"embeddable":true,"href":"https:\/\/orduz-usa.com\/en\/wp-json\/wp\/v2\/comments?post=34574"}],"version-history":[{"count":1,"href":"https:\/\/orduz-usa.com\/en\/wp-json\/wp\/v2\/product\/34574\/revisions"}],"predecessor-version":[{"id":34575,"href":"https:\/\/orduz-usa.com\/en\/wp-json\/wp\/v2\/product\/34574\/revisions\/34575"}],"wp:featuredmedia":[{"embeddable":true,"href":"https:\/\/orduz-usa.com\/en\/wp-json\/wp\/v2\/media\/34576"}],"wp:attachment":[{"href":"https:\/\/orduz-usa.com\/en\/wp-json\/wp\/v2\/media?parent=34574"}],"wp:term":[{"taxonomy":"product_brand","embeddable":true,"href":"https:\/\/orduz-usa.com\/en\/wp-json\/wp\/v2\/product_brand?post=34574"},{"taxonomy":"product_cat","embeddable":true,"href":"https:\/\/orduz-usa.com\/en\/wp-json\/wp\/v2\/product_cat?post=34574"},{"taxonomy":"product_tag","embeddable":true,"href":"https:\/\/orduz-usa.com\/en\/wp-json\/wp\/v2\/product_tag?post=34574"}],"curies":[{"name":"wp","href":"https:\/\/api.w.org\/{rel}","templated":true}]}}