{"id":34593,"date":"2026-04-29T09:35:51","date_gmt":"2026-04-29T14:35:51","guid":{"rendered":"https:\/\/orduz-usa.com\/?post_type=product&#038;p=34593"},"modified":"2026-04-29T09:35:52","modified_gmt":"2026-04-29T14:35:52","slug":"singer-s0105-for-sale-easy-sewing-machine-versatile-and-ideal-for-beginners-with-delivery-in-miami","status":"publish","type":"product","link":"https:\/\/orduz-usa.com\/en\/producto\/singer-s0105-en-venta-maquina-de-coser-facil-versatil-y-ideal-para-principiantes-con-entrega-en-miami\/","title":{"rendered":"Singer S0105 for Sale | Easy, Versatile and Ideal for Beginners Sewing Machine with Miami Delivery"},"content":{"rendered":"<section class=\"text-token-text-primary w-full focus:outline-none [--shadow-height:45px] has-data-writing-block:pointer-events-none has-data-writing-block:-mt-(--shadow-height) has-data-writing-block:pt-(--shadow-height) [&amp;:has([data-writing-block])&gt;*]:pointer-events-auto [content-visibility:auto] supports-[content-visibility:auto]:[contain-intrinsic-size:auto_100lvh] R6Vx5W_threadScrollVars scroll-mb-[calc(var(--scroll-root-safe-area-inset-bottom,0px)+var(--thread-response-height))] scroll-mt-[calc(var(--header-height)+min(200px,max(70px,20svh)))]\" dir=\"auto\" data-turn-id=\"request-WEB:66c99213-182f-4668-8ee5-88ff0bcf0d9c-58\" data-testid=\"conversation-turn-120\" data-scroll-anchor=\"false\" data-turn=\"assistant\">\n<div class=\"text-base my-auto mx-auto pb-10 [--thread-content-margin:var(--thread-content-margin-xs,calc(var(--spacing)*4))] @w-sm\/main:[--thread-content-margin:var(--thread-content-margin-sm,calc(var(--spacing)*6))] @w-lg\/main:[--thread-content-margin:var(--thread-content-margin-lg,calc(var(--spacing)*16))] px-(--thread-content-margin)\">\n<div class=\"[--thread-content-max-width:40rem] @w-lg\/main:[--thread-content-max-width:48rem] mx-auto max-w-(--thread-content-max-width) flex-1 group\/turn-messages focus-visible:outline-hidden relative flex w-full min-w-0 flex-col agent-turn\">\n<div class=\"flex max-w-full flex-col gap-4 grow\">\n<div class=\"min-h-8 text-message relative flex w-full flex-col items-end gap-2 text-start break-words whitespace-normal outline-none keyboard-focused:focus-ring [.text-message+&amp;]:mt-1\" dir=\"auto\" tabindex=\"0\" data-message-author-role=\"assistant\" data-message-id=\"025736e1-2f9a-4ab2-a631-769c2fafc040\" data-message-model-slug=\"gpt-5-3\" data-turn-start-message=\"true\">\n<div class=\"flex w-full flex-col gap-1 empty:hidden\">\n<div class=\"markdown prose dark:prose-invert w-full wrap-break-word light markdown-new-styling\">\n<h2 data-section-id=\"aeraru\" data-start=\"0\" data-end=\"74\">\ud83e\uddf5 Singer S0105 Sewing Machine - Easy, Versatile and Ready to Go<\/h2>\n<div class=\"no-scrollbar flex min-h-36 flex-nowrap gap-0.5 overflow-auto sm:gap-1 sm:overflow-hidden xl:min-h-44 mt-1 mb-5 not-first:mt-4\">\n<div class=\"border-token-border-default relative w-32 shrink-0 overflow-hidden rounded-xl border-[0.5px] md:shrink max-h-64 sm:w-[calc((100%-0.5rem)\/3)] rounded-s-xl\">\n<div class=\"group\/search-image @container\/search-image relative rounded-[inherit] h-full w-full\">\n<div><img fetchpriority=\"high\" decoding=\"async\" class=\"bg-token-main-surface-tertiary m-0 h-full w-full object-cover\" src=\"https:\/\/images.openai.com\/static-rsc-4\/5A9HP6_ppLS5PgM0Ay29G63jU0QtNJSv9iCD7nMS7QvQfQA6YoNX8x2PlC6A37meYGB6h2osH0e_vHSNc6qoaIHM6Yw5yY74Gd4Y6cjY7BR3FgwdmCs8dlmxGTu0ZE2sjtHg2HhQf5lDrZ6HgUYd8WWttk0CPE92t7YLy-fXrD4?purpose=inline\" alt=\"https:\/\/images.openai.com\/static-rsc-4\/ZMJTS1IBAP1g_vFsGk3Bcny7gND0L0oaFVSHkW2VHJaLUkP5vu1iCqGB8eoiRUQc7KGaR1rL3ror1EzkmRVlJX4t9q75SZJ6qq2TSEUuIhORTAGaoQvSNWjb2QVuTM2zC9gI34o14NiqS5l_J_RFBzSLEwFRc5v8Sdag9WJv7MTHuhKsfYHroyVyR2UbFXD7?purpose=fullsize\" width=\"319\" height=\"319\" \/><img decoding=\"async\" class=\"bg-token-main-surface-tertiary m-0 h-full w-full object-cover\" style=\"--tw-translate-x: 0; --tw-translate-y: 0; --tw-rotate: 0; --tw-skew-x: 0; --tw-skew-y: 0; --tw-scale-x: 1; --tw-scale-y: 1; --tw-scroll-snap-strictness: proximity; --tw-ring-offset-width: 0px; --tw-ring-offset-color: #fff; --tw-ring-color: #3b82f680; --tw-ring-offset-shadow: 0 0 #0000; --tw-ring-shadow: 0 0 #0000; --tw-shadow: 0 0 #0000; --tw-shadow-colored: 0 0 #0000;\" src=\"https:\/\/images.openai.com\/static-rsc-4\/8Pqs9nRfVLgnBiYF9r4C_FD7TrfxIt-cF9cUg5MXFdyJXekqQXs7U2jSCy3c8hW2Yw241_j3NtzigLQGkhrptr9KxG9qNoV5_-nwPsKD94uK_TMrO0G5HBjQn2p3gD0uaB3UTzCp-f2mvsOt0RqsEHKGevWgM-8_rlY0-4-7mgI?purpose=inline\" alt=\"https:\/\/images.openai.com\/static-rsc-4\/07aiQhl5-d-zDN69okQ4WnFjK8dxHSRCJ5hN3FQDHJNsEYb_JtcdIuy9b2FDcpF6Eli-8E8Ft-1Fjaq5pHTlMLT_DqC2Rb2FHeUWDcfGHk0rRBzLb_elBm6-ltA83c-QG6qSaoCivfmLvJVQYQdDiOgBEnM3iuk4rHfZV27uxrx8ddttFGzlFdDWw3XLjb95?purpose=fullsize\" width=\"380\" height=\"319\" \/><\/div>\n<\/div>\n<\/div>\n<div class=\"border-token-border-default relative w-32 shrink-0 overflow-hidden rounded-xl border-[0.5px] md:shrink max-h-64 sm:w-[calc((100%-0.5rem)\/3)] rounded-e-xl\">\n<div class=\"group\/search-image @container\/search-image relative rounded-[inherit] h-full w-full\">\n<div><\/div>\n<div class=\"pointer-events-none absolute inset-x-2 bottom-2 z-0 flex max-w-[calc(100%-1rem)] flex-wrap items-end justify-end gap-1.5\">\n<div class=\"shrink-0\">\n<div class=\"flex items-center gap-1 rounded-full px-2 py-1.5 text-white backdrop-blur-md backdrop-brightness-75\"><span class=\"text-xs font-semibold\">5<\/span><\/div>\n<\/div>\n<\/div>\n<\/div>\n<\/div>\n<\/div>\n<p data-start=\"118\" data-end=\"443\">The <strong data-start=\"121\" data-end=\"152\">Singer S0105 Sewing Machine<\/strong> is the perfect choice for those who are looking for a <strong data-start=\"199\" data-end=\"250\">simple, practical and reliable sewing machine<\/strong> for the home. Designed with beginners and users who desire ease of use in mind, this machine allows for uncomplicated mending, basic sewing and creative projects.<\/p>\n<p data-start=\"445\" data-end=\"777\">Its compact and lightweight design makes it easy to carry and use in any space. It is ideal for those who are just starting to sew or want a functional machine for occasional use. Despite its size, it offers the necessary performance to work with light and medium thickness fabrics, achieving clean and resistant seams.<\/p>\n<p data-start=\"779\" data-end=\"1163\">The Singer S0105 includes <strong data-start=\"803\" data-end=\"826\">essential stitches<\/strong> for everyday sewing, from quick repairs to personal projects. Its mechanical system is easy to operate, which reduces learning time and allows you to start sewing from day one. In addition, it has integrated lighting that improves visibility, helping to achieve more accurate results.<\/p>\n<p data-start=\"1165\" data-end=\"1388\">Another great advantage is its <strong data-start=\"1189\" data-end=\"1211\">simple threading<\/strong>, designed to save time and avoid complications. This makes it an excellent tool for both beginners and those looking for practicality in their routine.<\/p>\n<hr data-start=\"1390\" data-end=\"1393\" \/>\n<h2 data-section-id=\"1sa8o2t\" data-start=\"1395\" data-end=\"1412\">\ud83d\ude80 Ideal for:<\/h2>\n<ul data-start=\"1413\" data-end=\"1513\">\n<li data-section-id=\"90lw2d\" data-start=\"1413\" data-end=\"1441\">Beginners in sewing<\/li>\n<li data-section-id=\"1j2ohzh\" data-start=\"1442\" data-end=\"1470\">Home garment alterations<\/li>\n<li data-section-id=\"1fvmw92\" data-start=\"1471\" data-end=\"1488\">DIY Projects<\/li>\n<li data-section-id=\"1xh0qs4\" data-start=\"1489\" data-end=\"1513\">Daily domestic use<\/li>\n<\/ul>\n<hr data-start=\"1515\" data-end=\"1518\" \/>\n<h2 data-section-id=\"18eo2pl\" data-start=\"1520\" data-end=\"1548\">\ud83d\udcb0 Key benefits.<\/h2>\n<p data-start=\"1549\" data-end=\"1694\">\u2714 Easy to use<br data-start=\"1564\" data-end=\"1567\" \/>\u2714 Compact and lightweight<br data-start=\"1587\" data-end=\"1590\" \/>\u2714 Basic functional stitches<br data-start=\"1620\" data-end=\"1623\" \/>\u2714 Perfect for starting sewing.<br data-start=\"1654\" data-end=\"1657\" \/>\u2714 Excellent value for money<\/p>\n<hr data-start=\"1696\" data-end=\"1699\" \/>\n<h2 data-section-id=\"1028kbk\" data-start=\"1701\" data-end=\"1748\">\ud83d\udd25 Available for immediate delivery in Miami<\/h2>\n<p data-start=\"1749\" data-end=\"1829\">Start sewing today with a reliable, practical and ready-to-use machine.<\/p>\n<hr data-start=\"1831\" data-end=\"1834\" \/>\n<p data-start=\"1836\" data-end=\"1967\" data-is-last-node=\"\" data-is-only-node=\"\">\ud83d\udca1 <strong data-start=\"1839\" data-end=\"1879\">The Singer S0105 is the ideal choice.<\/strong> if you are looking for simplicity, functionality and results in your first sewing projects.<\/p>\n<\/div>\n<\/div>\n<\/div>\n<\/div>\n<div class=\"z-0 flex min-h-[46px] justify-start\"><a href=\"https:\/\/api.whatsapp.com\/send?phone=16452480366\">whatsapp.<\/a><\/div>\n<div class=\"mt-3 w-full empty:hidden\">\n<div class=\"text-center\"><a href=\"https:\/\/orduz-usa.com\/en\/servicio-tecnico-de-maquinas-de-coser-en-usa-singer-juki-janome-y-mas\/\">Sewing Machine Service in USA | Singer, Juki, Janome and More<\/a><\/div>\n<\/div>\n<\/div>\n<\/div>\n<\/section>\n<div class=\"pointer-events-none -mt-px h-px translate-y-[calc(var(--scroll-root-safe-area-inset-bottom)-14*var(--spacing))]\" aria-hidden=\"true\"><\/div>","protected":false},"excerpt":{"rendered":"<figure id=\"attachment_34526\" aria-describedby=\"caption-attachment-34526\" style=\"width: 300px\" class=\"wp-caption alignnone\"><img decoding=\"async\" class=\"wp-image-34526 size-medium\" src=\"https:\/\/orduzcolombia.s3.amazonaws.com\/2024\/09\/ALEXANDER-ORDUZ-300x300.jpg\" alt=\"Orduz U.S.A\" width=\"300\" height=\"300\" srcset=\"https:\/\/orduzcolombia.s3.amazonaws.com\/2024\/09\/ALEXANDER-ORDUZ.jpg 300w, https:\/\/orduzcolombia.s3.amazonaws.com\/2024\/09\/ALEXANDER-ORDUZ.jpg 150w, https:\/\/orduzcolombia.s3.amazonaws.com\/2024\/09\/ALEXANDER-ORDUZ.jpg 768w, https:\/\/orduzcolombia.s3.amazonaws.com\/2024\/09\/ALEXANDER-ORDUZ.jpg 500w, https:\/\/orduzcolombia.s3.amazonaws.com\/2024\/09\/ALEXANDER-ORDUZ.jpg 100w, https:\/\/orduzcolombia.s3.amazonaws.com\/2024\/09\/ALEXANDER-ORDUZ.jpg 883w\" sizes=\"(max-width: 300px) 100vw, 300px\" \/><figcaption id=\"caption-attachment-34526\" class=\"wp-caption-text\">Orduz U.S.A<\/figcaption><\/figure>","protected":false},"featured_media":34595,"comment_status":"open","ping_status":"closed","template":"","meta":{"_acf_changed":false},"product_brand":[417],"product_cat":[5621,5766,5622],"product_tag":[5894,5893,5774,5881,5895,5887,5885,5884,5883,5679,5675,5886,5890,5888,5889,5880,5891,5896,5879,5882,5892],"class_list":{"0":"post-34593","1":"product","2":"type-product","3":"status-publish","4":"has-post-thumbnail","6":"product_brand-singer","7":"product_cat-maquinas-de-coser-familiares","8":"product_cat-singer-maquinas-de-coser","9":"product_cat-venta-de-maquinas-de-coser-en-estados-unidos-brother","10":"product_tag-affordable-sewing-machine-home-use","11":"product_tag-beginner-sewing-machine-singer","12":"product_tag-comprar-maquina-de-coser-en-miami","13":"product_tag-comprar-maquina-de-coser-singer","14":"product_tag-easy-to-use-sewing-machine-singer","15":"product_tag-maquina-de-coser-barata-y-buena","16":"product_tag-maquina-de-coser-compacta-singer","17":"product_tag-maquina-de-coser-domestica-economica","18":"product_tag-maquina-de-coser-facil-para-principiantes","19":"product_tag-maquina-de-coser-para-arreglos-de-ropa","20":"product_tag-maquina-de-coser-para-casa","21":"product_tag-maquina-de-coser-para-empezar","22":"product_tag-maquina-de-coser-para-principiantes-en-miami","23":"product_tag-maquina-de-coser-portatil-singer","24":"product_tag-maquina-de-coser-sencilla-y-versatil","25":"product_tag-maquina-de-coser-singer-s0105","26":"product_tag-maquinas-de-coser-en-venta-usa","27":"product_tag-sewing-machine-for-beginners-usa","28":"product_tag-singer-s0105","29":"product_tag-singer-s0105-en-venta","30":"product_tag-singer-sewing-machine-s0105-for-sale","32":"first","33":"instock","34":"sale","35":"shipping-taxable","36":"purchasable","37":"product-type-simple"},"acf":[],"yoast_head":"<!-- This site is optimized with the Yoast SEO Premium plugin v25.7.1 (Yoast SEO v27.4) - https:\/\/yoast.com\/product\/yoast-seo-premium-wordpress\/ -->\n<title>\ud83d\udc49 Singer S0105 en Venta | M\u00e1quina de Coser F\u00e1cil, Vers\u00e1til<\/title>\n<meta name=\"description\" content=\"\ud83d\udc49 Compra Singer S0105 m\u00e1quina de coser f\u00e1cil y vers\u00e1til. Ideal para principiantes y uso dom\u00e9stico. Entrega inmediata en Miami.\" \/>\n<meta name=\"robots\" content=\"index, follow, max-snippet:-1, max-image-preview:large, max-video-preview:-1\" \/>\n<link rel=\"canonical\" href=\"https:\/\/orduz-usa.com\/en\/product\/singer-s0105-for-sale-easy-sewing-machine-versatile-and-ideal-for-beginners-with-delivery-in-miami\/\" \/>\n<meta property=\"og:locale\" content=\"en_US\" \/>\n<meta property=\"og:type\" content=\"article\" \/>\n<meta property=\"og:title\" content=\"Singer S0105 en Venta | M\u00e1quina de Coser F\u00e1cil, Vers\u00e1til y Ideal para Principiantes con Entrega en Miami\" \/>\n<meta property=\"og:description\" content=\"\ud83d\udc49 Compra Singer S0105 m\u00e1quina de coser f\u00e1cil y vers\u00e1til. Ideal para principiantes y uso dom\u00e9stico. Entrega inmediata en Miami.\" \/>\n<meta property=\"og:url\" content=\"https:\/\/orduz-usa.com\/en\/product\/singer-s0105-for-sale-easy-sewing-machine-versatile-and-ideal-for-beginners-with-delivery-in-miami\/\" \/>\n<meta property=\"og:site_name\" content=\"Orduz USA\" \/>\n<meta property=\"article:modified_time\" content=\"2026-04-29T14:35:52+00:00\" \/>\n<meta property=\"og:image\" content=\"https:\/\/orduzcolombia.s3.amazonaws.com\/2026\/04\/Singer-S0105-en-Venta.png\" \/>\n\t<meta property=\"og:image:width\" content=\"1080\" \/>\n\t<meta property=\"og:image:height\" content=\"1080\" \/>\n\t<meta property=\"og:image:type\" content=\"image\/png\" \/>\n<meta name=\"twitter:card\" content=\"summary_large_image\" \/>\n<meta name=\"twitter:label1\" content=\"Est. reading time\" \/>\n\t<meta name=\"twitter:data1\" content=\"3 minutes\" \/>\n<script type=\"application\/ld+json\" class=\"yoast-schema-graph\">{\"@context\":\"https:\\\/\\\/schema.org\",\"@graph\":[{\"@type\":\"WebPage\",\"@id\":\"https:\\\/\\\/orduz-usa.com\\\/producto\\\/singer-s0105-en-venta-maquina-de-coser-facil-versatil-y-ideal-para-principiantes-con-entrega-en-miami\\\/\",\"url\":\"https:\\\/\\\/orduz-usa.com\\\/producto\\\/singer-s0105-en-venta-maquina-de-coser-facil-versatil-y-ideal-para-principiantes-con-entrega-en-miami\\\/\",\"name\":\"\ud83d\udc49 Singer S0105 en Venta | M\u00e1quina de Coser F\u00e1cil, Vers\u00e1til\",\"isPartOf\":{\"@id\":\"https:\\\/\\\/orduz-usa.com\\\/#website\"},\"primaryImageOfPage\":{\"@id\":\"https:\\\/\\\/orduz-usa.com\\\/producto\\\/singer-s0105-en-venta-maquina-de-coser-facil-versatil-y-ideal-para-principiantes-con-entrega-en-miami\\\/#primaryimage\"},\"image\":{\"@id\":\"https:\\\/\\\/orduz-usa.com\\\/producto\\\/singer-s0105-en-venta-maquina-de-coser-facil-versatil-y-ideal-para-principiantes-con-entrega-en-miami\\\/#primaryimage\"},\"thumbnailUrl\":\"https:\\\/\\\/orduzcolombia.s3.amazonaws.com\\\/2026\\\/04\\\/Singer-S0105-en-Venta.png\",\"datePublished\":\"2026-04-29T14:35:51+00:00\",\"dateModified\":\"2026-04-29T14:35:52+00:00\",\"description\":\"\ud83d\udc49 Compra Singer S0105 m\u00e1quina de coser f\u00e1cil y vers\u00e1til. Ideal para principiantes y uso dom\u00e9stico. Entrega inmediata en Miami.\",\"breadcrumb\":{\"@id\":\"https:\\\/\\\/orduz-usa.com\\\/producto\\\/singer-s0105-en-venta-maquina-de-coser-facil-versatil-y-ideal-para-principiantes-con-entrega-en-miami\\\/#breadcrumb\"},\"inLanguage\":\"en-US\",\"potentialAction\":[{\"@type\":\"ReadAction\",\"target\":[\"https:\\\/\\\/orduz-usa.com\\\/producto\\\/singer-s0105-en-venta-maquina-de-coser-facil-versatil-y-ideal-para-principiantes-con-entrega-en-miami\\\/\"]}]},{\"@type\":\"ImageObject\",\"inLanguage\":\"en-US\",\"@id\":\"https:\\\/\\\/orduz-usa.com\\\/producto\\\/singer-s0105-en-venta-maquina-de-coser-facil-versatil-y-ideal-para-principiantes-con-entrega-en-miami\\\/#primaryimage\",\"url\":\"https:\\\/\\\/orduzcolombia.s3.amazonaws.com\\\/2026\\\/04\\\/Singer-S0105-en-Venta.png\",\"contentUrl\":\"https:\\\/\\\/orduzcolombia.s3.amazonaws.com\\\/2026\\\/04\\\/Singer-S0105-en-Venta.png\",\"width\":1080,\"height\":1080,\"caption\":\"Singer S0105 f\u00e1cil, pr\u00e1ctica y lista para coser. Perfecta para empezar hoy.\"},{\"@type\":\"BreadcrumbList\",\"@id\":\"https:\\\/\\\/orduz-usa.com\\\/producto\\\/singer-s0105-en-venta-maquina-de-coser-facil-versatil-y-ideal-para-principiantes-con-entrega-en-miami\\\/#breadcrumb\",\"itemListElement\":[{\"@type\":\"ListItem\",\"position\":1,\"name\":\"Portada\",\"item\":\"https:\\\/\\\/orduz-usa.com\\\/\"},{\"@type\":\"ListItem\",\"position\":2,\"name\":\"Tienda\",\"item\":\"https:\\\/\\\/orduz-usa.com\\\/shop-venta-maquinas-de-coser-singer-orduz-u-s-a-miami-florida\\\/\"},{\"@type\":\"ListItem\",\"position\":3,\"name\":\"Singer S0105 en Venta | M\u00e1quina de Coser F\u00e1cil, Vers\u00e1til y Ideal para Principiantes con Entrega en Miami\"}]},{\"@type\":\"WebSite\",\"@id\":\"https:\\\/\\\/orduz-usa.com\\\/#website\",\"url\":\"https:\\\/\\\/orduz-usa.com\\\/\",\"name\":\"orduzcolombia\",\"description\":\"Maquinas de Coser INDUSTRIALES Y FAMILIARES\",\"publisher\":{\"@id\":\"https:\\\/\\\/orduz-usa.com\\\/#organization\"},\"alternateName\":\"Maquinas de Coser Orduz\",\"potentialAction\":[{\"@type\":\"SearchAction\",\"target\":{\"@type\":\"EntryPoint\",\"urlTemplate\":\"https:\\\/\\\/orduz-usa.com\\\/?s={search_term_string}\"},\"query-input\":{\"@type\":\"PropertyValueSpecification\",\"valueRequired\":true,\"valueName\":\"search_term_string\"}}],\"inLanguage\":\"en-US\"},{\"@type\":\"Organization\",\"@id\":\"https:\\\/\\\/orduz-usa.com\\\/#organization\",\"name\":\"Orduz Colombia\",\"alternateName\":\"Maquinas de Coser Orduz\",\"url\":\"https:\\\/\\\/orduz-usa.com\\\/\",\"logo\":{\"@type\":\"ImageObject\",\"inLanguage\":\"en-US\",\"@id\":\"https:\\\/\\\/orduz-usa.com\\\/#\\\/schema\\\/logo\\\/image\\\/\",\"url\":\"https:\\\/\\\/i0.wp.com\\\/orduzcolombia.com\\\/wp-content\\\/uploads\\\/2024\\\/10\\\/logo-orduz-isotipo.jpg?fit=269%2C259&ssl=1\",\"contentUrl\":\"https:\\\/\\\/i0.wp.com\\\/orduzcolombia.com\\\/wp-content\\\/uploads\\\/2024\\\/10\\\/logo-orduz-isotipo.jpg?fit=269%2C259&ssl=1\",\"width\":269,\"height\":259,\"caption\":\"Orduz Colombia\"},\"image\":{\"@id\":\"https:\\\/\\\/orduz-usa.com\\\/#\\\/schema\\\/logo\\\/image\\\/\"}}]}<\/script>\n<!-- \/ Yoast SEO Premium plugin. -->","yoast_head_json":{"title":"\ud83d\udc49 Singer S0105 for Sale | Easy, Versatile Sewing Machine","description":"\ud83d\udc49 Buy Singer S0105 easy and versatile sewing machine. Ideal for beginners and home use. Immediate delivery in Miami.","robots":{"index":"index","follow":"follow","max-snippet":"max-snippet:-1","max-image-preview":"max-image-preview:large","max-video-preview":"max-video-preview:-1"},"canonical":"https:\/\/orduz-usa.com\/en\/product\/singer-s0105-for-sale-easy-sewing-machine-versatile-and-ideal-for-beginners-with-delivery-in-miami\/","og_locale":"en_US","og_type":"article","og_title":"Singer S0105 en Venta | M\u00e1quina de Coser F\u00e1cil, Vers\u00e1til y Ideal para Principiantes con Entrega en Miami","og_description":"\ud83d\udc49 Compra Singer S0105 m\u00e1quina de coser f\u00e1cil y vers\u00e1til. Ideal para principiantes y uso dom\u00e9stico. Entrega inmediata en Miami.","og_url":"https:\/\/orduz-usa.com\/en\/product\/singer-s0105-for-sale-easy-sewing-machine-versatile-and-ideal-for-beginners-with-delivery-in-miami\/","og_site_name":"Orduz USA","article_modified_time":"2026-04-29T14:35:52+00:00","og_image":[{"width":1080,"height":1080,"url":"https:\/\/orduzcolombia.s3.amazonaws.com\/2026\/04\/Singer-S0105-en-Venta.png","type":"image\/png"}],"twitter_card":"summary_large_image","twitter_misc":{"Est. reading time":"3 minutes"},"schema":{"@context":"https:\/\/schema.org","@graph":[{"@type":"WebPage","@id":"https:\/\/orduz-usa.com\/producto\/singer-s0105-en-venta-maquina-de-coser-facil-versatil-y-ideal-para-principiantes-con-entrega-en-miami\/","url":"https:\/\/orduz-usa.com\/producto\/singer-s0105-en-venta-maquina-de-coser-facil-versatil-y-ideal-para-principiantes-con-entrega-en-miami\/","name":"\ud83d\udc49 Singer S0105 for Sale | Easy, Versatile Sewing Machine","isPartOf":{"@id":"https:\/\/orduz-usa.com\/#website"},"primaryImageOfPage":{"@id":"https:\/\/orduz-usa.com\/producto\/singer-s0105-en-venta-maquina-de-coser-facil-versatil-y-ideal-para-principiantes-con-entrega-en-miami\/#primaryimage"},"image":{"@id":"https:\/\/orduz-usa.com\/producto\/singer-s0105-en-venta-maquina-de-coser-facil-versatil-y-ideal-para-principiantes-con-entrega-en-miami\/#primaryimage"},"thumbnailUrl":"https:\/\/orduzcolombia.s3.amazonaws.com\/2026\/04\/Singer-S0105-en-Venta.png","datePublished":"2026-04-29T14:35:51+00:00","dateModified":"2026-04-29T14:35:52+00:00","description":"\ud83d\udc49 Buy Singer S0105 easy and versatile sewing machine. Ideal for beginners and home use. Immediate delivery in Miami.","breadcrumb":{"@id":"https:\/\/orduz-usa.com\/producto\/singer-s0105-en-venta-maquina-de-coser-facil-versatil-y-ideal-para-principiantes-con-entrega-en-miami\/#breadcrumb"},"inLanguage":"en-US","potentialAction":[{"@type":"ReadAction","target":["https:\/\/orduz-usa.com\/producto\/singer-s0105-en-venta-maquina-de-coser-facil-versatil-y-ideal-para-principiantes-con-entrega-en-miami\/"]}]},{"@type":"ImageObject","inLanguage":"en-US","@id":"https:\/\/orduz-usa.com\/producto\/singer-s0105-en-venta-maquina-de-coser-facil-versatil-y-ideal-para-principiantes-con-entrega-en-miami\/#primaryimage","url":"https:\/\/orduzcolombia.s3.amazonaws.com\/2026\/04\/Singer-S0105-en-Venta.png","contentUrl":"https:\/\/orduzcolombia.s3.amazonaws.com\/2026\/04\/Singer-S0105-en-Venta.png","width":1080,"height":1080,"caption":"Singer S0105 f\u00e1cil, pr\u00e1ctica y lista para coser. Perfecta para empezar hoy."},{"@type":"BreadcrumbList","@id":"https:\/\/orduz-usa.com\/producto\/singer-s0105-en-venta-maquina-de-coser-facil-versatil-y-ideal-para-principiantes-con-entrega-en-miami\/#breadcrumb","itemListElement":[{"@type":"ListItem","position":1,"name":"Portada","item":"https:\/\/orduz-usa.com\/"},{"@type":"ListItem","position":2,"name":"Tienda","item":"https:\/\/orduz-usa.com\/shop-venta-maquinas-de-coser-singer-orduz-u-s-a-miami-florida\/"},{"@type":"ListItem","position":3,"name":"Singer S0105 en Venta | M\u00e1quina de Coser F\u00e1cil, Vers\u00e1til y Ideal para Principiantes con Entrega en Miami"}]},{"@type":"WebSite","@id":"https:\/\/orduz-usa.com\/#website","url":"https:\/\/orduz-usa.com\/","name":"orduzcolombia","description":"INDUSTRIAL AND FAMILY SEWING MACHINES","publisher":{"@id":"https:\/\/orduz-usa.com\/#organization"},"alternateName":"Maquinas de Coser Orduz","potentialAction":[{"@type":"SearchAction","target":{"@type":"EntryPoint","urlTemplate":"https:\/\/orduz-usa.com\/?s={search_term_string}"},"query-input":{"@type":"PropertyValueSpecification","valueRequired":true,"valueName":"search_term_string"}}],"inLanguage":"en-US"},{"@type":"Organization","@id":"https:\/\/orduz-usa.com\/#organization","name":"Orduz Colombia","alternateName":"Maquinas de Coser Orduz","url":"https:\/\/orduz-usa.com\/","logo":{"@type":"ImageObject","inLanguage":"en-US","@id":"https:\/\/orduz-usa.com\/#\/schema\/logo\/image\/","url":"https:\/\/i0.wp.com\/orduzcolombia.com\/wp-content\/uploads\/2024\/10\/logo-orduz-isotipo.jpg?fit=269%2C259&ssl=1","contentUrl":"https:\/\/i0.wp.com\/orduzcolombia.com\/wp-content\/uploads\/2024\/10\/logo-orduz-isotipo.jpg?fit=269%2C259&ssl=1","width":269,"height":259,"caption":"Orduz Colombia"},"image":{"@id":"https:\/\/orduz-usa.com\/#\/schema\/logo\/image\/"}}]}},"_links":{"self":[{"href":"https:\/\/orduz-usa.com\/en\/wp-json\/wp\/v2\/product\/34593","targetHints":{"allow":["GET"]}}],"collection":[{"href":"https:\/\/orduz-usa.com\/en\/wp-json\/wp\/v2\/product"}],"about":[{"href":"https:\/\/orduz-usa.com\/en\/wp-json\/wp\/v2\/types\/product"}],"replies":[{"embeddable":true,"href":"https:\/\/orduz-usa.com\/en\/wp-json\/wp\/v2\/comments?post=34593"}],"version-history":[{"count":2,"href":"https:\/\/orduz-usa.com\/en\/wp-json\/wp\/v2\/product\/34593\/revisions"}],"predecessor-version":[{"id":34597,"href":"https:\/\/orduz-usa.com\/en\/wp-json\/wp\/v2\/product\/34593\/revisions\/34597"}],"wp:featuredmedia":[{"embeddable":true,"href":"https:\/\/orduz-usa.com\/en\/wp-json\/wp\/v2\/media\/34595"}],"wp:attachment":[{"href":"https:\/\/orduz-usa.com\/en\/wp-json\/wp\/v2\/media?parent=34593"}],"wp:term":[{"taxonomy":"product_brand","embeddable":true,"href":"https:\/\/orduz-usa.com\/en\/wp-json\/wp\/v2\/product_brand?post=34593"},{"taxonomy":"product_cat","embeddable":true,"href":"https:\/\/orduz-usa.com\/en\/wp-json\/wp\/v2\/product_cat?post=34593"},{"taxonomy":"product_tag","embeddable":true,"href":"https:\/\/orduz-usa.com\/en\/wp-json\/wp\/v2\/product_tag?post=34593"}],"curies":[{"name":"wp","href":"https:\/\/api.w.org\/{rel}","templated":true}]}}