{"id":34607,"date":"2026-04-29T18:46:09","date_gmt":"2026-04-29T23:46:09","guid":{"rendered":"https:\/\/orduz-usa.com\/?post_type=product&#038;p=34607"},"modified":"2026-04-29T19:05:04","modified_gmt":"2026-04-30T00:05:04","slug":"singer-1507-for-sale-easy-and-sturdy-sewing-machine-for-beginners-with-delivery-in-miami","status":"publish","type":"product","link":"https:\/\/orduz-usa.com\/en\/producto\/singer-1507-en-venta-maquina-de-coser-facil-y-resistente-para-principiantes-con-entrega-en-miami\/","title":{"rendered":"Singer 1507 for Sale | Easy and Sturdy Sewing Machine for Beginners with Delivery in Miami"},"content":{"rendered":"<p><strong data-start=\"120\" data-end=\"222\">Singer 1507 for Sale | Easy and Sturdy Sewing Machine for Beginners with Delivery in Miami<\/strong><\/p>\n<div class=\"no-scrollbar flex min-h-36 flex-nowrap gap-0.5 overflow-auto sm:gap-1 sm:overflow-hidden xl:min-h-44 mt-1 mb-5 not-first:mt-4\">\n<div class=\"border-token-border-default relative w-32 shrink-0 overflow-hidden rounded-xl border-[0.5px] md:shrink max-h-64 sm:w-[calc((100%-0.5rem)\/3)] rounded-s-xl\">\n<div class=\"group\/search-image @container\/search-image relative rounded-[inherit] h-full w-full\">\n<div><img fetchpriority=\"high\" decoding=\"async\" class=\"bg-token-main-surface-tertiary m-0 h-full w-full object-cover\" src=\"https:\/\/images.openai.com\/static-rsc-4\/LKhvr9wRl6XVjc4_WJ-FeyLBF17BH2MnnPYjMAmAO3SWNX3eR4ge4HRbMs6xC5N56SO9vHyjHM3CAI9kqx_VDZhJv1H-mvvm2SQw1kgRQu1f1Ff8wlcVLgTF44NmTNVZXERKC3-lUZ8qbh7EpMlsJTgzEotH8Lyfoy5W9iRiptQ?purpose=inline\" alt=\"https:\/\/images.openai.com\/static-rsc-4\/_6Y2217nZqAYGE8_boy7lsQ2LusqgOhxkXsF2QpWUgxNiuhid7usdRgVhdt1MBJ_IzuQfeKZW88xOMSpZOrg5o89SW6eQQCKOKqOqQoA93GON2A3Px4vUIfiSR9osrIwu-GzmywMK43_mNszf04xBVF8VsqjgrvAA-9iDx1L2O-Chf7332fz_PmAtcAqrWpE?purpose=fullsize\" width=\"358\" height=\"294\" \/><img decoding=\"async\" class=\"bg-token-main-surface-tertiary m-0 h-full w-full object-cover\" style=\"--tw-translate-x: 0; --tw-translate-y: 0; --tw-rotate: 0; --tw-skew-x: 0; --tw-skew-y: 0; --tw-scale-x: 1; --tw-scale-y: 1; --tw-scroll-snap-strictness: proximity; --tw-ring-offset-width: 0px; --tw-ring-offset-color: #fff; --tw-ring-color: #3b82f680; --tw-ring-offset-shadow: 0 0 #0000; --tw-ring-shadow: 0 0 #0000; --tw-shadow: 0 0 #0000; --tw-shadow-colored: 0 0 #0000;\" src=\"https:\/\/images.openai.com\/static-rsc-4\/GD_dRJMr0qpVaabj_5zeUjm3L5sw5zu9jfyNYS60CoHckgfqa5DyLQJT0U1tSGdwdFLjqs1Dq0KTxFV0IJBO5Db49vZGpnFmKCHpXjW-P_RuMVRggVLeMQgjlZS3HXEJCG3Jx7xnE4bff2DG6sO0BIzrtIBWZ5oDEclyLcoF1Os?purpose=inline\" alt=\"https:\/\/images.openai.com\/static-rsc-4\/lVK6j8Ps9vmM8cas2PTXjHyaKL5g4xYIyC3pbRNvfc2pmbzWC6pk4OPr51mGibgTra7N51zWwJe5JDQtN1wP1D57wEFgGQ_sSGqz0bQMoxdvZ1HWSOSQ1OvZnj5ZJAhH9Jnu20txXj5N-rtNRZ9UM4OFORgFmdLfR-xklJs1MbuKAl4mHnJJ34aXjUydLlmp?purpose=fullsize\" width=\"263\" height=\"350\" \/><\/div>\n<\/div>\n<\/div>\n<div class=\"border-token-border-default relative w-32 shrink-0 overflow-hidden rounded-xl border-[0.5px] md:shrink max-h-64 sm:w-[calc((100%-0.5rem)\/3)] rounded-e-xl\">\n<div class=\"group\/search-image @container\/search-image relative rounded-[inherit] h-full w-full\">\n<div><img decoding=\"async\" class=\"bg-token-main-surface-tertiary m-0 h-full w-full object-cover\" src=\"https:\/\/images.openai.com\/static-rsc-4\/pWzq87Fw2JQ5wykNJt5J8mCcKoDgfEfDW_UDkmJ_SjWgKzh3nUefyoQAb7dUJdRrKSASMlxbAGePvCYvdOzF7c4xFrnTfCT4mKCt1oyduFyGwIUvn7qjSlJ6YW9jfF9WEN5Ie1BAwK1WXPRdPsSN-sF-NFH_L4d8bAKJ5WBjAwA?purpose=inline\" alt=\"https:\/\/images.openai.com\/static-rsc-4\/MwcXS4sUqbHJMMnm-CctVmG6iF48E6oyb12RSdSGIPGTFHiT3aRAnIZYkyFpuFtKSU7-5rBvEerkG8Omur2PQwdbdUOAcvBgagEHdotFLdLIusDHNTwmg2jBcg0i1RNVLxBpAcyRhpdBxDfMV_mS39pJPyMkxIV8E2IU0GqrG9HCnmWiewavT-hat1sGCXqZ?purpose=fullsize\" \/><\/div>\n<div class=\"pointer-events-none absolute inset-x-2 bottom-2 z-0 flex max-w-[calc(100%-1rem)] flex-wrap items-end justify-end gap-1.5\">\n<div class=\"shrink-0\">\n<div class=\"flex items-center gap-1 rounded-full px-2 py-1.5 text-white backdrop-blur-md backdrop-brightness-75\"><span class=\"text-xs font-semibold\">6<\/span><\/div>\n<\/div>\n<\/div>\n<\/div>\n<\/div>\n<\/div>\n<p data-start=\"319\" data-end=\"636\">The <strong data-start=\"322\" data-end=\"352\">Singer 1507 Sewing Machine<\/strong> is an excellent option for those who are looking for a <strong data-start=\"401\" data-end=\"458\">reliable, easy-to-use and economical sewing machine<\/strong>. Designed for beginners and home users, it offers all the essential functions to perform garment alterations, DIY projects and everyday sewing with precise results.<\/p>\n<p data-start=\"638\" data-end=\"988\">Its compact and lightweight design allows it to be easily placed in any space in the home. It is perfect for those who are just starting out in the world of sewing or need a practical machine for occasional use. Despite its size, the Singer 1507 offers stable performance on light and medium thickness fabrics, achieving firm and uniform seams.<\/p>\n<p data-start=\"990\" data-end=\"1258\">It has <strong data-start=\"1001\" data-end=\"1042\">various basic and functional stitches<\/strong>, The stitch selector is simple and intuitive, making it easy to use even for inexperienced sewers. Its stitch selector is simple and intuitive, making it easy to use even for people with no previous experience.<\/p>\n<p data-start=\"1260\" data-end=\"1511\">In addition, it incorporates a reverse function to reinforce seams, integrated lighting for improved visibility and a convenient, time-saving threading system. These features make the machine ideal for everyday home use.<\/p>\n<hr data-start=\"1513\" data-end=\"1516\" \/>\n<h2 data-section-id=\"1sa8o2t\" data-start=\"1518\" data-end=\"1535\">\ud83d\ude80 Ideal for:<\/h2>\n<ul data-start=\"1536\" data-end=\"1628\">\n<li data-section-id=\"90lw2d\" data-start=\"1536\" data-end=\"1564\">Beginners in sewing<\/li>\n<li data-section-id=\"1sklhue\" data-start=\"1565\" data-end=\"1585\">Clothing arrangements<\/li>\n<li data-section-id=\"1fvmw92\" data-start=\"1586\" data-end=\"1603\">DIY Projects<\/li>\n<li data-section-id=\"1xh0qs4\" data-start=\"1604\" data-end=\"1628\">Daily domestic use<\/li>\n<\/ul>\n<hr data-start=\"1630\" data-end=\"1633\" \/>\n<h2 data-section-id=\"18eo2pl\" data-start=\"1635\" data-end=\"1663\">\ud83d\udcb0 Key benefits.<\/h2>\n<p data-start=\"1664\" data-end=\"1792\">\u2714 Easy to use<br data-start=\"1679\" data-end=\"1682\" \/>\u2714 Compact and lightweight<br data-start=\"1701\" data-end=\"1704\" \/>\u2714 Essential stitches<br data-start=\"1725\" data-end=\"1728\" \/>\u2714 Perfect for learning<br data-start=\"1752\" data-end=\"1755\" \/>\u2714 Excellent value for money<\/p>\n<hr data-start=\"1794\" data-end=\"1797\" \/>\n<h2 data-section-id=\"1028kbk\" data-start=\"1799\" data-end=\"1846\">\ud83d\udd25 Available for immediate delivery in Miami<\/h2>\n<p data-start=\"1847\" data-end=\"1927\">Start sewing today with a practical, reliable and ready-to-use machine.<\/p>\n<p data-start=\"1847\" data-end=\"1927\"><a href=\"https:\/\/api.whatsapp.com\/send?phone=16452480366\">whatsapp.<\/a><\/p>\n<p data-start=\"1847\" data-end=\"1927\"><a href=\"https:\/\/orduz-usa.com\/en\/product\/buy-sewing-machines-singer-class-195d-20-and-195d-30-in-miami-price-warranty-and-spare-parts-copy\/\">1409 multifunctional home sewing machine small electric sewing machine for sale from singer<\/a><\/p>","protected":false},"excerpt":{"rendered":"<figure id=\"attachment_34526\" aria-describedby=\"caption-attachment-34526\" style=\"width: 300px\" class=\"wp-caption alignnone\"><img decoding=\"async\" class=\"wp-image-34526 size-medium\" src=\"https:\/\/orduzcolombia.s3.amazonaws.com\/2024\/09\/ALEXANDER-ORDUZ-300x300.jpg\" alt=\"Orduz U.S.A\" width=\"300\" height=\"300\" srcset=\"https:\/\/orduzcolombia.s3.amazonaws.com\/2024\/09\/ALEXANDER-ORDUZ.jpg 300w, https:\/\/orduzcolombia.s3.amazonaws.com\/2024\/09\/ALEXANDER-ORDUZ.jpg 150w, https:\/\/orduzcolombia.s3.amazonaws.com\/2024\/09\/ALEXANDER-ORDUZ.jpg 768w, https:\/\/orduzcolombia.s3.amazonaws.com\/2024\/09\/ALEXANDER-ORDUZ.jpg 500w, https:\/\/orduzcolombia.s3.amazonaws.com\/2024\/09\/ALEXANDER-ORDUZ.jpg 100w, https:\/\/orduzcolombia.s3.amazonaws.com\/2024\/09\/ALEXANDER-ORDUZ.jpg 883w\" sizes=\"(max-width: 300px) 100vw, 300px\" \/><figcaption id=\"caption-attachment-34526\" class=\"wp-caption-text\">Orduz U.S.A<\/figcaption><\/figure>","protected":false},"featured_media":34611,"comment_status":"open","ping_status":"closed","template":"","meta":{"_acf_changed":false},"product_brand":[417],"product_cat":[5621,5766,5622],"product_tag":[5893,5774,5881,5908,5887,5900,840,5884,837,5679,5675,5886,838,5888,5902,5905,5891,5904,5906,5907],"class_list":{"0":"post-34607","1":"product","2":"type-product","3":"status-publish","4":"has-post-thumbnail","6":"product_brand-singer","7":"product_cat-maquinas-de-coser-familiares","8":"product_cat-singer-maquinas-de-coser","9":"product_cat-venta-de-maquinas-de-coser-en-estados-unidos-brother","10":"product_tag-beginner-sewing-machine-singer","11":"product_tag-comprar-maquina-de-coser-en-miami","12":"product_tag-comprar-maquina-de-coser-singer","13":"product_tag-easy-sewing-machine-home-use","14":"product_tag-maquina-de-coser-barata-y-buena","15":"product_tag-maquina-de-coser-basica-singer","16":"product_tag-maquina-de-coser-compacta","17":"product_tag-maquina-de-coser-domestica-economica","18":"product_tag-maquina-de-coser-facil-de-usar","19":"product_tag-maquina-de-coser-para-arreglos-de-ropa","20":"product_tag-maquina-de-coser-para-casa","21":"product_tag-maquina-de-coser-para-empezar","22":"product_tag-maquina-de-coser-para-principiantes","23":"product_tag-maquina-de-coser-portatil-singer","24":"product_tag-maquina-de-coser-sencilla-y-funcional","25":"product_tag-maquina-de-coser-singer-1507","26":"product_tag-maquinas-de-coser-en-venta-usa","27":"product_tag-singer-1507","28":"product_tag-singer-1507-en-venta","29":"product_tag-singer-sewing-machine-1507-for-sale","31":"first","32":"instock","33":"sale","34":"shipping-taxable","35":"purchasable","36":"product-type-simple"},"acf":[],"yoast_head":"<!-- This site is optimized with the Yoast SEO Premium plugin v25.7.1 (Yoast SEO v27.4) - https:\/\/yoast.com\/product\/yoast-seo-premium-wordpress\/ -->\n<title>Singer 1507 en Venta | M\u00e1quina de Coser F\u00e1cil<\/title>\n<meta name=\"description\" content=\"Compra Singer 1507 m\u00e1quina de coser f\u00e1cil y resistente. Ideal para principiantes y uso en casa. Entrega inmediata en Miami.\" \/>\n<meta name=\"robots\" content=\"index, follow, max-snippet:-1, max-image-preview:large, max-video-preview:-1\" \/>\n<link rel=\"canonical\" href=\"https:\/\/orduz-usa.com\/en\/product\/singer-1507-for-sale-easy-and-sturdy-sewing-machine-for-beginners-with-delivery-in-miami\/\" \/>\n<meta property=\"og:locale\" content=\"en_US\" \/>\n<meta property=\"og:type\" content=\"article\" \/>\n<meta property=\"og:title\" content=\"Singer 1507 en Venta | M\u00e1quina de Coser F\u00e1cil y Resistente para Principiantes con Entrega en Miami\" \/>\n<meta property=\"og:description\" content=\"Compra Singer 1507 m\u00e1quina de coser f\u00e1cil y resistente. Ideal para principiantes y uso en casa. Entrega inmediata en Miami.\" \/>\n<meta property=\"og:url\" content=\"https:\/\/orduz-usa.com\/en\/product\/singer-1507-for-sale-easy-and-sturdy-sewing-machine-for-beginners-with-delivery-in-miami\/\" \/>\n<meta property=\"og:site_name\" content=\"Orduz USA\" \/>\n<meta property=\"article:modified_time\" content=\"2026-04-30T00:05:04+00:00\" \/>\n<meta property=\"og:image\" content=\"https:\/\/orduzcolombia.s3.amazonaws.com\/2026\/04\/Singer-1507-en-Venta.png\" \/>\n\t<meta property=\"og:image:width\" content=\"1080\" \/>\n\t<meta property=\"og:image:height\" content=\"1080\" \/>\n\t<meta property=\"og:image:type\" content=\"image\/png\" \/>\n<meta name=\"twitter:card\" content=\"summary_large_image\" \/>\n<meta name=\"twitter:label1\" content=\"Est. reading time\" \/>\n\t<meta name=\"twitter:data1\" content=\"3 minutes\" \/>\n<script type=\"application\/ld+json\" class=\"yoast-schema-graph\">{\"@context\":\"https:\\\/\\\/schema.org\",\"@graph\":[{\"@type\":\"WebPage\",\"@id\":\"https:\\\/\\\/orduz-usa.com\\\/producto\\\/singer-1507-en-venta-maquina-de-coser-facil-y-resistente-para-principiantes-con-entrega-en-miami\\\/\",\"url\":\"https:\\\/\\\/orduz-usa.com\\\/producto\\\/singer-1507-en-venta-maquina-de-coser-facil-y-resistente-para-principiantes-con-entrega-en-miami\\\/\",\"name\":\"Singer 1507 en Venta | M\u00e1quina de Coser F\u00e1cil\",\"isPartOf\":{\"@id\":\"https:\\\/\\\/orduz-usa.com\\\/#website\"},\"primaryImageOfPage\":{\"@id\":\"https:\\\/\\\/orduz-usa.com\\\/producto\\\/singer-1507-en-venta-maquina-de-coser-facil-y-resistente-para-principiantes-con-entrega-en-miami\\\/#primaryimage\"},\"image\":{\"@id\":\"https:\\\/\\\/orduz-usa.com\\\/producto\\\/singer-1507-en-venta-maquina-de-coser-facil-y-resistente-para-principiantes-con-entrega-en-miami\\\/#primaryimage\"},\"thumbnailUrl\":\"https:\\\/\\\/orduzcolombia.s3.amazonaws.com\\\/2026\\\/04\\\/Singer-1507-en-Venta.png\",\"datePublished\":\"2026-04-29T23:46:09+00:00\",\"dateModified\":\"2026-04-30T00:05:04+00:00\",\"description\":\"Compra Singer 1507 m\u00e1quina de coser f\u00e1cil y resistente. Ideal para principiantes y uso en casa. Entrega inmediata en Miami.\",\"breadcrumb\":{\"@id\":\"https:\\\/\\\/orduz-usa.com\\\/producto\\\/singer-1507-en-venta-maquina-de-coser-facil-y-resistente-para-principiantes-con-entrega-en-miami\\\/#breadcrumb\"},\"inLanguage\":\"en-US\",\"potentialAction\":[{\"@type\":\"ReadAction\",\"target\":[\"https:\\\/\\\/orduz-usa.com\\\/producto\\\/singer-1507-en-venta-maquina-de-coser-facil-y-resistente-para-principiantes-con-entrega-en-miami\\\/\"]}]},{\"@type\":\"ImageObject\",\"inLanguage\":\"en-US\",\"@id\":\"https:\\\/\\\/orduz-usa.com\\\/producto\\\/singer-1507-en-venta-maquina-de-coser-facil-y-resistente-para-principiantes-con-entrega-en-miami\\\/#primaryimage\",\"url\":\"https:\\\/\\\/orduzcolombia.s3.amazonaws.com\\\/2026\\\/04\\\/Singer-1507-en-Venta.png\",\"contentUrl\":\"https:\\\/\\\/orduzcolombia.s3.amazonaws.com\\\/2026\\\/04\\\/Singer-1507-en-Venta.png\",\"width\":1080,\"height\":1080,\"caption\":\"Singer 1507 pr\u00e1ctica, resistente y perfecta para empezar a coser.\"},{\"@type\":\"BreadcrumbList\",\"@id\":\"https:\\\/\\\/orduz-usa.com\\\/producto\\\/singer-1507-en-venta-maquina-de-coser-facil-y-resistente-para-principiantes-con-entrega-en-miami\\\/#breadcrumb\",\"itemListElement\":[{\"@type\":\"ListItem\",\"position\":1,\"name\":\"Portada\",\"item\":\"https:\\\/\\\/orduz-usa.com\\\/\"},{\"@type\":\"ListItem\",\"position\":2,\"name\":\"Tienda\",\"item\":\"https:\\\/\\\/orduz-usa.com\\\/shop-venta-maquinas-de-coser-singer-orduz-u-s-a-miami-florida\\\/\"},{\"@type\":\"ListItem\",\"position\":3,\"name\":\"Singer 1507 en Venta | M\u00e1quina de Coser F\u00e1cil y Resistente para Principiantes con Entrega en Miami\"}]},{\"@type\":\"WebSite\",\"@id\":\"https:\\\/\\\/orduz-usa.com\\\/#website\",\"url\":\"https:\\\/\\\/orduz-usa.com\\\/\",\"name\":\"orduzcolombia\",\"description\":\"Maquinas de Coser INDUSTRIALES Y FAMILIARES\",\"publisher\":{\"@id\":\"https:\\\/\\\/orduz-usa.com\\\/#organization\"},\"alternateName\":\"Maquinas de Coser Orduz\",\"potentialAction\":[{\"@type\":\"SearchAction\",\"target\":{\"@type\":\"EntryPoint\",\"urlTemplate\":\"https:\\\/\\\/orduz-usa.com\\\/?s={search_term_string}\"},\"query-input\":{\"@type\":\"PropertyValueSpecification\",\"valueRequired\":true,\"valueName\":\"search_term_string\"}}],\"inLanguage\":\"en-US\"},{\"@type\":\"Organization\",\"@id\":\"https:\\\/\\\/orduz-usa.com\\\/#organization\",\"name\":\"Orduz Colombia\",\"alternateName\":\"Maquinas de Coser Orduz\",\"url\":\"https:\\\/\\\/orduz-usa.com\\\/\",\"logo\":{\"@type\":\"ImageObject\",\"inLanguage\":\"en-US\",\"@id\":\"https:\\\/\\\/orduz-usa.com\\\/#\\\/schema\\\/logo\\\/image\\\/\",\"url\":\"https:\\\/\\\/i0.wp.com\\\/orduzcolombia.com\\\/wp-content\\\/uploads\\\/2024\\\/10\\\/logo-orduz-isotipo.jpg?fit=269%2C259&ssl=1\",\"contentUrl\":\"https:\\\/\\\/i0.wp.com\\\/orduzcolombia.com\\\/wp-content\\\/uploads\\\/2024\\\/10\\\/logo-orduz-isotipo.jpg?fit=269%2C259&ssl=1\",\"width\":269,\"height\":259,\"caption\":\"Orduz Colombia\"},\"image\":{\"@id\":\"https:\\\/\\\/orduz-usa.com\\\/#\\\/schema\\\/logo\\\/image\\\/\"}}]}<\/script>\n<!-- \/ Yoast SEO Premium plugin. -->","yoast_head_json":{"title":"Singer 1507 for Sale | Easy Sewing Machine","description":"Buy Singer 1507 sewing machine easy and resistant. Ideal for beginners and home use. Immediate delivery in Miami.","robots":{"index":"index","follow":"follow","max-snippet":"max-snippet:-1","max-image-preview":"max-image-preview:large","max-video-preview":"max-video-preview:-1"},"canonical":"https:\/\/orduz-usa.com\/en\/product\/singer-1507-for-sale-easy-and-sturdy-sewing-machine-for-beginners-with-delivery-in-miami\/","og_locale":"en_US","og_type":"article","og_title":"Singer 1507 en Venta | M\u00e1quina de Coser F\u00e1cil y Resistente para Principiantes con Entrega en Miami","og_description":"Compra Singer 1507 m\u00e1quina de coser f\u00e1cil y resistente. Ideal para principiantes y uso en casa. Entrega inmediata en Miami.","og_url":"https:\/\/orduz-usa.com\/en\/product\/singer-1507-for-sale-easy-and-sturdy-sewing-machine-for-beginners-with-delivery-in-miami\/","og_site_name":"Orduz USA","article_modified_time":"2026-04-30T00:05:04+00:00","og_image":[{"width":1080,"height":1080,"url":"https:\/\/orduzcolombia.s3.amazonaws.com\/2026\/04\/Singer-1507-en-Venta.png","type":"image\/png"}],"twitter_card":"summary_large_image","twitter_misc":{"Est. reading time":"3 minutes"},"schema":{"@context":"https:\/\/schema.org","@graph":[{"@type":"WebPage","@id":"https:\/\/orduz-usa.com\/producto\/singer-1507-en-venta-maquina-de-coser-facil-y-resistente-para-principiantes-con-entrega-en-miami\/","url":"https:\/\/orduz-usa.com\/producto\/singer-1507-en-venta-maquina-de-coser-facil-y-resistente-para-principiantes-con-entrega-en-miami\/","name":"Singer 1507 for Sale | Easy Sewing Machine","isPartOf":{"@id":"https:\/\/orduz-usa.com\/#website"},"primaryImageOfPage":{"@id":"https:\/\/orduz-usa.com\/producto\/singer-1507-en-venta-maquina-de-coser-facil-y-resistente-para-principiantes-con-entrega-en-miami\/#primaryimage"},"image":{"@id":"https:\/\/orduz-usa.com\/producto\/singer-1507-en-venta-maquina-de-coser-facil-y-resistente-para-principiantes-con-entrega-en-miami\/#primaryimage"},"thumbnailUrl":"https:\/\/orduzcolombia.s3.amazonaws.com\/2026\/04\/Singer-1507-en-Venta.png","datePublished":"2026-04-29T23:46:09+00:00","dateModified":"2026-04-30T00:05:04+00:00","description":"Buy Singer 1507 sewing machine easy and resistant. Ideal for beginners and home use. Immediate delivery in Miami.","breadcrumb":{"@id":"https:\/\/orduz-usa.com\/producto\/singer-1507-en-venta-maquina-de-coser-facil-y-resistente-para-principiantes-con-entrega-en-miami\/#breadcrumb"},"inLanguage":"en-US","potentialAction":[{"@type":"ReadAction","target":["https:\/\/orduz-usa.com\/producto\/singer-1507-en-venta-maquina-de-coser-facil-y-resistente-para-principiantes-con-entrega-en-miami\/"]}]},{"@type":"ImageObject","inLanguage":"en-US","@id":"https:\/\/orduz-usa.com\/producto\/singer-1507-en-venta-maquina-de-coser-facil-y-resistente-para-principiantes-con-entrega-en-miami\/#primaryimage","url":"https:\/\/orduzcolombia.s3.amazonaws.com\/2026\/04\/Singer-1507-en-Venta.png","contentUrl":"https:\/\/orduzcolombia.s3.amazonaws.com\/2026\/04\/Singer-1507-en-Venta.png","width":1080,"height":1080,"caption":"Singer 1507 pr\u00e1ctica, resistente y perfecta para empezar a coser."},{"@type":"BreadcrumbList","@id":"https:\/\/orduz-usa.com\/producto\/singer-1507-en-venta-maquina-de-coser-facil-y-resistente-para-principiantes-con-entrega-en-miami\/#breadcrumb","itemListElement":[{"@type":"ListItem","position":1,"name":"Portada","item":"https:\/\/orduz-usa.com\/"},{"@type":"ListItem","position":2,"name":"Tienda","item":"https:\/\/orduz-usa.com\/shop-venta-maquinas-de-coser-singer-orduz-u-s-a-miami-florida\/"},{"@type":"ListItem","position":3,"name":"Singer 1507 en Venta | M\u00e1quina de Coser F\u00e1cil y Resistente para Principiantes con Entrega en Miami"}]},{"@type":"WebSite","@id":"https:\/\/orduz-usa.com\/#website","url":"https:\/\/orduz-usa.com\/","name":"orduzcolombia","description":"INDUSTRIAL AND FAMILY SEWING MACHINES","publisher":{"@id":"https:\/\/orduz-usa.com\/#organization"},"alternateName":"Maquinas de Coser Orduz","potentialAction":[{"@type":"SearchAction","target":{"@type":"EntryPoint","urlTemplate":"https:\/\/orduz-usa.com\/?s={search_term_string}"},"query-input":{"@type":"PropertyValueSpecification","valueRequired":true,"valueName":"search_term_string"}}],"inLanguage":"en-US"},{"@type":"Organization","@id":"https:\/\/orduz-usa.com\/#organization","name":"Orduz Colombia","alternateName":"Maquinas de Coser Orduz","url":"https:\/\/orduz-usa.com\/","logo":{"@type":"ImageObject","inLanguage":"en-US","@id":"https:\/\/orduz-usa.com\/#\/schema\/logo\/image\/","url":"https:\/\/i0.wp.com\/orduzcolombia.com\/wp-content\/uploads\/2024\/10\/logo-orduz-isotipo.jpg?fit=269%2C259&ssl=1","contentUrl":"https:\/\/i0.wp.com\/orduzcolombia.com\/wp-content\/uploads\/2024\/10\/logo-orduz-isotipo.jpg?fit=269%2C259&ssl=1","width":269,"height":259,"caption":"Orduz Colombia"},"image":{"@id":"https:\/\/orduz-usa.com\/#\/schema\/logo\/image\/"}}]}},"_links":{"self":[{"href":"https:\/\/orduz-usa.com\/en\/wp-json\/wp\/v2\/product\/34607","targetHints":{"allow":["GET"]}}],"collection":[{"href":"https:\/\/orduz-usa.com\/en\/wp-json\/wp\/v2\/product"}],"about":[{"href":"https:\/\/orduz-usa.com\/en\/wp-json\/wp\/v2\/types\/product"}],"replies":[{"embeddable":true,"href":"https:\/\/orduz-usa.com\/en\/wp-json\/wp\/v2\/comments?post=34607"}],"version-history":[{"count":3,"href":"https:\/\/orduz-usa.com\/en\/wp-json\/wp\/v2\/product\/34607\/revisions"}],"predecessor-version":[{"id":34609,"href":"https:\/\/orduz-usa.com\/en\/wp-json\/wp\/v2\/product\/34607\/revisions\/34609"}],"wp:featuredmedia":[{"embeddable":true,"href":"https:\/\/orduz-usa.com\/en\/wp-json\/wp\/v2\/media\/34611"}],"wp:attachment":[{"href":"https:\/\/orduz-usa.com\/en\/wp-json\/wp\/v2\/media?parent=34607"}],"wp:term":[{"taxonomy":"product_brand","embeddable":true,"href":"https:\/\/orduz-usa.com\/en\/wp-json\/wp\/v2\/product_brand?post=34607"},{"taxonomy":"product_cat","embeddable":true,"href":"https:\/\/orduz-usa.com\/en\/wp-json\/wp\/v2\/product_cat?post=34607"},{"taxonomy":"product_tag","embeddable":true,"href":"https:\/\/orduz-usa.com\/en\/wp-json\/wp\/v2\/product_tag?post=34607"}],"curies":[{"name":"wp","href":"https:\/\/api.w.org\/{rel}","templated":true}]}}