{"id":34669,"date":"2026-05-08T18:50:07","date_gmt":"2026-05-08T23:50:07","guid":{"rendered":"https:\/\/orduz-usa.com\/?post_type=product&#038;p=34669"},"modified":"2026-05-08T19:04:29","modified_gmt":"2026-05-09T00:04:29","slug":"janome-400e-embroidery-machine-professional-sewing-embroidery-machine-with-large-hoop-area","status":"publish","type":"product","link":"https:\/\/orduz-usa.com\/en\/producto\/janome-400e-embroidery-machine-professional-sewing-embroidery-machine-with-large-hoop-area\/","title":{"rendered":"Janome 400E Embroidery Machine | Professional Sewing Embroidery Machine with Large Hoop Area"},"content":{"rendered":"<h2 data-section-id=\"1724jle\" data-start=\"0\" data-end=\"62\">\ud83e\uddf5 Janome Memory Craft 400E - Professional Embroidery Machine<\/h2>\n<div class=\"no-scrollbar flex min-h-36 flex-nowrap gap-0.5 overflow-auto sm:gap-1 sm:overflow-hidden xl:min-h-44 mt-1 mb-5 not-first:mt-4\">\n<div class=\"border-token-border-default relative w-32 shrink-0 overflow-hidden rounded-xl border-[0.5px] md:shrink max-h-64 sm:w-[calc((100%-0.5rem)\/3)] rounded-s-xl\">\n<div class=\"group\/search-image @container\/search-image relative rounded-[inherit] h-full w-full\">\n<div><img decoding=\"async\" class=\"bg-token-main-surface-tertiary m-0 h-full w-full object-cover\" src=\"https:\/\/images.openai.com\/static-rsc-4\/FweHV6U8tiOr3CVRRQl4tXLSgvWHPtTdXFl0_3FyOTXa3YMCyE5N3-_uA-pswCa732Mnqe2HEFczA2BWiyCKgFTT-ZoR37eVEJQcXcGRx7dOH1woLyUK2T0QNHy3O3X461cpGvuJx2wtp9K9QZcClti8bFbEVDeofuVryfLYVv4?purpose=inline\" alt=\"https:\/\/images.openai.com\/static-rsc-4\/QZjF9-swDN2UhrmMN7TnbEVULXZUBj8bSWn--5BBtc0DHmlLMgPDu7i8dZzP-IlIfABYehUT1DSrN-1rjQC3ccHMORyyti4hih5h-ZP8EAXdwAkF0xBlPTBT7pGTsQSjy_hoeX4q4kgysFu5qVaJS009vipLSNoKT4UyqySjRKZ2NgCo6pkRS7O-IQymTuA8?purpose=fullsize\" \/><\/div>\n<\/div>\n<\/div>\n<div class=\"border-token-border-default relative w-32 shrink-0 overflow-hidden rounded-xl border-[0.5px] md:shrink max-h-64 sm:w-[calc((100%-0.5rem)\/3)]\">\n<div class=\"group\/search-image @container\/search-image relative rounded-[inherit] h-full w-full\">\n<div><img fetchpriority=\"high\" decoding=\"async\" class=\"bg-token-main-surface-tertiary m-0 h-full w-full object-cover\" src=\"https:\/\/images.openai.com\/static-rsc-4\/b6zrF01OHg0_SqjhMNqd0VrTdTkMzHv1vWgy3VdeItBVDabT1ZxXLpv3zP_5QshmFcp2deSCvw6TQVI6Xci7lemWELtdwL7Qx6Rmyuzi2_FDjLHD71MkWDVVifo-kr3H0qtbZBhkxzxM2binUVVE4e7t_arVBl_VC0y8PbWJcos?purpose=inline\" alt=\"https:\/\/images.openai.com\/static-rsc-4\/VRfEHbce9r6iFObFO5QXanK7uMurGOz0sR_LJUVCXqh2Q9ca3gYBH01i07iCVeN8vkwJ2lcWihuLwo10ynDNlTpdRzXsX1Q0gtUXqs6WEB_SHLkHaZkmaXfL_baHK7jXWR124cWNZKiX6He2b7GbZ8pLTzKKwQArWElLLjM9wW6oGECbKf7d5CcxQ_Q6Dv9V?purpose=fullsize\" width=\"800\" height=\"800\" \/><\/div>\n<\/div>\n<\/div>\n<div class=\"border-token-border-default relative w-32 shrink-0 overflow-hidden rounded-xl border-[0.5px] md:shrink max-h-64 sm:w-[calc((100%-0.5rem)\/3)] rounded-e-xl\">\n<div class=\"group\/search-image @container\/search-image relative rounded-[inherit] h-full w-full\">\n<div><img decoding=\"async\" class=\"bg-token-main-surface-tertiary m-0 h-full w-full object-cover\" src=\"https:\/\/images.openai.com\/static-rsc-4\/sSWQDfF70fE6-MnEBX6A9Jfxfg1Ira4Ajks_Q1JPwh2ahpOsjoO1Kw7TPbRfCBAl2lqbn7YXIEzBjC9OPa9dp71D9GKO9KUsSTFq29VtZbgDNiSZ_Hv6cAGA3JXAFwAdNfLhaBFHR4cCkmw_x6X-ejqDg-rh_zwpIpibLKPhBJw?purpose=inline\" alt=\"https:\/\/images.openai.com\/static-rsc-4\/ZZXT0CM9nXytS52keH1ZTivOGjs88FS8tqgqwWQbo2L6WYrpDkla_CZnP0ixPm-DYRXqWgggVxFvZ3y5b0aL3zAelXd0NbOcPG-2UAQz_-8YvQpCc-33u3VlEhs9Cz_g7JBtS4T4Ms1SBnnfUODUFe5ClEitS5UOfIbX7z8C-pa7ndUllV6GgN1tNkFqqBPo?purpose=fullsize\" \/><\/div>\n<div class=\"pointer-events-none absolute inset-x-2 bottom-2 z-0 flex max-w-[calc(100%-1rem)] flex-wrap items-end justify-end gap-1.5\">\n<div class=\"shrink-0\">\n<div class=\"flex items-center gap-1 rounded-full px-2 py-1.5 text-white backdrop-blur-md backdrop-brightness-75\"><span class=\"text-xs font-semibold\">6<\/span><\/div>\n<\/div>\n<\/div>\n<\/div>\n<\/div>\n<\/div>\n<p data-start=\"106\" data-end=\"419\">The <strong data-start=\"109\" data-end=\"137\">Janome Memory Craft 400E<\/strong> is an embroidery machine designed for those who are looking for <strong data-start=\"184\" data-end=\"235\">precision, speed and professional results<\/strong> on every project. Ideal for start-ups, workshops and advanced users, this machine offers a complete embroidery experience without the need for additional sewing functions.<\/p>\n<p data-start=\"421\" data-end=\"700\">One of its main advantages is its <strong data-start=\"455\" data-end=\"481\">large embroidery area<\/strong>, which allows for large designs without the need to constantly reposition the fabric. This makes it an excellent choice for custom garment production, logo embroidery and commercial projects.<\/p>\n<p data-start=\"702\" data-end=\"970\">It has a <strong data-start=\"717\" data-end=\"744\">color touch screen<\/strong>, The intuitive design editor allows you to select, edit and adjust designs intuitively. It also includes a variety of integrated designs and the ability to upload new ones via USB connection, giving you total creative freedom.<\/p>\n<p data-start=\"972\" data-end=\"1256\">The Janome 400E offers smooth and quiet operation, with high embroidery speed to optimize production times without losing quality. Its automatic threading system and intelligent sensors make it easy to use, even for those who are in the process of learning.<\/p>\n<hr data-start=\"1258\" data-end=\"1261\" \/>\n<h2 data-section-id=\"nu6cl0\" data-start=\"1263\" data-end=\"1296\">\u2699\ufe0f Main features<\/h2>\n<ul data-start=\"1297\" data-end=\"1525\">\n<li data-section-id=\"3gwsfj\" data-start=\"1297\" data-end=\"1352\">Large embroidery area (ideal for large designs)<\/li>\n<li data-section-id=\"1ilvzjs\" data-start=\"1353\" data-end=\"1380\">Color touch screen<\/li>\n<li data-section-id=\"r05qwt\" data-start=\"1381\" data-end=\"1419\">USB connection for importing designs<\/li>\n<li data-section-id=\"xcq9y3\" data-start=\"1420\" data-end=\"1449\">High embroidery speed<\/li>\n<li data-section-id=\"1b04d5f\" data-start=\"1450\" data-end=\"1485\">Automatic threading system<\/li>\n<li data-section-id=\"1endxmv\" data-start=\"1486\" data-end=\"1525\">Precise and quiet operation<\/li>\n<\/ul>\n<hr data-start=\"1527\" data-end=\"1530\" \/>\n<h2 data-section-id=\"1sa8o2t\" data-start=\"1532\" data-end=\"1549\">\ud83d\ude80 Ideal for:<\/h2>\n<ul data-start=\"1550\" data-end=\"1688\">\n<li data-section-id=\"c6onn\" data-start=\"1550\" data-end=\"1580\">Embroidery enterprises<\/li>\n<li data-section-id=\"1ccdj7v\" data-start=\"1581\" data-end=\"1611\">Garment customization<\/li>\n<li data-section-id=\"1ivzyps\" data-start=\"1612\" data-end=\"1632\">Embroidery of logos<\/li>\n<li data-section-id=\"1rcgpqw\" data-start=\"1633\" data-end=\"1654\">Textile production<\/li>\n<li data-section-id=\"1216yfe\" data-start=\"1655\" data-end=\"1688\">Power and business users<\/li>\n<\/ul>\n<hr data-start=\"1690\" data-end=\"1693\" \/>\n<h2 data-section-id=\"xj1o7x\" data-start=\"1695\" data-end=\"1711\">\ud83d\udcb0 Benefits.<\/h2>\n<p data-start=\"1712\" data-end=\"1855\">\u2714 Increased productivity<br data-start=\"1733\" data-end=\"1736\" \/>\u2714 Larger designs without interruptions.<br data-start=\"1776\" data-end=\"1779\" \/>\u2714 Easy to use<br data-start=\"1794\" data-end=\"1797\" \/>\u2714 Professional results<br data-start=\"1823\" data-end=\"1826\" \/>\u2714 Versatility in projects<\/p>\n<hr data-start=\"1857\" data-end=\"1860\" \/>\n<h2 data-section-id=\"1tbcbsq\" data-start=\"1862\" data-end=\"1889\">\ud83d\udd25 Available in Miami<\/h2>\n<p data-start=\"1890\" data-end=\"1951\">Immediate delivery to start embroidering from the first day.<\/p>\n<hr data-start=\"1953\" data-end=\"1956\" \/>\n<h2 data-section-id=\"1f2p05i\" data-start=\"1958\" data-end=\"1976\">\ud83d\udca1 Conclusion.<\/h2>\n<p data-start=\"1977\" data-end=\"2170\">The <strong data-start=\"1980\" data-end=\"2008\">Janome Memory Craft 400E<\/strong> is a powerful, modern and reliable machine, perfect for those who want to take their embroidery to a professional level and generate income with high quality designs.<\/p>\n<p data-start=\"1977\" data-end=\"2170\"><a href=\"https:\/\/api.whatsapp.com\/send?phone=16452480366\">whatsapp.<\/a><\/p>\n<p data-start=\"1977\" data-end=\"2170\"><a href=\"https:\/\/orduz-usa.com\/en\/buy-brother-embroidery-sewing-machines-in-miami-today\/\">Where to Buy Sewing Machines in Miami | Singer, Juki, Janome with Guarantee and Good Price<\/a><\/p>","protected":false},"excerpt":{"rendered":"<figure id=\"attachment_34526\" aria-describedby=\"caption-attachment-34526\" style=\"width: 300px\" class=\"wp-caption alignnone\"><img decoding=\"async\" class=\"wp-image-34526 size-medium\" src=\"https:\/\/orduzcolombia.s3.amazonaws.com\/2024\/09\/ALEXANDER-ORDUZ-300x300.jpg\" alt=\"Orduz U.S.A\" width=\"300\" height=\"300\" srcset=\"https:\/\/orduzcolombia.s3.amazonaws.com\/2024\/09\/ALEXANDER-ORDUZ.jpg 300w, https:\/\/orduzcolombia.s3.amazonaws.com\/2024\/09\/ALEXANDER-ORDUZ.jpg 150w, https:\/\/orduzcolombia.s3.amazonaws.com\/2024\/09\/ALEXANDER-ORDUZ.jpg 768w, https:\/\/orduzcolombia.s3.amazonaws.com\/2024\/09\/ALEXANDER-ORDUZ.jpg 500w, https:\/\/orduzcolombia.s3.amazonaws.com\/2024\/09\/ALEXANDER-ORDUZ.jpg 100w, https:\/\/orduzcolombia.s3.amazonaws.com\/2024\/09\/ALEXANDER-ORDUZ.jpg 883w\" sizes=\"(max-width: 300px) 100vw, 300px\" \/><figcaption id=\"caption-attachment-34526\" class=\"wp-caption-text\">Orduz U.S.A<\/figcaption><\/figure>","protected":false},"featured_media":34678,"comment_status":"open","ping_status":"closed","template":"","meta":{"_acf_changed":false},"product_brand":[415],"product_cat":[5119,5109],"product_tag":[6045,5740,1301,6038,6034,6044,6042,6031,6032,6035,6040,6046,6037,6033,6041,6039,6036,6043,5762],"class_list":{"0":"post-34669","1":"product","2":"type-product","3":"status-publish","4":"has-post-thumbnail","6":"product_brand-janome","7":"product_cat-bordadoras-y-accesorios-venta-en-usa","8":"product_cat-janome-maquinas-de-coser","9":"product_tag-bordadora-de-alta-precision","10":"product_tag-bordadora-para-negocio","11":"product_tag-bordadora-profesional","12":"product_tag-embroidery-machine-for-business","13":"product_tag-embroidery-machine-janome","14":"product_tag-embroidery-machine-usa","15":"product_tag-equipo-para-personalizacion-de-ropa","16":"product_tag-janome-400e","17":"product_tag-janome-memory-craft-400e","18":"product_tag-maquina-de-bordado-en-venta","19":"product_tag-maquina-de-bordar-con-usb","20":"product_tag-maquina-de-bordar-grande","21":"product_tag-maquina-de-bordar-industrial-domestica","22":"product_tag-maquina-de-bordar-janome","23":"product_tag-maquina-de-bordar-pantalla-tactil","24":"product_tag-maquina-para-bordar-logos","25":"product_tag-maquina-para-bordar-ropa","26":"product_tag-maquinas-de-bordar-en-miami","27":"product_tag-negocio-de-bordado-desde-casa","29":"first","30":"instock","31":"sale","32":"shipping-taxable","33":"purchasable","34":"product-type-simple"},"acf":[],"yoast_head":"<!-- This site is optimized with the Yoast SEO Premium plugin v25.7.1 (Yoast SEO v27.4) - https:\/\/yoast.com\/product\/yoast-seo-premium-wordpress\/ -->\n<title>Janome Memory Craft 400E | M\u00e1quina de Bordar Profesional con Gran \u00c1rea de Bordado y Pantalla T\u00e1ctil<\/title>\n<meta name=\"description\" content=\"Compra Janome Memory Craft 400E m\u00e1quina de bordar profesional con \u00e1rea amplia y pantalla t\u00e1ctil. Ideal para negocio de bordado. Disponible en Miami.\" \/>\n<meta name=\"robots\" content=\"index, follow, max-snippet:-1, max-image-preview:large, max-video-preview:-1\" \/>\n<link rel=\"canonical\" href=\"https:\/\/orduz-usa.com\/en\/product\/janome-400e-embroidery-machine-professional-sewing-embroidery-machine-with-large-hoop-area\/\" \/>\n<meta property=\"og:locale\" content=\"en_US\" \/>\n<meta property=\"og:type\" content=\"article\" \/>\n<meta property=\"og:title\" content=\"Janome 400E Embroidery Machine | Professional Sewing Embroidery Machine with Large Hoop Area\" \/>\n<meta property=\"og:description\" content=\"Compra Janome Memory Craft 400E m\u00e1quina de bordar profesional con \u00e1rea amplia y pantalla t\u00e1ctil. Ideal para negocio de bordado. Disponible en Miami.\" \/>\n<meta property=\"og:url\" content=\"https:\/\/orduz-usa.com\/en\/product\/janome-400e-embroidery-machine-professional-sewing-embroidery-machine-with-large-hoop-area\/\" \/>\n<meta property=\"og:site_name\" content=\"Orduz USA\" \/>\n<meta property=\"article:modified_time\" content=\"2026-05-09T00:04:29+00:00\" \/>\n<meta property=\"og:image\" content=\"https:\/\/orduzcolombia.s3.amazonaws.com\/2026\/05\/janome-400-E.jpg\" \/>\n\t<meta property=\"og:image:width\" content=\"2000\" \/>\n\t<meta property=\"og:image:height\" content=\"2000\" \/>\n\t<meta property=\"og:image:type\" content=\"image\/jpeg\" \/>\n<meta name=\"twitter:card\" content=\"summary_large_image\" \/>\n<meta name=\"twitter:label1\" content=\"Est. reading time\" \/>\n\t<meta name=\"twitter:data1\" content=\"3 minutes\" \/>\n<script type=\"application\/ld+json\" class=\"yoast-schema-graph\">{\"@context\":\"https:\\\/\\\/schema.org\",\"@graph\":[{\"@type\":\"WebPage\",\"@id\":\"https:\\\/\\\/orduz-usa.com\\\/producto\\\/janome-400e-embroidery-machine-professional-sewing-embroidery-machine-with-large-hoop-area\\\/\",\"url\":\"https:\\\/\\\/orduz-usa.com\\\/producto\\\/janome-400e-embroidery-machine-professional-sewing-embroidery-machine-with-large-hoop-area\\\/\",\"name\":\"Janome Memory Craft 400E | M\u00e1quina de Bordar Profesional con Gran \u00c1rea de Bordado y Pantalla T\u00e1ctil\",\"isPartOf\":{\"@id\":\"https:\\\/\\\/orduz-usa.com\\\/#website\"},\"primaryImageOfPage\":{\"@id\":\"https:\\\/\\\/orduz-usa.com\\\/producto\\\/janome-400e-embroidery-machine-professional-sewing-embroidery-machine-with-large-hoop-area\\\/#primaryimage\"},\"image\":{\"@id\":\"https:\\\/\\\/orduz-usa.com\\\/producto\\\/janome-400e-embroidery-machine-professional-sewing-embroidery-machine-with-large-hoop-area\\\/#primaryimage\"},\"thumbnailUrl\":\"https:\\\/\\\/orduzcolombia.s3.amazonaws.com\\\/2026\\\/05\\\/janome-400-E.jpg\",\"datePublished\":\"2026-05-08T23:50:07+00:00\",\"dateModified\":\"2026-05-09T00:04:29+00:00\",\"description\":\"Compra Janome Memory Craft 400E m\u00e1quina de bordar profesional con \u00e1rea amplia y pantalla t\u00e1ctil. Ideal para negocio de bordado. Disponible en Miami.\",\"breadcrumb\":{\"@id\":\"https:\\\/\\\/orduz-usa.com\\\/producto\\\/janome-400e-embroidery-machine-professional-sewing-embroidery-machine-with-large-hoop-area\\\/#breadcrumb\"},\"inLanguage\":\"en-US\",\"potentialAction\":[{\"@type\":\"ReadAction\",\"target\":[\"https:\\\/\\\/orduz-usa.com\\\/producto\\\/janome-400e-embroidery-machine-professional-sewing-embroidery-machine-with-large-hoop-area\\\/\"]}]},{\"@type\":\"ImageObject\",\"inLanguage\":\"en-US\",\"@id\":\"https:\\\/\\\/orduz-usa.com\\\/producto\\\/janome-400e-embroidery-machine-professional-sewing-embroidery-machine-with-large-hoop-area\\\/#primaryimage\",\"url\":\"https:\\\/\\\/orduzcolombia.s3.amazonaws.com\\\/2026\\\/05\\\/janome-400-E.jpg\",\"contentUrl\":\"https:\\\/\\\/orduzcolombia.s3.amazonaws.com\\\/2026\\\/05\\\/janome-400-E.jpg\",\"width\":2000,\"height\":2000,\"caption\":\"Janome 400E, la bordadora ideal para emprender con resultados profesionales.\"},{\"@type\":\"BreadcrumbList\",\"@id\":\"https:\\\/\\\/orduz-usa.com\\\/producto\\\/janome-400e-embroidery-machine-professional-sewing-embroidery-machine-with-large-hoop-area\\\/#breadcrumb\",\"itemListElement\":[{\"@type\":\"ListItem\",\"position\":1,\"name\":\"Portada\",\"item\":\"https:\\\/\\\/orduz-usa.com\\\/\"},{\"@type\":\"ListItem\",\"position\":2,\"name\":\"Tienda\",\"item\":\"https:\\\/\\\/orduz-usa.com\\\/shop-venta-maquinas-de-coser-singer-orduz-u-s-a-miami-florida\\\/\"},{\"@type\":\"ListItem\",\"position\":3,\"name\":\"Janome 400E Embroidery Machine | Professional Sewing Embroidery Machine with Large Hoop Area\"}]},{\"@type\":\"WebSite\",\"@id\":\"https:\\\/\\\/orduz-usa.com\\\/#website\",\"url\":\"https:\\\/\\\/orduz-usa.com\\\/\",\"name\":\"orduzcolombia\",\"description\":\"Maquinas de Coser INDUSTRIALES Y FAMILIARES\",\"publisher\":{\"@id\":\"https:\\\/\\\/orduz-usa.com\\\/#organization\"},\"alternateName\":\"Maquinas de Coser Orduz\",\"potentialAction\":[{\"@type\":\"SearchAction\",\"target\":{\"@type\":\"EntryPoint\",\"urlTemplate\":\"https:\\\/\\\/orduz-usa.com\\\/?s={search_term_string}\"},\"query-input\":{\"@type\":\"PropertyValueSpecification\",\"valueRequired\":true,\"valueName\":\"search_term_string\"}}],\"inLanguage\":\"en-US\"},{\"@type\":\"Organization\",\"@id\":\"https:\\\/\\\/orduz-usa.com\\\/#organization\",\"name\":\"Orduz Colombia\",\"alternateName\":\"Maquinas de Coser Orduz\",\"url\":\"https:\\\/\\\/orduz-usa.com\\\/\",\"logo\":{\"@type\":\"ImageObject\",\"inLanguage\":\"en-US\",\"@id\":\"https:\\\/\\\/orduz-usa.com\\\/#\\\/schema\\\/logo\\\/image\\\/\",\"url\":\"https:\\\/\\\/i0.wp.com\\\/orduzcolombia.com\\\/wp-content\\\/uploads\\\/2024\\\/10\\\/logo-orduz-isotipo.jpg?fit=269%2C259&ssl=1\",\"contentUrl\":\"https:\\\/\\\/i0.wp.com\\\/orduzcolombia.com\\\/wp-content\\\/uploads\\\/2024\\\/10\\\/logo-orduz-isotipo.jpg?fit=269%2C259&ssl=1\",\"width\":269,\"height\":259,\"caption\":\"Orduz Colombia\"},\"image\":{\"@id\":\"https:\\\/\\\/orduz-usa.com\\\/#\\\/schema\\\/logo\\\/image\\\/\"}}]}<\/script>\n<!-- \/ Yoast SEO Premium plugin. -->","yoast_head_json":{"title":"Janome Memory Craft 400E | Professional Embroidery Machine with Large Embroidery Area and Touch Screen","description":"Buy Janome Memory Craft 400E professional embroidery machine with wide area and touch screen. Ideal for embroidery business. Available in Miami.","robots":{"index":"index","follow":"follow","max-snippet":"max-snippet:-1","max-image-preview":"max-image-preview:large","max-video-preview":"max-video-preview:-1"},"canonical":"https:\/\/orduz-usa.com\/en\/product\/janome-400e-embroidery-machine-professional-sewing-embroidery-machine-with-large-hoop-area\/","og_locale":"en_US","og_type":"article","og_title":"Janome 400E Embroidery Machine | Professional Sewing Embroidery Machine with Large Hoop Area","og_description":"Compra Janome Memory Craft 400E m\u00e1quina de bordar profesional con \u00e1rea amplia y pantalla t\u00e1ctil. Ideal para negocio de bordado. Disponible en Miami.","og_url":"https:\/\/orduz-usa.com\/en\/product\/janome-400e-embroidery-machine-professional-sewing-embroidery-machine-with-large-hoop-area\/","og_site_name":"Orduz USA","article_modified_time":"2026-05-09T00:04:29+00:00","og_image":[{"width":2000,"height":2000,"url":"https:\/\/orduzcolombia.s3.amazonaws.com\/2026\/05\/janome-400-E.jpg","type":"image\/jpeg"}],"twitter_card":"summary_large_image","twitter_misc":{"Est. reading time":"3 minutes"},"schema":{"@context":"https:\/\/schema.org","@graph":[{"@type":"WebPage","@id":"https:\/\/orduz-usa.com\/producto\/janome-400e-embroidery-machine-professional-sewing-embroidery-machine-with-large-hoop-area\/","url":"https:\/\/orduz-usa.com\/producto\/janome-400e-embroidery-machine-professional-sewing-embroidery-machine-with-large-hoop-area\/","name":"Janome Memory Craft 400E | Professional Embroidery Machine with Large Embroidery Area and Touch Screen","isPartOf":{"@id":"https:\/\/orduz-usa.com\/#website"},"primaryImageOfPage":{"@id":"https:\/\/orduz-usa.com\/producto\/janome-400e-embroidery-machine-professional-sewing-embroidery-machine-with-large-hoop-area\/#primaryimage"},"image":{"@id":"https:\/\/orduz-usa.com\/producto\/janome-400e-embroidery-machine-professional-sewing-embroidery-machine-with-large-hoop-area\/#primaryimage"},"thumbnailUrl":"https:\/\/orduzcolombia.s3.amazonaws.com\/2026\/05\/janome-400-E.jpg","datePublished":"2026-05-08T23:50:07+00:00","dateModified":"2026-05-09T00:04:29+00:00","description":"Buy Janome Memory Craft 400E professional embroidery machine with wide area and touch screen. Ideal for embroidery business. Available in Miami.","breadcrumb":{"@id":"https:\/\/orduz-usa.com\/producto\/janome-400e-embroidery-machine-professional-sewing-embroidery-machine-with-large-hoop-area\/#breadcrumb"},"inLanguage":"en-US","potentialAction":[{"@type":"ReadAction","target":["https:\/\/orduz-usa.com\/producto\/janome-400e-embroidery-machine-professional-sewing-embroidery-machine-with-large-hoop-area\/"]}]},{"@type":"ImageObject","inLanguage":"en-US","@id":"https:\/\/orduz-usa.com\/producto\/janome-400e-embroidery-machine-professional-sewing-embroidery-machine-with-large-hoop-area\/#primaryimage","url":"https:\/\/orduzcolombia.s3.amazonaws.com\/2026\/05\/janome-400-E.jpg","contentUrl":"https:\/\/orduzcolombia.s3.amazonaws.com\/2026\/05\/janome-400-E.jpg","width":2000,"height":2000,"caption":"Janome 400E, la bordadora ideal para emprender con resultados profesionales."},{"@type":"BreadcrumbList","@id":"https:\/\/orduz-usa.com\/producto\/janome-400e-embroidery-machine-professional-sewing-embroidery-machine-with-large-hoop-area\/#breadcrumb","itemListElement":[{"@type":"ListItem","position":1,"name":"Portada","item":"https:\/\/orduz-usa.com\/"},{"@type":"ListItem","position":2,"name":"Tienda","item":"https:\/\/orduz-usa.com\/shop-venta-maquinas-de-coser-singer-orduz-u-s-a-miami-florida\/"},{"@type":"ListItem","position":3,"name":"Janome 400E Embroidery Machine | Professional Sewing Embroidery Machine with Large Hoop Area"}]},{"@type":"WebSite","@id":"https:\/\/orduz-usa.com\/#website","url":"https:\/\/orduz-usa.com\/","name":"orduzcolombia","description":"INDUSTRIAL AND FAMILY SEWING MACHINES","publisher":{"@id":"https:\/\/orduz-usa.com\/#organization"},"alternateName":"Maquinas de Coser Orduz","potentialAction":[{"@type":"SearchAction","target":{"@type":"EntryPoint","urlTemplate":"https:\/\/orduz-usa.com\/?s={search_term_string}"},"query-input":{"@type":"PropertyValueSpecification","valueRequired":true,"valueName":"search_term_string"}}],"inLanguage":"en-US"},{"@type":"Organization","@id":"https:\/\/orduz-usa.com\/#organization","name":"Orduz Colombia","alternateName":"Maquinas de Coser Orduz","url":"https:\/\/orduz-usa.com\/","logo":{"@type":"ImageObject","inLanguage":"en-US","@id":"https:\/\/orduz-usa.com\/#\/schema\/logo\/image\/","url":"https:\/\/i0.wp.com\/orduzcolombia.com\/wp-content\/uploads\/2024\/10\/logo-orduz-isotipo.jpg?fit=269%2C259&ssl=1","contentUrl":"https:\/\/i0.wp.com\/orduzcolombia.com\/wp-content\/uploads\/2024\/10\/logo-orduz-isotipo.jpg?fit=269%2C259&ssl=1","width":269,"height":259,"caption":"Orduz Colombia"},"image":{"@id":"https:\/\/orduz-usa.com\/#\/schema\/logo\/image\/"}}]}},"_links":{"self":[{"href":"https:\/\/orduz-usa.com\/en\/wp-json\/wp\/v2\/product\/34669","targetHints":{"allow":["GET"]}}],"collection":[{"href":"https:\/\/orduz-usa.com\/en\/wp-json\/wp\/v2\/product"}],"about":[{"href":"https:\/\/orduz-usa.com\/en\/wp-json\/wp\/v2\/types\/product"}],"replies":[{"embeddable":true,"href":"https:\/\/orduz-usa.com\/en\/wp-json\/wp\/v2\/comments?post=34669"}],"version-history":[{"count":3,"href":"https:\/\/orduz-usa.com\/en\/wp-json\/wp\/v2\/product\/34669\/revisions"}],"predecessor-version":[{"id":34672,"href":"https:\/\/orduz-usa.com\/en\/wp-json\/wp\/v2\/product\/34669\/revisions\/34672"}],"wp:featuredmedia":[{"embeddable":true,"href":"https:\/\/orduz-usa.com\/en\/wp-json\/wp\/v2\/media\/34678"}],"wp:attachment":[{"href":"https:\/\/orduz-usa.com\/en\/wp-json\/wp\/v2\/media?parent=34669"}],"wp:term":[{"taxonomy":"product_brand","embeddable":true,"href":"https:\/\/orduz-usa.com\/en\/wp-json\/wp\/v2\/product_brand?post=34669"},{"taxonomy":"product_cat","embeddable":true,"href":"https:\/\/orduz-usa.com\/en\/wp-json\/wp\/v2\/product_cat?post=34669"},{"taxonomy":"product_tag","embeddable":true,"href":"https:\/\/orduz-usa.com\/en\/wp-json\/wp\/v2\/product_tag?post=34669"}],"curies":[{"name":"wp","href":"https:\/\/api.w.org\/{rel}","templated":true}]}}