{"id":34686,"date":"2026-05-08T21:24:20","date_gmt":"2026-05-09T02:24:20","guid":{"rendered":"https:\/\/orduz-usa.com\/?post_type=product&#038;p=34686"},"modified":"2026-05-08T21:40:15","modified_gmt":"2026-05-09T02:40:15","slug":"fabric-cutting-machine-4-industrial-high-speed-and-accurate-fabric-cutting-machine","status":"publish","type":"product","link":"https:\/\/orduz-usa.com\/en\/producto\/cortadora-de-tela-4-industrial-maquina-de-corte-de-tela-precisa-y-de-alta-velocidad\/","title":{"rendered":"4\u201d Industrial Fabric Cutting Machine | High Speed and Accurate Fabric Cutting Machine"},"content":{"rendered":"<h2 data-section-id=\"loc8sb\" data-start=\"687\" data-end=\"728\">PRODUCT DESCRIPTION (WITH PHOTO)<\/h2>\n<div class=\"no-scrollbar flex min-h-36 flex-nowrap gap-0.5 overflow-auto sm:gap-1 sm:overflow-hidden xl:min-h-44 mt-1 mb-5 not-first:mt-4\">\n<div class=\"border-token-border-default relative w-32 shrink-0 overflow-hidden rounded-xl border-[0.5px] md:shrink max-h-64 sm:w-[calc((100%-0.5rem)\/3)] rounded-s-xl\">\n<div class=\"group\/search-image @container\/search-image relative rounded-[inherit] h-full w-full\">\n<div><img decoding=\"async\" class=\"bg-token-main-surface-tertiary m-0 h-full w-full object-cover\" src=\"https:\/\/images.openai.com\/static-rsc-4\/7wHpH0lgE6oqN_h1osj-zuBkGlWeUJ40zw0tZ8P8FYCy7MoZpi0Rm3Pa7TRG_gT4kExAJIThuzorc-Ihk0ncNoXVkViws5pUzixo05Z-ZQIuV9watEFCkMjHYwSQLPVhADyyPiOVXFwjgCrKkahB_aKEXM3Gvz4jWTkK0gAjSvg?purpose=inline\" alt=\"https:\/\/images.openai.com\/static-rsc-4\/7f6-0zPxNKT595AxoLeRE4rlhPDqdIVSvKcUWjumF2ukj_sjgtmtvs-jkc-SGldjL_UA1k6XvDHYL0GidGV6ImA_MVuqEjm8uGFcaAFueZn5wwEqpHNq81NH4ykX_7Sarn_japS0BRAms9PiK4AUMEs0D2vJEMQEgHDihq0z-CjYCvwC6lisMroBLf9vJFMd?purpose=fullsize\" \/><\/div>\n<\/div>\n<\/div>\n<div class=\"border-token-border-default relative w-32 shrink-0 overflow-hidden rounded-xl border-[0.5px] md:shrink max-h-64 sm:w-[calc((100%-0.5rem)\/3)]\">\n<div class=\"group\/search-image @container\/search-image relative rounded-[inherit] h-full w-full\">\n<div><img decoding=\"async\" class=\"bg-token-main-surface-tertiary m-0 h-full w-full object-cover\" src=\"https:\/\/images.openai.com\/static-rsc-4\/mbeRkBj6H-yT1r_8d-hjM7pm2uKbpGtUUPXEgcOpwWMT3uX-1Oc5sQ3voM7KPnr4gfb-VvaM6aSddt75twTuVkx2cEL3HZgPFShatU7mVrkHeWaLnsGPith6bhV2vz8Rcq-ZG59V4CBcY4h-izz26vpWGVUpg8hc_LlDoY53MH8?purpose=inline\" alt=\"https:\/\/images.openai.com\/static-rsc-4\/8cspgao7mCPnt1VV-preCcO1L54NZoNJUuoWJVqJM7tnZ08XVJ8jDILm5K42j1tJ8tnN88N6bO0XRq-xKZVi10Cq6kXbDExevaA_0JT2cO1_X-31Ue1FPgfHCZPslwgx3CNUMudFV34KKX_4T_8c-EM-l4qpUt_FVG0aWtRoHWaDcZpN_PyIol2mckfOCTiR?purpose=fullsize\" \/><\/div>\n<\/div>\n<\/div>\n<div class=\"border-token-border-default relative w-32 shrink-0 overflow-hidden rounded-xl border-[0.5px] md:shrink max-h-64 sm:w-[calc((100%-0.5rem)\/3)] rounded-e-xl\">\n<div class=\"group\/search-image @container\/search-image relative rounded-[inherit] h-full w-full\">\n<div><img fetchpriority=\"high\" decoding=\"async\" class=\"alignnone wp-image-34689\" src=\"https:\/\/orduzcolombia.s3.amazonaws.com\/2026\/05\/Cortadora-de-Tela-4-Industrial.jpg\" alt=\"\" width=\"679\" height=\"679\" srcset=\"https:\/\/orduzcolombia.s3.amazonaws.com\/2026\/05\/Cortadora-de-Tela-4-Industrial.jpg 2000w, https:\/\/orduzcolombia.s3.amazonaws.com\/2026\/05\/Cortadora-de-Tela-4-Industrial.jpg 300w, https:\/\/orduzcolombia.s3.amazonaws.com\/2026\/05\/Cortadora-de-Tela-4-Industrial.jpg 1024w, https:\/\/orduzcolombia.s3.amazonaws.com\/2026\/05\/Cortadora-de-Tela-4-Industrial.jpg 150w, https:\/\/orduzcolombia.s3.amazonaws.com\/2026\/05\/Cortadora-de-Tela-4-Industrial.jpg 768w, https:\/\/orduzcolombia.s3.amazonaws.com\/2026\/05\/Cortadora-de-Tela-4-Industrial.jpg 1536w, https:\/\/orduzcolombia.s3.amazonaws.com\/2026\/05\/Cortadora-de-Tela-4-Industrial.jpg 12w, https:\/\/orduzcolombia.s3.amazonaws.com\/2026\/05\/Cortadora-de-Tela-4-Industrial.jpg 500w, https:\/\/orduzcolombia.s3.amazonaws.com\/2026\/05\/Cortadora-de-Tela-4-Industrial.jpg 100w\" sizes=\"(max-width: 679px) 100vw, 679px\" \/><\/div>\n<div class=\"pointer-events-none absolute inset-x-2 bottom-2 z-0 flex max-w-[calc(100%-1rem)] flex-wrap items-end justify-end gap-1.5\">\n<div class=\"shrink-0\">\n<div class=\"flex items-center gap-1 rounded-full px-2 py-1.5 text-white backdrop-blur-md backdrop-brightness-75\"><span class=\"text-xs font-semibold\">6<\/span><\/div>\n<\/div>\n<\/div>\n<\/div>\n<\/div>\n<\/div>\n<p data-start=\"772\" data-end=\"1078\">The <strong data-start=\"775\" data-end=\"810\">4 inch fabric cutter<\/strong> is an essential tool for garment and textile production workshops looking for <strong data-start=\"898\" data-end=\"956\">precision, speed and efficiency in fabric cutting<\/strong>. Its compact size makes it ideal for detailed work, allowing clean cuts in different types of materials.<\/p>\n<p data-start=\"1080\" data-end=\"1314\">Equipped with a 4\u201d circular blade, this machine makes it easy to cut layers of fabric with greater control and less effort. It is perfect for working with cotton, polyester, light denim and other fabrics used in apparel.<\/p>\n<p data-start=\"1316\" data-end=\"1529\">Its ergonomic design allows for comfortable and safe handling, ideal for both professionals and entrepreneurs looking to improve their productivity. In addition, its motor offers stable performance for continuous use.<\/p>\n<hr data-start=\"1531\" data-end=\"1534\" \/>\n<h2 data-section-id=\"nu6cl0\" data-start=\"1536\" data-end=\"1569\">\u2699\ufe0f Main features<\/h2>\n<ul data-start=\"1570\" data-end=\"1753\">\n<li data-section-id=\"1d2ty8w\" data-start=\"1570\" data-end=\"1609\">Circular blade of <strong data-start=\"1593\" data-end=\"1607\">4 inches<\/strong><\/li>\n<li data-section-id=\"i5n4lt\" data-start=\"1610\" data-end=\"1636\">Precise and clean cut<\/li>\n<li data-section-id=\"4chfpe\" data-start=\"1637\" data-end=\"1675\">Compact and easy-to-handle design<\/li>\n<li data-section-id=\"2w7lzt\" data-start=\"1676\" data-end=\"1713\">Efficient motor for continuous use<\/li>\n<li data-section-id=\"1t08ro6\" data-start=\"1714\" data-end=\"1753\">Ideal for different types of fabrics<\/li>\n<\/ul>\n<hr data-start=\"1755\" data-end=\"1758\" \/>\n<h2 data-section-id=\"1sa8o2t\" data-start=\"1760\" data-end=\"1777\">\ud83d\ude80 Ideal for:<\/h2>\n<ul data-start=\"1778\" data-end=\"1885\">\n<li data-section-id=\"ateq5k\" data-start=\"1778\" data-end=\"1804\">Garment workshops<\/li>\n<li data-section-id=\"s5nhs9\" data-start=\"1805\" data-end=\"1823\">Fabric cutting<\/li>\n<li data-section-id=\"1rcgpqw\" data-start=\"1824\" data-end=\"1845\">Textile production<\/li>\n<li data-section-id=\"1ybn97n\" data-start=\"1846\" data-end=\"1865\">ventures<\/li>\n<li data-section-id=\"srjlbt\" data-start=\"1866\" data-end=\"1885\">Professional use<\/li>\n<\/ul>\n<hr data-start=\"1887\" data-end=\"1890\" \/>\n<h2 data-section-id=\"xj1o7x\" data-start=\"1892\" data-end=\"1908\">\ud83d\udcb0 Benefits.<\/h2>\n<p data-start=\"1909\" data-end=\"2027\">\u2714 Increased cutting accuracy<br data-start=\"1936\" data-end=\"1939\" \/>\u2714 Time savings<br data-start=\"1957\" data-end=\"1960\" \/>\u2714 Easy to use<br data-start=\"1975\" data-end=\"1978\" \/>\u2714 Portable and practical<br data-start=\"1999\" data-end=\"2002\" \/>\u2714 Ideal for production<\/p>\n<hr data-start=\"2029\" data-end=\"2032\" \/>\n<h2 data-section-id=\"1tbcbsq\" data-start=\"2034\" data-end=\"2061\">\ud83d\udd25 Available in Miami<\/h2>\n<p data-start=\"2062\" data-end=\"2105\">Immediate delivery to start working.<\/p>\n<p data-start=\"2062\" data-end=\"2105\"><a href=\"https:\/\/api.whatsapp.com\/send?phone=16452480366\">whatsapp.<\/a><\/p>\n<p data-start=\"2062\" data-end=\"2105\"><a href=\"https:\/\/orduz-usa.com\/en\/?mas_static_content=maquinas-de-coser-industriales\">Industrial Sewing Machines<\/a><\/p>","protected":false},"excerpt":{"rendered":"<figure id=\"attachment_34526\" aria-describedby=\"caption-attachment-34526\" style=\"width: 150px\" class=\"wp-caption alignnone\"><img decoding=\"async\" class=\"wp-image-34526 size-thumbnail\" src=\"https:\/\/orduzcolombia.s3.amazonaws.com\/2024\/09\/ALEXANDER-ORDUZ-150x150.jpg\" alt=\"Orduz U.S.A\" width=\"150\" height=\"150\" srcset=\"https:\/\/orduzcolombia.s3.amazonaws.com\/2024\/09\/ALEXANDER-ORDUZ.jpg 150w, https:\/\/orduzcolombia.s3.amazonaws.com\/2024\/09\/ALEXANDER-ORDUZ.jpg 300w, https:\/\/orduzcolombia.s3.amazonaws.com\/2024\/09\/ALEXANDER-ORDUZ.jpg 768w, https:\/\/orduzcolombia.s3.amazonaws.com\/2024\/09\/ALEXANDER-ORDUZ.jpg 500w, https:\/\/orduzcolombia.s3.amazonaws.com\/2024\/09\/ALEXANDER-ORDUZ.jpg 100w, https:\/\/orduzcolombia.s3.amazonaws.com\/2024\/09\/ALEXANDER-ORDUZ.jpg 883w\" sizes=\"(max-width: 150px) 100vw, 150px\" \/><figcaption id=\"caption-attachment-34526\" class=\"wp-caption-text\">Orduz U.S.A<\/figcaption><\/figure>","protected":false},"featured_media":34690,"comment_status":"open","ping_status":"closed","template":"","meta":{"_acf_changed":false},"product_brand":[411],"product_cat":[5690],"product_tag":[6067,6076,6069,6086,6079,6073,6087,6082,6078,6085,6068,6075,6084,6071,6081,6083,6070,6080,6072,6077,5525,6088,6074,6089],"class_list":{"0":"post-34686","1":"product","2":"type-product","3":"status-publish","4":"has-post-thumbnail","6":"product_brand-orduz","7":"product_cat-maquinas-de-corte-de-tela-venta-cerca-de-mi-miami","8":"product_tag-4-inch-fabric-cutter","9":"product_tag-cloth-cutter-for-sewing-business","10":"product_tag-cloth-cutting-machine-portable","11":"product_tag-cloth-cutting-machine-usa","12":"product_tag-cutting-machine-for-textiles","13":"product_tag-electric-fabric-cutter-4-inch","14":"product_tag-electric-round-knife-cutter","15":"product_tag-fabric-cutter-for-small-business","16":"product_tag-fabric-cutter-for-tailoring","17":"product_tag-fabric-cutter-for-workshop","18":"product_tag-fabric-cutter-machine-4-inch","19":"product_tag-fabric-cutting-tool-professional","20":"product_tag-garment-cutting-machine","21":"product_tag-handheld-fabric-cutter","22":"product_tag-high-speed-fabric-cutter","23":"product_tag-industrial-cutting-tools-textile","24":"product_tag-industrial-fabric-cutter","25":"product_tag-portable-cloth-cutter-machine","26":"product_tag-round-knife-fabric-cutter","27":"product_tag-sewing-cutting-tools-usa","28":"product_tag-sewing-equipment-usa","29":"product_tag-textile-cutting-equipment-usa","30":"product_tag-textile-cutting-machine","31":"product_tag-venta-de-cortadoras-de-tela-cerca-de-mi","33":"first","34":"instock","35":"sale","36":"shipping-taxable","37":"purchasable","38":"product-type-simple"},"acf":[],"yoast_head":"<!-- This site is optimized with the Yoast SEO Premium plugin v25.7.1 (Yoast SEO v27.4) - https:\/\/yoast.com\/product\/yoast-seo-premium-wordpress\/ -->\n<title>Cortadora de Tela 4 Pulgadas (4\u201d) | M\u00e1quina de Corte Industrial Precisa y Port\u00e1til para Confecci\u00f3n<\/title>\n<meta name=\"description\" content=\"Compra cortadora de tela 4 pulgadas (4\u201d). M\u00e1quina de corte industrial precisa y port\u00e1til para confecci\u00f3n. Disponible en Miami con entrega inmediata.\" \/>\n<meta name=\"robots\" content=\"index, follow, max-snippet:-1, max-image-preview:large, max-video-preview:-1\" \/>\n<link rel=\"canonical\" href=\"https:\/\/orduz-usa.com\/en\/product\/fabric-cutting-machine-4-industrial-high-speed-and-accurate-fabric-cutting-machine\/\" \/>\n<meta property=\"og:locale\" content=\"en_US\" \/>\n<meta property=\"og:type\" content=\"article\" \/>\n<meta property=\"og:title\" content=\"Cortadora de Tela 4\u201d Industrial | M\u00e1quina de Corte de Tela Precisa y de Alta Velocidad\" \/>\n<meta property=\"og:description\" content=\"Compra cortadora de tela 4 pulgadas (4\u201d). M\u00e1quina de corte industrial precisa y port\u00e1til para confecci\u00f3n. Disponible en Miami con entrega inmediata.\" \/>\n<meta property=\"og:url\" content=\"https:\/\/orduz-usa.com\/en\/product\/fabric-cutting-machine-4-industrial-high-speed-and-accurate-fabric-cutting-machine\/\" \/>\n<meta property=\"og:site_name\" content=\"Orduz USA\" \/>\n<meta property=\"article:modified_time\" content=\"2026-05-09T02:40:15+00:00\" \/>\n<meta property=\"og:image\" content=\"https:\/\/orduzcolombia.s3.amazonaws.com\/2026\/05\/Cortadora-de-Tela-4-Industrial-1.jpg\" \/>\n\t<meta property=\"og:image:width\" content=\"2000\" \/>\n\t<meta property=\"og:image:height\" content=\"2000\" \/>\n\t<meta property=\"og:image:type\" content=\"image\/jpeg\" \/>\n<meta name=\"twitter:card\" content=\"summary_large_image\" \/>\n<meta name=\"twitter:label1\" content=\"Est. reading time\" \/>\n\t<meta name=\"twitter:data1\" content=\"2 minutes\" \/>\n<script type=\"application\/ld+json\" class=\"yoast-schema-graph\">{\"@context\":\"https:\\\/\\\/schema.org\",\"@graph\":[{\"@type\":\"WebPage\",\"@id\":\"https:\\\/\\\/orduz-usa.com\\\/producto\\\/cortadora-de-tela-4-industrial-maquina-de-corte-de-tela-precisa-y-de-alta-velocidad\\\/\",\"url\":\"https:\\\/\\\/orduz-usa.com\\\/producto\\\/cortadora-de-tela-4-industrial-maquina-de-corte-de-tela-precisa-y-de-alta-velocidad\\\/\",\"name\":\"Cortadora de Tela 4 Pulgadas (4\u201d) | M\u00e1quina de Corte Industrial Precisa y Port\u00e1til para Confecci\u00f3n\",\"isPartOf\":{\"@id\":\"https:\\\/\\\/orduz-usa.com\\\/#website\"},\"primaryImageOfPage\":{\"@id\":\"https:\\\/\\\/orduz-usa.com\\\/producto\\\/cortadora-de-tela-4-industrial-maquina-de-corte-de-tela-precisa-y-de-alta-velocidad\\\/#primaryimage\"},\"image\":{\"@id\":\"https:\\\/\\\/orduz-usa.com\\\/producto\\\/cortadora-de-tela-4-industrial-maquina-de-corte-de-tela-precisa-y-de-alta-velocidad\\\/#primaryimage\"},\"thumbnailUrl\":\"https:\\\/\\\/orduzcolombia.s3.amazonaws.com\\\/2026\\\/05\\\/Cortadora-de-Tela-4-Industrial-1.jpg\",\"datePublished\":\"2026-05-09T02:24:20+00:00\",\"dateModified\":\"2026-05-09T02:40:15+00:00\",\"description\":\"Compra cortadora de tela 4 pulgadas (4\u201d). M\u00e1quina de corte industrial precisa y port\u00e1til para confecci\u00f3n. Disponible en Miami con entrega inmediata.\",\"breadcrumb\":{\"@id\":\"https:\\\/\\\/orduz-usa.com\\\/producto\\\/cortadora-de-tela-4-industrial-maquina-de-corte-de-tela-precisa-y-de-alta-velocidad\\\/#breadcrumb\"},\"inLanguage\":\"en-US\",\"potentialAction\":[{\"@type\":\"ReadAction\",\"target\":[\"https:\\\/\\\/orduz-usa.com\\\/producto\\\/cortadora-de-tela-4-industrial-maquina-de-corte-de-tela-precisa-y-de-alta-velocidad\\\/\"]}]},{\"@type\":\"ImageObject\",\"inLanguage\":\"en-US\",\"@id\":\"https:\\\/\\\/orduz-usa.com\\\/producto\\\/cortadora-de-tela-4-industrial-maquina-de-corte-de-tela-precisa-y-de-alta-velocidad\\\/#primaryimage\",\"url\":\"https:\\\/\\\/orduzcolombia.s3.amazonaws.com\\\/2026\\\/05\\\/Cortadora-de-Tela-4-Industrial-1.jpg\",\"contentUrl\":\"https:\\\/\\\/orduzcolombia.s3.amazonaws.com\\\/2026\\\/05\\\/Cortadora-de-Tela-4-Industrial-1.jpg\",\"width\":2000,\"height\":2000,\"caption\":\"\ud83d\udc49 4 Inch Fabric Cutter | Industrial Cloth Cutting Machine High Speed Precision\"},{\"@type\":\"BreadcrumbList\",\"@id\":\"https:\\\/\\\/orduz-usa.com\\\/producto\\\/cortadora-de-tela-4-industrial-maquina-de-corte-de-tela-precisa-y-de-alta-velocidad\\\/#breadcrumb\",\"itemListElement\":[{\"@type\":\"ListItem\",\"position\":1,\"name\":\"Portada\",\"item\":\"https:\\\/\\\/orduz-usa.com\\\/\"},{\"@type\":\"ListItem\",\"position\":2,\"name\":\"Tienda\",\"item\":\"https:\\\/\\\/orduz-usa.com\\\/shop-venta-maquinas-de-coser-singer-orduz-u-s-a-miami-florida\\\/\"},{\"@type\":\"ListItem\",\"position\":3,\"name\":\"Cortadora de Tela 4\u201d Industrial | M\u00e1quina de Corte de Tela Precisa y de Alta Velocidad\"}]},{\"@type\":\"WebSite\",\"@id\":\"https:\\\/\\\/orduz-usa.com\\\/#website\",\"url\":\"https:\\\/\\\/orduz-usa.com\\\/\",\"name\":\"orduzcolombia\",\"description\":\"Maquinas de Coser INDUSTRIALES Y FAMILIARES\",\"publisher\":{\"@id\":\"https:\\\/\\\/orduz-usa.com\\\/#organization\"},\"alternateName\":\"Maquinas de Coser Orduz\",\"potentialAction\":[{\"@type\":\"SearchAction\",\"target\":{\"@type\":\"EntryPoint\",\"urlTemplate\":\"https:\\\/\\\/orduz-usa.com\\\/?s={search_term_string}\"},\"query-input\":{\"@type\":\"PropertyValueSpecification\",\"valueRequired\":true,\"valueName\":\"search_term_string\"}}],\"inLanguage\":\"en-US\"},{\"@type\":\"Organization\",\"@id\":\"https:\\\/\\\/orduz-usa.com\\\/#organization\",\"name\":\"Orduz Colombia\",\"alternateName\":\"Maquinas de Coser Orduz\",\"url\":\"https:\\\/\\\/orduz-usa.com\\\/\",\"logo\":{\"@type\":\"ImageObject\",\"inLanguage\":\"en-US\",\"@id\":\"https:\\\/\\\/orduz-usa.com\\\/#\\\/schema\\\/logo\\\/image\\\/\",\"url\":\"https:\\\/\\\/i0.wp.com\\\/orduzcolombia.com\\\/wp-content\\\/uploads\\\/2024\\\/10\\\/logo-orduz-isotipo.jpg?fit=269%2C259&ssl=1\",\"contentUrl\":\"https:\\\/\\\/i0.wp.com\\\/orduzcolombia.com\\\/wp-content\\\/uploads\\\/2024\\\/10\\\/logo-orduz-isotipo.jpg?fit=269%2C259&ssl=1\",\"width\":269,\"height\":259,\"caption\":\"Orduz Colombia\"},\"image\":{\"@id\":\"https:\\\/\\\/orduz-usa.com\\\/#\\\/schema\\\/logo\\\/image\\\/\"}}]}<\/script>\n<!-- \/ Yoast SEO Premium plugin. -->","yoast_head_json":{"title":"Cortadora de Tela 4 Pulgadas (4\u201d) | M\u00e1quina de Corte Industrial Precisa y Port\u00e1til para Confecci\u00f3n","description":"Compra cortadora de tela 4 pulgadas (4\u201d). M\u00e1quina de corte industrial precisa y port\u00e1til para confecci\u00f3n. Disponible en Miami con entrega inmediata.","robots":{"index":"index","follow":"follow","max-snippet":"max-snippet:-1","max-image-preview":"max-image-preview:large","max-video-preview":"max-video-preview:-1"},"canonical":"https:\/\/orduz-usa.com\/en\/product\/fabric-cutting-machine-4-industrial-high-speed-and-accurate-fabric-cutting-machine\/","og_locale":"en_US","og_type":"article","og_title":"Cortadora de Tela 4\u201d Industrial | M\u00e1quina de Corte de Tela Precisa y de Alta Velocidad","og_description":"Compra cortadora de tela 4 pulgadas (4\u201d). M\u00e1quina de corte industrial precisa y port\u00e1til para confecci\u00f3n. Disponible en Miami con entrega inmediata.","og_url":"https:\/\/orduz-usa.com\/en\/product\/fabric-cutting-machine-4-industrial-high-speed-and-accurate-fabric-cutting-machine\/","og_site_name":"Orduz USA","article_modified_time":"2026-05-09T02:40:15+00:00","og_image":[{"width":2000,"height":2000,"url":"https:\/\/orduzcolombia.s3.amazonaws.com\/2026\/05\/Cortadora-de-Tela-4-Industrial-1.jpg","type":"image\/jpeg"}],"twitter_card":"summary_large_image","twitter_misc":{"Est. reading time":"2 minutes"},"schema":{"@context":"https:\/\/schema.org","@graph":[{"@type":"WebPage","@id":"https:\/\/orduz-usa.com\/producto\/cortadora-de-tela-4-industrial-maquina-de-corte-de-tela-precisa-y-de-alta-velocidad\/","url":"https:\/\/orduz-usa.com\/producto\/cortadora-de-tela-4-industrial-maquina-de-corte-de-tela-precisa-y-de-alta-velocidad\/","name":"Cortadora de Tela 4 Pulgadas (4\u201d) | M\u00e1quina de Corte Industrial Precisa y Port\u00e1til para Confecci\u00f3n","isPartOf":{"@id":"https:\/\/orduz-usa.com\/#website"},"primaryImageOfPage":{"@id":"https:\/\/orduz-usa.com\/producto\/cortadora-de-tela-4-industrial-maquina-de-corte-de-tela-precisa-y-de-alta-velocidad\/#primaryimage"},"image":{"@id":"https:\/\/orduz-usa.com\/producto\/cortadora-de-tela-4-industrial-maquina-de-corte-de-tela-precisa-y-de-alta-velocidad\/#primaryimage"},"thumbnailUrl":"https:\/\/orduzcolombia.s3.amazonaws.com\/2026\/05\/Cortadora-de-Tela-4-Industrial-1.jpg","datePublished":"2026-05-09T02:24:20+00:00","dateModified":"2026-05-09T02:40:15+00:00","description":"Compra cortadora de tela 4 pulgadas (4\u201d). M\u00e1quina de corte industrial precisa y port\u00e1til para confecci\u00f3n. Disponible en Miami con entrega inmediata.","breadcrumb":{"@id":"https:\/\/orduz-usa.com\/producto\/cortadora-de-tela-4-industrial-maquina-de-corte-de-tela-precisa-y-de-alta-velocidad\/#breadcrumb"},"inLanguage":"en-US","potentialAction":[{"@type":"ReadAction","target":["https:\/\/orduz-usa.com\/producto\/cortadora-de-tela-4-industrial-maquina-de-corte-de-tela-precisa-y-de-alta-velocidad\/"]}]},{"@type":"ImageObject","inLanguage":"en-US","@id":"https:\/\/orduz-usa.com\/producto\/cortadora-de-tela-4-industrial-maquina-de-corte-de-tela-precisa-y-de-alta-velocidad\/#primaryimage","url":"https:\/\/orduzcolombia.s3.amazonaws.com\/2026\/05\/Cortadora-de-Tela-4-Industrial-1.jpg","contentUrl":"https:\/\/orduzcolombia.s3.amazonaws.com\/2026\/05\/Cortadora-de-Tela-4-Industrial-1.jpg","width":2000,"height":2000,"caption":"\ud83d\udc49 4 Inch Fabric Cutter | Industrial Cloth Cutting Machine High Speed Precision"},{"@type":"BreadcrumbList","@id":"https:\/\/orduz-usa.com\/producto\/cortadora-de-tela-4-industrial-maquina-de-corte-de-tela-precisa-y-de-alta-velocidad\/#breadcrumb","itemListElement":[{"@type":"ListItem","position":1,"name":"Portada","item":"https:\/\/orduz-usa.com\/"},{"@type":"ListItem","position":2,"name":"Tienda","item":"https:\/\/orduz-usa.com\/shop-venta-maquinas-de-coser-singer-orduz-u-s-a-miami-florida\/"},{"@type":"ListItem","position":3,"name":"Cortadora de Tela 4\u201d Industrial | M\u00e1quina de Corte de Tela Precisa y de Alta Velocidad"}]},{"@type":"WebSite","@id":"https:\/\/orduz-usa.com\/#website","url":"https:\/\/orduz-usa.com\/","name":"orduzcolombia","description":"INDUSTRIAL AND FAMILY SEWING MACHINES","publisher":{"@id":"https:\/\/orduz-usa.com\/#organization"},"alternateName":"Maquinas de Coser Orduz","potentialAction":[{"@type":"SearchAction","target":{"@type":"EntryPoint","urlTemplate":"https:\/\/orduz-usa.com\/?s={search_term_string}"},"query-input":{"@type":"PropertyValueSpecification","valueRequired":true,"valueName":"search_term_string"}}],"inLanguage":"en-US"},{"@type":"Organization","@id":"https:\/\/orduz-usa.com\/#organization","name":"Orduz Colombia","alternateName":"Maquinas de Coser Orduz","url":"https:\/\/orduz-usa.com\/","logo":{"@type":"ImageObject","inLanguage":"en-US","@id":"https:\/\/orduz-usa.com\/#\/schema\/logo\/image\/","url":"https:\/\/i0.wp.com\/orduzcolombia.com\/wp-content\/uploads\/2024\/10\/logo-orduz-isotipo.jpg?fit=269%2C259&ssl=1","contentUrl":"https:\/\/i0.wp.com\/orduzcolombia.com\/wp-content\/uploads\/2024\/10\/logo-orduz-isotipo.jpg?fit=269%2C259&ssl=1","width":269,"height":259,"caption":"Orduz Colombia"},"image":{"@id":"https:\/\/orduz-usa.com\/#\/schema\/logo\/image\/"}}]}},"_links":{"self":[{"href":"https:\/\/orduz-usa.com\/en\/wp-json\/wp\/v2\/product\/34686","targetHints":{"allow":["GET"]}}],"collection":[{"href":"https:\/\/orduz-usa.com\/en\/wp-json\/wp\/v2\/product"}],"about":[{"href":"https:\/\/orduz-usa.com\/en\/wp-json\/wp\/v2\/types\/product"}],"replies":[{"embeddable":true,"href":"https:\/\/orduz-usa.com\/en\/wp-json\/wp\/v2\/comments?post=34686"}],"version-history":[{"count":5,"href":"https:\/\/orduz-usa.com\/en\/wp-json\/wp\/v2\/product\/34686\/revisions"}],"predecessor-version":[{"id":34693,"href":"https:\/\/orduz-usa.com\/en\/wp-json\/wp\/v2\/product\/34686\/revisions\/34693"}],"wp:featuredmedia":[{"embeddable":true,"href":"https:\/\/orduz-usa.com\/en\/wp-json\/wp\/v2\/media\/34690"}],"wp:attachment":[{"href":"https:\/\/orduz-usa.com\/en\/wp-json\/wp\/v2\/media?parent=34686"}],"wp:term":[{"taxonomy":"product_brand","embeddable":true,"href":"https:\/\/orduz-usa.com\/en\/wp-json\/wp\/v2\/product_brand?post=34686"},{"taxonomy":"product_cat","embeddable":true,"href":"https:\/\/orduz-usa.com\/en\/wp-json\/wp\/v2\/product_cat?post=34686"},{"taxonomy":"product_tag","embeddable":true,"href":"https:\/\/orduz-usa.com\/en\/wp-json\/wp\/v2\/product_tag?post=34686"}],"curies":[{"name":"wp","href":"https:\/\/api.w.org\/{rel}","templated":true}]}}