{"id":34694,"date":"2026-05-09T10:39:14","date_gmt":"2026-05-09T15:39:14","guid":{"rendered":"https:\/\/orduz-usa.com\/?post_type=product&#038;p=34694"},"modified":"2026-05-09T11:39:31","modified_gmt":"2026-05-09T16:39:31","slug":"pf-238-hook-for-industrial-sewing-machine-high-precision-hook-for-professional-sewing","status":"publish","type":"product","link":"https:\/\/orduz-usa.com\/en\/producto\/gancho-pf-238-para-maquina-de-coser-industrial-hook-de-alta-precision-para-costura-profesional\/","title":{"rendered":"PF-238 Hook for Industrial Sewing Machine | High-Precision Hook for Professional Sewing"},"content":{"rendered":"<div class=\"no-scrollbar flex min-h-36 flex-nowrap gap-0.5 overflow-auto sm:gap-1 sm:overflow-hidden xl:min-h-44 mt-1 mb-5 not-first:mt-4\">\n<div class=\"border-token-border-default relative w-32 shrink-0 overflow-hidden rounded-xl border-[0.5px] md:shrink max-h-64 sm:w-[calc((100%-0.5rem)\/3)] rounded-s-xl\">\n<div class=\"group\/search-image @container\/search-image relative rounded-[inherit] h-full w-full\">\n<h1>PF-238 Hook for Industrial Sewing Machine | High-Precision Hook for Professional Sewing<\/h1>\n<div><\/div>\n<div><\/div>\n<div><img fetchpriority=\"high\" decoding=\"async\" class=\"bg-token-main-surface-tertiary m-0 h-full w-full object-cover alignnone\" src=\"https:\/\/images.openai.com\/static-rsc-4\/hSWBvPANcScXpfnoh9uaaAmRI6rUmzeh4uEEZ0A0AAwRjuXXSAs3i1dlXM2ul20Pl9koTOPIQDr81KjcMwxp5casWTh8SYu6viCxR9LJlO22nzzWFPOOS2ToJQH4o8HHUMYqdvCGaGmihRSL2_Bx47wWpdFWReVe2NNQHnx16Rs?purpose=inline\" alt=\"https:\/\/images.openai.com\/static-rsc-4\/f3yaUDJd7fQatT5FDFbCwDihfaVqBusDsx4cELQpP1nDaEm-xLOwqTS5Ab4XxyqUWpdzofjf4CiMojqQq-kY5f1QG95jbkWbzl8TwyohYUUmZ8hY571poGlnvnqyowqKw7CuXx0CiMf_Bs2BE05WGwBTQaoPKzOaxva6UHQUH9DBpgyiqTYmCiKgTeKv8CdS?purpose=fullsize\" width=\"499\" height=\"499\" \/><img decoding=\"async\" class=\"bg-token-main-surface-tertiary m-0 h-full w-full object-cover\" style=\"--tw-translate-x: 0; --tw-translate-y: 0; --tw-rotate: 0; --tw-skew-x: 0; --tw-skew-y: 0; --tw-scale-x: 1; --tw-scale-y: 1; --tw-scroll-snap-strictness: proximity; --tw-ring-offset-width: 0px; --tw-ring-offset-color: #fff; --tw-ring-color: #3b82f680; --tw-ring-offset-shadow: 0 0 #0000; --tw-ring-shadow: 0 0 #0000; --tw-shadow: 0 0 #0000; --tw-shadow-colored: 0 0 #0000;\" src=\"https:\/\/images.openai.com\/static-rsc-4\/n5MqhieiK0txVwaQnmGNQFEqe5qdWEYUxJRamrpbNFtTfbnsV0GoE1FOcCwyzbvYil9YGOHRodf_j6Pstyu611HUd_RBedjJEPhHnxl-6aA8p6iCgLRgHhLgSo0nJxAYQdSf_Xsdjmo_FaFm-oIwsP_S1_jNncjvJpOglQinOWw?purpose=inline\" alt=\"https:\/\/images.openai.com\/static-rsc-4\/69c0dqsAUJWpNabV_6YI3FHC8N10ENyFpgdlY_9vYZdUzf2kVMVhqf6mocGh4qzi5ZUB0je16ksHmaP3bCY9HTYfHrmQHLle5XG6rpO9JZQzNVs2vQvOqzgCq2cMakwRrCrz-6TzfV21efzW6ZiUHmE2dNfh6Uy6FmTKSPMWVoKTL6uATb1grc853u0iEPh-?purpose=fullsize\" width=\"402\" height=\"402\" \/><\/div>\n<\/div>\n<div><\/div>\n<\/div>\n<div class=\"border-token-border-default relative w-32 shrink-0 overflow-hidden rounded-xl border-[0.5px] md:shrink max-h-64 sm:w-[calc((100%-0.5rem)\/3)] rounded-e-xl\">\n<div class=\"group\/search-image @container\/search-image relative rounded-[inherit] h-full w-full\">\n<div><img decoding=\"async\" class=\"bg-token-main-surface-tertiary m-0 h-full w-full object-cover\" src=\"https:\/\/images.openai.com\/static-rsc-4\/tn3ZETjzOKxhBZgtqZDmTSfREErbY_TnhLVOeAUSYwvsYSVcqJNEG4TZro-EXUkWSlZYwrF9UGDH1YOYE1F6WafQVDVI14c7RnofkvZq4iS3ecs3ZXGHN-N7DyN_Agn3u6yilUrdG87GcJGHXUxssdgqnrGEsBBc_xMCr3aQ718?purpose=inline\" alt=\"https:\/\/images.openai.com\/static-rsc-4\/sJOZTKINc6q7zp-dOt2K3qHLpO013j19L8i_TYCV-L0E11vOpDEuQyf5vcRHe2R48GSiJ6iPvtEpyptHm0Y8cAOR92r5PZU-dPgEdN1Go0D8zKUMAbELOnsdro83fFkMt8qrZFh9_j-Ja0LVR-yHKWlQGiRX6j5Oe8cnIMCQmAnQsv_z37x9bXGVC0GaW1nS?purpose=fullsize\" \/><\/div>\n<div class=\"pointer-events-none absolute inset-x-2 bottom-2 z-0 flex max-w-[calc(100%-1rem)] flex-wrap items-end justify-end gap-1.5\">\n<div class=\"shrink-0\">\n<div class=\"flex items-center gap-1 rounded-full px-2 py-1.5 text-white backdrop-blur-md backdrop-brightness-75\"><span class=\"text-xs font-semibold\">6<\/span><\/div>\n<\/div>\n<\/div>\n<\/div>\n<\/div>\n<\/div>\n<p data-start=\"544\" data-end=\"830\">The <strong data-start=\"547\" data-end=\"564\">PF-238 hook<\/strong> is an essential spare part for the operation of industrial sewing machines, designed to offer the following benefits <strong data-start=\"669\" data-end=\"719\">precision, durability and consistent performance<\/strong>. This component is key in stitch formation, allowing clean, uniform and flawless seams.<\/p>\n<p data-start=\"832\" data-end=\"1100\">Manufactured with resistant materials, the PF-238 hook guarantees smooth and stable operation, reducing machine wear and improving efficiency in the sewing process. It is ideal for garment workshops, repair technicians and textile production.<\/p>\n<hr data-start=\"1102\" data-end=\"1105\" \/>\n<h2 data-section-id=\"1fsomc0\" data-start=\"1107\" data-end=\"1128\">\u2699\ufe0f Features<\/h2>\n<ul data-start=\"1129\" data-end=\"1269\">\n<li data-section-id=\"wp41gw\" data-start=\"1129\" data-end=\"1151\">Model: <strong data-start=\"1139\" data-end=\"1149\">PF-238<\/strong><\/li>\n<li data-section-id=\"1o3e3d\" data-start=\"1152\" data-end=\"1190\">Type: <strong data-start=\"1160\" data-end=\"1188\">Industrial hook (hook)<\/strong><\/li>\n<li data-section-id=\"l04hwe\" data-start=\"1191\" data-end=\"1234\">Usage: <strong data-start=\"1198\" data-end=\"1232\">Industrial sewing machines<\/strong><\/li>\n<li data-section-id=\"12ogu23\" data-start=\"1235\" data-end=\"1269\">Material: <strong data-start=\"1247\" data-end=\"1267\">High resistance<\/strong><\/li>\n<\/ul>\n<hr data-start=\"1271\" data-end=\"1274\" \/>\n<h2 data-section-id=\"1sa8o2t\" data-start=\"1276\" data-end=\"1293\">\ud83d\ude80 Ideal for:<\/h2>\n<ul data-start=\"1294\" data-end=\"1398\">\n<li data-section-id=\"ateq5k\" data-start=\"1294\" data-end=\"1320\">Garment workshops<\/li>\n<li data-section-id=\"i6359y\" data-start=\"1321\" data-end=\"1347\">Machine repair<\/li>\n<li data-section-id=\"1rcgpqw\" data-start=\"1348\" data-end=\"1369\">Textile production<\/li>\n<li data-section-id=\"184ksb3\" data-start=\"1370\" data-end=\"1398\">Industrial maintenance<\/li>\n<\/ul>\n<hr data-start=\"1400\" data-end=\"1403\" \/>\n<h2 data-section-id=\"xj1o7x\" data-start=\"1405\" data-end=\"1421\"><\/h2>\n<h2 data-section-id=\"xj1o7x\" data-start=\"1405\" data-end=\"1421\">\ud83d\udcb0 Benefits.<\/h2>\n<p data-start=\"1422\" data-end=\"1542\">\u2714 Precise seams<br data-start=\"1441\" data-end=\"1444\" \/>\u2714 Increased durability<br data-start=\"1463\" data-end=\"1466\" \/>\u2714 Less wear and tear<br data-start=\"1482\" data-end=\"1485\" \/>\u2714 Stable operation<br data-start=\"1509\" data-end=\"1512\" \/>\u2714 Ideal for professional use<\/p>\n<hr data-start=\"1544\" data-end=\"1547\" \/>\n<h2 data-section-id=\"1tbcbsq\" data-start=\"1549\" data-end=\"1576\">\ud83d\udd25 Available in Miami<\/h2>\n<p data-start=\"1577\" data-end=\"1595\">Immediate delivery.<\/p>\n<hr data-start=\"1597\" data-end=\"1600\" \/>\n<h2 data-section-id=\"18a5uh3\" data-start=\"1602\" data-end=\"1624\">\ud83d\udcc4 META DESCRIPTION<\/h2>\n<p data-start=\"1626\" data-end=\"1757\">\ud83d\udc49 <strong data-start=\"1629\" data-end=\"1757\">Buy PF-238 hook for industrial sewing machine. High precision hook for professional sewing. Available in Miami.<\/strong><\/p>\n<hr data-start=\"1759\" data-end=\"1762\" \/>\n<h2 data-section-id=\"2anl54\" data-start=\"1764\" data-end=\"1795\">\ud83c\udff7\ufe0f LABELS (USA + SALES)<\/h2>\n<p data-start=\"1797\" data-end=\"2181\">PF-238 hook, hook PF-238, industrial sewing machine hook, sewing machine hook replacement, hook for industrial sewing machine, industrial sewing parts USA, sewing machine parts Miami, textile machine hook, hook high precision sewing, spare parts industrial sewing machine, sewing machine parts, sewing hook replacement part, industrial sewing accessories, hook for sewing repair, cloth machine parts USA<\/p>\n<p data-start=\"1797\" data-end=\"2181\"><a href=\"https:\/\/api.whatsapp.com\/send?phone=16452480366\">whatsapp.<\/a><\/p>\n<p data-start=\"1797\" data-end=\"2181\"><a href=\"https:\/\/orduz-usa.com\/en\/buy-singer-sewing-machines-in-miami-today-singer-prices-and-warranty-where-to-buy-singer-sewing-machines-in-miami-today-singer-prices-and-warranty-where-to-buy-singer-sewing-machines\/\">Buy PFAFF Sewing Machines in Miami Today | PFAFF, Prices and Guarantee where to buy Buy PFAFF Sewing Machines<\/a><\/p>","protected":false},"excerpt":{"rendered":"<figure id=\"attachment_34526\" aria-describedby=\"caption-attachment-34526\" style=\"width: 300px\" class=\"wp-caption alignnone\"><img decoding=\"async\" class=\"wp-image-34526 size-medium\" src=\"https:\/\/orduzcolombia.s3.amazonaws.com\/2024\/09\/ALEXANDER-ORDUZ-300x300.jpg\" alt=\"Orduz U.S.A\" width=\"300\" height=\"300\" srcset=\"https:\/\/orduzcolombia.s3.amazonaws.com\/2024\/09\/ALEXANDER-ORDUZ.jpg 300w, https:\/\/orduzcolombia.s3.amazonaws.com\/2024\/09\/ALEXANDER-ORDUZ.jpg 150w, https:\/\/orduzcolombia.s3.amazonaws.com\/2024\/09\/ALEXANDER-ORDUZ.jpg 768w, https:\/\/orduzcolombia.s3.amazonaws.com\/2024\/09\/ALEXANDER-ORDUZ.jpg 500w, https:\/\/orduzcolombia.s3.amazonaws.com\/2024\/09\/ALEXANDER-ORDUZ.jpg 100w, https:\/\/orduzcolombia.s3.amazonaws.com\/2024\/09\/ALEXANDER-ORDUZ.jpg 883w\" sizes=\"(max-width: 300px) 100vw, 300px\" \/><figcaption id=\"caption-attachment-34526\" class=\"wp-caption-text\">Orduz U.S.A<\/figcaption><\/figure>","protected":false},"featured_media":34698,"comment_status":"open","ping_status":"closed","template":"","meta":{"_acf_changed":false},"product_brand":[414],"product_cat":[5125,5982,5357],"product_tag":[6098,6099,6091,6029,6093,6097,6102,6100,5160,6092,6094,6090,6103,3129,5972,6096,5324,5387,6101,6095],"class_list":{"0":"post-34694","1":"product","2":"type-product","3":"status-publish","4":"has-post-thumbnail","6":"product_brand-pfaff","7":"product_cat-accesorios-de-costura","8":"product_cat-gancho-hook","9":"product_cat-repuestos-de-maquinas-de-coser","10":"product_tag-cloth-machine-parts-usa","11":"product_tag-comprar-gancho-maquina-de-coser-industrial","12":"product_tag-gancho-pf-238","13":"product_tag-hook-alta-precision-costura","14":"product_tag-hook-for-industrial-sewing-machine","15":"product_tag-hook-for-sewing-repair","16":"product_tag-hook-para-taller-de-confeccion","17":"product_tag-industrial-hook-for-sewing-machine","18":"product_tag-industrial-sewing-accessories","19":"product_tag-industrial-sewing-machine-hook","20":"product_tag-industrial-sewing-parts-usa","21":"product_tag-pf-238-hook","22":"product_tag-piezas-costura-industrial-usa","23":"product_tag-repuestos-maquina-de-coser-industrial","24":"product_tag-rotary-hook-sewing-machine","25":"product_tag-sewing-hook-replacement-part","26":"product_tag-sewing-machine-hook-replacement","27":"product_tag-sewing-machine-parts-miami","28":"product_tag-sewing-repair-parts-usa","29":"product_tag-textile-machine-hook","31":"first","32":"instock","33":"sale","34":"shipping-taxable","35":"purchasable","36":"product-type-simple"},"acf":[],"yoast_head":"<!-- This site is optimized with the Yoast SEO Premium plugin v25.7.1 (Yoast SEO v27.4) - https:\/\/yoast.com\/product\/yoast-seo-premium-wordpress\/ -->\n<title>Gancho PF-238 para M\u00e1quina de Coser Industrial | Hook de Alta Precisi\u00f3n para Costura Profesional QX238-HPF-238-KR238<\/title>\n<meta name=\"description\" content=\"Compra gancho PF-238 para m\u00e1quina de coser industrial. Hook de alta precisi\u00f3n, durable y confiable para costura profesional. Disponible en Miami.\" \/>\n<meta name=\"robots\" content=\"index, follow, max-snippet:-1, max-image-preview:large, max-video-preview:-1\" \/>\n<link rel=\"canonical\" href=\"https:\/\/orduz-usa.com\/en\/product\/pf-238-hook-for-industrial-sewing-machine-high-precision-hook-for-professional-sewing\/\" \/>\n<meta property=\"og:locale\" content=\"en_US\" \/>\n<meta property=\"og:type\" content=\"article\" \/>\n<meta property=\"og:title\" content=\"Gancho PF-238 para M\u00e1quina de Coser Industrial | Hook de Alta Precisi\u00f3n para Costura Profesional\" \/>\n<meta property=\"og:description\" content=\"Compra gancho PF-238 para m\u00e1quina de coser industrial. Hook de alta precisi\u00f3n, durable y confiable para costura profesional. Disponible en Miami.\" \/>\n<meta property=\"og:url\" content=\"https:\/\/orduz-usa.com\/en\/product\/pf-238-hook-for-industrial-sewing-machine-high-precision-hook-for-professional-sewing\/\" \/>\n<meta property=\"og:site_name\" content=\"Orduz USA\" \/>\n<meta property=\"article:modified_time\" content=\"2026-05-09T16:39:31+00:00\" \/>\n<meta property=\"og:image\" content=\"https:\/\/orduzcolombia.s3.amazonaws.com\/2026\/05\/Gancho-PF-238-para-Maquina-de-Coser-Industrial-.jpg\" \/>\n\t<meta property=\"og:image:width\" content=\"2000\" \/>\n\t<meta property=\"og:image:height\" content=\"2000\" \/>\n\t<meta property=\"og:image:type\" content=\"image\/jpeg\" \/>\n<meta name=\"twitter:card\" content=\"summary_large_image\" \/>\n<meta name=\"twitter:label1\" content=\"Est. reading time\" \/>\n\t<meta name=\"twitter:data1\" content=\"2 minutes\" \/>\n<script type=\"application\/ld+json\" class=\"yoast-schema-graph\">{\"@context\":\"https:\\\/\\\/schema.org\",\"@graph\":[{\"@type\":\"WebPage\",\"@id\":\"https:\\\/\\\/orduz-usa.com\\\/producto\\\/gancho-pf-238-para-maquina-de-coser-industrial-hook-de-alta-precision-para-costura-profesional\\\/\",\"url\":\"https:\\\/\\\/orduz-usa.com\\\/producto\\\/gancho-pf-238-para-maquina-de-coser-industrial-hook-de-alta-precision-para-costura-profesional\\\/\",\"name\":\"Gancho PF-238 para M\u00e1quina de Coser Industrial | Hook de Alta Precisi\u00f3n para Costura Profesional QX238-HPF-238-KR238\",\"isPartOf\":{\"@id\":\"https:\\\/\\\/orduz-usa.com\\\/#website\"},\"primaryImageOfPage\":{\"@id\":\"https:\\\/\\\/orduz-usa.com\\\/producto\\\/gancho-pf-238-para-maquina-de-coser-industrial-hook-de-alta-precision-para-costura-profesional\\\/#primaryimage\"},\"image\":{\"@id\":\"https:\\\/\\\/orduz-usa.com\\\/producto\\\/gancho-pf-238-para-maquina-de-coser-industrial-hook-de-alta-precision-para-costura-profesional\\\/#primaryimage\"},\"thumbnailUrl\":\"https:\\\/\\\/orduzcolombia.s3.amazonaws.com\\\/2026\\\/05\\\/Gancho-PF-238-para-Maquina-de-Coser-Industrial-.jpg\",\"datePublished\":\"2026-05-09T15:39:14+00:00\",\"dateModified\":\"2026-05-09T16:39:31+00:00\",\"description\":\"Compra gancho PF-238 para m\u00e1quina de coser industrial. Hook de alta precisi\u00f3n, durable y confiable para costura profesional. Disponible en Miami.\",\"breadcrumb\":{\"@id\":\"https:\\\/\\\/orduz-usa.com\\\/producto\\\/gancho-pf-238-para-maquina-de-coser-industrial-hook-de-alta-precision-para-costura-profesional\\\/#breadcrumb\"},\"inLanguage\":\"en-US\",\"potentialAction\":[{\"@type\":\"ReadAction\",\"target\":[\"https:\\\/\\\/orduz-usa.com\\\/producto\\\/gancho-pf-238-para-maquina-de-coser-industrial-hook-de-alta-precision-para-costura-profesional\\\/\"]}]},{\"@type\":\"ImageObject\",\"inLanguage\":\"en-US\",\"@id\":\"https:\\\/\\\/orduz-usa.com\\\/producto\\\/gancho-pf-238-para-maquina-de-coser-industrial-hook-de-alta-precision-para-costura-profesional\\\/#primaryimage\",\"url\":\"https:\\\/\\\/orduzcolombia.s3.amazonaws.com\\\/2026\\\/05\\\/Gancho-PF-238-para-Maquina-de-Coser-Industrial-.jpg\",\"contentUrl\":\"https:\\\/\\\/orduzcolombia.s3.amazonaws.com\\\/2026\\\/05\\\/Gancho-PF-238-para-Maquina-de-Coser-Industrial-.jpg\",\"width\":2000,\"height\":2000,\"caption\":\"PF-238, gancho industrial confiable para costura profesional.\"},{\"@type\":\"BreadcrumbList\",\"@id\":\"https:\\\/\\\/orduz-usa.com\\\/producto\\\/gancho-pf-238-para-maquina-de-coser-industrial-hook-de-alta-precision-para-costura-profesional\\\/#breadcrumb\",\"itemListElement\":[{\"@type\":\"ListItem\",\"position\":1,\"name\":\"Portada\",\"item\":\"https:\\\/\\\/orduz-usa.com\\\/\"},{\"@type\":\"ListItem\",\"position\":2,\"name\":\"Tienda\",\"item\":\"https:\\\/\\\/orduz-usa.com\\\/shop-venta-maquinas-de-coser-singer-orduz-u-s-a-miami-florida\\\/\"},{\"@type\":\"ListItem\",\"position\":3,\"name\":\"Gancho PF-238 para M\u00e1quina de Coser Industrial | Hook de Alta Precisi\u00f3n para Costura Profesional\"}]},{\"@type\":\"WebSite\",\"@id\":\"https:\\\/\\\/orduz-usa.com\\\/#website\",\"url\":\"https:\\\/\\\/orduz-usa.com\\\/\",\"name\":\"orduzcolombia\",\"description\":\"Maquinas de Coser INDUSTRIALES Y FAMILIARES\",\"publisher\":{\"@id\":\"https:\\\/\\\/orduz-usa.com\\\/#organization\"},\"alternateName\":\"Maquinas de Coser Orduz\",\"potentialAction\":[{\"@type\":\"SearchAction\",\"target\":{\"@type\":\"EntryPoint\",\"urlTemplate\":\"https:\\\/\\\/orduz-usa.com\\\/?s={search_term_string}\"},\"query-input\":{\"@type\":\"PropertyValueSpecification\",\"valueRequired\":true,\"valueName\":\"search_term_string\"}}],\"inLanguage\":\"en-US\"},{\"@type\":\"Organization\",\"@id\":\"https:\\\/\\\/orduz-usa.com\\\/#organization\",\"name\":\"Orduz Colombia\",\"alternateName\":\"Maquinas de Coser Orduz\",\"url\":\"https:\\\/\\\/orduz-usa.com\\\/\",\"logo\":{\"@type\":\"ImageObject\",\"inLanguage\":\"en-US\",\"@id\":\"https:\\\/\\\/orduz-usa.com\\\/#\\\/schema\\\/logo\\\/image\\\/\",\"url\":\"https:\\\/\\\/i0.wp.com\\\/orduzcolombia.com\\\/wp-content\\\/uploads\\\/2024\\\/10\\\/logo-orduz-isotipo.jpg?fit=269%2C259&ssl=1\",\"contentUrl\":\"https:\\\/\\\/i0.wp.com\\\/orduzcolombia.com\\\/wp-content\\\/uploads\\\/2024\\\/10\\\/logo-orduz-isotipo.jpg?fit=269%2C259&ssl=1\",\"width\":269,\"height\":259,\"caption\":\"Orduz Colombia\"},\"image\":{\"@id\":\"https:\\\/\\\/orduz-usa.com\\\/#\\\/schema\\\/logo\\\/image\\\/\"}}]}<\/script>\n<!-- \/ Yoast SEO Premium plugin. -->","yoast_head_json":{"title":"PF-238 Hook for Industrial Sewing Machine : High Precision Hook for Professional Sewing QX238-HPF-238-KR238","description":"Buy PF-238 hook for industrial sewing machine. High precision, durable and reliable hook for professional sewing. Available in Miami.","robots":{"index":"index","follow":"follow","max-snippet":"max-snippet:-1","max-image-preview":"max-image-preview:large","max-video-preview":"max-video-preview:-1"},"canonical":"https:\/\/orduz-usa.com\/en\/product\/pf-238-hook-for-industrial-sewing-machine-high-precision-hook-for-professional-sewing\/","og_locale":"en_US","og_type":"article","og_title":"Gancho PF-238 para M\u00e1quina de Coser Industrial | Hook de Alta Precisi\u00f3n para Costura Profesional","og_description":"Compra gancho PF-238 para m\u00e1quina de coser industrial. Hook de alta precisi\u00f3n, durable y confiable para costura profesional. Disponible en Miami.","og_url":"https:\/\/orduz-usa.com\/en\/product\/pf-238-hook-for-industrial-sewing-machine-high-precision-hook-for-professional-sewing\/","og_site_name":"Orduz USA","article_modified_time":"2026-05-09T16:39:31+00:00","og_image":[{"width":2000,"height":2000,"url":"https:\/\/orduzcolombia.s3.amazonaws.com\/2026\/05\/Gancho-PF-238-para-Maquina-de-Coser-Industrial-.jpg","type":"image\/jpeg"}],"twitter_card":"summary_large_image","twitter_misc":{"Est. reading time":"2 minutes"},"schema":{"@context":"https:\/\/schema.org","@graph":[{"@type":"WebPage","@id":"https:\/\/orduz-usa.com\/producto\/gancho-pf-238-para-maquina-de-coser-industrial-hook-de-alta-precision-para-costura-profesional\/","url":"https:\/\/orduz-usa.com\/producto\/gancho-pf-238-para-maquina-de-coser-industrial-hook-de-alta-precision-para-costura-profesional\/","name":"PF-238 Hook for Industrial Sewing Machine : High Precision Hook for Professional Sewing QX238-HPF-238-KR238","isPartOf":{"@id":"https:\/\/orduz-usa.com\/#website"},"primaryImageOfPage":{"@id":"https:\/\/orduz-usa.com\/producto\/gancho-pf-238-para-maquina-de-coser-industrial-hook-de-alta-precision-para-costura-profesional\/#primaryimage"},"image":{"@id":"https:\/\/orduz-usa.com\/producto\/gancho-pf-238-para-maquina-de-coser-industrial-hook-de-alta-precision-para-costura-profesional\/#primaryimage"},"thumbnailUrl":"https:\/\/orduzcolombia.s3.amazonaws.com\/2026\/05\/Gancho-PF-238-para-Maquina-de-Coser-Industrial-.jpg","datePublished":"2026-05-09T15:39:14+00:00","dateModified":"2026-05-09T16:39:31+00:00","description":"Buy PF-238 hook for industrial sewing machine. High precision, durable and reliable hook for professional sewing. Available in Miami.","breadcrumb":{"@id":"https:\/\/orduz-usa.com\/producto\/gancho-pf-238-para-maquina-de-coser-industrial-hook-de-alta-precision-para-costura-profesional\/#breadcrumb"},"inLanguage":"en-US","potentialAction":[{"@type":"ReadAction","target":["https:\/\/orduz-usa.com\/producto\/gancho-pf-238-para-maquina-de-coser-industrial-hook-de-alta-precision-para-costura-profesional\/"]}]},{"@type":"ImageObject","inLanguage":"en-US","@id":"https:\/\/orduz-usa.com\/producto\/gancho-pf-238-para-maquina-de-coser-industrial-hook-de-alta-precision-para-costura-profesional\/#primaryimage","url":"https:\/\/orduzcolombia.s3.amazonaws.com\/2026\/05\/Gancho-PF-238-para-Maquina-de-Coser-Industrial-.jpg","contentUrl":"https:\/\/orduzcolombia.s3.amazonaws.com\/2026\/05\/Gancho-PF-238-para-Maquina-de-Coser-Industrial-.jpg","width":2000,"height":2000,"caption":"PF-238, gancho industrial confiable para costura profesional."},{"@type":"BreadcrumbList","@id":"https:\/\/orduz-usa.com\/producto\/gancho-pf-238-para-maquina-de-coser-industrial-hook-de-alta-precision-para-costura-profesional\/#breadcrumb","itemListElement":[{"@type":"ListItem","position":1,"name":"Portada","item":"https:\/\/orduz-usa.com\/"},{"@type":"ListItem","position":2,"name":"Tienda","item":"https:\/\/orduz-usa.com\/shop-venta-maquinas-de-coser-singer-orduz-u-s-a-miami-florida\/"},{"@type":"ListItem","position":3,"name":"Gancho PF-238 para M\u00e1quina de Coser Industrial | Hook de Alta Precisi\u00f3n para Costura Profesional"}]},{"@type":"WebSite","@id":"https:\/\/orduz-usa.com\/#website","url":"https:\/\/orduz-usa.com\/","name":"orduzcolombia","description":"INDUSTRIAL AND FAMILY SEWING MACHINES","publisher":{"@id":"https:\/\/orduz-usa.com\/#organization"},"alternateName":"Maquinas de Coser Orduz","potentialAction":[{"@type":"SearchAction","target":{"@type":"EntryPoint","urlTemplate":"https:\/\/orduz-usa.com\/?s={search_term_string}"},"query-input":{"@type":"PropertyValueSpecification","valueRequired":true,"valueName":"search_term_string"}}],"inLanguage":"en-US"},{"@type":"Organization","@id":"https:\/\/orduz-usa.com\/#organization","name":"Orduz Colombia","alternateName":"Maquinas de Coser Orduz","url":"https:\/\/orduz-usa.com\/","logo":{"@type":"ImageObject","inLanguage":"en-US","@id":"https:\/\/orduz-usa.com\/#\/schema\/logo\/image\/","url":"https:\/\/i0.wp.com\/orduzcolombia.com\/wp-content\/uploads\/2024\/10\/logo-orduz-isotipo.jpg?fit=269%2C259&ssl=1","contentUrl":"https:\/\/i0.wp.com\/orduzcolombia.com\/wp-content\/uploads\/2024\/10\/logo-orduz-isotipo.jpg?fit=269%2C259&ssl=1","width":269,"height":259,"caption":"Orduz Colombia"},"image":{"@id":"https:\/\/orduz-usa.com\/#\/schema\/logo\/image\/"}}]}},"_links":{"self":[{"href":"https:\/\/orduz-usa.com\/en\/wp-json\/wp\/v2\/product\/34694","targetHints":{"allow":["GET"]}}],"collection":[{"href":"https:\/\/orduz-usa.com\/en\/wp-json\/wp\/v2\/product"}],"about":[{"href":"https:\/\/orduz-usa.com\/en\/wp-json\/wp\/v2\/types\/product"}],"replies":[{"embeddable":true,"href":"https:\/\/orduz-usa.com\/en\/wp-json\/wp\/v2\/comments?post=34694"}],"version-history":[{"count":4,"href":"https:\/\/orduz-usa.com\/en\/wp-json\/wp\/v2\/product\/34694\/revisions"}],"predecessor-version":[{"id":34700,"href":"https:\/\/orduz-usa.com\/en\/wp-json\/wp\/v2\/product\/34694\/revisions\/34700"}],"wp:featuredmedia":[{"embeddable":true,"href":"https:\/\/orduz-usa.com\/en\/wp-json\/wp\/v2\/media\/34698"}],"wp:attachment":[{"href":"https:\/\/orduz-usa.com\/en\/wp-json\/wp\/v2\/media?parent=34694"}],"wp:term":[{"taxonomy":"product_brand","embeddable":true,"href":"https:\/\/orduz-usa.com\/en\/wp-json\/wp\/v2\/product_brand?post=34694"},{"taxonomy":"product_cat","embeddable":true,"href":"https:\/\/orduz-usa.com\/en\/wp-json\/wp\/v2\/product_cat?post=34694"},{"taxonomy":"product_tag","embeddable":true,"href":"https:\/\/orduz-usa.com\/en\/wp-json\/wp\/v2\/product_tag?post=34694"}],"curies":[{"name":"wp","href":"https:\/\/api.w.org\/{rel}","templated":true}]}}